{"id":26112,"date":"2021-05-21T16:44:36","date_gmt":"2021-05-21T16:44:36","guid":{"rendered":"https:\/\/normandycarpets.ca\/carpettes\/moderne\/m1190"},"modified":"2021-05-22T14:31:45","modified_gmt":"2021-05-22T14:31:45","slug":"m1190","status":"publish","type":"page","link":"https:\/\/normandycarpets.ca\/fr\/carpettes\/moderne\/m1190","title":{"rendered":"m1190"},"content":{"rendered":"<h1><a href=\"\/fr\/carpettes\/moderne\">&lt; Moderne<\/a><\/h1>\n<h2>m1190<\/h2>\n<p><img decoding=\"async\" data-src=\"\/wp-content\/uploads\/m1190-min.jpg\" alt=\"\" src=\"data:image\/svg+xml;base64,PHN2ZyB3aWR0aD0iMSIgaGVpZ2h0PSIxIiB4bWxucz0iaHR0cDovL3d3dy53My5vcmcvMjAwMC9zdmciPjwvc3ZnPg==\" class=\"lazyload\" style=\"--smush-placeholder-width: 2000px; --smush-placeholder-aspect-ratio: 2000\/2506;\"><\/p>\n<ul>\n<li>\n<p>        <img decoding=\"async\" data-src=\"\/wp-content\/uploads\/m1190-min.jpg\" alt=\"\" src=\"data:image\/svg+xml;base64,PHN2ZyB3aWR0aD0iMSIgaGVpZ2h0PSIxIiB4bWxucz0iaHR0cDovL3d3dy53My5vcmcvMjAwMC9zdmciPjwvc3ZnPg==\" class=\"lazyload\" style=\"--smush-placeholder-width: 2000px; --smush-placeholder-aspect-ratio: 2000\/2506;\"><\/p>\n<h5>View 1<\/h5>\n<div>\n<p>Code: 10001<\/p>\n<\/div>\n<\/li>\n<li>\n<p>        <img decoding=\"async\" data-src=\"\/wp-content\/uploads\/m1190a-min.jpg\" alt=\"\" src=\"data:image\/svg+xml;base64,PHN2ZyB3aWR0aD0iMSIgaGVpZ2h0PSIxIiB4bWxucz0iaHR0cDovL3d3dy53My5vcmcvMjAwMC9zdmciPjwvc3ZnPg==\" class=\"lazyload\" style=\"--smush-placeholder-width: 1798px; --smush-placeholder-aspect-ratio: 1798\/1200;\"><\/p>\n<h5>View 2<\/h5>\n<div>\n<p>Code: 10001<\/p>\n<\/div>\n<\/li>\n<li>\n<p>        <img decoding=\"async\" data-src=\"\/wp-content\/uploads\/m1190a-min.jpg\" alt=\"\" src=\"data:image\/svg+xml;base64,PHN2ZyB3aWR0aD0iMSIgaGVpZ2h0PSIxIiB4bWxucz0iaHR0cDovL3d3dy53My5vcmcvMjAwMC9zdmciPjwvc3ZnPg==\" class=\"lazyload\" style=\"--smush-placeholder-width: 1798px; --smush-placeholder-aspect-ratio: 1798\/1200;\"><\/p>\n<h5>View 3<\/h5>\n<div>\n<p>Code: 10001<\/p>\n<\/div>\n<\/li>\n<li>\n<p>        <img decoding=\"async\" data-src=\"\/wp-content\/uploads\/m1190b-min.jpg\" alt=\"\" src=\"data:image\/svg+xml;base64,PHN2ZyB3aWR0aD0iMSIgaGVpZ2h0PSIxIiB4bWxucz0iaHR0cDovL3d3dy53My5vcmcvMjAwMC9zdmciPjwvc3ZnPg==\" class=\"lazyload\" style=\"--smush-placeholder-width: 1808px; --smush-placeholder-aspect-ratio: 1808\/1200;\"><\/p>\n<h5>View 4<\/h5>\n<\/li>\n<\/ul>\n<h3>\n<p>D\u00e9tails<\/p>\n<\/h3>\n<div>\n<ul class=\"lg-detail\">\n<li>Nou\u00e9 \u00e0 la main<\/li>\n<li>Laine et soie de Nouvelle-Z\u00e9lande<\/li>\n<li>Inde<\/li>\n<\/ul>\n<\/div>\n<h3>\n<p>Tailles disponibles<\/p>\n<\/h3>\n<div>\n<ul>\n<li>6\u2032 rond<\/li>\n<li>6\u2032 x 9\u2032<\/li>\n<li>8\u2032 carr\u00e9<\/li>\n<li>8\u2032 rond<\/li>\n<li>8\u2032 x 10\u2032\u00a0<\/li>\n<li>9\u2032 x 12\u2032<\/li>\n<li>10\u2032 rond<\/li>\n<li>10\u2032 x 14\u2032<\/li>\n<li>12\u2032 carr\u00e9<\/li>\n<li>12\u2032 rond<\/li>\n<\/ul>\n<\/div>\n<h3>\n<p>Gamme de prix<\/p>\n<\/h3>\n<div>\n<p><strong>$$$$$<\/strong><\/p>\n<p><span style=\"color: #c4c4c4;\"><\/span><\/p>\n<\/div>\n<p>\n    <a href=\"\/fr\/communiquez-avec-nous\">Nous joindre pour les d\u00e9tails<\/a>\n<\/p>\n<h2><a href=\"\/fr\/soumission-en-ligne-gratuite\"><\/p>\n<p>Obtenir une soumission en ligne gratuite<\/p>\n<p><\/a><\/h2>\n<h2><a href=\"\/fr\/communiquez-avec-nous#consultation\"><\/p>\n<p>Demander une consultation<\/p>\n<p><\/a><\/h2>\n<p><!--more--><br \/>\n<!-- {\"name\":\"modern area rugs fr\",\"type\":\"layout\",\"children\":[{\"name\":\"Hero\",\"type\":\"section\",\"props\":{\"style\":\"default\",\"width\":\"large\",\"vertical_align\":\"middle\",\"title_position\":\"top-left\",\"title_rotation\":\"left\",\"title_breakpoint\":\"xl\",\"image_position\":\"center-center\",\"padding\":\"small\",\"image\":\"\",\"image_size\":\"cover\",\"image_effect\":\"parallax\",\"image_parallax_bgy_start\":\"80\",\"image_parallax_bgy_end\":\"-40\",\"header_transparent_noplaceholder\":true,\"image_width\":\"2560\",\"image_height\":\"1200\",\"media_overlay\":\"rgba(0, 0, 0, 0.22)\",\"padding_remove_bottom\":false},\"children\":[{\"name\":\"\",\"type\":\"row\",\"children\":[{\"name\":\"\",\"type\":\"column\",\"props\":{\"image_position\":\"center-center\",\"media_overlay_gradient\":\"\",\"width_medium\":\"1-1\"},\"children\":[{\"name\":\"\",\"type\":\"headline\",\"props\":{\"title_element\":\"h1\",\"content\":\"&lt; Moderne\",\"title_style\":\"h6\",\"title_decoration\":\"line\",\"text_align\":\"left\",\"text_align_breakpoint\":\"s\",\"text_align_fallback\":\"center\",\"margin\":\"default\",\"animation\":\"parallax\",\"parallax_x_start\":0,\"parallax_x_end\":-20,\"parallax_opacity_start\":\"1\",\"parallax_opacity_end\":\"0\",\"link\":\"fr\\\/carpettes\\\/moderne\",\"margin_remove_top\":false}},{\"name\":\"\",\"type\":\"headline\",\"props\":{\"title_element\":\"h2\",\"content\":\"m1190\",\"title_style\":\"h2\",\"text_align\":\"left\",\"text_align_breakpoint\":\"s\",\"text_align_fallback\":\"left\",\"margin\":\"default\",\"animation\":\"parallax\",\"parallax_x_start\":\"0\",\"parallax_x_end\":\"16\",\"parallax_opacity_start\":\"1\",\"parallax_opacity_end\":\"0\",\"link\":\"\"}}]}]}]},{\"name\":\"About\",\"type\":\"section\",\"props\":{\"style\":\"default\",\"width\":\"large\",\"vertical_align\":\"middle\",\"title_position\":\"top-left\",\"title_rotation\":\"left\",\"title_breakpoint\":\"xl\",\"image_position\":\"center-center\",\"padding_remove_top\":true,\"padding_remove_bottom\":false},\"children\":[{\"name\":\"\",\"type\":\"row\",\"props\":{\"layout\":\"large,expand\",\"margin\":\"large\",\"margin_remove_top\":true,\"margin_remove_bottom\":false,\"column_gap\":\"large\",\"row_gap\":\"large\"},\"children\":[{\"name\":\"\",\"type\":\"column\",\"props\":{\"image_position\":\"center-center\",\"media_overlay_gradient\":\"\",\"width_medium\":\"xlarge\"},\"children\":[{\"name\":\"\",\"type\":\"image\",\"props\":{\"margin\":\"default\",\"image\":\"wp-content\\\/uploads\\\/m1190-min.jpg\",\"image_svg_color\":\"emphasis\"}},{\"name\":\"\",\"type\":\"gallery\",\"props\":{\"show_title\":true,\"show_meta\":false,\"show_content\":false,\"show_link\":false,\"show_hover_image\":false,\"grid_default\":\"2\",\"grid_medium\":\"3\",\"overlay_mode\":\"caption\",\"overlay_position\":\"top\",\"overlay_transition\":\"fade\",\"title_element\":\"h5\",\"meta_style\":\"meta\",\"meta_align\":\"below-title\",\"text_align\":\"center\",\"margin\":\"medium\",\"lightbox\":true,\"grid_large\":\"4\",\"image_orientation\":true,\"image_hover_box_shadow\":\"medium\",\"image_box_shadow_bottom\":false,\"lightbox_image_orientation\":true,\"title_display\":\"lightbox\",\"margin_remove_top\":false,\"item_animation\":\"\",\"parallax_opacity_start\":\"0\",\"parallax_opacity_end\":\"1\",\"grid_small\":\"3\",\"grid_column_gap\":\"medium\",\"grid_row_gap\":\"medium\",\"filter_style\":\"tab\",\"filter_all\":true,\"filter_position\":\"top\",\"filter_align\":\"left\",\"filter_grid_width\":\"auto\",\"filter_grid_breakpoint\":\"m\",\"overlay_hover\":true,\"overlay_style\":\"overlay-primary\",\"text_color\":\"light\",\"link_text\":\"\",\"link_style\":\"default\",\"overlay_link\":true,\"title_hover_style\":\"reset\",\"meta_element\":\"div\"},\"children\":[{\"name\":\"\",\"type\":\"gallery_item\",\"props\":{\"image\":\"wp-content\\\/uploads\\\/m1190-min.jpg\",\"meta\":\"\",\"content\":\"\n\n<p>Code: 10001<\\\/p>\",\"title\":\"View 1\",\"hover_image\":\"\"}},{\"name\":\"\",\"type\":\"gallery_item\",\"props\":{\"image\":\"wp-content\\\/uploads\\\/m1190a-min.jpg\",\"meta\":\"\",\"content\":\"\n\n<p>Code: 10001<\\\/p>\",\"title\":\"View 2\",\"hover_image\":null}},{\"name\":\"\",\"type\":\"gallery_item\",\"props\":{\"image\":\"wp-content\\\/uploads\\\/m1190a-min.jpg\",\"meta\":\"\",\"content\":\"\n\n<p>Code: 10001<\\\/p>\",\"title\":\"View 3\",\"hover_image\":null}},{\"type\":\"gallery_item\",\"props\":{\"image\":\"wp-content\\\/uploads\\\/m1190b-min.jpg\",\"title\":\"View 4\"}}]}]},{\"name\":\"\",\"type\":\"column\",\"props\":{\"image_position\":\"center-center\",\"media_overlay_gradient\":\"\",\"width_medium\":\"expand\"},\"children\":[{\"name\":\"\",\"type\":\"headline\",\"props\":{\"title_element\":\"h3\",\"content\":\"\n\n<p>D\\u00e9tails<\\\/p>\",\"title_style\":\"h6\",\"title_color\":\"primary\",\"text_align\":\"left\",\"margin\":\"small\",\"text_align_breakpoint\":\"s\",\"text_align_fallback\":\"center\",\"animation\":\"parallax\",\"parallax_opacity_start\":\"1\",\"parallax_opacity_end\":\"0\"}},{\"name\":\"\",\"type\":\"text\",\"props\":{\"margin\":\"default\",\"column_breakpoint\":\"m\",\"content\":\"\n\n<ul class=\\\"lg-detail\\\">\\n\n\n<li>Nou\\u00e9 \\u00e0 la main<\\\/li>\\n\n\n<li>Laine et soie de Nouvelle-Z\\u00e9lande<\\\/li>\\n\n\n<li>Inde<\\\/li>\\n<\\\/ul>\"}},{\"name\":\"\",\"type\":\"headline\",\"props\":{\"title_element\":\"h3\",\"content\":\"\n\n<p>Tailles disponibles<\\\/p>\",\"title_style\":\"h6\",\"title_color\":\"primary\",\"text_align\":\"left\",\"margin\":\"small\",\"text_align_breakpoint\":\"s\",\"text_align_fallback\":\"center\",\"animation\":\"parallax\",\"parallax_opacity_start\":\"1\",\"parallax_opacity_end\":\"0\"}},{\"name\":\"\",\"type\":\"text\",\"props\":{\"margin\":\"default\",\"column_breakpoint\":\"m\",\"content\":\"\n\n<ul>\\n\n\n<li>6\\u2032 rond<\\\/li>\\n\n\n<li>6\\u2032 x 9\\u2032<\\\/li>\\n\n\n<li>8\\u2032 carr\\u00e9<\\\/li>\\n\n\n<li>8\\u2032 rond<\\\/li>\\n\n\n<li>8\\u2032 x 10\\u2032\\u00a0<\\\/li>\\n\n\n<li>9\\u2032 x 12\\u2032<\\\/li>\\n\n\n<li>10\\u2032 rond<\\\/li>\\n\n\n<li>10\\u2032 x 14\\u2032<\\\/li>\\n\n\n<li>12\\u2032 carr\\u00e9<\\\/li>\\n\n\n<li>12\\u2032 rond<\\\/li>\\n<\\\/ul>\"}},{\"name\":\"\",\"type\":\"headline\",\"props\":{\"title_element\":\"h3\",\"content\":\"\n\n<p>Gamme de prix<\\\/p>\",\"title_style\":\"h6\",\"title_color\":\"primary\",\"text_align\":\"left\",\"margin\":\"small\",\"text_align_breakpoint\":\"s\",\"text_align_fallback\":\"center\",\"animation\":\"parallax\",\"parallax_opacity_start\":\"1\",\"parallax_opacity_end\":\"0\"}},{\"name\":\"\",\"type\":\"text\",\"props\":{\"margin\":\"default\",\"column_breakpoint\":\"m\",\"content\":\"\n\n<p><strong>$$$$$<\\\/strong><\\\/p>\\n\n\n<p><span style=\\\"color: #c4c4c4;\\\"><\\\/span><\\\/p>\"}},{\"name\":\"\",\"type\":\"button\",\"props\":{\"margin\":\"medium\",\"margin_remove_top\":true,\"grid_column_gap\":\"small\",\"grid_row_gap\":\"small\"},\"children\":[{\"name\":\"\",\"type\":\"button_item\",\"props\":{\"button_style\":\"primary\",\"icon_align\":\"left\",\"content\":\"Nous joindre pour les d\\u00e9tails\",\"link\":\"fr\\\/communiquez-avec-nous\",\"link_target\":\"blank\"}}]}]}]}]},{\"name\":\"Call to Action\",\"type\":\"section\",\"props\":{\"style\":\"default\",\"width\":\"\",\"vertical_align\":\"middle\",\"title_position\":\"top-left\",\"title_rotation\":\"left\",\"title_breakpoint\":\"xl\",\"image_position\":\"center-center\",\"padding\":\"none\"},\"children\":[{\"name\":\"\",\"type\":\"row\",\"props\":{\"layout\":\"1-2,1-2\",\"vertical_align\":false,\"match\":true,\"column_gap\":\"collapse\",\"row_gap\":\"collapse\"},\"children\":[{\"name\":\"\",\"type\":\"column\",\"props\":{\"image_position\":\"center-center\",\"style\":\"primary\",\"media_overlay_gradient\":\"\",\"width_medium\":\"1-2\"},\"children\":[{\"name\":\"get a free quote CTA\",\"type\":\"headline\",\"props\":{\"title_element\":\"h2\",\"title_style\":\"h3\",\"text_align\":\"center\",\"content\":\"\n\n<p>Obtenir une soumission en ligne gratuite<\\\/p>\",\"link\":\"fr\\\/soumission-en-ligne-gratuite\",\"animation\":\"none\",\"parallax_y_start\":\"30\",\"parallax_y_end\":\"0\",\"parallax_opacity_start\":\"0\",\"parallax_opacity_end\":\"1\",\"parallax_viewport\":\"0.3\",\"link_style\":true,\"link_target\":false,\"block_align\":\"center\"}}]},{\"name\":\"\",\"type\":\"column\",\"props\":{\"image_position\":\"center-center\",\"style\":\"secondary\",\"media_overlay_gradient\":\"\",\"width_medium\":\"1-2\"},\"children\":[{\"name\":\"consultation CTA\",\"type\":\"headline\",\"props\":{\"title_element\":\"h2\",\"title_style\":\"h3\",\"text_align\":\"center\",\"content\":\"\n\n<p>Demander une consultation<\\\/p>\",\"link\":\"fr\\\/communiquez-avec-nous#consultation\",\"animation\":\"none\",\"parallax_y_start\":\"30\",\"parallax_y_end\":\"0\",\"parallax_opacity_start\":\"0\",\"parallax_opacity_end\":\"1\",\"parallax_viewport\":\"0.3\",\"link_style\":true,\"block_align\":\"center\"}}]}]}]}],\"version\":\"2.4.14\"} --><\/p>\n","protected":false},"excerpt":{"rendered":"<p>&lt; Moderne m1190 View 1 Code: 10001 View 2 Code: 10001 View 3 Code: 10001 View 4 D\u00e9tails Nou\u00e9 \u00e0 la main Laine et soie de Nouvelle-Z\u00e9lande Inde Tailles disponibles 6\u2032 rond 6\u2032 x 9\u2032 8\u2032 carr\u00e9 8\u2032 rond 8\u2032 x 10\u2032\u00a0 9\u2032 x 12\u2032 10\u2032 rond 10\u2032 x 14\u2032 12\u2032 carr\u00e9 12\u2032 rond Gamme [&hellip;]<\/p>\n","protected":false},"author":2,"featured_media":0,"parent":10141,"menu_order":1,"comment_status":"closed","ping_status":"closed","template":"","meta":{"footnotes":""},"class_list":["post-26112","page","type-page","status-publish","hentry"],"yoast_head":"<!-- This site is optimized with the Yoast SEO plugin v26.4 - https:\/\/yoast.com\/wordpress\/plugins\/seo\/ -->\n<title>m1190 -<\/title>\n<meta name=\"robots\" content=\"index, follow, max-snippet:-1, max-image-preview:large, max-video-preview:-1\" \/>\n<link rel=\"canonical\" href=\"https:\/\/normandycarpets.ca\/fr\/carpettes\/moderne\/m1190\" \/>\n<meta property=\"og:locale\" content=\"fr_FR\" \/>\n<meta property=\"og:type\" content=\"article\" \/>\n<meta property=\"og:title\" content=\"m1190 -\" \/>\n<meta property=\"og:description\" content=\"&lt; Moderne m1190 View 1 Code: 10001 View 2 Code: 10001 View 3 Code: 10001 View 4 D\u00e9tails Nou\u00e9 \u00e0 la main Laine et soie de Nouvelle-Z\u00e9lande Inde Tailles disponibles 6\u2032 rond 6\u2032 x 9\u2032 8\u2032 carr\u00e9 8\u2032 rond 8\u2032 x 10\u2032\u00a0 9\u2032 x 12\u2032 10\u2032 rond 10\u2032 x 14\u2032 12\u2032 carr\u00e9 12\u2032 rond Gamme [&hellip;]\" \/>\n<meta property=\"og:url\" content=\"https:\/\/normandycarpets.ca\/fr\/carpettes\/moderne\/m1190\" \/>\n<meta property=\"article:modified_time\" content=\"2021-05-22T14:31:45+00:00\" \/>\n<meta name=\"twitter:card\" content=\"summary_large_image\" \/>\n<script type=\"application\/ld+json\" class=\"yoast-schema-graph\">{\"@context\":\"https:\/\/schema.org\",\"@graph\":[{\"@type\":\"WebPage\",\"@id\":\"https:\/\/normandycarpets.ca\/fr\/carpettes\/moderne\/m1190\",\"url\":\"https:\/\/normandycarpets.ca\/fr\/carpettes\/moderne\/m1190\",\"name\":\"m1190 -\",\"isPartOf\":{\"@id\":\"https:\/\/normandycarpets.ca\/fr\/#website\"},\"datePublished\":\"2021-05-21T16:44:36+00:00\",\"dateModified\":\"2021-05-22T14:31:45+00:00\",\"breadcrumb\":{\"@id\":\"https:\/\/normandycarpets.ca\/fr\/carpettes\/moderne\/m1190#breadcrumb\"},\"inLanguage\":\"fr-FR\",\"potentialAction\":[{\"@type\":\"ReadAction\",\"target\":[\"https:\/\/normandycarpets.ca\/fr\/carpettes\/moderne\/m1190\"]}]},{\"@type\":\"BreadcrumbList\",\"@id\":\"https:\/\/normandycarpets.ca\/fr\/carpettes\/moderne\/m1190#breadcrumb\",\"itemListElement\":[{\"@type\":\"ListItem\",\"position\":1,\"name\":\"Home\",\"item\":\"https:\/\/normandycarpets.ca\/fr\"},{\"@type\":\"ListItem\",\"position\":2,\"name\":\"Carpettes\",\"item\":\"https:\/\/normandycarpets.ca\/fr\/carpettes\"},{\"@type\":\"ListItem\",\"position\":3,\"name\":\"Moderne\",\"item\":\"https:\/\/normandycarpets.ca\/fr\/carpettes\/moderne\"},{\"@type\":\"ListItem\",\"position\":4,\"name\":\"m1190\"}]},{\"@type\":\"WebSite\",\"@id\":\"https:\/\/normandycarpets.ca\/fr\/#website\",\"url\":\"https:\/\/normandycarpets.ca\/fr\/\",\"name\":\"\",\"description\":\"\",\"potentialAction\":[{\"@type\":\"SearchAction\",\"target\":{\"@type\":\"EntryPoint\",\"urlTemplate\":\"https:\/\/normandycarpets.ca\/fr\/?s={search_term_string}\"},\"query-input\":{\"@type\":\"PropertyValueSpecification\",\"valueRequired\":true,\"valueName\":\"search_term_string\"}}],\"inLanguage\":\"fr-FR\"}]}<\/script>\n<!-- \/ Yoast SEO plugin. -->","yoast_head_json":{"title":"m1190 -","robots":{"index":"index","follow":"follow","max-snippet":"max-snippet:-1","max-image-preview":"max-image-preview:large","max-video-preview":"max-video-preview:-1"},"canonical":"https:\/\/normandycarpets.ca\/fr\/carpettes\/moderne\/m1190","og_locale":"fr_FR","og_type":"article","og_title":"m1190 -","og_description":"&lt; Moderne m1190 View 1 Code: 10001 View 2 Code: 10001 View 3 Code: 10001 View 4 D\u00e9tails Nou\u00e9 \u00e0 la main Laine et soie de Nouvelle-Z\u00e9lande Inde Tailles disponibles 6\u2032 rond 6\u2032 x 9\u2032 8\u2032 carr\u00e9 8\u2032 rond 8\u2032 x 10\u2032\u00a0 9\u2032 x 12\u2032 10\u2032 rond 10\u2032 x 14\u2032 12\u2032 carr\u00e9 12\u2032 rond Gamme [&hellip;]","og_url":"https:\/\/normandycarpets.ca\/fr\/carpettes\/moderne\/m1190","article_modified_time":"2021-05-22T14:31:45+00:00","twitter_card":"summary_large_image","schema":{"@context":"https:\/\/schema.org","@graph":[{"@type":"WebPage","@id":"https:\/\/normandycarpets.ca\/fr\/carpettes\/moderne\/m1190","url":"https:\/\/normandycarpets.ca\/fr\/carpettes\/moderne\/m1190","name":"m1190 -","isPartOf":{"@id":"https:\/\/normandycarpets.ca\/fr\/#website"},"datePublished":"2021-05-21T16:44:36+00:00","dateModified":"2021-05-22T14:31:45+00:00","breadcrumb":{"@id":"https:\/\/normandycarpets.ca\/fr\/carpettes\/moderne\/m1190#breadcrumb"},"inLanguage":"fr-FR","potentialAction":[{"@type":"ReadAction","target":["https:\/\/normandycarpets.ca\/fr\/carpettes\/moderne\/m1190"]}]},{"@type":"BreadcrumbList","@id":"https:\/\/normandycarpets.ca\/fr\/carpettes\/moderne\/m1190#breadcrumb","itemListElement":[{"@type":"ListItem","position":1,"name":"Home","item":"https:\/\/normandycarpets.ca\/fr"},{"@type":"ListItem","position":2,"name":"Carpettes","item":"https:\/\/normandycarpets.ca\/fr\/carpettes"},{"@type":"ListItem","position":3,"name":"Moderne","item":"https:\/\/normandycarpets.ca\/fr\/carpettes\/moderne"},{"@type":"ListItem","position":4,"name":"m1190"}]},{"@type":"WebSite","@id":"https:\/\/normandycarpets.ca\/fr\/#website","url":"https:\/\/normandycarpets.ca\/fr\/","name":"","description":"","potentialAction":[{"@type":"SearchAction","target":{"@type":"EntryPoint","urlTemplate":"https:\/\/normandycarpets.ca\/fr\/?s={search_term_string}"},"query-input":{"@type":"PropertyValueSpecification","valueRequired":true,"valueName":"search_term_string"}}],"inLanguage":"fr-FR"}]}},"_links":{"self":[{"href":"https:\/\/normandycarpets.ca\/fr\/wp-json\/wp\/v2\/pages\/26112","targetHints":{"allow":["GET"]}}],"collection":[{"href":"https:\/\/normandycarpets.ca\/fr\/wp-json\/wp\/v2\/pages"}],"about":[{"href":"https:\/\/normandycarpets.ca\/fr\/wp-json\/wp\/v2\/types\/page"}],"author":[{"embeddable":true,"href":"https:\/\/normandycarpets.ca\/fr\/wp-json\/wp\/v2\/users\/2"}],"replies":[{"embeddable":true,"href":"https:\/\/normandycarpets.ca\/fr\/wp-json\/wp\/v2\/comments?post=26112"}],"version-history":[{"count":0,"href":"https:\/\/normandycarpets.ca\/fr\/wp-json\/wp\/v2\/pages\/26112\/revisions"}],"up":[{"embeddable":true,"href":"https:\/\/normandycarpets.ca\/fr\/wp-json\/wp\/v2\/pages\/10141"}],"wp:attachment":[{"href":"https:\/\/normandycarpets.ca\/fr\/wp-json\/wp\/v2\/media?parent=26112"}],"curies":[{"name":"wp","href":"https:\/\/api.w.org\/{rel}","templated":true}]}}