{"id":23428,"date":"2020-05-16T06:13:23","date_gmt":"2020-05-16T06:13:23","guid":{"rendered":"https:\/\/normandycarpets.ca\/?page_id=23428"},"modified":"2020-12-05T19:22:08","modified_gmt":"2020-12-05T19:22:08","slug":"covid-19","status":"publish","type":"page","link":"https:\/\/normandycarpets.ca\/fr\/covid-19","title":{"rendered":"Tapis Normandy &#038; COVID-19"},"content":{"rendered":"<h1>\n<p style=\"text-align: center;\">Nouveaux services et mesures de s\u00e9curit\u00e9 COVID-19<\/p>\n<\/h1>\n<p><img decoding=\"async\" data-src=\"wp-content\/uploads\/ZOOM.jpg\" alt=\"\" src=\"data:image\/svg+xml;base64,PHN2ZyB3aWR0aD0iMSIgaGVpZ2h0PSIxIiB4bWxucz0iaHR0cDovL3d3dy53My5vcmcvMjAwMC9zdmciPjwvc3ZnPg==\" class=\"lazyload\"><\/p>\n<div>\n<h4 style=\"text-align: center;\">Votre sant\u00e9 et votre s\u00e9curit\u00e9 sont de la plus haute priorit\u00e9; <br \/>c&rsquo;est pourquoi nous vous offrons maintenant les NOUVEAUX SERVICES suivants:<\/h4>\n<ul>\n<li><span style=\"color: #ff0000;\">RENDEZ-VOUS VIRTUELS<\/span><br \/>Faites une promenade virtuelle dans notre salle d&rsquo;exposition gr\u00e2ce \u00e0 la vid\u00e9oconf\u00e9rence Zoom et l&rsquo;un de nos repr\u00e9sentants se fera un plaisir de vous pr\u00e9senter et de vous renseigner sur tous nos magnifiques produits, comme si vous y \u00e9tiez. <a href=\"https:\/\/normandycarpets.ca\/fr\/communiquez-avec-nous#consultation\">Cliquez ce lien pour prendre rendez-vous d\u00e8s aujourd&rsquo;hui!<\/a><\/li>\n<\/ul>\n<ul>\n<li><span style=\"color: #ff0000;\">LIVRAISON ET RECUPERATION D&rsquo;\u00c9CHANTILLONS SANS CONTACT*.<\/span><br \/>Les \u00e9chantillons sont d\u00e9sinfect\u00e9s avant d&rsquo;\u00eatre livr\u00e9s.<br \/>*Certaines conditions s&rsquo;appliquent, contactez-nous pour plus de d\u00e9tails.<\/li>\n<\/ul>\n<h4 style=\"text-align: center;\">Mesures de s\u00e9curit\u00e9 COVID-19<\/h4>\n<h4>En magasin<\/h4>\n<ul>\n<li>Un d\u00e9sinfectant pour les mains \u00e0 base d&rsquo;alcool sera plac\u00e9 \u00e0 notre entr\u00e9e et \u00e0 proximit\u00e9 des surfaces \u00e0 fort contact.<\/li>\n<li>L&rsquo;utilisation de masques non m\u00e9dicaux est obligatoire.<\/li>\n<li>Les vendeurs porteront toujours des masques et\/ou des visi\u00e8res de protection.<\/li>\n<li>Les vendeurs maintiendront et respecteront toujours une distance minimale de 2m entre les personnes.<\/li>\n<li>Les zones hautement touch\u00e9es comme les poign\u00e9es de porte, les comptoirs et les \u00e9chantillons seront essuy\u00e9s avec des d\u00e9sinfectants approuv\u00e9s par Sant\u00e9 Canada \u00e0 une fr\u00e9quence accrue tout au long de la journ\u00e9e.<\/li>\n<li>Les terminaux de paiement seront d\u00e9sinfect\u00e9s apr\u00e8s chaque transaction avec des d\u00e9sinfectants approuv\u00e9s par Sant\u00e9 Canada.<\/li>\n<li>Les sols seront lav\u00e9s quotidiennement avec des d\u00e9sinfectants approuv\u00e9s par Sant\u00e9 Canada.<\/li>\n<\/ul>\n<h4>\u00c0 votre domicile<\/h4>\n<p>Lorsque des mesures sont n\u00e9cessaires, nos sp\u00e9cialistes se chargera de respecter les consignes suivantes:<\/p>\n<ul>\n<li>\u00catre en bonne sant\u00e9 et sans aucun signe de maladie ou de sympt\u00f4me.<\/li>\n<li>D\u00e9sinfectez leurs mains avant d&rsquo;entrer dans votre logement.<\/li>\n<li>Entrer dans votre logement en portant un masque de protection.<\/li>\n<li>Maintenir et respecter un minimum de 2m entre les personnes.<\/li>\n<li>Mesurer la surface et partir imm\u00e9diatement apr\u00e8s.<\/li>\n<li>Les quantit\u00e9s et les prix seront calcul\u00e9s hors site afin de limiter le temps pass\u00e9 dans votre logement.<\/li>\n<\/ul>\n<h4>Installations<\/h4>\n<p>Dans les cas o\u00f9 des installations sont n\u00e9cessaires, nos techniciens se chargera de respecter les consignes suivantes:<\/p>\n<ul>\n<li>\u00catre en bonne sant\u00e9 et sans aucun signe de maladie ou de sympt\u00f4me.<\/li>\n<li>D\u00e9sinfectez leurs mains avant d&rsquo;entrer dans votre logement.<\/li>\n<li>Entrer et travailler dans votre logement en portant un masque de protection.<\/li>\n<li>Maintenir et respecter une distance minimale de 2m entre les personnes.<\/li>\n<li>Installer et effectuer nos travaux le plus rapidement possible sans sacrifier la qualit\u00e9.<\/li>\n<\/ul>\n<\/div>\n<h2><a href=\"fr\/soumission-en-ligne-gratuite\">Obtenir une soumission en ligne gratuite<\/a><\/h2>\n<h2><a href=\"fr\/communiquez-avec-nous#consultation\">Demander une consultation<\/a><\/h2>\n<p><!-- {\"type\":\"layout\",\"children\":[{\"type\":\"section\",\"props\":{\"style\":\"default\",\"width\":\"default\",\"vertical_align\":\"middle\",\"title_position\":\"top-left\",\"title_rotation\":\"left\",\"title_breakpoint\":\"xl\",\"image_position\":\"center-center\",\"text_color\":\"\",\"width_expand\":\"\",\"height\":\"\",\"padding\":\"\",\"header_transparent\":\"\",\"animation\":\"\"},\"children\":[{\"type\":\"row\",\"props\":{\"layout\":\"1-1\",\"breakpoint\":\"m\",\"fixed_width\":\"large\",\"column_gap\":\"\",\"row_gap\":\"\",\"width\":\"\",\"width_expand\":\"\",\"height\":\"\",\"margin\":\"\"},\"children\":[{\"type\":\"column\",\"props\":{\"image_position\":\"center-center\",\"media_overlay_gradient\":\"\",\"vertical_align\":\"\",\"style\":\"\",\"text_color\":\"\",\"padding\":\"\"},\"children\":[{\"type\":\"headline\",\"props\":{\"title_element\":\"h1\",\"title_style\":\"h2\",\"title_decoration\":\"\",\"title_font_family\":\"\",\"title_color\":\"\",\"position\":\"\",\"position_z_index\":\"\",\"margin\":\"\",\"maxwidth\":\"\",\"maxwidth_breakpoint\":\"\",\"block_align\":\"\",\"block_align_breakpoint\":\"\",\"block_align_fallback\":\"\",\"text_align\":\"\",\"text_align_breakpoint\":\"\",\"text_align_fallback\":\"\",\"animation\":\"\",\"visibility\":\"\",\"content\":\"\n\n<p style=\\\"text-align: center;\\\">Nouveaux services et mesures de s\\u00e9curit\\u00e9 COVID-19<\\\/p>\",\"margin_remove_top\":false}},{\"type\":\"image\",\"props\":{\"margin\":\"default\",\"image_svg_color\":\"emphasis\",\"link_target\":\"\",\"image_border\":\"\",\"image_box_shadow\":\"\",\"image_hover_box_shadow\":\"\",\"image_box_decoration\":\"\",\"position\":\"\",\"position_z_index\":\"\",\"maxwidth\":\"\",\"maxwidth_breakpoint\":\"\",\"block_align\":\"\",\"block_align_breakpoint\":\"\",\"block_align_fallback\":\"\",\"text_align\":\"\",\"text_align_breakpoint\":\"\",\"text_align_fallback\":\"\",\"animation\":\"\",\"visibility\":\"\",\"image\":\"wp-content\\\/uploads\\\/ZOOM.jpg\"}},{\"type\":\"text\",\"props\":{\"margin\":\"default\",\"column_breakpoint\":\"m\",\"text_style\":\"\",\"text_color\":\"\",\"text_size\":\"\",\"column\":\"\",\"position\":\"\",\"position_z_index\":\"\",\"maxwidth\":\"\",\"maxwidth_breakpoint\":\"\",\"block_align\":\"\",\"block_align_breakpoint\":\"\",\"block_align_fallback\":\"\",\"text_align\":\"\",\"text_align_breakpoint\":\"\",\"text_align_fallback\":\"\",\"animation\":\"\",\"visibility\":\"\",\"content\":\"\n\n<h4 style=\\\"text-align: center;\\\">Votre sant\\u00e9 et votre s\\u00e9curit\\u00e9 sont de la plus haute priorit\\u00e9; <br \\\/>c'est pourquoi nous vous offrons maintenant les NOUVEAUX SERVICES suivants:<\\\/h4>\\n\n\n<ul>\\n\n\n<li><span style=\\\"color: #ff0000;\\\">RENDEZ-VOUS VIRTUELS<\\\/span><br \\\/>Faites une promenade virtuelle dans notre salle d'exposition gr\\u00e2ce \\u00e0 la vid\\u00e9oconf\\u00e9rence Zoom et l'un de nos repr\\u00e9sentants se fera un plaisir de vous pr\\u00e9senter et de vous renseigner sur tous nos magnifiques produits, comme si vous y \\u00e9tiez. <a href=\\\"https:\\\/\\\/normandycarpets.ca\\\/fr\\\/communiquez-avec-nous#consultation\\\">Cliquez ce lien pour prendre rendez-vous d\\u00e8s aujourd'hui!<\\\/a><\\\/li>\\n<\\\/ul>\\n\n\n<ul>\\n\n\n<li><span style=\\\"color: #ff0000;\\\">LIVRAISON ET RECUPERATION D'\\u00c9CHANTILLONS SANS CONTACT*.<\\\/span><br \\\/>Les \\u00e9chantillons sont d\\u00e9sinfect\\u00e9s avant d'\\u00eatre livr\\u00e9s.<br \\\/>*Certaines conditions s'appliquent, contactez-nous pour plus de d\\u00e9tails.<\\\/li>\\n<\\\/ul>\\n\n\n<h4 style=\\\"text-align: center;\\\">Mesures de s\\u00e9curit\\u00e9 COVID-19<\\\/h4>\\n\n\n<h4>En magasin<\\\/h4>\\n\n\n<ul>\\n\n\n<li>Un d\\u00e9sinfectant pour les mains \\u00e0 base d'alcool sera plac\\u00e9 \\u00e0 notre entr\\u00e9e et \\u00e0 proximit\\u00e9 des surfaces \\u00e0 fort contact.<\\\/li>\\n\n\n<li>L'utilisation de masques non m\\u00e9dicaux est obligatoire.<\\\/li>\\n\n\n<li>Les vendeurs porteront toujours des masques et\\\/ou des visi\\u00e8res de protection.<\\\/li>\\n\n\n<li>Les vendeurs maintiendront et respecteront toujours une distance minimale de 2m entre les personnes.<\\\/li>\\n\n\n<li>Les zones hautement touch\\u00e9es comme les poign\\u00e9es de porte, les comptoirs et les \\u00e9chantillons seront essuy\\u00e9s avec des d\\u00e9sinfectants approuv\\u00e9s par Sant\\u00e9 Canada \\u00e0 une fr\\u00e9quence accrue tout au long de la journ\\u00e9e.<\\\/li>\\n\n\n<li>Les terminaux de paiement seront d\\u00e9sinfect\\u00e9s apr\\u00e8s chaque transaction avec des d\\u00e9sinfectants approuv\\u00e9s par Sant\\u00e9 Canada.<\\\/li>\\n\n\n<li>Les sols seront lav\\u00e9s quotidiennement avec des d\\u00e9sinfectants approuv\\u00e9s par Sant\\u00e9 Canada.<\\\/li>\\n<\\\/ul>\\n\n\n<h4>\\u00c0 votre domicile<\\\/h4>\\n\n\n<p>Lorsque des mesures sont n\\u00e9cessaires, nos sp\\u00e9cialistes se chargera de respecter les consignes suivantes:<\\\/p>\\n\n\n<ul>\\n\n\n<li>\\u00catre en bonne sant\\u00e9 et sans aucun signe de maladie ou de sympt\\u00f4me.<\\\/li>\\n\n\n<li>D\\u00e9sinfectez leurs mains avant d'entrer dans votre logement.<\\\/li>\\n\n\n<li>Entrer dans votre logement en portant un masque de protection.<\\\/li>\\n\n\n<li>Maintenir et respecter un minimum de 2m entre les personnes.<\\\/li>\\n\n\n<li>Mesurer la surface et partir imm\\u00e9diatement apr\\u00e8s.<\\\/li>\\n\n\n<li>Les quantit\\u00e9s et les prix seront calcul\\u00e9s hors site afin de limiter le temps pass\\u00e9 dans votre logement.<\\\/li>\\n<\\\/ul>\\n\n\n<h4>Installations<\\\/h4>\\n\n\n<p>Dans les cas o\\u00f9 des installations sont n\\u00e9cessaires, nos techniciens se chargera de respecter les consignes suivantes:<\\\/p>\\n\n\n<ul>\\n\n\n<li>\\u00catre en bonne sant\\u00e9 et sans aucun signe de maladie ou de sympt\\u00f4me.<\\\/li>\\n\n\n<li>D\\u00e9sinfectez leurs mains avant d'entrer dans votre logement.<\\\/li>\\n\n\n<li>Entrer et travailler dans votre logement en portant un masque de protection.<\\\/li>\\n\n\n<li>Maintenir et respecter une distance minimale de 2m entre les personnes.<\\\/li>\\n\n\n<li>Installer et effectuer nos travaux le plus rapidement possible sans sacrifier la qualit\\u00e9.<\\\/li>\\n<\\\/ul>\"}}]}]},{\"type\":\"row\",\"props\":{\"layout\":\"1-1\",\"breakpoint\":\"m\",\"fixed_width\":\"large\",\"column_gap\":\"\",\"row_gap\":\"\",\"width\":\"\",\"width_expand\":\"\",\"height\":\"\",\"margin\":\"\"},\"children\":[{\"type\":\"column\",\"props\":{\"image_position\":\"center-center\",\"media_overlay_gradient\":\"\",\"vertical_align\":\"\",\"style\":\"\",\"text_color\":\"\",\"padding\":\"\"},\"children\":[]}]}]},{\"name\":\"CALL FOOTER\",\"type\":\"section\",\"props\":{\"style\":\"default\",\"width\":\"\",\"vertical_align\":\"middle\",\"title_position\":\"top-left\",\"title_rotation\":\"left\",\"title_breakpoint\":\"xl\",\"image_position\":\"center-center\",\"padding\":\"none\",\"image_effect\":\"\"},\"children\":[{\"name\":\"\",\"type\":\"row\",\"props\":{\"fixed_width\":\"large\",\"breakpoint\":\"m\",\"layout\":\",\",\"vertical_align\":false,\"match\":true,\"column_gap\":\"collapse\",\"row_gap\":\"collapse\"},\"children\":[{\"name\":\"\",\"type\":\"column\",\"props\":{\"image_position\":\"center-center\",\"style\":\"primary\",\"media_overlay_gradient\":\"\"},\"children\":[{\"name\":\"\",\"type\":\"headline\",\"props\":{\"title_element\":\"h2\",\"title_style\":\"h3\",\"text_align\":\"center\",\"content\":\"Obtenir une soumission en ligne gratuite\",\"link\":\"fr\\\/soumission-en-ligne-gratuite\",\"maxwidth\":\"\",\"animation\":\"parallax\",\"parallax_y_start\":\"30\",\"parallax_y_end\":\"0\",\"parallax_opacity_start\":\"0\",\"parallax_opacity_end\":\"1\",\"parallax_viewport\":\"0.3\",\"link_style\":true,\"block_align\":\"center\",\"title_decoration\":\"\",\"title_font_family\":\"\",\"title_color\":\"\",\"position\":\"\",\"position_z_index\":\"\",\"margin\":\"\",\"maxwidth_breakpoint\":\"\",\"block_align_breakpoint\":\"\",\"block_align_fallback\":\"\",\"text_align_breakpoint\":\"\",\"text_align_fallback\":\"\",\"visibility\":\"\"}}]},{\"name\":\"\",\"type\":\"column\",\"props\":{\"image_position\":\"center-center\",\"style\":\"secondary\",\"media_overlay_gradient\":\"\"},\"children\":[{\"name\":\"\",\"type\":\"headline\",\"props\":{\"title_element\":\"h2\",\"title_style\":\"h3\",\"text_align\":\"center\",\"content\":\"Demander une consultation\",\"link\":\"fr\\\/communiquez-avec-nous#consultation\",\"animation\":\"parallax\",\"parallax_y_start\":\"30\",\"parallax_y_end\":\"0\",\"parallax_opacity_start\":\"0\",\"parallax_opacity_end\":\"1\",\"parallax_viewport\":\"0.3\",\"link_style\":true,\"title_decoration\":\"\",\"title_font_family\":\"\",\"title_color\":\"\",\"position\":\"\",\"position_z_index\":\"\",\"margin\":\"\",\"maxwidth\":\"\",\"maxwidth_breakpoint\":\"\",\"block_align\":\"\",\"block_align_breakpoint\":\"\",\"block_align_fallback\":\"\",\"text_align_breakpoint\":\"\",\"text_align_fallback\":\"\",\"visibility\":\"\"}}]}]}]}],\"version\":\"1.22.8\",\"props\":[]} --><\/p>\n","protected":false},"excerpt":{"rendered":"<p>Nouveaux services et mesures de s\u00e9curit\u00e9 COVID-19 Votre sant\u00e9 et votre s\u00e9curit\u00e9 sont de la plus haute priorit\u00e9; c&rsquo;est pourquoi nous vous offrons maintenant les NOUVEAUX SERVICES suivants: RENDEZ-VOUS VIRTUELSFaites une promenade virtuelle dans notre salle d&rsquo;exposition gr\u00e2ce \u00e0 la vid\u00e9oconf\u00e9rence Zoom et l&rsquo;un de nos repr\u00e9sentants se fera un plaisir de vous pr\u00e9senter et [&hellip;]<\/p>\n","protected":false},"author":3,"featured_media":0,"parent":0,"menu_order":8,"comment_status":"closed","ping_status":"closed","template":"","meta":{"footnotes":""},"class_list":["post-23428","page","type-page","status-publish","hentry"],"yoast_head":"<!-- This site is optimized with the Yoast SEO plugin v26.4 - https:\/\/yoast.com\/wordpress\/plugins\/seo\/ -->\n<title>Nouveaux services et mesures de pr\u00e9vention COVID-19 | Tapis Normandy<\/title>\n<meta name=\"description\" content=\"Votre sant\u00e9 et votre s\u00e9curit\u00e9 sont de la plus haute priorit\u00e9 ; c&#039;est pourquoi nous vous offrons maintenant les NOUVEAUX SERVICES suivants\" \/>\n<meta name=\"robots\" content=\"index, follow, max-snippet:-1, max-image-preview:large, max-video-preview:-1\" \/>\n<link rel=\"canonical\" href=\"https:\/\/normandycarpets.ca\/fr\/covid-19\" \/>\n<meta property=\"og:locale\" content=\"fr_FR\" \/>\n<meta property=\"og:type\" content=\"article\" \/>\n<meta property=\"og:title\" content=\"Nouveaux services et mesures de pr\u00e9vention COVID-19 | Tapis Normandy\" \/>\n<meta property=\"og:description\" content=\"Votre sant\u00e9 et votre s\u00e9curit\u00e9 sont de la plus haute priorit\u00e9 ; c&#039;est pourquoi nous vous offrons maintenant les NOUVEAUX SERVICES suivants\" \/>\n<meta property=\"og:url\" content=\"https:\/\/normandycarpets.ca\/fr\/covid-19\" \/>\n<meta property=\"article:modified_time\" content=\"2020-12-05T19:22:08+00:00\" \/>\n<meta name=\"twitter:card\" content=\"summary_large_image\" \/>\n<meta name=\"twitter:label1\" content=\"Dur\u00e9e de lecture estim\u00e9e\" \/>\n\t<meta name=\"twitter:data1\" content=\"2 minutes\" \/>\n<script type=\"application\/ld+json\" class=\"yoast-schema-graph\">{\"@context\":\"https:\/\/schema.org\",\"@graph\":[{\"@type\":\"WebPage\",\"@id\":\"https:\/\/normandycarpets.ca\/fr\/covid-19\",\"url\":\"https:\/\/normandycarpets.ca\/fr\/covid-19\",\"name\":\"Nouveaux services et mesures de pr\u00e9vention COVID-19 | Tapis Normandy\",\"isPartOf\":{\"@id\":\"https:\/\/normandycarpets.ca\/fr\/#website\"},\"datePublished\":\"2020-05-16T06:13:23+00:00\",\"dateModified\":\"2020-12-05T19:22:08+00:00\",\"description\":\"Votre sant\u00e9 et votre s\u00e9curit\u00e9 sont de la plus haute priorit\u00e9 ; c'est pourquoi nous vous offrons maintenant les NOUVEAUX SERVICES suivants\",\"breadcrumb\":{\"@id\":\"https:\/\/normandycarpets.ca\/fr\/covid-19#breadcrumb\"},\"inLanguage\":\"fr-FR\",\"potentialAction\":[{\"@type\":\"ReadAction\",\"target\":[\"https:\/\/normandycarpets.ca\/fr\/covid-19\"]}]},{\"@type\":\"BreadcrumbList\",\"@id\":\"https:\/\/normandycarpets.ca\/fr\/covid-19#breadcrumb\",\"itemListElement\":[{\"@type\":\"ListItem\",\"position\":1,\"name\":\"Home\",\"item\":\"https:\/\/normandycarpets.ca\/fr\"},{\"@type\":\"ListItem\",\"position\":2,\"name\":\"Tapis Normandy &#038; COVID-19\"}]},{\"@type\":\"WebSite\",\"@id\":\"https:\/\/normandycarpets.ca\/fr\/#website\",\"url\":\"https:\/\/normandycarpets.ca\/fr\/\",\"name\":\"\",\"description\":\"\",\"potentialAction\":[{\"@type\":\"SearchAction\",\"target\":{\"@type\":\"EntryPoint\",\"urlTemplate\":\"https:\/\/normandycarpets.ca\/fr\/?s={search_term_string}\"},\"query-input\":{\"@type\":\"PropertyValueSpecification\",\"valueRequired\":true,\"valueName\":\"search_term_string\"}}],\"inLanguage\":\"fr-FR\"}]}<\/script>\n<!-- \/ Yoast SEO plugin. -->","yoast_head_json":{"title":"Nouveaux services et mesures de pr\u00e9vention COVID-19 | Tapis Normandy","description":"Votre sant\u00e9 et votre s\u00e9curit\u00e9 sont de la plus haute priorit\u00e9 ; c'est pourquoi nous vous offrons maintenant les NOUVEAUX SERVICES suivants","robots":{"index":"index","follow":"follow","max-snippet":"max-snippet:-1","max-image-preview":"max-image-preview:large","max-video-preview":"max-video-preview:-1"},"canonical":"https:\/\/normandycarpets.ca\/fr\/covid-19","og_locale":"fr_FR","og_type":"article","og_title":"Nouveaux services et mesures de pr\u00e9vention COVID-19 | Tapis Normandy","og_description":"Votre sant\u00e9 et votre s\u00e9curit\u00e9 sont de la plus haute priorit\u00e9 ; c'est pourquoi nous vous offrons maintenant les NOUVEAUX SERVICES suivants","og_url":"https:\/\/normandycarpets.ca\/fr\/covid-19","article_modified_time":"2020-12-05T19:22:08+00:00","twitter_card":"summary_large_image","twitter_misc":{"Dur\u00e9e de lecture estim\u00e9e":"2 minutes"},"schema":{"@context":"https:\/\/schema.org","@graph":[{"@type":"WebPage","@id":"https:\/\/normandycarpets.ca\/fr\/covid-19","url":"https:\/\/normandycarpets.ca\/fr\/covid-19","name":"Nouveaux services et mesures de pr\u00e9vention COVID-19 | Tapis Normandy","isPartOf":{"@id":"https:\/\/normandycarpets.ca\/fr\/#website"},"datePublished":"2020-05-16T06:13:23+00:00","dateModified":"2020-12-05T19:22:08+00:00","description":"Votre sant\u00e9 et votre s\u00e9curit\u00e9 sont de la plus haute priorit\u00e9 ; c'est pourquoi nous vous offrons maintenant les NOUVEAUX SERVICES suivants","breadcrumb":{"@id":"https:\/\/normandycarpets.ca\/fr\/covid-19#breadcrumb"},"inLanguage":"fr-FR","potentialAction":[{"@type":"ReadAction","target":["https:\/\/normandycarpets.ca\/fr\/covid-19"]}]},{"@type":"BreadcrumbList","@id":"https:\/\/normandycarpets.ca\/fr\/covid-19#breadcrumb","itemListElement":[{"@type":"ListItem","position":1,"name":"Home","item":"https:\/\/normandycarpets.ca\/fr"},{"@type":"ListItem","position":2,"name":"Tapis Normandy &#038; COVID-19"}]},{"@type":"WebSite","@id":"https:\/\/normandycarpets.ca\/fr\/#website","url":"https:\/\/normandycarpets.ca\/fr\/","name":"","description":"","potentialAction":[{"@type":"SearchAction","target":{"@type":"EntryPoint","urlTemplate":"https:\/\/normandycarpets.ca\/fr\/?s={search_term_string}"},"query-input":{"@type":"PropertyValueSpecification","valueRequired":true,"valueName":"search_term_string"}}],"inLanguage":"fr-FR"}]}},"_links":{"self":[{"href":"https:\/\/normandycarpets.ca\/fr\/wp-json\/wp\/v2\/pages\/23428","targetHints":{"allow":["GET"]}}],"collection":[{"href":"https:\/\/normandycarpets.ca\/fr\/wp-json\/wp\/v2\/pages"}],"about":[{"href":"https:\/\/normandycarpets.ca\/fr\/wp-json\/wp\/v2\/types\/page"}],"author":[{"embeddable":true,"href":"https:\/\/normandycarpets.ca\/fr\/wp-json\/wp\/v2\/users\/3"}],"replies":[{"embeddable":true,"href":"https:\/\/normandycarpets.ca\/fr\/wp-json\/wp\/v2\/comments?post=23428"}],"version-history":[{"count":0,"href":"https:\/\/normandycarpets.ca\/fr\/wp-json\/wp\/v2\/pages\/23428\/revisions"}],"wp:attachment":[{"href":"https:\/\/normandycarpets.ca\/fr\/wp-json\/wp\/v2\/media?parent=23428"}],"curies":[{"name":"wp","href":"https:\/\/api.w.org\/{rel}","templated":true}]}}