{"id":15117,"date":"2020-02-02T16:44:02","date_gmt":"2020-02-02T16:44:02","guid":{"rendered":"https:\/\/normandycarpets.ca\/commercial\/carreaux-de-tapis\/ct5560"},"modified":"2020-02-02T19:44:16","modified_gmt":"2020-02-02T19:44:16","slug":"ct5560","status":"publish","type":"page","link":"https:\/\/normandycarpets.ca\/fr\/commercial\/carreaux-de-tapis\/ct5560","title":{"rendered":"ct5560"},"content":{"rendered":"<p>&lt; Carreaux de Tapis<\/p>\n<p>ct5560<\/p>\n<p>Type de fibre<\/p>\n<p>Eco Solution Nylon<\/p>\n<p>DIMENSIONS<\/p>\n<p>18&Prime; x 36&Prime;<\/p>\n<p>Gamme de prix<\/p>\n<p>$$$$$<\/p>\n<p>Garantie<\/p>\n<p>Garantie \u00e0 vie commerciale limit\u00e9e<\/p>\n<p>Nous joindre pour les d\u00e9tails<\/p>\n<p>Obtenir une soumission en ligne gratuite<\/p>\n<p>Demander une consultation<\/p>\n<p><!-- {\"name\":\"\",\"type\":\"layout\",\"children\":[{\"name\":\"Hero\",\"type\":\"section\",\"props\":{\"style\":\"default\",\"width\":\"default\",\"vertical_align\":\"middle\",\"title_position\":\"top-left\",\"title_rotation\":\"left\",\"title_breakpoint\":\"xl\",\"image_position\":\"center-center\",\"padding\":\"small\",\"header_transparent\":\"\",\"image\":\"\",\"image_size\":\"cover\",\"image_effect\":\"parallax\",\"image_parallax_bgx_start\":\"\",\"image_parallax_bgx_end\":\"\",\"image_parallax_bgy_start\":\"80\",\"image_parallax_bgy_end\":\"-40\",\"header_transparent_noplaceholder\":true,\"height\":\"\",\"image_width\":\"2560\",\"image_height\":\"1200\",\"media_overlay\":\"rgba(0, 0, 0, 0.22)\",\"padding_remove_bottom\":false},\"children\":[{\"name\":\"\",\"type\":\"row\",\"props\":{\"fixed_width\":\"large\",\"breakpoint\":\"m\",\"layout\":\"1-1\"},\"children\":[{\"name\":\"\",\"type\":\"column\",\"props\":{\"widths\":[\"1-1\"],\"image_position\":\"center-center\"},\"children\":[{\"name\":\"\",\"type\":\"headline\",\"props\":{\"title_element\":\"h1\",\"content\":\"&lt; Carreaux de Tapis\",\"title_style\":\"h6\",\"title_decoration\":\"line\",\"text_align\":\"left\",\"text_align_breakpoint\":\"s\",\"text_align_fallback\":\"center\",\"margin\":\"default\",\"animation\":\"parallax\",\"parallax_x_start\":0,\"parallax_x_end\":-20,\"parallax_opacity_start\":\"1\",\"parallax_opacity_end\":\"0\",\"link\":\"fr\\\/commercial\\\/carreaux-de-tapis\",\"margin_remove_top\":false}},{\"name\":\"\",\"type\":\"headline\",\"props\":{\"title_element\":\"h2\",\"content\":\"ct5560\",\"title_style\":\"h2\",\"text_align\":\"left\",\"text_align_breakpoint\":\"s\",\"text_align_fallback\":\"left\",\"margin\":\"default\",\"animation\":\"parallax\",\"parallax_x_start\":\"0\",\"parallax_x_end\":\"16\",\"parallax_opacity_start\":\"1\",\"parallax_opacity_end\":\"0\",\"title_color\":\"\",\"link\":\"\"}}]}]}]},{\"name\":\"About\",\"type\":\"section\",\"props\":{\"style\":\"default\",\"width\":\"default\",\"vertical_align\":\"middle\",\"title_position\":\"top-left\",\"title_rotation\":\"left\",\"title_breakpoint\":\"xl\",\"image_position\":\"center-center\",\"padding\":\"\",\"padding_remove_top\":true,\"padding_remove_bottom\":false},\"children\":[{\"name\":\"\",\"type\":\"row\",\"props\":{\"fixed_width\":\"xlarge\",\"breakpoint\":\"m\",\"layout\":\"fixed,\",\"gutter\":\"large\",\"margin\":\"large\",\"margin_remove_top\":true,\"margin_remove_bottom\":false},\"children\":[{\"name\":\"\",\"type\":\"column\",\"props\":{\"widths\":[\"fixed\"],\"image_position\":\"center-center\"},\"children\":[{\"name\":\"\",\"type\":\"image\",\"props\":{\"margin\":\"default\",\"image\":\"wp-content\\\/uploads\\\/ct5560-min.jpg\"}},{\"name\":\"\",\"type\":\"gallery\",\"props\":{\"show_title\":true,\"show_meta\":false,\"show_content\":false,\"show_link\":false,\"show_hover_image\":false,\"grid_default\":\"2\",\"grid_medium\":\"3\",\"overlay_mode\":\"caption\",\"overlay_position\":\"top\",\"overlay_transition\":\"fade\",\"title_element\":\"h5\",\"meta_style\":\"meta\",\"meta_align\":\"bottom\",\"text_align\":\"center\",\"margin\":\"medium\",\"lightbox\":true,\"grid_large\":\"4\",\"content_style\":\"\",\"image_orientation\":true,\"image_hover_box_shadow\":\"medium\",\"image_box_shadow_bottom\":false,\"lightbox_image_orientation\":true,\"title_display\":\"lightbox\",\"margin_remove_top\":false,\"item_animation\":\"\",\"parallax_opacity_start\":\"0\",\"parallax_opacity_end\":\"1\",\"gutter\":\"medium\",\"grid_small\":\"3\",\"grid_xlarge\":\"\"},\"children\":[{\"name\":\"\",\"type\":\"gallery_item\",\"props\":{\"image\":\"wp-content\\\/uploads\\\/100_MAIN-min-5.jpg\",\"content\":\"\",\"text_color_hover\":false,\"title\":\"100\"}},{\"name\":\"\",\"type\":\"gallery_item\",\"props\":{\"image\":\"wp-content\\\/uploads\\\/105_MAIN-min-2.jpg\",\"title\":\"105\"}},{\"name\":\"\",\"type\":\"gallery_item\",\"props\":{\"image\":\"wp-content\\\/uploads\\\/500_MAIN-min-9.jpg\",\"title\":\"500\"}},{\"name\":\"\",\"type\":\"gallery_item\",\"props\":{\"image\":\"wp-content\\\/uploads\\\/505_MAIN-min-4.jpg\",\"title\":\"505\"}},{\"name\":\"\",\"type\":\"gallery_item\",\"props\":{\"image\":\"wp-content\\\/uploads\\\/518_MAIN-min.jpg\",\"title\":\"518\"}},{\"name\":\"\",\"type\":\"gallery_item\",\"props\":{\"image\":\"wp-content\\\/uploads\\\/535_MAIN-min.jpg\",\"title\":\"535\"}},{\"name\":\"\",\"type\":\"gallery_item\",\"props\":{\"image\":\"wp-content\\\/uploads\\\/555_MAIN-min-2.jpg\",\"title\":\"555\"}},{\"name\":\"\",\"type\":\"gallery_item\",\"props\":{\"image\":\"wp-content\\\/uploads\\\/580_MAIN-min-4.jpg\",\"title\":\"580\"}},{\"name\":\"\",\"type\":\"gallery_item\",\"props\":{\"image\":\"wp-content\\\/uploads\\\/585_MAIN-min.jpg\",\"title\":\"585\"}},{\"name\":\"\",\"type\":\"gallery_item\",\"props\":{\"image\":\"wp-content\\\/uploads\\\/ct5560-min.jpg\",\"title\":\"View 1\"}},{\"name\":\"\",\"type\":\"gallery_item\",\"props\":{\"image\":\"wp-content\\\/uploads\\\/ct5560a-min.jpg\",\"title\":\"View 2\"}}]}]},{\"name\":\"\",\"type\":\"column\",\"props\":{\"widths\":[\"\"],\"image_position\":\"center-center\"},\"children\":[{\"name\":\"\",\"type\":\"headline\",\"props\":{\"title_element\":\"h3\",\"content\":\"Type de fibre\",\"title_style\":\"h6\",\"title_color\":\"primary\",\"text_align\":\"left\",\"margin\":\"small\",\"text_align_breakpoint\":\"s\",\"text_align_fallback\":\"center\",\"animation\":\"parallax\",\"parallax_opacity_start\":\"1\",\"parallax_opacity_end\":\"0\"}},{\"name\":\"\",\"type\":\"text\",\"props\":{\"margin\":\"default\",\"column_breakpoint\":\"m\",\"content\":\"\n\n<p>Eco Solution Nylon<\\\/p>\"}},{\"name\":\"\",\"type\":\"headline\",\"props\":{\"title_element\":\"h3\",\"content\":\"DIMENSIONS\",\"title_style\":\"h6\",\"title_color\":\"primary\",\"text_align\":\"left\",\"margin\":\"small\",\"text_align_breakpoint\":\"s\",\"text_align_fallback\":\"center\",\"animation\":\"parallax\",\"parallax_opacity_start\":\"1\",\"parallax_opacity_end\":\"0\"}},{\"name\":\"\",\"type\":\"text\",\"props\":{\"margin\":\"default\",\"column_breakpoint\":\"m\",\"content\":\"\n\n<p>18\\\" x 36\\\"<\\\/p>\"}},{\"name\":\"\",\"type\":\"headline\",\"props\":{\"title_element\":\"h3\",\"content\":\"Gamme de prix\",\"title_style\":\"h6\",\"title_color\":\"primary\",\"text_align\":\"left\",\"margin\":\"small\",\"text_align_breakpoint\":\"s\",\"text_align_fallback\":\"center\",\"animation\":\"parallax\",\"parallax_opacity_start\":\"1\",\"parallax_opacity_end\":\"0\"}},{\"name\":\"\",\"type\":\"text\",\"props\":{\"margin\":\"default\",\"column_breakpoint\":\"m\",\"content\":\"\n\n<p><strong>$$$$<\\\/strong><span style=\\\"color: #c4c4c4;\\\">$<\\\/span><\\\/p>\"}},{\"name\":\"\",\"type\":\"headline\",\"props\":{\"title_element\":\"h3\",\"content\":\"Garantie\",\"title_style\":\"h6\",\"title_color\":\"primary\",\"text_align\":\"left\",\"margin\":\"small\",\"text_align_breakpoint\":\"s\",\"text_align_fallback\":\"center\",\"animation\":\"parallax\",\"parallax_opacity_start\":\"1\",\"parallax_opacity_end\":\"0\"}},{\"name\":\"\",\"type\":\"text\",\"props\":{\"margin\":\"default\",\"column_breakpoint\":\"m\",\"content\":\"\n\n<p>Garantie \\u00e0 vie commerciale limit\\u00e9e<\\\/p>\",\"margin_remove_bottom\":false}},{\"name\":\"\",\"type\":\"button\",\"props\":{\"gutter\":\"small\",\"margin\":\"medium\",\"margin_remove_top\":true},\"children\":[{\"name\":\"\",\"type\":\"button_item\",\"props\":{\"button_style\":\"primary\",\"icon_align\":\"left\",\"content\":\"Nous joindre pour les d\\u00e9tails\",\"link\":\"fr\\\/communiquez-avec-nous\",\"link_target\":\"blank\"}}]}]}]}]},{\"name\":\"Call to Action\",\"type\":\"section\",\"props\":{\"style\":\"default\",\"width\":\"\",\"vertical_align\":\"middle\",\"title_position\":\"top-left\",\"title_rotation\":\"left\",\"title_breakpoint\":\"xl\",\"image_position\":\"center-center\",\"padding\":\"none\"},\"children\":[{\"name\":\"\",\"type\":\"row\",\"props\":{\"fixed_width\":\"large\",\"breakpoint\":\"m\",\"layout\":\",\",\"gutter\":\"collapse\",\"vertical_align\":false,\"match\":true},\"children\":[{\"name\":\"\",\"type\":\"column\",\"props\":{\"widths\":[\"\"],\"image_position\":\"center-center\",\"style\":\"primary\"},\"children\":[{\"name\":\"get a free quote CTA\",\"type\":\"headline\",\"props\":{\"title_element\":\"h2\",\"title_style\":\"h3\",\"text_align\":\"center\",\"content\":\"\n\n<p>Obtenir une soumission en ligne gratuite<\\\/p>\",\"link\":\"fr\\\/soumission-en-ligne-gratuite\",\"maxwidth\":\"\",\"maxwidth_align\":\"center\",\"animation\":\"none\",\"parallax_y_start\":\"30\",\"parallax_y_end\":\"0\",\"parallax_opacity_start\":\"0\",\"parallax_opacity_end\":\"1\",\"parallax_viewport\":\"0.3\",\"link_style\":true,\"link_target\":false}}]},{\"name\":\"\",\"type\":\"column\",\"props\":{\"widths\":[\"\"],\"image_position\":\"center-center\",\"style\":\"secondary\"},\"children\":[{\"name\":\"consultation CTA\",\"type\":\"headline\",\"props\":{\"title_element\":\"h2\",\"title_style\":\"h3\",\"text_align\":\"center\",\"content\":\"\n\n<p>Demander une consultation<\\\/p>\",\"link\":\"fr\\\/communiquez-avec-nous#consultation\",\"maxwidth\":\"\",\"maxwidth_align\":\"center\",\"animation\":\"none\",\"parallax_y_start\":\"30\",\"parallax_y_end\":\"0\",\"parallax_opacity_start\":\"0\",\"parallax_opacity_end\":\"1\",\"parallax_viewport\":\"0.3\",\"link_style\":true}}]}]}]}]} --><\/p>\n","protected":false},"excerpt":{"rendered":"<p>&lt; Carreaux de Tapis ct5560 Type de fibre Eco Solution Nylon DIMENSIONS 18&Prime; x 36&Prime; Gamme de prix $$$$$ Garantie Garantie \u00e0 vie commerciale limit\u00e9e Nous joindre pour les d\u00e9tails Obtenir une soumission en ligne gratuite Demander une consultation<\/p>\n","protected":false},"author":2,"featured_media":0,"parent":10306,"menu_order":1,"comment_status":"closed","ping_status":"closed","template":"","meta":{"footnotes":""},"class_list":["post-15117","page","type-page","status-publish","hentry"],"yoast_head":"<!-- This site is optimized with the Yoast SEO plugin v26.4 - https:\/\/yoast.com\/wordpress\/plugins\/seo\/ -->\n<title>ct5560 -<\/title>\n<meta name=\"robots\" content=\"index, follow, max-snippet:-1, max-image-preview:large, max-video-preview:-1\" \/>\n<link rel=\"canonical\" href=\"https:\/\/normandycarpets.ca\/fr\/commercial\/carreaux-de-tapis\/ct5560\" \/>\n<meta property=\"og:locale\" content=\"fr_FR\" \/>\n<meta property=\"og:type\" content=\"article\" \/>\n<meta property=\"og:title\" content=\"ct5560 -\" \/>\n<meta property=\"og:description\" content=\"&lt; Carreaux de Tapis ct5560 Type de fibre Eco Solution Nylon DIMENSIONS 18&Prime; x 36&Prime; Gamme de prix $$$$$ Garantie Garantie \u00e0 vie commerciale limit\u00e9e Nous joindre pour les d\u00e9tails Obtenir une soumission en ligne gratuite Demander une consultation\" \/>\n<meta property=\"og:url\" content=\"https:\/\/normandycarpets.ca\/fr\/commercial\/carreaux-de-tapis\/ct5560\" \/>\n<meta property=\"article:modified_time\" content=\"2020-02-02T19:44:16+00:00\" \/>\n<meta name=\"twitter:card\" content=\"summary_large_image\" \/>\n<script type=\"application\/ld+json\" class=\"yoast-schema-graph\">{\"@context\":\"https:\/\/schema.org\",\"@graph\":[{\"@type\":\"WebPage\",\"@id\":\"https:\/\/normandycarpets.ca\/fr\/commercial\/carreaux-de-tapis\/ct5560\",\"url\":\"https:\/\/normandycarpets.ca\/fr\/commercial\/carreaux-de-tapis\/ct5560\",\"name\":\"ct5560 -\",\"isPartOf\":{\"@id\":\"https:\/\/normandycarpets.ca\/fr\/#website\"},\"datePublished\":\"2020-02-02T16:44:02+00:00\",\"dateModified\":\"2020-02-02T19:44:16+00:00\",\"breadcrumb\":{\"@id\":\"https:\/\/normandycarpets.ca\/fr\/commercial\/carreaux-de-tapis\/ct5560#breadcrumb\"},\"inLanguage\":\"fr-FR\",\"potentialAction\":[{\"@type\":\"ReadAction\",\"target\":[\"https:\/\/normandycarpets.ca\/fr\/commercial\/carreaux-de-tapis\/ct5560\"]}]},{\"@type\":\"BreadcrumbList\",\"@id\":\"https:\/\/normandycarpets.ca\/fr\/commercial\/carreaux-de-tapis\/ct5560#breadcrumb\",\"itemListElement\":[{\"@type\":\"ListItem\",\"position\":1,\"name\":\"Home\",\"item\":\"https:\/\/normandycarpets.ca\/fr\"},{\"@type\":\"ListItem\",\"position\":2,\"name\":\"Commercial\",\"item\":\"https:\/\/normandycarpets.ca\/fr\/commercial\"},{\"@type\":\"ListItem\",\"position\":3,\"name\":\"Carreaux de tapis\",\"item\":\"https:\/\/normandycarpets.ca\/fr\/commercial\/carpet-tiles\"},{\"@type\":\"ListItem\",\"position\":4,\"name\":\"ct5560\"}]},{\"@type\":\"WebSite\",\"@id\":\"https:\/\/normandycarpets.ca\/fr\/#website\",\"url\":\"https:\/\/normandycarpets.ca\/fr\/\",\"name\":\"\",\"description\":\"\",\"potentialAction\":[{\"@type\":\"SearchAction\",\"target\":{\"@type\":\"EntryPoint\",\"urlTemplate\":\"https:\/\/normandycarpets.ca\/fr\/?s={search_term_string}\"},\"query-input\":{\"@type\":\"PropertyValueSpecification\",\"valueRequired\":true,\"valueName\":\"search_term_string\"}}],\"inLanguage\":\"fr-FR\"}]}<\/script>\n<!-- \/ Yoast SEO plugin. -->","yoast_head_json":{"title":"ct5560 -","robots":{"index":"index","follow":"follow","max-snippet":"max-snippet:-1","max-image-preview":"max-image-preview:large","max-video-preview":"max-video-preview:-1"},"canonical":"https:\/\/normandycarpets.ca\/fr\/commercial\/carreaux-de-tapis\/ct5560","og_locale":"fr_FR","og_type":"article","og_title":"ct5560 -","og_description":"&lt; Carreaux de Tapis ct5560 Type de fibre Eco Solution Nylon DIMENSIONS 18&Prime; x 36&Prime; Gamme de prix $$$$$ Garantie Garantie \u00e0 vie commerciale limit\u00e9e Nous joindre pour les d\u00e9tails Obtenir une soumission en ligne gratuite Demander une consultation","og_url":"https:\/\/normandycarpets.ca\/fr\/commercial\/carreaux-de-tapis\/ct5560","article_modified_time":"2020-02-02T19:44:16+00:00","twitter_card":"summary_large_image","schema":{"@context":"https:\/\/schema.org","@graph":[{"@type":"WebPage","@id":"https:\/\/normandycarpets.ca\/fr\/commercial\/carreaux-de-tapis\/ct5560","url":"https:\/\/normandycarpets.ca\/fr\/commercial\/carreaux-de-tapis\/ct5560","name":"ct5560 -","isPartOf":{"@id":"https:\/\/normandycarpets.ca\/fr\/#website"},"datePublished":"2020-02-02T16:44:02+00:00","dateModified":"2020-02-02T19:44:16+00:00","breadcrumb":{"@id":"https:\/\/normandycarpets.ca\/fr\/commercial\/carreaux-de-tapis\/ct5560#breadcrumb"},"inLanguage":"fr-FR","potentialAction":[{"@type":"ReadAction","target":["https:\/\/normandycarpets.ca\/fr\/commercial\/carreaux-de-tapis\/ct5560"]}]},{"@type":"BreadcrumbList","@id":"https:\/\/normandycarpets.ca\/fr\/commercial\/carreaux-de-tapis\/ct5560#breadcrumb","itemListElement":[{"@type":"ListItem","position":1,"name":"Home","item":"https:\/\/normandycarpets.ca\/fr"},{"@type":"ListItem","position":2,"name":"Commercial","item":"https:\/\/normandycarpets.ca\/fr\/commercial"},{"@type":"ListItem","position":3,"name":"Carreaux de tapis","item":"https:\/\/normandycarpets.ca\/fr\/commercial\/carpet-tiles"},{"@type":"ListItem","position":4,"name":"ct5560"}]},{"@type":"WebSite","@id":"https:\/\/normandycarpets.ca\/fr\/#website","url":"https:\/\/normandycarpets.ca\/fr\/","name":"","description":"","potentialAction":[{"@type":"SearchAction","target":{"@type":"EntryPoint","urlTemplate":"https:\/\/normandycarpets.ca\/fr\/?s={search_term_string}"},"query-input":{"@type":"PropertyValueSpecification","valueRequired":true,"valueName":"search_term_string"}}],"inLanguage":"fr-FR"}]}},"_links":{"self":[{"href":"https:\/\/normandycarpets.ca\/fr\/wp-json\/wp\/v2\/pages\/15117","targetHints":{"allow":["GET"]}}],"collection":[{"href":"https:\/\/normandycarpets.ca\/fr\/wp-json\/wp\/v2\/pages"}],"about":[{"href":"https:\/\/normandycarpets.ca\/fr\/wp-json\/wp\/v2\/types\/page"}],"author":[{"embeddable":true,"href":"https:\/\/normandycarpets.ca\/fr\/wp-json\/wp\/v2\/users\/2"}],"replies":[{"embeddable":true,"href":"https:\/\/normandycarpets.ca\/fr\/wp-json\/wp\/v2\/comments?post=15117"}],"version-history":[{"count":0,"href":"https:\/\/normandycarpets.ca\/fr\/wp-json\/wp\/v2\/pages\/15117\/revisions"}],"up":[{"embeddable":true,"href":"https:\/\/normandycarpets.ca\/fr\/wp-json\/wp\/v2\/pages\/10306"}],"wp:attachment":[{"href":"https:\/\/normandycarpets.ca\/fr\/wp-json\/wp\/v2\/media?parent=15117"}],"curies":[{"name":"wp","href":"https:\/\/api.w.org\/{rel}","templated":true}]}}