{"id":11180,"date":"2017-10-11T08:53:30","date_gmt":"2017-10-11T08:53:30","guid":{"rendered":"http:\/\/normandycarpets.ca\/showcase"},"modified":"2020-05-07T00:42:09","modified_gmt":"2020-05-07T00:42:09","slug":"vitrine","status":"publish","type":"page","link":"https:\/\/normandycarpets.ca\/fr\/vitrine","title":{"rendered":"Vitrine"},"content":{"rendered":"<h1>Vitrine de Tapis Normandy<\/h1>\n<ul>\n<li>\n<p>        <a href=\"fr\/mur-a-mur\/collection-premium\/pr8042\"><\/p>\n<p>        <img decoding=\"async\" data-src=\"wp-content\/uploads\/Stair-Runner-min.jpg\" alt=\"\" src=\"data:image\/svg+xml;base64,PHN2ZyB3aWR0aD0iMSIgaGVpZ2h0PSIxIiB4bWxucz0iaHR0cDovL3d3dy53My5vcmcvMjAwMC9zdmciPjwvc3ZnPg==\" class=\"lazyload\"><\/p>\n<p><\/a><\/p>\n<h3>Tapis d\u2019escalier sur mesure | Kirkland<\/h3>\n<p>voir les d\u00e9tails<\/p>\n<\/li>\n<li>\n<p>        <a href=\"fr\/mur-a-mur\/collection-premium\/pr8002\"><\/p>\n<p>        <img decoding=\"async\" data-src=\"wp-content\/uploads\/custom-rug-a-min.jpg\" alt=\"\" src=\"data:image\/svg+xml;base64,PHN2ZyB3aWR0aD0iMSIgaGVpZ2h0PSIxIiB4bWxucz0iaHR0cDovL3d3dy53My5vcmcvMjAwMC9zdmciPjwvc3ZnPg==\" class=\"lazyload\"><\/p>\n<p><\/a><\/p>\n<h3>Carpette sur mesure | Westmount<\/h3>\n<p>voir les d\u00e9tails<\/p>\n<\/li>\n<li>\n<p>        <a href=\"fr\/commercial\/carreaux-de-tapis\/ct5519\"><\/p>\n<p>        <img decoding=\"async\" data-src=\"wp-content\/uploads\/hotel-a-min.jpg\" alt=\"\" src=\"data:image\/svg+xml;base64,PHN2ZyB3aWR0aD0iMSIgaGVpZ2h0PSIxIiB4bWxucz0iaHR0cDovL3d3dy53My5vcmcvMjAwMC9zdmciPjwvc3ZnPg==\" class=\"lazyload\"><\/p>\n<p><\/a><\/p>\n<h3>Carreaux de tapis | Bureau de Montr\u00e9al<\/h3>\n<p>voir les d\u00e9tails<\/p>\n<\/li>\n<li>\n<p>        <a href=\"fr\/vinyle-de-luxe\/fvt2257\"><\/p>\n<p>        <img decoding=\"async\" data-src=\"wp-content\/uploads\/Terrasse-Royale.jpg\" alt=\"\" src=\"data:image\/svg+xml;base64,PHN2ZyB3aWR0aD0iMSIgaGVpZ2h0PSIxIiB4bWxucz0iaHR0cDovL3d3dy53My5vcmcvMjAwMC9zdmciPjwvc3ZnPg==\" class=\"lazyload\"><\/p>\n<p><\/a><\/p>\n<h3>Vinyle de luxe flottant | H\u00f4tel de Montr\u00e9al<\/h3>\n<p>voir les d\u00e9tails<\/p>\n<\/li>\n<li>\n<p>        <a href=\"fr\/vinyle-de-luxe\/gvt1270\"><\/p>\n<p>        <img decoding=\"async\" data-src=\"wp-content\/uploads\/Lvt-Glue-a-min.jpg\" alt=\"\" src=\"data:image\/svg+xml;base64,PHN2ZyB3aWR0aD0iMSIgaGVpZ2h0PSIxIiB4bWxucz0iaHR0cDovL3d3dy53My5vcmcvMjAwMC9zdmciPjwvc3ZnPg==\" class=\"lazyload\"><\/p>\n<p><\/a><\/p>\n<h3>Vinyle de luxe \u00e0 coller | St-Lazare<\/h3>\n<p>voir les d\u00e9tails<\/p>\n<\/li>\n<li>\n<p>        <a href=\"fr\/mur-a-mur\/collection-luxury\/lx2530\"><\/p>\n<p>        <img decoding=\"async\" data-src=\"wp-content\/uploads\/Stair-Runner-a-min.jpg\" alt=\"\" src=\"data:image\/svg+xml;base64,PHN2ZyB3aWR0aD0iMSIgaGVpZ2h0PSIxIiB4bWxucz0iaHR0cDovL3d3dy53My5vcmcvMjAwMC9zdmciPjwvc3ZnPg==\" class=\"lazyload\"><\/p>\n<p><\/a><\/p>\n<h3>Tapis d\u2019escalier sur mesure | VMR<\/h3>\n<p>voir les d\u00e9tails<\/p>\n<\/li>\n<li>\n<p>        <a href=\"fr\/mur-a-mur\/collection-cinema\/cin3501\"><\/p>\n<p>        <img decoding=\"async\" data-src=\"wp-content\/uploads\/cinema-room-b-min.jpg\" alt=\"Image Alt test\" src=\"data:image\/svg+xml;base64,PHN2ZyB3aWR0aD0iMSIgaGVpZ2h0PSIxIiB4bWxucz0iaHR0cDovL3d3dy53My5vcmcvMjAwMC9zdmciPjwvc3ZnPg==\" class=\"lazyload\"><\/p>\n<p><\/a><\/p>\n<h3>Tapis de cin\u00e9ma | Brossard<\/h3>\n<p>voir les d\u00e9tails<\/p>\n<\/li>\n<li>\n<p>        <a href=\"fr\/mur-a-mur\/collection-luxury\/lx2546\"><\/p>\n<p>        <img decoding=\"async\" data-src=\"wp-content\/uploads\/custom-rug-b-min.jpg\" alt=\"\" src=\"data:image\/svg+xml;base64,PHN2ZyB3aWR0aD0iMSIgaGVpZ2h0PSIxIiB4bWxucz0iaHR0cDovL3d3dy53My5vcmcvMjAwMC9zdmciPjwvc3ZnPg==\" class=\"lazyload\"><\/p>\n<p><\/a><\/p>\n<h3>Carpette sur mesure | Westmount<\/h3>\n<p>voir les d\u00e9tails<\/p>\n<\/li>\n<li>\n<p>        <a href=\"fr\/mur-a-mur\/collection-cinema\/cin3524\"><\/p>\n<p>        <img decoding=\"async\" data-src=\"wp-content\/uploads\/cinema-room-a-min.jpg\" alt=\"\" src=\"data:image\/svg+xml;base64,PHN2ZyB3aWR0aD0iMSIgaGVpZ2h0PSIxIiB4bWxucz0iaHR0cDovL3d3dy53My5vcmcvMjAwMC9zdmciPjwvc3ZnPg==\" class=\"lazyload\"><\/p>\n<p><\/a><\/p>\n<h3>Tapis de cin\u00e9ma | \u00cele Bizard<\/h3>\n<p>voir les d\u00e9tails<\/p>\n<\/li>\n<li>\n<p>        <a href=\"wall-to-wall\/luxury-collection\/lx2532\"><\/p>\n<p>        <img decoding=\"async\" data-src=\"wp-content\/uploads\/custom-rug-c-min.jpg\" alt=\"\" src=\"data:image\/svg+xml;base64,PHN2ZyB3aWR0aD0iMSIgaGVpZ2h0PSIxIiB4bWxucz0iaHR0cDovL3d3dy53My5vcmcvMjAwMC9zdmciPjwvc3ZnPg==\" class=\"lazyload\"><\/p>\n<p><\/a><\/p>\n<h3>Carpette sur mesure | St-Sauveur<\/h3>\n<p>voir les d\u00e9tails<\/p>\n<\/li>\n<li>\n<p>        <a href=\"fr\/commercial\/carreaux-de-tapis\/ct5519\"><\/p>\n<p>        <img decoding=\"async\" data-src=\"wp-content\/uploads\/hotel.jpg\" alt=\"\" src=\"data:image\/svg+xml;base64,PHN2ZyB3aWR0aD0iMSIgaGVpZ2h0PSIxIiB4bWxucz0iaHR0cDovL3d3dy53My5vcmcvMjAwMC9zdmciPjwvc3ZnPg==\" class=\"lazyload\"><\/p>\n<p><\/a><\/p>\n<h3>Carreaux de tapis | H\u00f4tel de Montr\u00e9al<\/h3>\n<p>voir les d\u00e9tails<\/p>\n<\/li>\n<li>\n<p>        <a href=\"fr\/vinyle-de-luxe\/gvt1258\"><\/p>\n<p>        <img decoding=\"async\" data-src=\"wp-content\/uploads\/Evoila-min.jpg\" alt=\"\" src=\"data:image\/svg+xml;base64,PHN2ZyB3aWR0aD0iMSIgaGVpZ2h0PSIxIiB4bWxucz0iaHR0cDovL3d3dy53My5vcmcvMjAwMC9zdmciPjwvc3ZnPg==\" class=\"lazyload\"><\/p>\n<p><\/a><\/p>\n<h3>Vinyle de luxe \u00e0 coller | Evoila 5<\/h3>\n<p>voir les d\u00e9tails<\/p>\n<\/li>\n<li>\n<p>        <a href=\"fr\/carpettes\/moderne\/m1118\"><\/p>\n<p>        <img decoding=\"async\" data-src=\"wp-content\/uploads\/area-rug-min.jpg\" alt=\"\" src=\"data:image\/svg+xml;base64,PHN2ZyB3aWR0aD0iMSIgaGVpZ2h0PSIxIiB4bWxucz0iaHR0cDovL3d3dy53My5vcmcvMjAwMC9zdmciPjwvc3ZnPg==\" class=\"lazyload\"><\/p>\n<p><\/a><\/p>\n<h3>Carpette | Lakeshore<\/h3>\n<p>voir les d\u00e9tails<\/p>\n<\/li>\n<\/ul>\n<h2><a href=\"fr\/soumission-en-ligne-gratuite\">Obtenir une soumission en ligne gratuite<\/a><\/h2>\n<h2><a href=\"fr\/communiquez-avec-nous#consultation\"><\/p>\n<p>Demander une consultation<\/p>\n<p><\/a><\/h2>\n<p><!-- {\"name\":\"FAQ\",\"type\":\"layout\",\"children\":[{\"name\":\"Portfolio\",\"type\":\"section\",\"props\":{\"width\":\"\",\"padding\":\"\",\"style\":\"secondary\",\"text_color\":\"\",\"media\":\"images\\\/home-header.jpg\",\"height_viewport\":true,\"header_overlay\":\"light\",\"image\":\"wp-content\\\/uploads\\\/home-portfolio-texture.svg\",\"media_advanced\":true,\"image_size\":\"\",\"media_background\":null,\"media_overlay\":null,\"height\":\"full\",\"animation\":\"\",\"header_transparent\":\"light\",\"image_position\":\"top-center\",\"vertical_align\":\"middle\",\"title_position\":\"top-left\",\"title_rotation\":\"left\",\"title_breakpoint\":\"xl\",\"header_transparent_noplaceholder\":false,\"image_width\":\"\",\"image_height\":\"\",\"css\":\"\",\"id\":\"\",\"padding_remove_top\":false,\"image_effect\":\"parallax\",\"image_parallax_bgy_start\":\"120\",\"image_parallax_bgy_end\":\"0\"},\"children\":[{\"name\":\"\",\"type\":\"row\",\"props\":{\"layout\":\"1-1\",\"breakpoint\":\"m\",\"fixed_width\":\"large\",\"width\":\"default\",\"margin\":\"default\",\"vertical_align\":false,\"match\":false,\"column_gap\":\"\",\"row_gap\":\"\"},\"children\":[{\"name\":\"\",\"type\":\"column\",\"props\":{\"image_position\":\"center-center\",\"media_overlay_gradient\":\"\"},\"children\":[{\"name\":\"\",\"type\":\"headline\",\"props\":{\"title_element\":\"h1\",\"content\":\"Vitrine de Tapis Normandy\",\"title_style\":\"heading-small\",\"text_align\":\"center\",\"animation\":\"\",\"parallax_y_start\":\"0\",\"parallax_y_end\":50,\"parallax_opacity_start\":\"1\",\"parallax_opacity_end\":\"0\",\"title_decoration\":\"\",\"title_font_family\":\"\",\"title_color\":\"\",\"position\":\"\",\"position_z_index\":\"\",\"margin\":\"\",\"maxwidth\":\"\",\"maxwidth_breakpoint\":\"\",\"block_align\":\"\",\"block_align_breakpoint\":\"\",\"block_align_fallback\":\"\",\"text_align_breakpoint\":\"\",\"text_align_fallback\":\"\",\"visibility\":\"\"}}]}]},{\"name\":\"\",\"type\":\"row\",\"props\":{\"fixed_width\":\"large\",\"breakpoint\":\"m\",\"layout\":\"1-1\",\"margin\":\"large\"},\"children\":[{\"name\":\"\",\"type\":\"column\",\"props\":{\"image_position\":\"center-center\",\"media_overlay_gradient\":\"\"},\"children\":[{\"name\":\"\",\"type\":\"slider\",\"props\":{\"show_title\":true,\"show_meta\":true,\"show_content\":true,\"show_link\":true,\"slider_width\":\"fixed\",\"slider_width_default\":\"1-1\",\"slider_width_medium\":\"1-3\",\"slider_min_height\":300,\"slider_autoplay_pause\":true,\"nav\":\"dotnav\",\"nav_align\":\"center\",\"nav_breakpoint\":\"\",\"slidenav\":\"default\",\"slidenav_margin\":\"large\",\"slidenav_breakpoint\":\"s\",\"slidenav_outside_breakpoint\":\"xl\",\"overlay_mode\":\"caption\",\"overlay_position\":\"bottom-center\",\"overlay_transition\":\"fade\",\"title_element\":\"h3\",\"meta_style\":\"\",\"meta_align\":\"below-title\",\"text_align\":\"center\",\"margin\":\"default\",\"slider_divider\":false,\"slider_sets\":false,\"slider_center\":true,\"nav_margin\":\"medium\",\"overlay_hover\":false,\"overlay_style\":\"\",\"title_transition\":\"slide-top-small\",\"meta_transition\":\"slide-bottom-small\",\"meta_margin\":\"\",\"slider_width_small\":\"1-2\",\"slidenav_hover\":true,\"animation\":\"\",\"parallax_opacity_start\":\"0\",\"parallax_opacity_end\":\"1\",\"parallax_viewport\":\"0.25\",\"image_width\":\"1200\",\"image_height\":\"1200\",\"slider_autoplay\":true,\"slidenav_large\":true,\"slider_autoplay_interval\":\"3\",\"text_color\":\"dark\",\"overlay_maxwidth\":\"\",\"link_type\":\"element\",\"slider_gap\":\"large\",\"link_text\":\"Read more\",\"link_style\":\"default\"},\"children\":[{\"name\":\"\",\"type\":\"slider_item\",\"props\":{\"image\":\"wp-content\\\/uploads\\\/Stair-Runner-min.jpg\",\"title\":\"Tapis d\\u2019escalier sur mesure | Kirkland\",\"meta\":\"voir les d\\u00e9tails\",\"link\":\"fr\\\/mur-a-mur\\\/collection-premium\\\/pr8042\",\"content\":\"\"}},{\"name\":\"\",\"type\":\"slider_item\",\"props\":{\"image\":\"wp-content\\\/uploads\\\/custom-rug-a-min.jpg\",\"title\":\"Carpette sur mesure | Westmount\",\"meta\":\"voir les d\\u00e9tails\",\"link\":\"fr\\\/mur-a-mur\\\/collection-premium\\\/pr8002\"}},{\"name\":\"\",\"type\":\"slider_item\",\"props\":{\"image\":\"wp-content\\\/uploads\\\/hotel-a-min.jpg\",\"title\":\"Carreaux de tapis | Bureau de Montr\\u00e9al\",\"meta\":\"voir les d\\u00e9tails\",\"link\":\"fr\\\/commercial\\\/carreaux-de-tapis\\\/ct5519\"}},{\"name\":\"\",\"type\":\"slider_item\",\"props\":{\"image\":\"wp-content\\\/uploads\\\/Terrasse-Royale.jpg\",\"title\":\"Vinyle de luxe flottant | H\\u00f4tel de Montr\\u00e9al\",\"meta\":\"voir les d\\u00e9tails\",\"link\":\"fr\\\/vinyle-de-luxe\\\/fvt2257\"}},{\"name\":\"\",\"type\":\"slider_item\",\"props\":{\"image\":\"wp-content\\\/uploads\\\/Lvt-Glue-a-min.jpg\",\"title\":\"Vinyle de luxe \\u00e0 coller | St-Lazare\",\"meta\":\"voir les d\\u00e9tails\",\"link\":\"fr\\\/vinyle-de-luxe\\\/gvt1270\",\"content\":\"\"}},{\"name\":\"\",\"type\":\"slider_item\",\"props\":{\"image\":\"wp-content\\\/uploads\\\/Stair-Runner-a-min.jpg\",\"title\":\"Tapis d\\u2019escalier sur mesure | VMR\",\"meta\":\"voir les d\\u00e9tails\",\"link\":\"fr\\\/mur-a-mur\\\/collection-luxury\\\/lx2530\"}},{\"name\":\"\",\"type\":\"slider_item\",\"props\":{\"image\":\"wp-content\\\/uploads\\\/cinema-room-b-min.jpg\",\"title\":\"Tapis de cin\\u00e9ma | Brossard\",\"meta\":\"voir les d\\u00e9tails\",\"link\":\"fr\\\/mur-a-mur\\\/collection-cinema\\\/cin3501\",\"image_alt\":\"Image Alt test\",\"content\":\"\"}},{\"name\":\"\",\"type\":\"slider_item\",\"props\":{\"image\":\"wp-content\\\/uploads\\\/custom-rug-b-min.jpg\",\"title\":\"Carpette sur mesure | Westmount\",\"meta\":\"voir les d\\u00e9tails\",\"link\":\"fr\\\/mur-a-mur\\\/collection-luxury\\\/lx2546\"}},{\"name\":\"\",\"type\":\"slider_item\",\"props\":{\"image\":\"wp-content\\\/uploads\\\/cinema-room-a-min.jpg\",\"title\":\"Tapis de cin\\u00e9ma | \\u00cele Bizard\",\"meta\":\"voir les d\\u00e9tails\",\"link\":\"fr\\\/mur-a-mur\\\/collection-cinema\\\/cin3524\"}},{\"name\":\"\",\"type\":\"slider_item\",\"props\":{\"image\":\"wp-content\\\/uploads\\\/custom-rug-c-min.jpg\",\"title\":\"Carpette sur mesure | St-Sauveur\",\"meta\":\"voir les d\\u00e9tails\",\"link\":\"wall-to-wall\\\/luxury-collection\\\/lx2532\"}},{\"name\":\"\",\"type\":\"slider_item\",\"props\":{\"image\":\"wp-content\\\/uploads\\\/hotel.jpg\",\"title\":\"Carreaux de tapis | H\\u00f4tel de Montr\\u00e9al\",\"meta\":\"voir les d\\u00e9tails\",\"link\":\"fr\\\/commercial\\\/carreaux-de-tapis\\\/ct5519\"}},{\"name\":\"\",\"type\":\"slider_item\",\"props\":{\"image\":\"wp-content\\\/uploads\\\/Evoila-min.jpg\",\"title\":\"Vinyle de luxe \\u00e0 coller | Evoila 5\",\"meta\":\"voir les d\\u00e9tails\",\"link\":\"fr\\\/vinyle-de-luxe\\\/gvt1258\"}},{\"name\":\"\",\"type\":\"slider_item\",\"props\":{\"title\":\"Carpette | Lakeshore\",\"meta\":\"voir les d\\u00e9tails\",\"link\":\"fr\\\/carpettes\\\/moderne\\\/m1118\",\"image\":\"wp-content\\\/uploads\\\/area-rug-min.jpg\"}}]}]}]}]},{\"name\":\"Call to Action\",\"type\":\"section\",\"props\":{\"style\":\"default\",\"width\":\"\",\"vertical_align\":\"middle\",\"title_position\":\"top-left\",\"title_rotation\":\"left\",\"title_breakpoint\":\"xl\",\"image_position\":\"center-center\",\"padding\":\"none\",\"image_effect\":\"\"},\"children\":[{\"name\":\"\",\"type\":\"row\",\"props\":{\"fixed_width\":\"large\",\"breakpoint\":\"m\",\"layout\":\",\",\"vertical_align\":false,\"match\":true,\"column_gap\":\"collapse\",\"row_gap\":\"collapse\"},\"children\":[{\"name\":\"\",\"type\":\"column\",\"props\":{\"image_position\":\"center-center\",\"style\":\"primary\",\"media_overlay_gradient\":\"\"},\"children\":[{\"name\":\"get a free quote CTA\",\"type\":\"headline\",\"props\":{\"title_element\":\"h2\",\"title_style\":\"h3\",\"text_align\":\"center\",\"content\":\"Obtenir une soumission en ligne gratuite\",\"link\":\"fr\\\/soumission-en-ligne-gratuite\",\"maxwidth\":\"\",\"animation\":\"parallax\",\"parallax_y_start\":\"30\",\"parallax_y_end\":\"0\",\"parallax_opacity_start\":\"0\",\"parallax_opacity_end\":\"1\",\"parallax_viewport\":\"0.3\",\"link_style\":true,\"block_align\":\"center\"}}]},{\"name\":\"\",\"type\":\"column\",\"props\":{\"image_position\":\"center-center\",\"style\":\"secondary\",\"media_overlay_gradient\":\"\"},\"children\":[{\"name\":\"Schedule a consultation\",\"type\":\"headline\",\"props\":{\"title_element\":\"h2\",\"title_style\":\"h3\",\"text_align\":\"center\",\"content\":\"\n\n<p>Demander une consultation<\\\/p>\",\"link\":\"fr\\\/communiquez-avec-nous#consultation\",\"animation\":\"parallax\",\"parallax_y_start\":\"30\",\"parallax_y_end\":\"0\",\"parallax_opacity_start\":\"0\",\"parallax_opacity_end\":\"1\",\"parallax_viewport\":\"0.3\",\"link_style\":true}}]}]}]}],\"props\":[],\"version\":\"1.22.8\"} --><\/p>\n","protected":false},"excerpt":{"rendered":"<p>Vitrine de Tapis Normandy Tapis d\u2019escalier sur mesure | Kirkland voir les d\u00e9tails Carpette sur mesure | Westmount voir les d\u00e9tails Carreaux de tapis | Bureau de Montr\u00e9al voir les d\u00e9tails Vinyle de luxe flottant | H\u00f4tel de Montr\u00e9al voir les d\u00e9tails Vinyle de luxe \u00e0 coller | St-Lazare voir les d\u00e9tails Tapis d\u2019escalier sur [&hellip;]<\/p>\n","protected":false},"author":1,"featured_media":0,"parent":0,"menu_order":8,"comment_status":"closed","ping_status":"closed","template":"","meta":{"footnotes":""},"class_list":["post-11180","page","type-page","status-publish","hentry"],"yoast_head":"<!-- This site is optimized with the Yoast SEO plugin v26.4 - https:\/\/yoast.com\/wordpress\/plugins\/seo\/ -->\n<title>Vitrine | Tapis Normandy<\/title>\n<meta name=\"description\" content=\"Voici une pr\u00e9sentation de plusieurs lieux qui ont fait appel aux services de Tapis Normandy. Jetez un coup d&#039;\u0153il, inspirez-vous.\" \/>\n<meta name=\"robots\" content=\"index, follow, max-snippet:-1, max-image-preview:large, max-video-preview:-1\" \/>\n<link rel=\"canonical\" href=\"https:\/\/normandycarpets.ca\/fr\/vitrine\" \/>\n<meta property=\"og:locale\" content=\"fr_FR\" \/>\n<meta property=\"og:type\" content=\"article\" \/>\n<meta property=\"og:title\" content=\"Vitrine | Tapis Normandy\" \/>\n<meta property=\"og:description\" content=\"Voici une pr\u00e9sentation de plusieurs lieux qui ont fait appel aux services de Tapis Normandy. Jetez un coup d&#039;\u0153il, inspirez-vous.\" \/>\n<meta property=\"og:url\" content=\"https:\/\/normandycarpets.ca\/fr\/vitrine\" \/>\n<meta property=\"article:modified_time\" content=\"2020-05-07T00:42:09+00:00\" \/>\n<meta name=\"twitter:card\" content=\"summary_large_image\" \/>\n<meta name=\"twitter:label1\" content=\"Dur\u00e9e de lecture estim\u00e9e\" \/>\n\t<meta name=\"twitter:data1\" content=\"1 minute\" \/>\n<script type=\"application\/ld+json\" class=\"yoast-schema-graph\">{\"@context\":\"https:\/\/schema.org\",\"@graph\":[{\"@type\":\"WebPage\",\"@id\":\"https:\/\/normandycarpets.ca\/fr\/vitrine\",\"url\":\"https:\/\/normandycarpets.ca\/fr\/vitrine\",\"name\":\"Vitrine | Tapis Normandy\",\"isPartOf\":{\"@id\":\"https:\/\/normandycarpets.ca\/fr\/#website\"},\"datePublished\":\"2017-10-11T08:53:30+00:00\",\"dateModified\":\"2020-05-07T00:42:09+00:00\",\"description\":\"Voici une pr\u00e9sentation de plusieurs lieux qui ont fait appel aux services de Tapis Normandy. Jetez un coup d'\u0153il, inspirez-vous.\",\"breadcrumb\":{\"@id\":\"https:\/\/normandycarpets.ca\/fr\/vitrine#breadcrumb\"},\"inLanguage\":\"fr-FR\",\"potentialAction\":[{\"@type\":\"ReadAction\",\"target\":[\"https:\/\/normandycarpets.ca\/fr\/vitrine\"]}]},{\"@type\":\"BreadcrumbList\",\"@id\":\"https:\/\/normandycarpets.ca\/fr\/vitrine#breadcrumb\",\"itemListElement\":[{\"@type\":\"ListItem\",\"position\":1,\"name\":\"Home\",\"item\":\"https:\/\/normandycarpets.ca\/fr\"},{\"@type\":\"ListItem\",\"position\":2,\"name\":\"Vitrine\"}]},{\"@type\":\"WebSite\",\"@id\":\"https:\/\/normandycarpets.ca\/fr\/#website\",\"url\":\"https:\/\/normandycarpets.ca\/fr\/\",\"name\":\"\",\"description\":\"\",\"potentialAction\":[{\"@type\":\"SearchAction\",\"target\":{\"@type\":\"EntryPoint\",\"urlTemplate\":\"https:\/\/normandycarpets.ca\/fr\/?s={search_term_string}\"},\"query-input\":{\"@type\":\"PropertyValueSpecification\",\"valueRequired\":true,\"valueName\":\"search_term_string\"}}],\"inLanguage\":\"fr-FR\"}]}<\/script>\n<!-- \/ Yoast SEO plugin. -->","yoast_head_json":{"title":"Vitrine | Tapis Normandy","description":"Voici une pr\u00e9sentation de plusieurs lieux qui ont fait appel aux services de Tapis Normandy. Jetez un coup d'\u0153il, inspirez-vous.","robots":{"index":"index","follow":"follow","max-snippet":"max-snippet:-1","max-image-preview":"max-image-preview:large","max-video-preview":"max-video-preview:-1"},"canonical":"https:\/\/normandycarpets.ca\/fr\/vitrine","og_locale":"fr_FR","og_type":"article","og_title":"Vitrine | Tapis Normandy","og_description":"Voici une pr\u00e9sentation de plusieurs lieux qui ont fait appel aux services de Tapis Normandy. Jetez un coup d'\u0153il, inspirez-vous.","og_url":"https:\/\/normandycarpets.ca\/fr\/vitrine","article_modified_time":"2020-05-07T00:42:09+00:00","twitter_card":"summary_large_image","twitter_misc":{"Dur\u00e9e de lecture estim\u00e9e":"1 minute"},"schema":{"@context":"https:\/\/schema.org","@graph":[{"@type":"WebPage","@id":"https:\/\/normandycarpets.ca\/fr\/vitrine","url":"https:\/\/normandycarpets.ca\/fr\/vitrine","name":"Vitrine | Tapis Normandy","isPartOf":{"@id":"https:\/\/normandycarpets.ca\/fr\/#website"},"datePublished":"2017-10-11T08:53:30+00:00","dateModified":"2020-05-07T00:42:09+00:00","description":"Voici une pr\u00e9sentation de plusieurs lieux qui ont fait appel aux services de Tapis Normandy. Jetez un coup d'\u0153il, inspirez-vous.","breadcrumb":{"@id":"https:\/\/normandycarpets.ca\/fr\/vitrine#breadcrumb"},"inLanguage":"fr-FR","potentialAction":[{"@type":"ReadAction","target":["https:\/\/normandycarpets.ca\/fr\/vitrine"]}]},{"@type":"BreadcrumbList","@id":"https:\/\/normandycarpets.ca\/fr\/vitrine#breadcrumb","itemListElement":[{"@type":"ListItem","position":1,"name":"Home","item":"https:\/\/normandycarpets.ca\/fr"},{"@type":"ListItem","position":2,"name":"Vitrine"}]},{"@type":"WebSite","@id":"https:\/\/normandycarpets.ca\/fr\/#website","url":"https:\/\/normandycarpets.ca\/fr\/","name":"","description":"","potentialAction":[{"@type":"SearchAction","target":{"@type":"EntryPoint","urlTemplate":"https:\/\/normandycarpets.ca\/fr\/?s={search_term_string}"},"query-input":{"@type":"PropertyValueSpecification","valueRequired":true,"valueName":"search_term_string"}}],"inLanguage":"fr-FR"}]}},"_links":{"self":[{"href":"https:\/\/normandycarpets.ca\/fr\/wp-json\/wp\/v2\/pages\/11180","targetHints":{"allow":["GET"]}}],"collection":[{"href":"https:\/\/normandycarpets.ca\/fr\/wp-json\/wp\/v2\/pages"}],"about":[{"href":"https:\/\/normandycarpets.ca\/fr\/wp-json\/wp\/v2\/types\/page"}],"author":[{"embeddable":true,"href":"https:\/\/normandycarpets.ca\/fr\/wp-json\/wp\/v2\/users\/1"}],"replies":[{"embeddable":true,"href":"https:\/\/normandycarpets.ca\/fr\/wp-json\/wp\/v2\/comments?post=11180"}],"version-history":[{"count":0,"href":"https:\/\/normandycarpets.ca\/fr\/wp-json\/wp\/v2\/pages\/11180\/revisions"}],"wp:attachment":[{"href":"https:\/\/normandycarpets.ca\/fr\/wp-json\/wp\/v2\/media?parent=11180"}],"curies":[{"name":"wp","href":"https:\/\/api.w.org\/{rel}","templated":true}]}}