{"id":10735,"date":"2018-09-05T21:24:24","date_gmt":"2018-09-05T21:24:24","guid":{"rendered":"http:\/\/normandycarpets.ca\/runners\/custom-runners"},"modified":"2021-04-29T22:20:15","modified_gmt":"2021-04-29T22:20:15","slug":"sur-mesure","status":"publish","type":"page","link":"https:\/\/normandycarpets.ca\/fr\/tapis-descalier-et-passage\/sur-mesure","title":{"rendered":"Sur mesure"},"content":{"rendered":"<h1>Tapis d&rsquo;escalier et couloir sur mesure Montr\u00e9al<\/h1>\n<p><img decoding=\"async\" data-src=\"wp-content\/uploads\/Tapis-de-Chemin-Sur-Mesure.jpg\" alt=\"\" src=\"data:image\/svg+xml;base64,PHN2ZyB3aWR0aD0iMSIgaGVpZ2h0PSIxIiB4bWxucz0iaHR0cDovL3d3dy53My5vcmcvMjAwMC9zdmciPjwvc3ZnPg==\" class=\"lazyload\"><\/p>\n<h2>Tapis d&rsquo;escaliers et passages personnalis\u00e9<\/h2>\n<div>\n<p>Rehaussez votre escalier et couloir avec un chemin de tapis sur mesure de Tapis Normandy. Vous proposant une grande vari\u00e9t\u00e9 de motifs, couleurs et designs parmi les plus raffin\u00e9s.<br \/>Nous avons l&rsquo;exp\u00e9rience et l&rsquo;expertise n\u00e9cessaires pour vous aider \u00e0 cr\u00e9er des chemins de tapis uniques et sur mesure, adapt\u00e9s \u00e0 tous les go\u00fbts.<\/p>\n<p>Il vous suffit de choisir une moquette mur \u00e0 mur, de fournir une taille et de cliquer sur \u00ab\u00a0obtenir un devis en ligne gratuit\u00a0\u00bb.<\/p>\n<p>Saviez-vous que nous livrons presque partout au Canada et aux \u00c9tats-Unis? Contactez-nous d\u00e8s aujourd&rsquo;hui pour obtenir un devis.<\/p>\n<\/div>\n<p>\n    <a href=\"fr\/mur-a-mur\">Voir les collections<\/a>\n<\/p>\n<h2><a href=\"fr\/soumission-en-ligne-gratuite\"><\/p>\n<p>Obtenir une soumission en ligne gratuite<\/p>\n<p><\/a><\/h2>\n<h2><a href=\"fr\/communiquez-avec-nous#consultation\"><\/p>\n<p>Demander une consultation<\/p>\n<p><\/a><\/h2>\n<p><!-- {\"name\":\"\",\"type\":\"layout\",\"children\":[{\"name\":\"\",\"type\":\"section\",\"props\":{\"style\":\"default\",\"width\":\"default\",\"vertical_align\":\"middle\",\"title_position\":\"top-left\",\"title_rotation\":\"left\",\"title_breakpoint\":\"xl\",\"image_position\":\"center-center\",\"image_effect\":\"\"},\"children\":[{\"name\":\"\",\"type\":\"row\",\"props\":{\"fixed_width\":\"large\",\"breakpoint\":\"m\",\"layout\":\"1-1\",\"width\":\"\"},\"children\":[{\"name\":\"\",\"type\":\"column\",\"props\":{\"image_position\":\"center-center\",\"media_overlay_gradient\":\"\"},\"children\":[{\"name\":\"\",\"type\":\"headline\",\"props\":{\"title_element\":\"h1\",\"content\":\"Tapis d'escalier et couloir sur mesure Montr\\u00e9al\",\"title_style\":\"h1\",\"title_decoration\":\"\",\"title_font_family\":\"\",\"title_color\":\"\",\"position\":\"\",\"position_z_index\":\"\",\"margin\":\"\",\"maxwidth\":\"\",\"maxwidth_breakpoint\":\"\",\"block_align\":\"\",\"block_align_breakpoint\":\"\",\"block_align_fallback\":\"\",\"text_align\":\"center\",\"text_align_breakpoint\":\"\",\"text_align_fallback\":\"\",\"animation\":\"\",\"visibility\":\"\"}},{\"name\":\"\",\"type\":\"image\",\"props\":{\"margin\":\"default\",\"image\":\"wp-content\\\/uploads\\\/Tapis-de-Chemin-Sur-Mesure.jpg\",\"image_svg_color\":\"emphasis\",\"link_target\":\"\",\"image_border\":\"\",\"image_box_shadow\":\"\",\"image_hover_box_shadow\":\"\",\"image_box_decoration\":\"\",\"position\":\"\",\"position_z_index\":\"\",\"maxwidth\":\"\",\"maxwidth_breakpoint\":\"\",\"block_align\":\"\",\"block_align_breakpoint\":\"\",\"block_align_fallback\":\"\",\"text_align\":\"\",\"text_align_breakpoint\":\"\",\"text_align_fallback\":\"\",\"animation\":\"\",\"visibility\":\"\"}},{\"name\":\"\",\"type\":\"headline\",\"props\":{\"title_element\":\"h2\",\"content\":\"Tapis d'escaliers et passages personnalis\\u00e9\",\"title_style\":\"h2\",\"title_decoration\":\"line\",\"title_font_family\":\"\",\"title_color\":\"\",\"position\":\"\",\"position_z_index\":\"\",\"margin\":\"\",\"maxwidth\":\"\",\"maxwidth_breakpoint\":\"\",\"block_align\":\"\",\"block_align_breakpoint\":\"\",\"block_align_fallback\":\"\",\"text_align\":\"center\",\"text_align_breakpoint\":\"\",\"text_align_fallback\":\"\",\"animation\":\"\",\"visibility\":\"\"}},{\"type\":\"text\",\"props\":{\"margin\":\"default\",\"column_breakpoint\":\"m\",\"text_style\":\"\",\"text_color\":\"\",\"text_size\":\"\",\"column\":\"\",\"position\":\"\",\"position_z_index\":\"\",\"maxwidth\":\"\",\"maxwidth_breakpoint\":\"\",\"block_align\":\"\",\"block_align_breakpoint\":\"\",\"block_align_fallback\":\"\",\"text_align\":\"center\",\"text_align_breakpoint\":\"\",\"text_align_fallback\":\"\",\"animation\":\"\",\"visibility\":\"\",\"content\":\"\n\n<p>Rehaussez votre escalier et couloir avec un chemin de tapis sur mesure de Tapis Normandy. Vous proposant une grande vari\\u00e9t\\u00e9 de motifs, couleurs et designs parmi les plus raffin\\u00e9s.<br \\\/>Nous avons l'exp\\u00e9rience et l'expertise n\\u00e9cessaires pour vous aider \\u00e0 cr\\u00e9er des chemins de tapis uniques et sur mesure, adapt\\u00e9s \\u00e0 tous les go\\u00fbts.<\\\/p>\\n\n\n<p>Il vous suffit de choisir une moquette mur \\u00e0 mur, de fournir une taille et de cliquer sur \\\"obtenir un devis en ligne gratuit\\\".<\\\/p>\\n\n\n<p>Saviez-vous que nous livrons presque partout au Canada et aux \\u00c9tats-Unis? Contactez-nous d\\u00e8s aujourd'hui pour obtenir un devis.<\\\/p>\"}},{\"name\":\"\",\"type\":\"button\",\"props\":{\"margin\":\"default\",\"grid_column_gap\":\"small\",\"grid_row_gap\":\"small\",\"button_size\":\"\",\"position\":\"\",\"position_z_index\":\"\",\"maxwidth\":\"\",\"maxwidth_breakpoint\":\"\",\"block_align\":\"\",\"block_align_breakpoint\":\"\",\"block_align_fallback\":\"\",\"text_align\":\"center\",\"text_align_breakpoint\":\"\",\"text_align_fallback\":\"\",\"animation\":\"\",\"visibility\":\"\"},\"children\":[{\"name\":\"\",\"type\":\"button_item\",\"props\":{\"button_style\":\"default\",\"icon_align\":\"left\",\"content\":\"Voir les collections\",\"link\":\"fr\\\/mur-a-mur\"}}]}]}]}]},{\"name\":\"Call to Action\",\"type\":\"section\",\"props\":{\"style\":\"default\",\"width\":\"\",\"vertical_align\":\"middle\",\"title_position\":\"top-left\",\"title_rotation\":\"left\",\"title_breakpoint\":\"xl\",\"image_position\":\"center-center\",\"padding\":\"none\",\"image_effect\":\"\"},\"children\":[{\"name\":\"\",\"type\":\"row\",\"props\":{\"fixed_width\":\"large\",\"breakpoint\":\"m\",\"layout\":\",\",\"vertical_align\":false,\"match\":true,\"column_gap\":\"collapse\",\"row_gap\":\"collapse\"},\"children\":[{\"name\":\"\",\"type\":\"column\",\"props\":{\"image_position\":\"center-center\",\"style\":\"primary\",\"media_overlay_gradient\":\"\"},\"children\":[{\"name\":\"get a free quote CTA\",\"type\":\"headline\",\"props\":{\"title_element\":\"h2\",\"title_style\":\"h3\",\"text_align\":\"center\",\"content\":\"\n\n<p>Obtenir une soumission en ligne gratuite<\\\/p>\",\"link\":\"fr\\\/soumission-en-ligne-gratuite\",\"maxwidth\":\"\",\"animation\":\"none\",\"parallax_y_start\":\"30\",\"parallax_y_end\":\"0\",\"parallax_opacity_start\":\"0\",\"parallax_opacity_end\":\"1\",\"parallax_viewport\":\"0.3\",\"link_style\":true,\"link_target\":false,\"block_align\":\"center\"}}]},{\"name\":\"\",\"type\":\"column\",\"props\":{\"image_position\":\"center-center\",\"style\":\"secondary\",\"media_overlay_gradient\":\"\"},\"children\":[{\"name\":\"consultation CTA\",\"type\":\"headline\",\"props\":{\"title_element\":\"h2\",\"title_style\":\"h3\",\"text_align\":\"center\",\"content\":\"\n\n<p>Demander une consultation<\\\/p>\",\"link\":\"fr\\\/communiquez-avec-nous#consultation\",\"maxwidth\":\"\",\"animation\":\"none\",\"parallax_y_start\":\"30\",\"parallax_y_end\":\"0\",\"parallax_opacity_start\":\"0\",\"parallax_opacity_end\":\"1\",\"parallax_viewport\":\"0.3\",\"link_style\":true,\"block_align\":\"center\"}}]}]}]}],\"props\":[],\"version\":\"1.22.8\"} --><\/p>\n","protected":false},"excerpt":{"rendered":"<p>Tapis d&rsquo;escalier et couloir sur mesure Montr\u00e9al Tapis d&rsquo;escaliers et passages personnalis\u00e9 Rehaussez votre escalier et couloir avec un chemin de tapis sur mesure de Tapis Normandy. Vous proposant une grande vari\u00e9t\u00e9 de motifs, couleurs et designs parmi les plus raffin\u00e9s.Nous avons l&rsquo;exp\u00e9rience et l&rsquo;expertise n\u00e9cessaires pour vous aider \u00e0 cr\u00e9er des chemins de tapis [&hellip;]<\/p>\n","protected":false},"author":2,"featured_media":0,"parent":10733,"menu_order":0,"comment_status":"closed","ping_status":"closed","template":"","meta":{"footnotes":""},"class_list":["post-10735","page","type-page","status-publish","hentry"],"yoast_head":"<!-- This site is optimized with the Yoast SEO plugin v26.4 - https:\/\/yoast.com\/wordpress\/plugins\/seo\/ -->\n<title>Tapis d&#039;escaliers sur mesure Montr\u00e9al | Tapis Normandy<\/title>\n<meta name=\"description\" content=\"Nous cr\u00e9ons des tapis uniques pour vos escaliers, couloirs et paliers \u00e0 partir de nos magnifiques lignes de tapis et bordures coordonn\u00e9es.\" \/>\n<meta name=\"robots\" content=\"index, follow, max-snippet:-1, max-image-preview:large, max-video-preview:-1\" \/>\n<link rel=\"canonical\" href=\"https:\/\/normandycarpets.ca\/fr\/tapis-descalier-et-passage\/sur-mesure\" \/>\n<meta property=\"og:locale\" content=\"fr_FR\" \/>\n<meta property=\"og:type\" content=\"article\" \/>\n<meta property=\"og:title\" content=\"Tapis d&#039;escaliers sur mesure Montr\u00e9al | Tapis Normandy\" \/>\n<meta property=\"og:description\" content=\"Nous cr\u00e9ons des tapis uniques pour vos escaliers, couloirs et paliers \u00e0 partir de nos magnifiques lignes de tapis et bordures coordonn\u00e9es.\" \/>\n<meta property=\"og:url\" content=\"https:\/\/normandycarpets.ca\/fr\/tapis-descalier-et-passage\/sur-mesure\" \/>\n<meta property=\"article:modified_time\" content=\"2021-04-29T22:20:15+00:00\" \/>\n<meta name=\"twitter:card\" content=\"summary_large_image\" \/>\n<meta name=\"twitter:label1\" content=\"Dur\u00e9e de lecture estim\u00e9e\" \/>\n\t<meta name=\"twitter:data1\" content=\"1 minute\" \/>\n<script type=\"application\/ld+json\" class=\"yoast-schema-graph\">{\"@context\":\"https:\/\/schema.org\",\"@graph\":[{\"@type\":\"WebPage\",\"@id\":\"https:\/\/normandycarpets.ca\/fr\/tapis-descalier-et-passage\/sur-mesure\",\"url\":\"https:\/\/normandycarpets.ca\/fr\/tapis-descalier-et-passage\/sur-mesure\",\"name\":\"Tapis d'escaliers sur mesure Montr\u00e9al | Tapis Normandy\",\"isPartOf\":{\"@id\":\"https:\/\/normandycarpets.ca\/fr\/#website\"},\"datePublished\":\"2018-09-05T21:24:24+00:00\",\"dateModified\":\"2021-04-29T22:20:15+00:00\",\"description\":\"Nous cr\u00e9ons des tapis uniques pour vos escaliers, couloirs et paliers \u00e0 partir de nos magnifiques lignes de tapis et bordures coordonn\u00e9es.\",\"breadcrumb\":{\"@id\":\"https:\/\/normandycarpets.ca\/fr\/tapis-descalier-et-passage\/sur-mesure#breadcrumb\"},\"inLanguage\":\"fr-FR\",\"potentialAction\":[{\"@type\":\"ReadAction\",\"target\":[\"https:\/\/normandycarpets.ca\/fr\/tapis-descalier-et-passage\/sur-mesure\"]}]},{\"@type\":\"BreadcrumbList\",\"@id\":\"https:\/\/normandycarpets.ca\/fr\/tapis-descalier-et-passage\/sur-mesure#breadcrumb\",\"itemListElement\":[{\"@type\":\"ListItem\",\"position\":1,\"name\":\"Home\",\"item\":\"https:\/\/normandycarpets.ca\/fr\"},{\"@type\":\"ListItem\",\"position\":2,\"name\":\"Tapis d\u2019escalier et passage\",\"item\":\"https:\/\/normandycarpets.ca\/fr\/runners\"},{\"@type\":\"ListItem\",\"position\":3,\"name\":\"Sur mesure\"}]},{\"@type\":\"WebSite\",\"@id\":\"https:\/\/normandycarpets.ca\/fr\/#website\",\"url\":\"https:\/\/normandycarpets.ca\/fr\/\",\"name\":\"\",\"description\":\"\",\"potentialAction\":[{\"@type\":\"SearchAction\",\"target\":{\"@type\":\"EntryPoint\",\"urlTemplate\":\"https:\/\/normandycarpets.ca\/fr\/?s={search_term_string}\"},\"query-input\":{\"@type\":\"PropertyValueSpecification\",\"valueRequired\":true,\"valueName\":\"search_term_string\"}}],\"inLanguage\":\"fr-FR\"}]}<\/script>\n<!-- \/ Yoast SEO plugin. -->","yoast_head_json":{"title":"Tapis d'escaliers sur mesure Montr\u00e9al | Tapis Normandy","description":"Nous cr\u00e9ons des tapis uniques pour vos escaliers, couloirs et paliers \u00e0 partir de nos magnifiques lignes de tapis et bordures coordonn\u00e9es.","robots":{"index":"index","follow":"follow","max-snippet":"max-snippet:-1","max-image-preview":"max-image-preview:large","max-video-preview":"max-video-preview:-1"},"canonical":"https:\/\/normandycarpets.ca\/fr\/tapis-descalier-et-passage\/sur-mesure","og_locale":"fr_FR","og_type":"article","og_title":"Tapis d'escaliers sur mesure Montr\u00e9al | Tapis Normandy","og_description":"Nous cr\u00e9ons des tapis uniques pour vos escaliers, couloirs et paliers \u00e0 partir de nos magnifiques lignes de tapis et bordures coordonn\u00e9es.","og_url":"https:\/\/normandycarpets.ca\/fr\/tapis-descalier-et-passage\/sur-mesure","article_modified_time":"2021-04-29T22:20:15+00:00","twitter_card":"summary_large_image","twitter_misc":{"Dur\u00e9e de lecture estim\u00e9e":"1 minute"},"schema":{"@context":"https:\/\/schema.org","@graph":[{"@type":"WebPage","@id":"https:\/\/normandycarpets.ca\/fr\/tapis-descalier-et-passage\/sur-mesure","url":"https:\/\/normandycarpets.ca\/fr\/tapis-descalier-et-passage\/sur-mesure","name":"Tapis d'escaliers sur mesure Montr\u00e9al | Tapis Normandy","isPartOf":{"@id":"https:\/\/normandycarpets.ca\/fr\/#website"},"datePublished":"2018-09-05T21:24:24+00:00","dateModified":"2021-04-29T22:20:15+00:00","description":"Nous cr\u00e9ons des tapis uniques pour vos escaliers, couloirs et paliers \u00e0 partir de nos magnifiques lignes de tapis et bordures coordonn\u00e9es.","breadcrumb":{"@id":"https:\/\/normandycarpets.ca\/fr\/tapis-descalier-et-passage\/sur-mesure#breadcrumb"},"inLanguage":"fr-FR","potentialAction":[{"@type":"ReadAction","target":["https:\/\/normandycarpets.ca\/fr\/tapis-descalier-et-passage\/sur-mesure"]}]},{"@type":"BreadcrumbList","@id":"https:\/\/normandycarpets.ca\/fr\/tapis-descalier-et-passage\/sur-mesure#breadcrumb","itemListElement":[{"@type":"ListItem","position":1,"name":"Home","item":"https:\/\/normandycarpets.ca\/fr"},{"@type":"ListItem","position":2,"name":"Tapis d\u2019escalier et passage","item":"https:\/\/normandycarpets.ca\/fr\/runners"},{"@type":"ListItem","position":3,"name":"Sur mesure"}]},{"@type":"WebSite","@id":"https:\/\/normandycarpets.ca\/fr\/#website","url":"https:\/\/normandycarpets.ca\/fr\/","name":"","description":"","potentialAction":[{"@type":"SearchAction","target":{"@type":"EntryPoint","urlTemplate":"https:\/\/normandycarpets.ca\/fr\/?s={search_term_string}"},"query-input":{"@type":"PropertyValueSpecification","valueRequired":true,"valueName":"search_term_string"}}],"inLanguage":"fr-FR"}]}},"_links":{"self":[{"href":"https:\/\/normandycarpets.ca\/fr\/wp-json\/wp\/v2\/pages\/10735","targetHints":{"allow":["GET"]}}],"collection":[{"href":"https:\/\/normandycarpets.ca\/fr\/wp-json\/wp\/v2\/pages"}],"about":[{"href":"https:\/\/normandycarpets.ca\/fr\/wp-json\/wp\/v2\/types\/page"}],"author":[{"embeddable":true,"href":"https:\/\/normandycarpets.ca\/fr\/wp-json\/wp\/v2\/users\/2"}],"replies":[{"embeddable":true,"href":"https:\/\/normandycarpets.ca\/fr\/wp-json\/wp\/v2\/comments?post=10735"}],"version-history":[{"count":0,"href":"https:\/\/normandycarpets.ca\/fr\/wp-json\/wp\/v2\/pages\/10735\/revisions"}],"up":[{"embeddable":true,"href":"https:\/\/normandycarpets.ca\/fr\/wp-json\/wp\/v2\/pages\/10733"}],"wp:attachment":[{"href":"https:\/\/normandycarpets.ca\/fr\/wp-json\/wp\/v2\/media?parent=10735"}],"curies":[{"name":"wp","href":"https:\/\/api.w.org\/{rel}","templated":true}]}}