{"id":10733,"date":"2018-08-26T22:18:11","date_gmt":"2018-08-26T22:18:11","guid":{"rendered":"http:\/\/normandycarpets.ca\/runners"},"modified":"2021-04-30T13:23:22","modified_gmt":"2021-04-30T13:23:22","slug":"tapis-descalier-et-passage","status":"publish","type":"page","link":"https:\/\/normandycarpets.ca\/fr\/tapis-descalier-et-passage","title":{"rendered":"Tapis d\u2019escalier et passage"},"content":{"rendered":"<h1>Tapis de chemin pour escaliers et passages Montr\u00e9al<\/h1>\n<h2>Tapis d&rsquo;escaliers et passages<\/h2>\n<div>\n<p>Tapis Normandy poss\u00e8de une collection in\u00e9gal\u00e9e de tapis pour vos escaliers et passages. Qu&rsquo;il s&rsquo;agisse de tapis en rouleaux pr\u00eats \u00e0 l&#8217;emploi ou d&rsquo;applications hautement personnalis\u00e9es, nous avons les connaissances et les comp\u00e9tences requises pour fabriquer le tapis parfait. Ajoutez une touche de chic \u00e0 votre espace en prot\u00e9geant vos proches des glissades et des chutes.<br \/>Parcourez nos collections d\u00e8s aujourd&rsquo;hui pour trouver le mod\u00e8le et le style parfaits!<\/p>\n<\/div>\n<ul>\n<li>\n<p>        <img decoding=\"async\" data-src=\"wp-content\/uploads\/Tapis-Escalier-en-Rouleaux-Montreal.jpg\" alt=\"\" src=\"data:image\/svg+xml;base64,PHN2ZyB3aWR0aD0iMSIgaGVpZ2h0PSIxIiB4bWxucz0iaHR0cDovL3d3dy53My5vcmcvMjAwMC9zdmciPjwvc3ZnPg==\" class=\"lazyload\"><\/p>\n<h2>En Rouleaux<\/h2>\n<p><a href=\"fr\/tapis-descalier-et-passage\/en-rouleaux\">Read more<\/a><\/p>\n<\/li>\n<li>\n<p>        <img decoding=\"async\" data-src=\"wp-content\/uploads\/Tapis-Chemins-Sur-Mesure-Montreal.jpg\" alt=\"\" src=\"data:image\/svg+xml;base64,PHN2ZyB3aWR0aD0iMSIgaGVpZ2h0PSIxIiB4bWxucz0iaHR0cDovL3d3dy53My5vcmcvMjAwMC9zdmciPjwvc3ZnPg==\" class=\"lazyload\"><\/p>\n<h2>Sur Mesure<\/h2>\n<p><a href=\"fr\/tapis-descalier-et-passage\/sur-mesure\">Read more<\/a><\/p>\n<\/li>\n<\/ul>\n<h2><a href=\"fr\/soumission-en-ligne-gratuite\">Obtenir une soumission en ligne gratuite<\/p>\n<p><\/a><\/h2>\n<h2><a href=\"fr\/communiquez-avec-nous#consultation\">Demander une consultation<\/p>\n<p><\/a><\/h2>\n<p><!-- {\"name\":\"Portfolio\",\"type\":\"layout\",\"children\":[{\"name\":\"Products\",\"type\":\"section\",\"props\":{\"style\":\"default\",\"width\":\"default\",\"vertical_align\":\"middle\",\"title_position\":\"top-left\",\"title_rotation\":\"left\",\"title_breakpoint\":\"xl\",\"image_position\":\"center-center\",\"padding\":\"small\",\"image_effect\":\"\"},\"children\":[{\"name\":\"\",\"type\":\"row\",\"props\":{\"fixed_width\":\"large\",\"breakpoint\":\"m\",\"layout\":\"1-1\",\"margin_remove_top\":false},\"children\":[{\"name\":\"\",\"type\":\"column\",\"props\":{\"image_position\":\"center-center\",\"image\":\"\",\"media_overlay_gradient\":\"\"},\"children\":[{\"name\":\"\",\"type\":\"headline\",\"props\":{\"title_element\":\"h1\",\"content\":\"Tapis de chemin pour escaliers et passages Montr\\u00e9al\",\"title_style\":\"h1\",\"title_decoration\":\"\",\"text_align\":\"center\",\"text_align_breakpoint\":\"\",\"text_align_fallback\":\"center\",\"margin\":\"default\",\"animation\":\"parallax\",\"parallax_opacity_start\":\"\",\"parallax_opacity_end\":\"1\",\"parallax_viewport\":0.299999999999999988897769753748434595763683319091796875,\"maxwidth\":\"\",\"maxwidth_breakpoint\":\"m\",\"title_font_family\":\"\",\"title_color\":\"\",\"position\":\"\",\"position_z_index\":\"\",\"block_align\":\"\",\"block_align_breakpoint\":\"\",\"block_align_fallback\":\"\",\"visibility\":\"\"}},{\"name\":\"\",\"type\":\"headline\",\"props\":{\"title_element\":\"h2\",\"content\":\"Tapis d'escaliers et passages\",\"title_style\":\"h2\",\"title_decoration\":\"line\",\"text_align\":\"center\",\"text_align_breakpoint\":\"\",\"text_align_fallback\":\"center\",\"margin\":\"default\",\"animation\":\"\",\"parallax_opacity_start\":\"\",\"parallax_opacity_end\":\"1\",\"parallax_viewport\":0.299999999999999988897769753748434595763683319091796875,\"maxwidth\":\"\",\"maxwidth_breakpoint\":\"m\",\"title_font_family\":\"\",\"title_color\":\"\",\"position\":\"\",\"position_z_index\":\"\",\"block_align\":\"\",\"block_align_breakpoint\":\"\",\"block_align_fallback\":\"\",\"visibility\":\"\",\"margin_remove_top\":true}},{\"type\":\"text\",\"props\":{\"margin\":\"default\",\"column_breakpoint\":\"m\",\"text_style\":\"\",\"text_color\":\"\",\"text_size\":\"\",\"column\":\"\",\"position\":\"\",\"position_z_index\":\"\",\"maxwidth\":\"\",\"maxwidth_breakpoint\":\"\",\"block_align\":\"\",\"block_align_breakpoint\":\"\",\"block_align_fallback\":\"\",\"text_align\":\"center\",\"text_align_breakpoint\":\"\",\"text_align_fallback\":\"\",\"animation\":\"\",\"visibility\":\"\",\"content\":\"\n\n<p>Tapis Normandy poss\\u00e8de une collection in\\u00e9gal\\u00e9e de tapis pour vos escaliers et passages. Qu'il s'agisse de tapis en rouleaux pr\\u00eats \\u00e0 l'emploi ou d'applications hautement personnalis\\u00e9es, nous avons les connaissances et les comp\\u00e9tences requises pour fabriquer le tapis parfait. Ajoutez une touche de chic \\u00e0 votre espace en prot\\u00e9geant vos proches des glissades et des chutes.<br \\\/>Parcourez nos collections d\\u00e8s aujourd'hui pour trouver le mod\\u00e8le et le style parfaits!<\\\/p>\"}}]}]},{\"type\":\"row\",\"props\":{\"layout\":\"1-1\",\"breakpoint\":\"m\",\"fixed_width\":\"large\",\"column_gap\":\"\",\"row_gap\":\"\",\"width\":\"\",\"width_expand\":\"\",\"height\":\"\",\"margin\":\"\"},\"children\":[{\"type\":\"column\",\"props\":{\"image_position\":\"center-center\",\"media_overlay_gradient\":\"\",\"vertical_align\":\"\",\"style\":\"\",\"text_color\":\"\",\"padding\":\"\"},\"children\":[{\"type\":\"grid\",\"props\":{\"show_title\":true,\"show_meta\":true,\"show_content\":true,\"show_image\":true,\"show_link\":true,\"grid_default\":\"1\",\"grid_medium\":\"2\",\"filter_style\":\"tab\",\"filter_all\":true,\"filter_position\":\"top\",\"filter_align\":\"left\",\"filter_grid_width\":\"auto\",\"filter_grid_breakpoint\":\"m\",\"title_hover_style\":\"reset\",\"title_element\":\"h2\",\"title_align\":\"top\",\"title_grid_width\":\"1-2\",\"title_grid_breakpoint\":\"m\",\"meta_style\":\"meta\",\"meta_align\":\"below-title\",\"icon_ratio\":4,\"image_align\":\"top\",\"image_grid_width\":\"1-2\",\"image_grid_breakpoint\":\"m\",\"image_svg_color\":\"emphasis\",\"link_text\":\"Read more\",\"link_style\":\"default\",\"margin\":\"default\",\"item_animation\":\"\",\"grid_column_gap\":\"\",\"grid_row_gap\":\"\",\"grid_small\":\"2\",\"grid_large\":\"2\",\"grid_xlarge\":\"2\",\"filter_margin\":\"\",\"filter_grid_column_gap\":\"\",\"filter_grid_row_gap\":\"\",\"title_display\":\"\",\"content_display\":\"\",\"panel_style\":\"\",\"panel_content_padding\":\"\",\"panel_size\":\"\",\"item_maxwidth\":\"\",\"title_style\":\"h6\",\"title_decoration\":\"\",\"title_font_family\":\"\",\"title_color\":\"\",\"title_grid_column_gap\":\"\",\"title_grid_row_gap\":\"\",\"title_margin\":\"\",\"meta_color\":\"\",\"meta_margin\":\"\",\"content_style\":\"\",\"content_margin\":\"\",\"image_transition\":\"\",\"image_border\":\"\",\"image_box_shadow\":\"\",\"image_hover_box_shadow\":\"\",\"image_box_decoration\":\"\",\"icon_color\":\"\",\"image_grid_column_gap\":\"\",\"image_grid_row_gap\":\"\",\"image_margin\":\"\",\"link_type\":\"content\",\"link_size\":\"\",\"link_margin\":\"\",\"position\":\"\",\"position_z_index\":\"\",\"maxwidth\":\"\",\"maxwidth_breakpoint\":\"\",\"block_align\":\"\",\"block_align_breakpoint\":\"\",\"block_align_fallback\":\"\",\"text_align\":\"center\",\"text_align_breakpoint\":\"\",\"text_align_fallback\":\"\",\"visibility\":\"\",\"image_width\":\"600\",\"image_height\":\"400\"},\"children\":[{\"type\":\"grid_item\",\"props\":{\"title\":\"En Rouleaux\",\"image\":\"wp-content\\\/uploads\\\/Tapis-Escalier-en-Rouleaux-Montreal.jpg\",\"link\":\"fr\\\/tapis-descalier-et-passage\\\/en-rouleaux\"}},{\"type\":\"grid_item\",\"props\":{\"title\":\"Sur Mesure\",\"image\":\"wp-content\\\/uploads\\\/Tapis-Chemins-Sur-Mesure-Montreal.jpg\",\"link\":\"fr\\\/tapis-descalier-et-passage\\\/sur-mesure\"}}]}]}]}]},{\"name\":\"Call to Action\",\"type\":\"section\",\"props\":{\"style\":\"default\",\"width\":\"\",\"vertical_align\":\"middle\",\"title_position\":\"top-left\",\"title_rotation\":\"left\",\"title_breakpoint\":\"xl\",\"image_position\":\"center-center\",\"padding\":\"none\",\"image_effect\":\"\"},\"children\":[{\"name\":\"\",\"type\":\"row\",\"props\":{\"fixed_width\":\"large\",\"breakpoint\":\"m\",\"layout\":\",\",\"vertical_align\":false,\"match\":true,\"column_gap\":\"collapse\",\"row_gap\":\"collapse\"},\"children\":[{\"name\":\"\",\"type\":\"column\",\"props\":{\"image_position\":\"center-center\",\"style\":\"primary\",\"media_overlay_gradient\":\"\"},\"children\":[{\"name\":\"get a free quote CTA\",\"type\":\"headline\",\"props\":{\"title_element\":\"h2\",\"title_style\":\"h3\",\"text_align\":\"center\",\"content\":\"Obtenir une soumission en ligne gratuite<\\\/p>\",\"link\":\"fr\\\/soumission-en-ligne-gratuite\",\"maxwidth\":\"\",\"animation\":\"none\",\"parallax_y_start\":\"30\",\"parallax_y_end\":\"0\",\"parallax_opacity_start\":\"0\",\"parallax_opacity_end\":\"1\",\"parallax_viewport\":\"0.3\",\"link_style\":true,\"link_target\":false,\"block_align\":\"center\"}}]},{\"name\":\"\",\"type\":\"column\",\"props\":{\"image_position\":\"center-center\",\"style\":\"secondary\",\"media_overlay_gradient\":\"\"},\"children\":[{\"name\":\"consultation CTA\",\"type\":\"headline\",\"props\":{\"title_element\":\"h2\",\"title_style\":\"h3\",\"text_align\":\"center\",\"content\":\"Demander une consultation<\\\/p>\",\"link\":\"fr\\\/communiquez-avec-nous#consultation\",\"maxwidth\":\"\",\"animation\":\"none\",\"parallax_y_start\":\"30\",\"parallax_y_end\":\"0\",\"parallax_opacity_start\":\"0\",\"parallax_opacity_end\":\"1\",\"parallax_viewport\":\"0.3\",\"link_style\":true,\"block_align\":\"center\"}}]}]}]}],\"props\":[],\"version\":\"1.22.8\"} --><\/p>\n","protected":false},"excerpt":{"rendered":"<p>Tapis de chemin pour escaliers et passages Montr\u00e9al Tapis d&rsquo;escaliers et passages Tapis Normandy poss\u00e8de une collection in\u00e9gal\u00e9e de tapis pour vos escaliers et passages. Qu&rsquo;il s&rsquo;agisse de tapis en rouleaux pr\u00eats \u00e0 l&#8217;emploi ou d&rsquo;applications hautement personnalis\u00e9es, nous avons les connaissances et les comp\u00e9tences requises pour fabriquer le tapis parfait. Ajoutez une touche de [&hellip;]<\/p>\n","protected":false},"author":2,"featured_media":0,"parent":0,"menu_order":3,"comment_status":"closed","ping_status":"closed","template":"","meta":{"footnotes":""},"class_list":["post-10733","page","type-page","status-publish","hentry"],"yoast_head":"<!-- This site is optimized with the Yoast SEO plugin v26.4 - https:\/\/yoast.com\/wordpress\/plugins\/seo\/ -->\n<title>Tapis d&#039;escaliers et passages sur mesure Montr\u00e9al | Tapis Normandy<\/title>\n<meta name=\"description\" content=\"Tapis Normandy \u00e0 Montr\u00e9al propose une incroyable s\u00e9lection de tapis de chemin adapt\u00e9s aux escaliers et aux couloirs pour cr\u00e9er un look personnalis\u00e9 parfait.\" \/>\n<meta name=\"robots\" content=\"index, follow, max-snippet:-1, max-image-preview:large, max-video-preview:-1\" \/>\n<link rel=\"canonical\" href=\"https:\/\/normandycarpets.ca\/fr\/tapis-descalier-et-passage\" \/>\n<meta property=\"og:locale\" content=\"fr_FR\" \/>\n<meta property=\"og:type\" content=\"article\" \/>\n<meta property=\"og:title\" content=\"Tapis d&#039;escaliers et passages sur mesure Montr\u00e9al | Tapis Normandy\" \/>\n<meta property=\"og:description\" content=\"Tapis Normandy \u00e0 Montr\u00e9al propose une incroyable s\u00e9lection de tapis de chemin adapt\u00e9s aux escaliers et aux couloirs pour cr\u00e9er un look personnalis\u00e9 parfait.\" \/>\n<meta property=\"og:url\" content=\"https:\/\/normandycarpets.ca\/fr\/tapis-descalier-et-passage\" \/>\n<meta property=\"article:modified_time\" content=\"2021-04-30T13:23:22+00:00\" \/>\n<meta name=\"twitter:card\" content=\"summary_large_image\" \/>\n<meta name=\"twitter:label1\" content=\"Dur\u00e9e de lecture estim\u00e9e\" \/>\n\t<meta name=\"twitter:data1\" content=\"1 minute\" \/>\n<script type=\"application\/ld+json\" class=\"yoast-schema-graph\">{\"@context\":\"https:\/\/schema.org\",\"@graph\":[{\"@type\":\"WebPage\",\"@id\":\"https:\/\/normandycarpets.ca\/fr\/tapis-descalier-et-passage\",\"url\":\"https:\/\/normandycarpets.ca\/fr\/tapis-descalier-et-passage\",\"name\":\"Tapis d'escaliers et passages sur mesure Montr\u00e9al | Tapis Normandy\",\"isPartOf\":{\"@id\":\"https:\/\/normandycarpets.ca\/fr\/#website\"},\"datePublished\":\"2018-08-26T22:18:11+00:00\",\"dateModified\":\"2021-04-30T13:23:22+00:00\",\"description\":\"Tapis Normandy \u00e0 Montr\u00e9al propose une incroyable s\u00e9lection de tapis de chemin adapt\u00e9s aux escaliers et aux couloirs pour cr\u00e9er un look personnalis\u00e9 parfait.\",\"breadcrumb\":{\"@id\":\"https:\/\/normandycarpets.ca\/fr\/tapis-descalier-et-passage#breadcrumb\"},\"inLanguage\":\"fr-FR\",\"potentialAction\":[{\"@type\":\"ReadAction\",\"target\":[\"https:\/\/normandycarpets.ca\/fr\/tapis-descalier-et-passage\"]}]},{\"@type\":\"BreadcrumbList\",\"@id\":\"https:\/\/normandycarpets.ca\/fr\/tapis-descalier-et-passage#breadcrumb\",\"itemListElement\":[{\"@type\":\"ListItem\",\"position\":1,\"name\":\"Home\",\"item\":\"https:\/\/normandycarpets.ca\/fr\"},{\"@type\":\"ListItem\",\"position\":2,\"name\":\"Tapis d\u2019escalier et passage\"}]},{\"@type\":\"WebSite\",\"@id\":\"https:\/\/normandycarpets.ca\/fr\/#website\",\"url\":\"https:\/\/normandycarpets.ca\/fr\/\",\"name\":\"\",\"description\":\"\",\"potentialAction\":[{\"@type\":\"SearchAction\",\"target\":{\"@type\":\"EntryPoint\",\"urlTemplate\":\"https:\/\/normandycarpets.ca\/fr\/?s={search_term_string}\"},\"query-input\":{\"@type\":\"PropertyValueSpecification\",\"valueRequired\":true,\"valueName\":\"search_term_string\"}}],\"inLanguage\":\"fr-FR\"}]}<\/script>\n<!-- \/ Yoast SEO plugin. -->","yoast_head_json":{"title":"Tapis d'escaliers et passages sur mesure Montr\u00e9al | Tapis Normandy","description":"Tapis Normandy \u00e0 Montr\u00e9al propose une incroyable s\u00e9lection de tapis de chemin adapt\u00e9s aux escaliers et aux couloirs pour cr\u00e9er un look personnalis\u00e9 parfait.","robots":{"index":"index","follow":"follow","max-snippet":"max-snippet:-1","max-image-preview":"max-image-preview:large","max-video-preview":"max-video-preview:-1"},"canonical":"https:\/\/normandycarpets.ca\/fr\/tapis-descalier-et-passage","og_locale":"fr_FR","og_type":"article","og_title":"Tapis d'escaliers et passages sur mesure Montr\u00e9al | Tapis Normandy","og_description":"Tapis Normandy \u00e0 Montr\u00e9al propose une incroyable s\u00e9lection de tapis de chemin adapt\u00e9s aux escaliers et aux couloirs pour cr\u00e9er un look personnalis\u00e9 parfait.","og_url":"https:\/\/normandycarpets.ca\/fr\/tapis-descalier-et-passage","article_modified_time":"2021-04-30T13:23:22+00:00","twitter_card":"summary_large_image","twitter_misc":{"Dur\u00e9e de lecture estim\u00e9e":"1 minute"},"schema":{"@context":"https:\/\/schema.org","@graph":[{"@type":"WebPage","@id":"https:\/\/normandycarpets.ca\/fr\/tapis-descalier-et-passage","url":"https:\/\/normandycarpets.ca\/fr\/tapis-descalier-et-passage","name":"Tapis d'escaliers et passages sur mesure Montr\u00e9al | Tapis Normandy","isPartOf":{"@id":"https:\/\/normandycarpets.ca\/fr\/#website"},"datePublished":"2018-08-26T22:18:11+00:00","dateModified":"2021-04-30T13:23:22+00:00","description":"Tapis Normandy \u00e0 Montr\u00e9al propose une incroyable s\u00e9lection de tapis de chemin adapt\u00e9s aux escaliers et aux couloirs pour cr\u00e9er un look personnalis\u00e9 parfait.","breadcrumb":{"@id":"https:\/\/normandycarpets.ca\/fr\/tapis-descalier-et-passage#breadcrumb"},"inLanguage":"fr-FR","potentialAction":[{"@type":"ReadAction","target":["https:\/\/normandycarpets.ca\/fr\/tapis-descalier-et-passage"]}]},{"@type":"BreadcrumbList","@id":"https:\/\/normandycarpets.ca\/fr\/tapis-descalier-et-passage#breadcrumb","itemListElement":[{"@type":"ListItem","position":1,"name":"Home","item":"https:\/\/normandycarpets.ca\/fr"},{"@type":"ListItem","position":2,"name":"Tapis d\u2019escalier et passage"}]},{"@type":"WebSite","@id":"https:\/\/normandycarpets.ca\/fr\/#website","url":"https:\/\/normandycarpets.ca\/fr\/","name":"","description":"","potentialAction":[{"@type":"SearchAction","target":{"@type":"EntryPoint","urlTemplate":"https:\/\/normandycarpets.ca\/fr\/?s={search_term_string}"},"query-input":{"@type":"PropertyValueSpecification","valueRequired":true,"valueName":"search_term_string"}}],"inLanguage":"fr-FR"}]}},"_links":{"self":[{"href":"https:\/\/normandycarpets.ca\/fr\/wp-json\/wp\/v2\/pages\/10733","targetHints":{"allow":["GET"]}}],"collection":[{"href":"https:\/\/normandycarpets.ca\/fr\/wp-json\/wp\/v2\/pages"}],"about":[{"href":"https:\/\/normandycarpets.ca\/fr\/wp-json\/wp\/v2\/types\/page"}],"author":[{"embeddable":true,"href":"https:\/\/normandycarpets.ca\/fr\/wp-json\/wp\/v2\/users\/2"}],"replies":[{"embeddable":true,"href":"https:\/\/normandycarpets.ca\/fr\/wp-json\/wp\/v2\/comments?post=10733"}],"version-history":[{"count":0,"href":"https:\/\/normandycarpets.ca\/fr\/wp-json\/wp\/v2\/pages\/10733\/revisions"}],"wp:attachment":[{"href":"https:\/\/normandycarpets.ca\/fr\/wp-json\/wp\/v2\/media?parent=10733"}],"curies":[{"name":"wp","href":"https:\/\/api.w.org\/{rel}","templated":true}]}}