{"id":10687,"date":"2018-08-27T00:40:43","date_gmt":"2018-08-27T00:40:43","guid":{"rendered":"http:\/\/normandycarpets.ca\/luxury-vinyl-tile"},"modified":"2021-04-30T13:24:07","modified_gmt":"2021-04-30T13:24:07","slug":"vinyle-de-luxe","status":"publish","type":"page","link":"https:\/\/normandycarpets.ca\/fr\/vinyle-de-luxe","title":{"rendered":"Vinyle de luxe"},"content":{"rendered":"<h1>Tuiles et planches vinyle de luxe \u00e0 Montr\u00e9al<\/h1>\n<h2>Rev\u00eatement de sol en vinyle de luxe<\/h2>\n<div>\n<p>Trouvez l&rsquo;inspiration et cr\u00e9ez de superbes sols avec la toute derni\u00e8re technologie de rev\u00eatement de sol parmi notre collection CARREAUX &amp; PLANCHES EN VINYLE DE LUXE. Con\u00e7u pour ressembler au bois et \u00e0 la pierre, Tapis Normandy apporte le nec plus ultra du style avec des caract\u00e9ristiques uniques et des performances et qualit\u00e9 exceptionnelles.<\/p>\n<p>Disponible en vinyle coll\u00e9 ou en vinyle flottant, Tapis Normandy propose une gamme compl\u00e8te de carreaux et planches en vinyle de luxe con\u00e7u de conception et fabrication uniques pour votre espace.<\/p>\n<p>Choisissez une cat\u00e9gorie ci-dessous pour trouver le rev\u00eatement de sol en vinyle que vous recherchez.<\/p>\n<\/div>\n<ul>\n<li>\n<p>        <img decoding=\"async\" data-src=\"wp-content\/uploads\/Vinyle-de-Luxe-LVT-Coll\u00e9-Montreal.png\" alt=\"\" src=\"data:image\/svg+xml;base64,PHN2ZyB3aWR0aD0iMSIgaGVpZ2h0PSIxIiB4bWxucz0iaHR0cDovL3d3dy53My5vcmcvMjAwMC9zdmciPjwvc3ZnPg==\" class=\"lazyload\"><\/p>\n<h2>Vinyle de luxe \u00e0 coll\u00e9<\/h2>\n<p><a href=\"fr\/vinyle-de-luxe\/a-coller\">Read more<\/a><\/p>\n<\/li>\n<li>\n<p>        <img decoding=\"async\" data-src=\"wp-content\/uploads\/Vinyle-de-Luxe-Flottant-Montreal.png\" alt=\"\" src=\"data:image\/svg+xml;base64,PHN2ZyB3aWR0aD0iMSIgaGVpZ2h0PSIxIiB4bWxucz0iaHR0cDovL3d3dy53My5vcmcvMjAwMC9zdmciPjwvc3ZnPg==\" class=\"lazyload\"><\/p>\n<h2>Vinyle de LUxe Flottant\/clic<\/h2>\n<p><a href=\"fr\/vinyle-de-luxe\/flottant-clic\">Read more<\/a><\/p>\n<\/li>\n<\/ul>\n<h2><a href=\"fr\/soumission-en-ligne-gratuite\">Obtenir une soumission en ligne gratuite<\/p>\n<p><\/a><\/h2>\n<h2><a href=\"fr\/communiquez-avec-nous#consultation\">Demander une consultation<\/a><\/h2>\n<p><!-- {\"name\":\"Portfolio\",\"type\":\"layout\",\"children\":[{\"name\":\"Products\",\"type\":\"section\",\"props\":{\"style\":\"default\",\"width\":\"default\",\"vertical_align\":\"middle\",\"title_position\":\"top-left\",\"title_rotation\":\"left\",\"title_breakpoint\":\"xl\",\"image_position\":\"center-center\",\"padding\":\"small\",\"image_effect\":\"\"},\"children\":[{\"name\":\"\",\"type\":\"row\",\"props\":{\"fixed_width\":\"large\",\"breakpoint\":\"m\",\"layout\":\"1-1\",\"margin_remove_top\":false},\"children\":[{\"name\":\"\",\"type\":\"column\",\"props\":{\"image_position\":\"center-center\",\"image\":\"\",\"media_overlay_gradient\":\"\"},\"children\":[{\"name\":\"\",\"type\":\"headline\",\"props\":{\"title_element\":\"h1\",\"content\":\"Tuiles et planches vinyle de luxe \\u00e0 Montr\\u00e9al\",\"title_style\":\"h1\",\"title_decoration\":\"\",\"text_align\":\"center\",\"text_align_breakpoint\":\"\",\"text_align_fallback\":\"center\",\"margin\":\"default\",\"animation\":\"none\",\"parallax_opacity_start\":\"\",\"parallax_opacity_end\":\"1\",\"parallax_viewport\":0.299999999999999988897769753748434595763683319091796875,\"maxwidth\":\"\",\"maxwidth_breakpoint\":\"m\",\"title_font_family\":\"\",\"title_color\":\"\",\"position\":\"\",\"position_z_index\":\"\",\"block_align\":\"\",\"block_align_breakpoint\":\"\",\"block_align_fallback\":\"\",\"visibility\":\"\",\"margin_remove_bottom\":true}},{\"name\":\"\",\"type\":\"headline\",\"props\":{\"title_element\":\"h2\",\"content\":\"Rev\\u00eatement de sol en vinyle de luxe\",\"title_style\":\"h2\",\"title_decoration\":\"line\",\"text_align\":\"center\",\"text_align_breakpoint\":\"\",\"text_align_fallback\":\"center\",\"margin\":\"default\",\"animation\":\"\",\"parallax_opacity_start\":\"\",\"parallax_opacity_end\":\"1\",\"parallax_viewport\":0.299999999999999988897769753748434595763683319091796875,\"maxwidth\":\"\",\"maxwidth_breakpoint\":\"m\",\"title_font_family\":\"\",\"title_color\":\"\",\"position\":\"\",\"position_z_index\":\"\",\"block_align\":\"center\",\"block_align_breakpoint\":\"\",\"block_align_fallback\":\"\",\"visibility\":\"\",\"margin_remove_top\":false}},{\"type\":\"text\",\"props\":{\"margin\":\"default\",\"column_breakpoint\":\"m\",\"text_style\":\"\",\"text_color\":\"\",\"text_size\":\"\",\"column\":\"\",\"position\":\"\",\"position_z_index\":\"\",\"maxwidth\":\"\",\"maxwidth_breakpoint\":\"\",\"block_align\":\"\",\"block_align_breakpoint\":\"\",\"block_align_fallback\":\"\",\"text_align\":\"center\",\"text_align_breakpoint\":\"\",\"text_align_fallback\":\"\",\"animation\":\"\",\"visibility\":\"\",\"content\":\"\n\n<p>Trouvez l'inspiration et cr\\u00e9ez de superbes sols avec la toute derni\\u00e8re technologie de rev\\u00eatement de sol parmi notre collection CARREAUX &amp; PLANCHES EN VINYLE DE LUXE. Con\\u00e7u pour ressembler au bois et \\u00e0 la pierre, Tapis Normandy apporte le nec plus ultra du style avec des caract\\u00e9ristiques uniques et des performances et qualit\\u00e9 exceptionnelles.<\\\/p>\\n\n\n<p>Disponible en vinyle coll\\u00e9 ou en vinyle flottant, Tapis Normandy propose une gamme compl\\u00e8te de carreaux et planches en vinyle de luxe con\\u00e7u de conception et fabrication uniques pour votre espace.<\\\/p>\\n\n\n<p>Choisissez une cat\\u00e9gorie ci-dessous pour trouver le rev\\u00eatement de sol en vinyle que vous recherchez.<\\\/p>\"}}]}]},{\"type\":\"row\",\"props\":{\"layout\":\"1-1\",\"breakpoint\":\"m\",\"fixed_width\":\"large\",\"column_gap\":\"\",\"row_gap\":\"\",\"width\":\"\",\"width_expand\":\"\",\"height\":\"\",\"margin\":\"\"},\"children\":[{\"type\":\"column\",\"props\":{\"image_position\":\"center-center\",\"media_overlay_gradient\":\"\",\"vertical_align\":\"\",\"style\":\"\",\"text_color\":\"\",\"padding\":\"\"},\"children\":[{\"type\":\"grid\",\"props\":{\"show_title\":true,\"show_meta\":true,\"show_content\":true,\"show_image\":true,\"show_link\":true,\"grid_default\":\"1\",\"grid_medium\":\"2\",\"filter_style\":\"tab\",\"filter_all\":true,\"filter_position\":\"top\",\"filter_align\":\"left\",\"filter_grid_width\":\"auto\",\"filter_grid_breakpoint\":\"m\",\"title_hover_style\":\"reset\",\"title_element\":\"h2\",\"title_align\":\"top\",\"title_grid_width\":\"1-2\",\"title_grid_breakpoint\":\"m\",\"meta_style\":\"meta\",\"meta_align\":\"below-title\",\"icon_ratio\":4,\"image_align\":\"top\",\"image_grid_width\":\"1-2\",\"image_grid_breakpoint\":\"m\",\"image_svg_color\":\"emphasis\",\"link_text\":\"Read more\",\"link_style\":\"default\",\"margin\":\"default\",\"item_animation\":\"\",\"grid_column_gap\":\"\",\"grid_row_gap\":\"\",\"grid_small\":\"2\",\"grid_large\":\"2\",\"grid_xlarge\":\"2\",\"filter_margin\":\"\",\"filter_grid_column_gap\":\"\",\"filter_grid_row_gap\":\"\",\"title_display\":\"\",\"content_display\":\"\",\"panel_style\":\"\",\"panel_content_padding\":\"\",\"panel_size\":\"\",\"item_maxwidth\":\"\",\"title_style\":\"h6\",\"title_decoration\":\"\",\"title_font_family\":\"\",\"title_color\":\"\",\"title_grid_column_gap\":\"\",\"title_grid_row_gap\":\"\",\"title_margin\":\"\",\"meta_color\":\"\",\"meta_margin\":\"\",\"content_style\":\"\",\"content_margin\":\"\",\"image_transition\":\"\",\"image_border\":\"\",\"image_box_shadow\":\"\",\"image_hover_box_shadow\":\"\",\"image_box_decoration\":\"\",\"icon_color\":\"\",\"image_grid_column_gap\":\"\",\"image_grid_row_gap\":\"\",\"image_margin\":\"\",\"link_type\":\"content\",\"link_size\":\"\",\"link_margin\":\"\",\"position\":\"\",\"position_z_index\":\"\",\"maxwidth\":\"\",\"maxwidth_breakpoint\":\"\",\"block_align\":\"\",\"block_align_breakpoint\":\"\",\"block_align_fallback\":\"\",\"text_align\":\"center\",\"text_align_breakpoint\":\"\",\"text_align_fallback\":\"\",\"visibility\":\"\",\"image_width\":\"600\",\"image_height\":\"400\"},\"children\":[{\"type\":\"grid_item\",\"props\":{\"title\":\"Vinyle de luxe \\u00e0 coll\\u00e9\",\"image\":\"wp-content\\\/uploads\\\/Vinyle-de-Luxe-LVT-Coll\\u00e9-Montreal.png\",\"link\":\"fr\\\/vinyle-de-luxe\\\/a-coller\"}},{\"type\":\"grid_item\",\"props\":{\"title\":\"Vinyle de LUxe Flottant\\\/clic\",\"image\":\"wp-content\\\/uploads\\\/Vinyle-de-Luxe-Flottant-Montreal.png\",\"link\":\"fr\\\/vinyle-de-luxe\\\/flottant-clic\"}}]}]}]}]},{\"name\":\"Call to Action\",\"type\":\"section\",\"props\":{\"style\":\"default\",\"width\":\"\",\"vertical_align\":\"middle\",\"title_position\":\"top-left\",\"title_rotation\":\"left\",\"title_breakpoint\":\"xl\",\"image_position\":\"center-center\",\"padding\":\"none\",\"image_effect\":\"\"},\"children\":[{\"name\":\"\",\"type\":\"row\",\"props\":{\"fixed_width\":\"large\",\"breakpoint\":\"m\",\"layout\":\",\",\"vertical_align\":false,\"match\":true,\"column_gap\":\"collapse\",\"row_gap\":\"collapse\"},\"children\":[{\"name\":\"\",\"type\":\"column\",\"props\":{\"image_position\":\"center-center\",\"style\":\"primary\",\"media_overlay_gradient\":\"\"},\"children\":[{\"name\":\"get a free quote CTA\",\"type\":\"headline\",\"props\":{\"title_element\":\"h2\",\"title_style\":\"h3\",\"text_align\":\"center\",\"content\":\"Obtenir une soumission en ligne gratuite<\\\/p>\",\"link\":\"fr\\\/soumission-en-ligne-gratuite\",\"maxwidth\":\"\",\"animation\":\"none\",\"parallax_y_start\":\"30\",\"parallax_y_end\":\"0\",\"parallax_opacity_start\":\"0\",\"parallax_opacity_end\":\"1\",\"parallax_viewport\":\"0.3\",\"link_style\":true,\"link_target\":false,\"block_align\":\"center\"}}]},{\"name\":\"\",\"type\":\"column\",\"props\":{\"image_position\":\"center-center\",\"style\":\"secondary\",\"media_overlay_gradient\":\"\"},\"children\":[{\"name\":\"consultation CTA\",\"type\":\"headline\",\"props\":{\"title_element\":\"h2\",\"title_style\":\"h3\",\"text_align\":\"center\",\"content\":\"Demander une consultation\",\"link\":\"fr\\\/communiquez-avec-nous#consultation\",\"maxwidth\":\"\",\"animation\":\"none\",\"parallax_y_start\":\"30\",\"parallax_y_end\":\"0\",\"parallax_opacity_start\":\"0\",\"parallax_opacity_end\":\"1\",\"parallax_viewport\":\"0.3\",\"link_style\":true,\"block_align\":\"center\"}}]}]}]}],\"props\":[],\"version\":\"1.22.8\"} --><\/p>\n","protected":false},"excerpt":{"rendered":"<p>Tuiles et planches vinyle de luxe \u00e0 Montr\u00e9al Rev\u00eatement de sol en vinyle de luxe Trouvez l&rsquo;inspiration et cr\u00e9ez de superbes sols avec la toute derni\u00e8re technologie de rev\u00eatement de sol parmi notre collection CARREAUX &amp; PLANCHES EN VINYLE DE LUXE. Con\u00e7u pour ressembler au bois et \u00e0 la pierre, Tapis Normandy apporte le nec [&hellip;]<\/p>\n","protected":false},"author":2,"featured_media":0,"parent":0,"menu_order":3,"comment_status":"closed","ping_status":"closed","template":"","meta":{"footnotes":""},"class_list":["post-10687","page","type-page","status-publish","hentry"],"yoast_head":"<!-- This site is optimized with the Yoast SEO plugin v26.4 - https:\/\/yoast.com\/wordpress\/plugins\/seo\/ -->\n<title>Carreaux et planches de luxe en vinyle Montr\u00e9al | Tapis Normandy<\/title>\n<meta name=\"description\" content=\"Carreaux et planches de vinyle, durable et r\u00e9sistant au \u00e9gratignures et \u00e0 l&#039;eau. Couvre-plancher imperm\u00e9able, parfait pour tous les niveaux de la maison.\" \/>\n<meta name=\"robots\" content=\"index, follow, max-snippet:-1, max-image-preview:large, max-video-preview:-1\" \/>\n<link rel=\"canonical\" href=\"https:\/\/normandycarpets.ca\/fr\/vinyle-de-luxe\" \/>\n<meta property=\"og:locale\" content=\"fr_FR\" \/>\n<meta property=\"og:type\" content=\"article\" \/>\n<meta property=\"og:title\" content=\"Carreaux et planches de luxe en vinyle Montr\u00e9al | Tapis Normandy\" \/>\n<meta property=\"og:description\" content=\"Carreaux et planches de vinyle, durable et r\u00e9sistant au \u00e9gratignures et \u00e0 l&#039;eau. Couvre-plancher imperm\u00e9able, parfait pour tous les niveaux de la maison.\" \/>\n<meta property=\"og:url\" content=\"https:\/\/normandycarpets.ca\/fr\/vinyle-de-luxe\" \/>\n<meta property=\"article:modified_time\" content=\"2021-04-30T13:24:07+00:00\" \/>\n<meta name=\"twitter:card\" content=\"summary_large_image\" \/>\n<meta name=\"twitter:label1\" content=\"Dur\u00e9e de lecture estim\u00e9e\" \/>\n\t<meta name=\"twitter:data1\" content=\"1 minute\" \/>\n<script type=\"application\/ld+json\" class=\"yoast-schema-graph\">{\"@context\":\"https:\/\/schema.org\",\"@graph\":[{\"@type\":\"WebPage\",\"@id\":\"https:\/\/normandycarpets.ca\/fr\/vinyle-de-luxe\",\"url\":\"https:\/\/normandycarpets.ca\/fr\/vinyle-de-luxe\",\"name\":\"Carreaux et planches de luxe en vinyle Montr\u00e9al | Tapis Normandy\",\"isPartOf\":{\"@id\":\"https:\/\/normandycarpets.ca\/fr\/#website\"},\"datePublished\":\"2018-08-27T00:40:43+00:00\",\"dateModified\":\"2021-04-30T13:24:07+00:00\",\"description\":\"Carreaux et planches de vinyle, durable et r\u00e9sistant au \u00e9gratignures et \u00e0 l'eau. Couvre-plancher imperm\u00e9able, parfait pour tous les niveaux de la maison.\",\"breadcrumb\":{\"@id\":\"https:\/\/normandycarpets.ca\/fr\/vinyle-de-luxe#breadcrumb\"},\"inLanguage\":\"fr-FR\",\"potentialAction\":[{\"@type\":\"ReadAction\",\"target\":[\"https:\/\/normandycarpets.ca\/fr\/vinyle-de-luxe\"]}]},{\"@type\":\"BreadcrumbList\",\"@id\":\"https:\/\/normandycarpets.ca\/fr\/vinyle-de-luxe#breadcrumb\",\"itemListElement\":[{\"@type\":\"ListItem\",\"position\":1,\"name\":\"Home\",\"item\":\"https:\/\/normandycarpets.ca\/fr\"},{\"@type\":\"ListItem\",\"position\":2,\"name\":\"Vinyle de luxe\"}]},{\"@type\":\"WebSite\",\"@id\":\"https:\/\/normandycarpets.ca\/fr\/#website\",\"url\":\"https:\/\/normandycarpets.ca\/fr\/\",\"name\":\"\",\"description\":\"\",\"potentialAction\":[{\"@type\":\"SearchAction\",\"target\":{\"@type\":\"EntryPoint\",\"urlTemplate\":\"https:\/\/normandycarpets.ca\/fr\/?s={search_term_string}\"},\"query-input\":{\"@type\":\"PropertyValueSpecification\",\"valueRequired\":true,\"valueName\":\"search_term_string\"}}],\"inLanguage\":\"fr-FR\"}]}<\/script>\n<!-- \/ Yoast SEO plugin. -->","yoast_head_json":{"title":"Carreaux et planches de luxe en vinyle Montr\u00e9al | Tapis Normandy","description":"Carreaux et planches de vinyle, durable et r\u00e9sistant au \u00e9gratignures et \u00e0 l'eau. Couvre-plancher imperm\u00e9able, parfait pour tous les niveaux de la maison.","robots":{"index":"index","follow":"follow","max-snippet":"max-snippet:-1","max-image-preview":"max-image-preview:large","max-video-preview":"max-video-preview:-1"},"canonical":"https:\/\/normandycarpets.ca\/fr\/vinyle-de-luxe","og_locale":"fr_FR","og_type":"article","og_title":"Carreaux et planches de luxe en vinyle Montr\u00e9al | Tapis Normandy","og_description":"Carreaux et planches de vinyle, durable et r\u00e9sistant au \u00e9gratignures et \u00e0 l'eau. Couvre-plancher imperm\u00e9able, parfait pour tous les niveaux de la maison.","og_url":"https:\/\/normandycarpets.ca\/fr\/vinyle-de-luxe","article_modified_time":"2021-04-30T13:24:07+00:00","twitter_card":"summary_large_image","twitter_misc":{"Dur\u00e9e de lecture estim\u00e9e":"1 minute"},"schema":{"@context":"https:\/\/schema.org","@graph":[{"@type":"WebPage","@id":"https:\/\/normandycarpets.ca\/fr\/vinyle-de-luxe","url":"https:\/\/normandycarpets.ca\/fr\/vinyle-de-luxe","name":"Carreaux et planches de luxe en vinyle Montr\u00e9al | Tapis Normandy","isPartOf":{"@id":"https:\/\/normandycarpets.ca\/fr\/#website"},"datePublished":"2018-08-27T00:40:43+00:00","dateModified":"2021-04-30T13:24:07+00:00","description":"Carreaux et planches de vinyle, durable et r\u00e9sistant au \u00e9gratignures et \u00e0 l'eau. Couvre-plancher imperm\u00e9able, parfait pour tous les niveaux de la maison.","breadcrumb":{"@id":"https:\/\/normandycarpets.ca\/fr\/vinyle-de-luxe#breadcrumb"},"inLanguage":"fr-FR","potentialAction":[{"@type":"ReadAction","target":["https:\/\/normandycarpets.ca\/fr\/vinyle-de-luxe"]}]},{"@type":"BreadcrumbList","@id":"https:\/\/normandycarpets.ca\/fr\/vinyle-de-luxe#breadcrumb","itemListElement":[{"@type":"ListItem","position":1,"name":"Home","item":"https:\/\/normandycarpets.ca\/fr"},{"@type":"ListItem","position":2,"name":"Vinyle de luxe"}]},{"@type":"WebSite","@id":"https:\/\/normandycarpets.ca\/fr\/#website","url":"https:\/\/normandycarpets.ca\/fr\/","name":"","description":"","potentialAction":[{"@type":"SearchAction","target":{"@type":"EntryPoint","urlTemplate":"https:\/\/normandycarpets.ca\/fr\/?s={search_term_string}"},"query-input":{"@type":"PropertyValueSpecification","valueRequired":true,"valueName":"search_term_string"}}],"inLanguage":"fr-FR"}]}},"_links":{"self":[{"href":"https:\/\/normandycarpets.ca\/fr\/wp-json\/wp\/v2\/pages\/10687","targetHints":{"allow":["GET"]}}],"collection":[{"href":"https:\/\/normandycarpets.ca\/fr\/wp-json\/wp\/v2\/pages"}],"about":[{"href":"https:\/\/normandycarpets.ca\/fr\/wp-json\/wp\/v2\/types\/page"}],"author":[{"embeddable":true,"href":"https:\/\/normandycarpets.ca\/fr\/wp-json\/wp\/v2\/users\/2"}],"replies":[{"embeddable":true,"href":"https:\/\/normandycarpets.ca\/fr\/wp-json\/wp\/v2\/comments?post=10687"}],"version-history":[{"count":0,"href":"https:\/\/normandycarpets.ca\/fr\/wp-json\/wp\/v2\/pages\/10687\/revisions"}],"wp:attachment":[{"href":"https:\/\/normandycarpets.ca\/fr\/wp-json\/wp\/v2\/media?parent=10687"}],"curies":[{"name":"wp","href":"https:\/\/api.w.org\/{rel}","templated":true}]}}