{"id":10498,"date":"2018-09-06T20:01:46","date_gmt":"2018-09-06T20:01:46","guid":{"rendered":"http:\/\/normandycarpets.ca\/entrance-matting\/logo-mats"},"modified":"2021-04-30T13:38:28","modified_gmt":"2021-04-30T13:38:28","slug":"tapis-logo","status":"publish","type":"page","link":"https:\/\/normandycarpets.ca\/fr\/tapis-dentree\/tapis-logo","title":{"rendered":"Tapis logo"},"content":{"rendered":"<h1>Tapis \u00e0 logo imprim\u00e9 Montr\u00e9al<\/h1>\n<h2>Tapis logo personnalis\u00e9<\/h2>\n<div>\n<p>Votre tapis logo est la premi\u00e8re chose que vos clients voient lorsqu\u2019ils franchissent le seuil de votre porte; ils sont porteurs de votre message de marque. En personnalisant ces tapis avec votre logo, vous tirerez profit de cette unique occasion tout en vous prot\u00e9geant de la salet\u00e9 et de l\u2019humidit\u00e9 venant de l\u2019ext\u00e9rieur. Mettez votre entreprise en valeur gr\u00e2ce \u00e0 nos tapis d&rsquo;entr\u00e9e avec logo.<\/p>\n<p>Saviez-vous que nous livrons \u00e0 peu pr\u00e8s partout au Canada et aux \u00c9tats-Unis? Demandez-nous un devis.\u00a0<\/p>\n<p>Consultez nos produits de tapis d&rsquo;entr\u00e9e avec logo disponibles ci-dessous.<\/p>\n<\/div>\n<ul>\n<li>\n<p>        <img decoding=\"async\" data-src=\"wp-content\/uploads\/standard-print-TNa.jpg\" alt=\"\" src=\"data:image\/svg+xml;base64,PHN2ZyB3aWR0aD0iMSIgaGVpZ2h0PSIxIiB4bWxucz0iaHR0cDovL3d3dy53My5vcmcvMjAwMC9zdmciPjwvc3ZnPg==\" class=\"lazyload\"><\/p>\n<h2>IMPRIM\u00c9 STANDARD<\/h2>\n<p><a href=\"fr\/tapis-dentree\/tapis-logo\/imprime-standard\">Read more<\/a><\/p>\n<\/li>\n<li>\n<p>        <img decoding=\"async\" data-src=\"wp-content\/uploads\/HD-print-TNa.jpg\" alt=\"\" src=\"data:image\/svg+xml;base64,PHN2ZyB3aWR0aD0iMSIgaGVpZ2h0PSIxIiB4bWxucz0iaHR0cDovL3d3dy53My5vcmcvMjAwMC9zdmciPjwvc3ZnPg==\" class=\"lazyload\"><\/p>\n<h2>IMPRIM\u00c9 HAUTE D\u00c9FINITION<\/h2>\n<p><a href=\"fr\/tapis-dentree\/tapis-logo\/imprime-haute-definition\">Read more<\/a><\/p>\n<\/li>\n<li>\n<p>        <img decoding=\"async\" data-src=\"wp-content\/uploads\/custom-inlay-TNa.jpg\" alt=\"\" src=\"data:image\/svg+xml;base64,PHN2ZyB3aWR0aD0iMSIgaGVpZ2h0PSIxIiB4bWxucz0iaHR0cDovL3d3dy53My5vcmcvMjAwMC9zdmciPjwvc3ZnPg==\" class=\"lazyload\"><\/p>\n<h2>INSERTION GRAPHIQUE<\/h2>\n<p><a href=\"fr\/tapis-dentree\/tapis-logo\/insertion-graphique\">Read more<\/a><\/p>\n<\/li>\n<\/ul>\n<h2><a href=\"fr\/soumission-en-ligne-gratuite\"><\/p>\n<p>Obtenir une soumission en ligne gratuite<\/p>\n<p><\/a><\/h2>\n<h2><a href=\"fr\/communiquez-avec-nous#consultation\">Demander une consultation<\/a><\/h2>\n<p><!-- {\"name\":\"\",\"type\":\"layout\",\"children\":[{\"name\":\"\",\"type\":\"section\",\"props\":{\"style\":\"default\",\"width\":\"default\",\"vertical_align\":\"middle\",\"title_position\":\"top-left\",\"title_rotation\":\"left\",\"title_breakpoint\":\"xl\",\"image_position\":\"center-center\",\"image_effect\":\"\"},\"children\":[{\"name\":\"\",\"type\":\"row\",\"props\":{\"fixed_width\":\"large\",\"breakpoint\":\"m\",\"layout\":\"1-1\",\"width\":\"\"},\"children\":[{\"name\":\"\",\"type\":\"column\",\"props\":{\"image_position\":\"center-center\",\"media_overlay_gradient\":\"\"},\"children\":[{\"name\":\"\",\"type\":\"headline\",\"props\":{\"title_element\":\"h1\",\"content\":\"Tapis \\u00e0 logo imprim\\u00e9 Montr\\u00e9al\",\"link\":\"\",\"title_style\":\"h1\",\"title_decoration\":\"\",\"title_font_family\":\"\",\"title_color\":\"\",\"position\":\"\",\"position_z_index\":\"\",\"margin\":\"\",\"maxwidth\":\"\",\"maxwidth_breakpoint\":\"\",\"block_align\":\"\",\"block_align_breakpoint\":\"\",\"block_align_fallback\":\"\",\"text_align\":\"center\",\"text_align_breakpoint\":\"\",\"text_align_fallback\":\"\",\"animation\":\"\",\"visibility\":\"\"}},{\"name\":\"\",\"type\":\"headline\",\"props\":{\"title_element\":\"h2\",\"content\":\"Tapis logo personnalis\\u00e9\",\"link\":\"\",\"title_style\":\"h2\",\"title_decoration\":\"line\",\"title_font_family\":\"\",\"title_color\":\"\",\"position\":\"\",\"position_z_index\":\"\",\"margin\":\"\",\"maxwidth\":\"\",\"maxwidth_breakpoint\":\"\",\"block_align\":\"\",\"block_align_breakpoint\":\"\",\"block_align_fallback\":\"\",\"text_align\":\"center\",\"text_align_breakpoint\":\"\",\"text_align_fallback\":\"\",\"animation\":\"\",\"visibility\":\"\"}},{\"type\":\"text\",\"props\":{\"margin\":\"default\",\"column_breakpoint\":\"m\",\"text_style\":\"\",\"text_color\":\"\",\"text_size\":\"\",\"column\":\"\",\"position\":\"\",\"position_z_index\":\"\",\"maxwidth\":\"\",\"maxwidth_breakpoint\":\"\",\"block_align\":\"\",\"block_align_breakpoint\":\"\",\"block_align_fallback\":\"\",\"text_align\":\"center\",\"text_align_breakpoint\":\"\",\"text_align_fallback\":\"\",\"animation\":\"\",\"visibility\":\"\",\"content\":\"\n\n<p>Votre tapis logo est la premi\\u00e8re chose que vos clients voient lorsqu\\u2019ils franchissent le seuil de votre porte; ils sont porteurs de votre message de marque. En personnalisant ces tapis avec votre logo, vous tirerez profit de cette unique occasion tout en vous prot\\u00e9geant de la salet\\u00e9 et de l\\u2019humidit\\u00e9 venant de l\\u2019ext\\u00e9rieur. Mettez votre entreprise en valeur gr\\u00e2ce \\u00e0 nos tapis d'entr\\u00e9e avec logo.<\\\/p>\\n\n\n<p>Saviez-vous que nous livrons \\u00e0 peu pr\\u00e8s partout au Canada et aux \\u00c9tats-Unis? Demandez-nous un devis.\\u00a0<\\\/p>\\n\n\n<p>Consultez nos produits de tapis d'entr\\u00e9e avec logo disponibles ci-dessous.<\\\/p>\"}}]}]},{\"type\":\"row\",\"props\":{\"layout\":\"1-1\",\"breakpoint\":\"m\",\"fixed_width\":\"large\",\"column_gap\":\"\",\"row_gap\":\"\",\"width\":\"\",\"width_expand\":\"\",\"height\":\"\",\"margin\":\"\"},\"children\":[{\"type\":\"column\",\"props\":{\"image_position\":\"center-center\",\"media_overlay_gradient\":\"\",\"vertical_align\":\"\",\"style\":\"\",\"text_color\":\"\",\"padding\":\"\"},\"children\":[{\"type\":\"grid\",\"props\":{\"show_title\":true,\"show_meta\":true,\"show_content\":true,\"show_image\":true,\"show_link\":true,\"grid_default\":\"1\",\"grid_medium\":\"3\",\"filter_style\":\"tab\",\"filter_all\":true,\"filter_position\":\"top\",\"filter_align\":\"left\",\"filter_grid_width\":\"auto\",\"filter_grid_breakpoint\":\"m\",\"title_hover_style\":\"reset\",\"title_element\":\"h2\",\"title_align\":\"top\",\"title_grid_width\":\"1-2\",\"title_grid_breakpoint\":\"m\",\"meta_style\":\"meta\",\"meta_align\":\"below-title\",\"icon_ratio\":4,\"image_align\":\"top\",\"image_grid_width\":\"1-2\",\"image_grid_breakpoint\":\"m\",\"image_svg_color\":\"emphasis\",\"link_text\":\"Read more\",\"link_style\":\"default\",\"margin\":\"default\",\"item_animation\":\"\",\"grid_column_gap\":\"\",\"grid_row_gap\":\"\",\"grid_small\":\"3\",\"grid_large\":\"3\",\"grid_xlarge\":\"3\",\"filter_margin\":\"\",\"filter_grid_column_gap\":\"\",\"filter_grid_row_gap\":\"\",\"title_display\":\"\",\"content_display\":\"\",\"panel_style\":\"\",\"panel_content_padding\":\"\",\"panel_size\":\"\",\"item_maxwidth\":\"\",\"title_style\":\"h6\",\"title_decoration\":\"\",\"title_font_family\":\"\",\"title_color\":\"\",\"title_grid_column_gap\":\"\",\"title_grid_row_gap\":\"\",\"title_margin\":\"\",\"meta_color\":\"\",\"meta_margin\":\"\",\"content_style\":\"\",\"content_margin\":\"\",\"image_transition\":\"\",\"image_border\":\"\",\"image_box_shadow\":\"\",\"image_hover_box_shadow\":\"\",\"image_box_decoration\":\"\",\"icon_color\":\"\",\"image_grid_column_gap\":\"\",\"image_grid_row_gap\":\"\",\"image_margin\":\"\",\"link_type\":\"content\",\"link_size\":\"\",\"link_margin\":\"\",\"position\":\"\",\"position_z_index\":\"\",\"maxwidth\":\"\",\"maxwidth_breakpoint\":\"\",\"block_align\":\"\",\"block_align_breakpoint\":\"\",\"block_align_fallback\":\"\",\"text_align\":\"center\",\"text_align_breakpoint\":\"\",\"text_align_fallback\":\"\",\"visibility\":\"\",\"image_width\":\"600\",\"image_height\":\"400\"},\"children\":[{\"type\":\"grid_item\",\"props\":{\"title\":\"IMPRIM\\u00c9 STANDARD\",\"image\":\"wp-content\\\/uploads\\\/standard-print-TNa.jpg\",\"link\":\"fr\\\/tapis-dentree\\\/tapis-logo\\\/imprime-standard\"}},{\"type\":\"grid_item\",\"props\":{\"title\":\"IMPRIM\\u00c9 HAUTE D\\u00c9FINITION\",\"image\":\"wp-content\\\/uploads\\\/HD-print-TNa.jpg\",\"link\":\"fr\\\/tapis-dentree\\\/tapis-logo\\\/imprime-haute-definition\"}},{\"type\":\"grid_item\",\"props\":{\"title\":\"INSERTION GRAPHIQUE\",\"link\":\"fr\\\/tapis-dentree\\\/tapis-logo\\\/insertion-graphique\",\"image\":\"wp-content\\\/uploads\\\/custom-inlay-TNa.jpg\"}}]}]}]}]},{\"name\":\"Call to Action\",\"type\":\"section\",\"props\":{\"style\":\"default\",\"width\":\"\",\"vertical_align\":\"middle\",\"title_position\":\"top-left\",\"title_rotation\":\"left\",\"title_breakpoint\":\"xl\",\"image_position\":\"center-center\",\"padding\":\"none\",\"image_effect\":\"\"},\"children\":[{\"name\":\"\",\"type\":\"row\",\"props\":{\"fixed_width\":\"large\",\"breakpoint\":\"m\",\"layout\":\",\",\"vertical_align\":false,\"match\":true,\"column_gap\":\"collapse\",\"row_gap\":\"collapse\"},\"children\":[{\"name\":\"\",\"type\":\"column\",\"props\":{\"image_position\":\"center-center\",\"style\":\"primary\",\"media_overlay_gradient\":\"\"},\"children\":[{\"name\":\"get a free quote CTA\",\"type\":\"headline\",\"props\":{\"title_element\":\"h2\",\"title_style\":\"h3\",\"text_align\":\"center\",\"content\":\"\n\n<p>Obtenir une soumission en ligne gratuite<\\\/p>\",\"link\":\"fr\\\/soumission-en-ligne-gratuite\",\"maxwidth\":\"\",\"animation\":\"none\",\"parallax_y_start\":\"30\",\"parallax_y_end\":\"0\",\"parallax_opacity_start\":\"0\",\"parallax_opacity_end\":\"1\",\"parallax_viewport\":\"0.3\",\"link_style\":true,\"link_target\":false,\"block_align\":\"center\"}}]},{\"name\":\"\",\"type\":\"column\",\"props\":{\"image_position\":\"center-center\",\"style\":\"secondary\",\"media_overlay_gradient\":\"\"},\"children\":[{\"name\":\"consultation CTA\",\"type\":\"headline\",\"props\":{\"title_element\":\"h2\",\"title_style\":\"h3\",\"text_align\":\"center\",\"content\":\"Demander une consultation\",\"link\":\"fr\\\/communiquez-avec-nous#consultation\",\"maxwidth\":\"\",\"animation\":\"none\",\"parallax_y_start\":\"30\",\"parallax_y_end\":\"0\",\"parallax_opacity_start\":\"0\",\"parallax_opacity_end\":\"1\",\"parallax_viewport\":\"0.3\",\"link_style\":true,\"block_align\":\"center\"}}]}]}]}],\"props\":[],\"version\":\"1.22.8\"} --><\/p>\n","protected":false},"excerpt":{"rendered":"<p>Tapis \u00e0 logo imprim\u00e9 Montr\u00e9al Tapis logo personnalis\u00e9 Votre tapis logo est la premi\u00e8re chose que vos clients voient lorsqu\u2019ils franchissent le seuil de votre porte; ils sont porteurs de votre message de marque. En personnalisant ces tapis avec votre logo, vous tirerez profit de cette unique occasion tout en vous prot\u00e9geant de la salet\u00e9 [&hellip;]<\/p>\n","protected":false},"author":2,"featured_media":0,"parent":10484,"menu_order":0,"comment_status":"closed","ping_status":"closed","template":"","meta":{"footnotes":""},"class_list":["post-10498","page","type-page","status-publish","hentry"],"yoast_head":"<!-- This site is optimized with the Yoast SEO plugin v26.4 - https:\/\/yoast.com\/wordpress\/plugins\/seo\/ -->\n<title>Tapis \u00e0 logo imprim\u00e9 Montr\u00e9al | Tapis Normandy<\/title>\n<meta name=\"description\" content=\"Les tapis \u00e0 logo place votre message directement devant chaque personne qui entre dans votre espace. Profitez de cette occasion avec Tapis Normandy.\" \/>\n<meta name=\"robots\" content=\"index, follow, max-snippet:-1, max-image-preview:large, max-video-preview:-1\" \/>\n<link rel=\"canonical\" href=\"https:\/\/normandycarpets.ca\/fr\/tapis-dentree\/tapis-logo\" \/>\n<meta property=\"og:locale\" content=\"fr_FR\" \/>\n<meta property=\"og:type\" content=\"article\" \/>\n<meta property=\"og:title\" content=\"Tapis \u00e0 logo imprim\u00e9 Montr\u00e9al | Tapis Normandy\" \/>\n<meta property=\"og:description\" content=\"Les tapis \u00e0 logo place votre message directement devant chaque personne qui entre dans votre espace. Profitez de cette occasion avec Tapis Normandy.\" \/>\n<meta property=\"og:url\" content=\"https:\/\/normandycarpets.ca\/fr\/tapis-dentree\/tapis-logo\" \/>\n<meta property=\"article:modified_time\" content=\"2021-04-30T13:38:28+00:00\" \/>\n<meta name=\"twitter:card\" content=\"summary_large_image\" \/>\n<meta name=\"twitter:label1\" content=\"Dur\u00e9e de lecture estim\u00e9e\" \/>\n\t<meta name=\"twitter:data1\" content=\"1 minute\" \/>\n<script type=\"application\/ld+json\" class=\"yoast-schema-graph\">{\"@context\":\"https:\/\/schema.org\",\"@graph\":[{\"@type\":\"WebPage\",\"@id\":\"https:\/\/normandycarpets.ca\/fr\/tapis-dentree\/tapis-logo\",\"url\":\"https:\/\/normandycarpets.ca\/fr\/tapis-dentree\/tapis-logo\",\"name\":\"Tapis \u00e0 logo imprim\u00e9 Montr\u00e9al | Tapis Normandy\",\"isPartOf\":{\"@id\":\"https:\/\/normandycarpets.ca\/fr\/#website\"},\"datePublished\":\"2018-09-06T20:01:46+00:00\",\"dateModified\":\"2021-04-30T13:38:28+00:00\",\"description\":\"Les tapis \u00e0 logo place votre message directement devant chaque personne qui entre dans votre espace. Profitez de cette occasion avec Tapis Normandy.\",\"breadcrumb\":{\"@id\":\"https:\/\/normandycarpets.ca\/fr\/tapis-dentree\/tapis-logo#breadcrumb\"},\"inLanguage\":\"fr-FR\",\"potentialAction\":[{\"@type\":\"ReadAction\",\"target\":[\"https:\/\/normandycarpets.ca\/fr\/tapis-dentree\/tapis-logo\"]}]},{\"@type\":\"BreadcrumbList\",\"@id\":\"https:\/\/normandycarpets.ca\/fr\/tapis-dentree\/tapis-logo#breadcrumb\",\"itemListElement\":[{\"@type\":\"ListItem\",\"position\":1,\"name\":\"Home\",\"item\":\"https:\/\/normandycarpets.ca\/fr\"},{\"@type\":\"ListItem\",\"position\":2,\"name\":\"Tapis d&#8217;entr\u00e9e\",\"item\":\"https:\/\/normandycarpets.ca\/fr\/entrance-matting\"},{\"@type\":\"ListItem\",\"position\":3,\"name\":\"Tapis logo\"}]},{\"@type\":\"WebSite\",\"@id\":\"https:\/\/normandycarpets.ca\/fr\/#website\",\"url\":\"https:\/\/normandycarpets.ca\/fr\/\",\"name\":\"\",\"description\":\"\",\"potentialAction\":[{\"@type\":\"SearchAction\",\"target\":{\"@type\":\"EntryPoint\",\"urlTemplate\":\"https:\/\/normandycarpets.ca\/fr\/?s={search_term_string}\"},\"query-input\":{\"@type\":\"PropertyValueSpecification\",\"valueRequired\":true,\"valueName\":\"search_term_string\"}}],\"inLanguage\":\"fr-FR\"}]}<\/script>\n<!-- \/ Yoast SEO plugin. -->","yoast_head_json":{"title":"Tapis \u00e0 logo imprim\u00e9 Montr\u00e9al | Tapis Normandy","description":"Les tapis \u00e0 logo place votre message directement devant chaque personne qui entre dans votre espace. Profitez de cette occasion avec Tapis Normandy.","robots":{"index":"index","follow":"follow","max-snippet":"max-snippet:-1","max-image-preview":"max-image-preview:large","max-video-preview":"max-video-preview:-1"},"canonical":"https:\/\/normandycarpets.ca\/fr\/tapis-dentree\/tapis-logo","og_locale":"fr_FR","og_type":"article","og_title":"Tapis \u00e0 logo imprim\u00e9 Montr\u00e9al | Tapis Normandy","og_description":"Les tapis \u00e0 logo place votre message directement devant chaque personne qui entre dans votre espace. Profitez de cette occasion avec Tapis Normandy.","og_url":"https:\/\/normandycarpets.ca\/fr\/tapis-dentree\/tapis-logo","article_modified_time":"2021-04-30T13:38:28+00:00","twitter_card":"summary_large_image","twitter_misc":{"Dur\u00e9e de lecture estim\u00e9e":"1 minute"},"schema":{"@context":"https:\/\/schema.org","@graph":[{"@type":"WebPage","@id":"https:\/\/normandycarpets.ca\/fr\/tapis-dentree\/tapis-logo","url":"https:\/\/normandycarpets.ca\/fr\/tapis-dentree\/tapis-logo","name":"Tapis \u00e0 logo imprim\u00e9 Montr\u00e9al | Tapis Normandy","isPartOf":{"@id":"https:\/\/normandycarpets.ca\/fr\/#website"},"datePublished":"2018-09-06T20:01:46+00:00","dateModified":"2021-04-30T13:38:28+00:00","description":"Les tapis \u00e0 logo place votre message directement devant chaque personne qui entre dans votre espace. Profitez de cette occasion avec Tapis Normandy.","breadcrumb":{"@id":"https:\/\/normandycarpets.ca\/fr\/tapis-dentree\/tapis-logo#breadcrumb"},"inLanguage":"fr-FR","potentialAction":[{"@type":"ReadAction","target":["https:\/\/normandycarpets.ca\/fr\/tapis-dentree\/tapis-logo"]}]},{"@type":"BreadcrumbList","@id":"https:\/\/normandycarpets.ca\/fr\/tapis-dentree\/tapis-logo#breadcrumb","itemListElement":[{"@type":"ListItem","position":1,"name":"Home","item":"https:\/\/normandycarpets.ca\/fr"},{"@type":"ListItem","position":2,"name":"Tapis d&#8217;entr\u00e9e","item":"https:\/\/normandycarpets.ca\/fr\/entrance-matting"},{"@type":"ListItem","position":3,"name":"Tapis logo"}]},{"@type":"WebSite","@id":"https:\/\/normandycarpets.ca\/fr\/#website","url":"https:\/\/normandycarpets.ca\/fr\/","name":"","description":"","potentialAction":[{"@type":"SearchAction","target":{"@type":"EntryPoint","urlTemplate":"https:\/\/normandycarpets.ca\/fr\/?s={search_term_string}"},"query-input":{"@type":"PropertyValueSpecification","valueRequired":true,"valueName":"search_term_string"}}],"inLanguage":"fr-FR"}]}},"_links":{"self":[{"href":"https:\/\/normandycarpets.ca\/fr\/wp-json\/wp\/v2\/pages\/10498","targetHints":{"allow":["GET"]}}],"collection":[{"href":"https:\/\/normandycarpets.ca\/fr\/wp-json\/wp\/v2\/pages"}],"about":[{"href":"https:\/\/normandycarpets.ca\/fr\/wp-json\/wp\/v2\/types\/page"}],"author":[{"embeddable":true,"href":"https:\/\/normandycarpets.ca\/fr\/wp-json\/wp\/v2\/users\/2"}],"replies":[{"embeddable":true,"href":"https:\/\/normandycarpets.ca\/fr\/wp-json\/wp\/v2\/comments?post=10498"}],"version-history":[{"count":0,"href":"https:\/\/normandycarpets.ca\/fr\/wp-json\/wp\/v2\/pages\/10498\/revisions"}],"up":[{"embeddable":true,"href":"https:\/\/normandycarpets.ca\/fr\/wp-json\/wp\/v2\/pages\/10484"}],"wp:attachment":[{"href":"https:\/\/normandycarpets.ca\/fr\/wp-json\/wp\/v2\/media?parent=10498"}],"curies":[{"name":"wp","href":"https:\/\/api.w.org\/{rel}","templated":true}]}}