{"id":10492,"date":"2018-10-16T21:15:49","date_gmt":"2018-10-16T21:15:49","guid":{"rendered":"http:\/\/normandycarpets.ca\/entrance-matting\/commercial-entry-mats\/norm-nop"},"modified":"2019-03-04T15:25:18","modified_gmt":"2019-03-04T15:25:18","slug":"norm-nop","status":"publish","type":"page","link":"https:\/\/normandycarpets.ca\/fr\/tapis-dentree\/tapis-dentree-commercial\/norm-nop","title":{"rendered":"Norm Nop"},"content":{"rendered":"<p>&lt; Tapis d&rsquo;entr\u00e9e commercial<\/p>\n<p>Norm Nop<\/p>\n<p>Code: 10001<\/p>\n<p>Code: 10001<\/p>\n<p>Code: 10001<\/p>\n<p>Type de fibre<\/p>\n<p>Polypropyl\u00e8ne<\/p>\n<p>Sp\u00e9cifications<\/p>\n<p>\nNotre produit de marque alliant valeur et r\u00e9sistance \u00e0 l\u2019usure<br \/>\nSurfaceessuie-pieds \/ gratte-pieds \u00e0 puissance forte<br \/>\nEndoscaoutchouc<br \/>\nConstructionaiguillet\u00e9 boucl\u00e9<br \/>\nPoids tuft\u00e935 oz\/vg\u00b2\n<\/p>\n<p>FORMATS DE ROULEAUX DISPONIBLES<\/p>\n<p>3&prime;-3&Prime; x 82&prime; | 1.0 m x 25 m*<br \/>\n6&prime;-6&Prime; x 82&prime; | 2.0 m x 25 m*<br \/>\n*coupes sur mesure disponibles sur demande<\/p>\n<p>Gamme de prix<\/p>\n<p>$$$$$<\/p>\n<p>Garantie<\/p>\n<p>Garantie limit\u00e9e de 1 an contre l\u2019usure<\/p>\n<p>Nous joindre pour les d\u00e9tails<\/p>\n<p>Obtenir une soumission en ligne gratuite<\/p>\n<p>Demander une consultation<\/p>\n<p><!-- {\"name\":\"\",\"type\":\"layout\",\"children\":[{\"name\":\"Hero\",\"type\":\"section\",\"props\":{\"style\":\"default\",\"width\":\"default\",\"vertical_align\":\"middle\",\"title_position\":\"top-left\",\"title_rotation\":\"left\",\"title_breakpoint\":\"xl\",\"image_position\":\"center-center\",\"padding\":\"small\",\"header_transparent\":\"\",\"image\":\"\",\"image_size\":\"cover\",\"image_effect\":\"parallax\",\"image_parallax_bgx_start\":\"\",\"image_parallax_bgx_end\":\"\",\"image_parallax_bgy_start\":\"80\",\"image_parallax_bgy_end\":\"-40\",\"header_transparent_noplaceholder\":true,\"height\":\"\",\"image_width\":\"2560\",\"image_height\":\"1200\",\"media_overlay\":\"rgba(0, 0, 0, 0.22)\",\"padding_remove_bottom\":false},\"children\":[{\"name\":\"\",\"type\":\"row\",\"props\":{\"fixed_width\":\"large\",\"breakpoint\":\"m\",\"layout\":\"1-1\"},\"children\":[{\"name\":\"\",\"type\":\"column\",\"props\":{\"widths\":[\"1-1\"],\"image_position\":\"center-center\"},\"children\":[{\"name\":\"\",\"type\":\"headline\",\"props\":{\"title_element\":\"h1\",\"content\":\"&lt; Tapis d'entr\\u00e9e commercial\",\"title_style\":\"h6\",\"title_decoration\":\"line\",\"text_align\":\"left\",\"text_align_breakpoint\":\"s\",\"text_align_fallback\":\"center\",\"margin\":\"default\",\"animation\":\"parallax\",\"parallax_x_start\":0,\"parallax_x_end\":-20,\"parallax_opacity_start\":\"1\",\"parallax_opacity_end\":\"0\",\"link\":\"fr\\\/tapis-dentree\\\/tapis-dentree-commercial\",\"margin_remove_top\":false}},{\"name\":\"\",\"type\":\"headline\",\"props\":{\"title_element\":\"h2\",\"content\":\"Norm Nop\",\"title_style\":\"h2\",\"text_align\":\"left\",\"text_align_breakpoint\":\"s\",\"text_align_fallback\":\"left\",\"margin\":\"default\",\"animation\":\"parallax\",\"parallax_x_start\":\"0\",\"parallax_x_end\":\"16\",\"parallax_opacity_start\":\"1\",\"parallax_opacity_end\":\"0\",\"title_color\":\"\",\"link\":\"\"}}]}]}]},{\"name\":\"About\",\"type\":\"section\",\"props\":{\"style\":\"default\",\"width\":\"default\",\"vertical_align\":\"middle\",\"title_position\":\"top-left\",\"title_rotation\":\"left\",\"title_breakpoint\":\"xl\",\"image_position\":\"center-center\",\"padding\":\"\",\"padding_remove_top\":true,\"padding_remove_bottom\":false},\"children\":[{\"name\":\"\",\"type\":\"row\",\"props\":{\"fixed_width\":\"xlarge\",\"breakpoint\":\"m\",\"layout\":\"fixed,\",\"gutter\":\"large\",\"margin\":\"large\",\"margin_remove_top\":true,\"margin_remove_bottom\":false},\"children\":[{\"name\":\"\",\"type\":\"column\",\"props\":{\"widths\":[\"fixed\"],\"image_position\":\"center-center\"},\"children\":[{\"name\":\"\",\"type\":\"image\",\"props\":{\"margin\":\"default\",\"image\":\"wp-content\\\/uploads\\\/norm-nop-a-min.jpg\"}},{\"name\":\"\",\"type\":\"gallery\",\"props\":{\"show_title\":true,\"show_meta\":false,\"show_content\":false,\"show_link\":false,\"show_hover_image\":false,\"grid_default\":\"2\",\"grid_medium\":\"3\",\"overlay_mode\":\"caption\",\"overlay_position\":\"top\",\"overlay_transition\":\"fade\",\"title_element\":\"h5\",\"meta_style\":\"meta\",\"meta_align\":\"bottom\",\"text_align\":\"center\",\"margin\":\"medium\",\"lightbox\":true,\"grid_large\":\"4\",\"content_style\":\"\",\"image_orientation\":true,\"image_hover_box_shadow\":\"medium\",\"image_box_shadow_bottom\":false,\"lightbox_image_orientation\":true,\"title_display\":\"lightbox\",\"margin_remove_top\":false,\"item_animation\":\"\",\"parallax_opacity_start\":\"0\",\"parallax_opacity_end\":\"1\",\"gutter\":\"medium\",\"grid_small\":\"3\",\"grid_xlarge\":\"\"},\"children\":[{\"name\":\"\",\"type\":\"gallery_item\",\"props\":{\"image\":\"wp-content\\\/uploads\\\/10-chocolate-min.jpg\",\"meta\":\"\",\"content\":\"\n\n<p>Code: 10001<\\\/p>\",\"title\":\"10 Chocolate\",\"hover_image\":\"\"}},{\"name\":\"\",\"type\":\"gallery_item\",\"props\":{\"image\":\"wp-content\\\/uploads\\\/15-beige-min-1.jpg\",\"meta\":\"\",\"content\":\"\n\n<p>Code: 10001<\\\/p>\",\"title\":\"15 Beige\"}},{\"name\":\"\",\"type\":\"gallery_item\",\"props\":{\"image\":\"wp-content\\\/uploads\\\/20-charcoal-min.jpg\",\"meta\":\"\",\"content\":\"\n\n<p>Code: 10001<\\\/p>\",\"title\":\"20 Charcoal\"}},{\"name\":\"\",\"type\":\"gallery_item\",\"props\":{\"image\":\"wp-content\\\/uploads\\\/25-grey-min-1.jpg\",\"title\":\"25 Grey\"}},{\"name\":\"\",\"type\":\"gallery_item\",\"props\":{\"image\":\"wp-content\\\/uploads\\\/norm-nop-a-min.jpg\",\"title\":\"View 1\"}},{\"name\":\"\",\"type\":\"gallery_item\",\"props\":{\"image\":\"wp-content\\\/uploads\\\/norm-nop-min.jpeg\",\"title\":\"View 2\"}}]}]},{\"name\":\"\",\"type\":\"column\",\"props\":{\"widths\":[\"\"],\"image_position\":\"center-center\"},\"children\":[{\"name\":\"\",\"type\":\"headline\",\"props\":{\"title_element\":\"h3\",\"content\":\"Type de fibre\",\"title_style\":\"h6\",\"title_color\":\"primary\",\"text_align\":\"left\",\"margin\":\"small\",\"text_align_breakpoint\":\"s\",\"text_align_fallback\":\"center\",\"animation\":\"parallax\",\"parallax_opacity_start\":\"1\",\"parallax_opacity_end\":\"0\"}},{\"name\":\"\",\"type\":\"text\",\"props\":{\"margin\":\"default\",\"column_breakpoint\":\"m\",\"content\":\"\n\n<p>Polypropyl\\u00e8ne<\\\/p>\"}},{\"name\":\"\",\"type\":\"headline\",\"props\":{\"title_element\":\"h3\",\"content\":\"\n\n<p>Sp\\u00e9cifications<\\\/p>\",\"title_style\":\"h6\",\"title_color\":\"primary\",\"text_align\":\"left\",\"margin\":\"small\",\"text_align_breakpoint\":\"s\",\"text_align_fallback\":\"center\",\"animation\":\"parallax\",\"parallax_opacity_start\":\"1\",\"parallax_opacity_end\":\"0\"}},{\"name\":\"\",\"type\":\"text\",\"props\":{\"margin\":\"default\",\"column_breakpoint\":\"m\",\"content\":\"\n\n<ul>\\n\n\n<li>Notre produit de marque alliant valeur et r\\u00e9sistance \\u00e0 l\\u2019usure<\\\/li>\\n\n\n<li>Surface<br \\\/>essuie-pieds \\\/ gratte-pieds \\u00e0 puissance forte<\\\/li>\\n\n\n<li>Endos<br \\\/>caoutchouc<\\\/li>\\n\n\n<li>Construction<br \\\/>aiguillet\\u00e9 boucl\\u00e9<\\\/li>\\n\n\n<li>Poids tuft\\u00e9<br \\\/>35 oz\\\/vg\\u00b2<\\\/li>\\n<\\\/ul>\"}},{\"name\":\"\",\"type\":\"headline\",\"props\":{\"title_element\":\"h3\",\"content\":\"FORMATS DE ROULEAUX DISPONIBLES\",\"title_style\":\"h6\",\"title_color\":\"primary\",\"text_align\":\"left\",\"margin\":\"small\",\"text_align_breakpoint\":\"s\",\"text_align_fallback\":\"center\",\"animation\":\"parallax\",\"parallax_opacity_start\":\"1\",\"parallax_opacity_end\":\"0\"}},{\"name\":\"\",\"type\":\"text\",\"props\":{\"margin\":\"default\",\"column_breakpoint\":\"m\",\"content\":\"\n\n<p>3'-3\\\" x 82' | 1.0 m x 25 m*<\\\/p>\\n\n\n<p>6'-6\\\" x 82' | 2.0 m x 25 m*<\\\/p>\\n\n\n<p>*coupes sur mesure disponibles sur demande<\\\/p>\"}},{\"name\":\"\",\"type\":\"headline\",\"props\":{\"title_element\":\"h3\",\"content\":\"\n\n<p>Gamme de prix<\\\/p>\",\"title_style\":\"h6\",\"title_color\":\"primary\",\"text_align\":\"left\",\"margin\":\"small\",\"text_align_breakpoint\":\"s\",\"text_align_fallback\":\"center\",\"animation\":\"parallax\",\"parallax_opacity_start\":\"1\",\"parallax_opacity_end\":\"0\"}},{\"name\":\"\",\"type\":\"text\",\"props\":{\"margin\":\"default\",\"column_breakpoint\":\"m\",\"content\":\"\n\n<p><strong>$$$<\\\/strong><span style=\\\"color: #c4c4c4;\\\">$$<\\\/span><\\\/p>\"}},{\"name\":\"\",\"type\":\"headline\",\"props\":{\"title_element\":\"h3\",\"content\":\"\n\n<p>Garantie<\\\/p>\",\"title_style\":\"h6\",\"title_color\":\"primary\",\"text_align\":\"left\",\"margin\":\"small\",\"text_align_breakpoint\":\"s\",\"text_align_fallback\":\"center\",\"animation\":\"parallax\",\"parallax_opacity_start\":\"1\",\"parallax_opacity_end\":\"0\"}},{\"name\":\"\",\"type\":\"text\",\"props\":{\"margin\":\"default\",\"column_breakpoint\":\"m\",\"content\":\"\n\n<p>Garantie limit\\u00e9e de 1 an contre l\\u2019usure<\\\/p>\",\"margin_remove_bottom\":false}},{\"name\":\"\",\"type\":\"button\",\"props\":{\"gutter\":\"small\",\"margin\":\"medium\",\"margin_remove_top\":true},\"children\":[{\"name\":\"\",\"type\":\"button_item\",\"props\":{\"button_style\":\"primary\",\"icon_align\":\"left\",\"content\":\"Nous joindre pour les d\\u00e9tails\",\"link\":\"fr\\\/communiquez-avec-nous\",\"link_target\":\"blank\"}}]}]}]}]},{\"name\":\"Call to Action\",\"type\":\"section\",\"props\":{\"style\":\"default\",\"width\":\"\",\"vertical_align\":\"middle\",\"title_position\":\"top-left\",\"title_rotation\":\"left\",\"title_breakpoint\":\"xl\",\"image_position\":\"center-center\",\"padding\":\"none\"},\"children\":[{\"name\":\"\",\"type\":\"row\",\"props\":{\"fixed_width\":\"large\",\"breakpoint\":\"m\",\"layout\":\",\",\"gutter\":\"collapse\",\"vertical_align\":false,\"match\":true},\"children\":[{\"name\":\"\",\"type\":\"column\",\"props\":{\"widths\":[\"\"],\"image_position\":\"center-center\",\"style\":\"primary\"},\"children\":[{\"name\":\"get a free quote CTA\",\"type\":\"headline\",\"props\":{\"title_element\":\"h2\",\"title_style\":\"h3\",\"text_align\":\"center\",\"content\":\"\n\n<p>Obtenir une soumission en ligne gratuite<\\\/p>\",\"link\":\"fr\\\/soumission-en-ligne-gratuite\",\"maxwidth\":\"\",\"maxwidth_align\":\"center\",\"animation\":\"none\",\"parallax_y_start\":\"30\",\"parallax_y_end\":\"0\",\"parallax_opacity_start\":\"0\",\"parallax_opacity_end\":\"1\",\"parallax_viewport\":\"0.3\",\"link_style\":true,\"link_target\":false}}]},{\"name\":\"\",\"type\":\"column\",\"props\":{\"widths\":[\"\"],\"image_position\":\"center-center\",\"style\":\"secondary\"},\"children\":[{\"name\":\"consultation CTA\",\"type\":\"headline\",\"props\":{\"title_element\":\"h2\",\"title_style\":\"h3\",\"text_align\":\"center\",\"content\":\"\n\n<p>Demander une consultation<\\\/p>\",\"link\":\"fr\\\/communiquez-avec-nous#consultation\",\"maxwidth\":\"\",\"maxwidth_align\":\"center\",\"animation\":\"none\",\"parallax_y_start\":\"30\",\"parallax_y_end\":\"0\",\"parallax_opacity_start\":\"0\",\"parallax_opacity_end\":\"1\",\"parallax_viewport\":\"0.3\",\"link_style\":true}}]}]}]}]} --><\/p>\n","protected":false},"excerpt":{"rendered":"<p>&lt; Tapis d&rsquo;entr\u00e9e commercial Norm Nop Code: 10001 Code: 10001 Code: 10001 Type de fibre Polypropyl\u00e8ne Sp\u00e9cifications Notre produit de marque alliant valeur et r\u00e9sistance \u00e0 l\u2019usure Surfaceessuie-pieds \/ gratte-pieds \u00e0 puissance forte Endoscaoutchouc Constructionaiguillet\u00e9 boucl\u00e9 Poids tuft\u00e935 oz\/vg\u00b2 FORMATS DE ROULEAUX DISPONIBLES 3&prime;-3&Prime; x 82&prime; | 1.0 m x 25 m* 6&prime;-6&Prime; x 82&prime; [&hellip;]<\/p>\n","protected":false},"author":2,"featured_media":0,"parent":10486,"menu_order":0,"comment_status":"closed","ping_status":"closed","template":"","meta":{"footnotes":""},"class_list":["post-10492","page","type-page","status-publish","hentry"],"yoast_head":"<!-- This site is optimized with the Yoast SEO plugin v26.4 - https:\/\/yoast.com\/wordpress\/plugins\/seo\/ -->\n<title>Norm Nop -<\/title>\n<meta name=\"robots\" content=\"index, follow, max-snippet:-1, max-image-preview:large, max-video-preview:-1\" \/>\n<link rel=\"canonical\" href=\"https:\/\/normandycarpets.ca\/fr\/tapis-dentree\/tapis-dentree-commercial\/norm-nop\" \/>\n<meta property=\"og:locale\" content=\"fr_FR\" \/>\n<meta property=\"og:type\" content=\"article\" \/>\n<meta property=\"og:title\" content=\"Norm Nop -\" \/>\n<meta property=\"og:description\" content=\"&lt; Tapis d&rsquo;entr\u00e9e commercial Norm Nop Code: 10001 Code: 10001 Code: 10001 Type de fibre Polypropyl\u00e8ne Sp\u00e9cifications Notre produit de marque alliant valeur et r\u00e9sistance \u00e0 l\u2019usure Surfaceessuie-pieds \/ gratte-pieds \u00e0 puissance forte Endoscaoutchouc Constructionaiguillet\u00e9 boucl\u00e9 Poids tuft\u00e935 oz\/vg\u00b2 FORMATS DE ROULEAUX DISPONIBLES 3&prime;-3&Prime; x 82&prime; | 1.0 m x 25 m* 6&prime;-6&Prime; x 82&prime; [&hellip;]\" \/>\n<meta property=\"og:url\" content=\"https:\/\/normandycarpets.ca\/fr\/tapis-dentree\/tapis-dentree-commercial\/norm-nop\" \/>\n<meta property=\"article:modified_time\" content=\"2019-03-04T15:25:18+00:00\" \/>\n<meta name=\"twitter:card\" content=\"summary_large_image\" \/>\n<script type=\"application\/ld+json\" class=\"yoast-schema-graph\">{\"@context\":\"https:\/\/schema.org\",\"@graph\":[{\"@type\":\"WebPage\",\"@id\":\"https:\/\/normandycarpets.ca\/fr\/tapis-dentree\/tapis-dentree-commercial\/norm-nop\",\"url\":\"https:\/\/normandycarpets.ca\/fr\/tapis-dentree\/tapis-dentree-commercial\/norm-nop\",\"name\":\"Norm Nop -\",\"isPartOf\":{\"@id\":\"https:\/\/normandycarpets.ca\/fr\/#website\"},\"datePublished\":\"2018-10-16T21:15:49+00:00\",\"dateModified\":\"2019-03-04T15:25:18+00:00\",\"breadcrumb\":{\"@id\":\"https:\/\/normandycarpets.ca\/fr\/tapis-dentree\/tapis-dentree-commercial\/norm-nop#breadcrumb\"},\"inLanguage\":\"fr-FR\",\"potentialAction\":[{\"@type\":\"ReadAction\",\"target\":[\"https:\/\/normandycarpets.ca\/fr\/tapis-dentree\/tapis-dentree-commercial\/norm-nop\"]}]},{\"@type\":\"BreadcrumbList\",\"@id\":\"https:\/\/normandycarpets.ca\/fr\/tapis-dentree\/tapis-dentree-commercial\/norm-nop#breadcrumb\",\"itemListElement\":[{\"@type\":\"ListItem\",\"position\":1,\"name\":\"Home\",\"item\":\"https:\/\/normandycarpets.ca\/fr\"},{\"@type\":\"ListItem\",\"position\":2,\"name\":\"Tapis d&#8217;entr\u00e9e\",\"item\":\"https:\/\/normandycarpets.ca\/fr\/entrance-matting\"},{\"@type\":\"ListItem\",\"position\":3,\"name\":\"Tapis d&#8217;entr\u00e9e commercial\",\"item\":\"https:\/\/normandycarpets.ca\/fr\/entrance-matting\/commercial-entry-mats\"},{\"@type\":\"ListItem\",\"position\":4,\"name\":\"Norm Nop\"}]},{\"@type\":\"WebSite\",\"@id\":\"https:\/\/normandycarpets.ca\/fr\/#website\",\"url\":\"https:\/\/normandycarpets.ca\/fr\/\",\"name\":\"\",\"description\":\"\",\"potentialAction\":[{\"@type\":\"SearchAction\",\"target\":{\"@type\":\"EntryPoint\",\"urlTemplate\":\"https:\/\/normandycarpets.ca\/fr\/?s={search_term_string}\"},\"query-input\":{\"@type\":\"PropertyValueSpecification\",\"valueRequired\":true,\"valueName\":\"search_term_string\"}}],\"inLanguage\":\"fr-FR\"}]}<\/script>\n<!-- \/ Yoast SEO plugin. -->","yoast_head_json":{"title":"Norm Nop -","robots":{"index":"index","follow":"follow","max-snippet":"max-snippet:-1","max-image-preview":"max-image-preview:large","max-video-preview":"max-video-preview:-1"},"canonical":"https:\/\/normandycarpets.ca\/fr\/tapis-dentree\/tapis-dentree-commercial\/norm-nop","og_locale":"fr_FR","og_type":"article","og_title":"Norm Nop -","og_description":"&lt; Tapis d&rsquo;entr\u00e9e commercial Norm Nop Code: 10001 Code: 10001 Code: 10001 Type de fibre Polypropyl\u00e8ne Sp\u00e9cifications Notre produit de marque alliant valeur et r\u00e9sistance \u00e0 l\u2019usure Surfaceessuie-pieds \/ gratte-pieds \u00e0 puissance forte Endoscaoutchouc Constructionaiguillet\u00e9 boucl\u00e9 Poids tuft\u00e935 oz\/vg\u00b2 FORMATS DE ROULEAUX DISPONIBLES 3&prime;-3&Prime; x 82&prime; | 1.0 m x 25 m* 6&prime;-6&Prime; x 82&prime; [&hellip;]","og_url":"https:\/\/normandycarpets.ca\/fr\/tapis-dentree\/tapis-dentree-commercial\/norm-nop","article_modified_time":"2019-03-04T15:25:18+00:00","twitter_card":"summary_large_image","schema":{"@context":"https:\/\/schema.org","@graph":[{"@type":"WebPage","@id":"https:\/\/normandycarpets.ca\/fr\/tapis-dentree\/tapis-dentree-commercial\/norm-nop","url":"https:\/\/normandycarpets.ca\/fr\/tapis-dentree\/tapis-dentree-commercial\/norm-nop","name":"Norm Nop -","isPartOf":{"@id":"https:\/\/normandycarpets.ca\/fr\/#website"},"datePublished":"2018-10-16T21:15:49+00:00","dateModified":"2019-03-04T15:25:18+00:00","breadcrumb":{"@id":"https:\/\/normandycarpets.ca\/fr\/tapis-dentree\/tapis-dentree-commercial\/norm-nop#breadcrumb"},"inLanguage":"fr-FR","potentialAction":[{"@type":"ReadAction","target":["https:\/\/normandycarpets.ca\/fr\/tapis-dentree\/tapis-dentree-commercial\/norm-nop"]}]},{"@type":"BreadcrumbList","@id":"https:\/\/normandycarpets.ca\/fr\/tapis-dentree\/tapis-dentree-commercial\/norm-nop#breadcrumb","itemListElement":[{"@type":"ListItem","position":1,"name":"Home","item":"https:\/\/normandycarpets.ca\/fr"},{"@type":"ListItem","position":2,"name":"Tapis d&#8217;entr\u00e9e","item":"https:\/\/normandycarpets.ca\/fr\/entrance-matting"},{"@type":"ListItem","position":3,"name":"Tapis d&#8217;entr\u00e9e commercial","item":"https:\/\/normandycarpets.ca\/fr\/entrance-matting\/commercial-entry-mats"},{"@type":"ListItem","position":4,"name":"Norm Nop"}]},{"@type":"WebSite","@id":"https:\/\/normandycarpets.ca\/fr\/#website","url":"https:\/\/normandycarpets.ca\/fr\/","name":"","description":"","potentialAction":[{"@type":"SearchAction","target":{"@type":"EntryPoint","urlTemplate":"https:\/\/normandycarpets.ca\/fr\/?s={search_term_string}"},"query-input":{"@type":"PropertyValueSpecification","valueRequired":true,"valueName":"search_term_string"}}],"inLanguage":"fr-FR"}]}},"_links":{"self":[{"href":"https:\/\/normandycarpets.ca\/fr\/wp-json\/wp\/v2\/pages\/10492","targetHints":{"allow":["GET"]}}],"collection":[{"href":"https:\/\/normandycarpets.ca\/fr\/wp-json\/wp\/v2\/pages"}],"about":[{"href":"https:\/\/normandycarpets.ca\/fr\/wp-json\/wp\/v2\/types\/page"}],"author":[{"embeddable":true,"href":"https:\/\/normandycarpets.ca\/fr\/wp-json\/wp\/v2\/users\/2"}],"replies":[{"embeddable":true,"href":"https:\/\/normandycarpets.ca\/fr\/wp-json\/wp\/v2\/comments?post=10492"}],"version-history":[{"count":0,"href":"https:\/\/normandycarpets.ca\/fr\/wp-json\/wp\/v2\/pages\/10492\/revisions"}],"up":[{"embeddable":true,"href":"https:\/\/normandycarpets.ca\/fr\/wp-json\/wp\/v2\/pages\/10486"}],"wp:attachment":[{"href":"https:\/\/normandycarpets.ca\/fr\/wp-json\/wp\/v2\/media?parent=10492"}],"curies":[{"name":"wp","href":"https:\/\/api.w.org\/{rel}","templated":true}]}}