{"id":10486,"date":"2018-09-06T19:56:15","date_gmt":"2018-09-06T19:56:15","guid":{"rendered":"http:\/\/normandycarpets.ca\/entrance-matting\/commercial-entry-mats"},"modified":"2021-04-30T13:37:25","modified_gmt":"2021-04-30T13:37:25","slug":"tapis-dentree-commercial","status":"publish","type":"page","link":"https:\/\/normandycarpets.ca\/fr\/tapis-dentree\/tapis-dentree-commercial","title":{"rendered":"Tapis d&rsquo;entr\u00e9e commercial"},"content":{"rendered":"<h1>Tapis d&rsquo;entr\u00e9e commerciaux Montr\u00e9al<\/h1>\n<h2>Tapis d&rsquo;entr\u00e9e commercial<\/h2>\n<div>\n<p>Con\u00e7us pour prot\u00e9ger vos sols, nos tapis d&rsquo;entr\u00e9e commerciaux offrent une absorption maximale avec des supports qui r\u00e9duisent les mouvements du tapis. Parfaits pour les vestibules, les halls d&rsquo;entr\u00e9e et les entr\u00e9es \u00e0 circulation intense.<\/p>\n<p>VOUS VOULEZ EN SAVOIR PLUS? Notre nouvelle salle de montre promet de vous impressionner avec plusieurs d&rsquo;autres produits de tapis d&rsquo;entr\u00e9e commercial. Venez visiter notre showroom de tapis \u00e0 Montr\u00e9al pour trouver le tapis d&rsquo;entr\u00e9e qui vous aidera \u00e0 prot\u00e9ger et \u00e0 embellir votre espace commercial.<\/p>\n<p>Saviez-vous que nous livrons \u00e0 peu pr\u00e8s partout au Canada et aux \u00c9tats-Unis? Demandez-nous un devis gratuit en ligne.<\/p>\n<\/div>\n<ul>\n<li>\n<p>        <img decoding=\"async\" data-src=\"wp-content\/uploads\/herringbone.jpg\" alt=\"\" src=\"data:image\/svg+xml;base64,PHN2ZyB3aWR0aD0iMSIgaGVpZ2h0PSIxIiB4bWxucz0iaHR0cDovL3d3dy53My5vcmcvMjAwMC9zdmciPjwvc3ZnPg==\" class=\"lazyload\"><\/p>\n<h2>HERRINGBONE + 5 COULEURS<\/h2>\n<p><a href=\"fr\/tapis-dentree\/tapis-dentree-commercial\/herringbone\">Read more<\/a><\/p>\n<\/li>\n<li>\n<p>        <img decoding=\"async\" data-src=\"wp-content\/uploads\/1099-sisal-min.jpg\" alt=\"\" src=\"data:image\/svg+xml;base64,PHN2ZyB3aWR0aD0iMSIgaGVpZ2h0PSIxIiB4bWxucz0iaHR0cDovL3d3dy53My5vcmcvMjAwMC9zdmciPjwvc3ZnPg==\" class=\"lazyload\"><\/p>\n<h2>PREMIUM NOP + 10 COULEURS<\/h2>\n<p><a href=\"fr\/tapis-dentree\/tapis-dentree-commercial\/premium-nop\">Read more<\/a><\/p>\n<\/li>\n<li>\n<p>        <img decoding=\"async\" data-src=\"wp-content\/uploads\/30-red-min.jpg\" alt=\"\" src=\"data:image\/svg+xml;base64,PHN2ZyB3aWR0aD0iMSIgaGVpZ2h0PSIxIiB4bWxucz0iaHR0cDovL3d3dy53My5vcmcvMjAwMC9zdmciPjwvc3ZnPg==\" class=\"lazyload\"><\/p>\n<h2>SUPREME NOP + 20 COULEURS<\/h2>\n<p><a href=\"fr\/tapis-dentree\/tapis-dentree-commercial\/supreme-nop\">Read more<\/a><\/p>\n<\/li>\n<li>\n<p>        <img decoding=\"async\" data-src=\"wp-content\/uploads\/20-charcoal-min.jpg\" alt=\"\" src=\"data:image\/svg+xml;base64,PHN2ZyB3aWR0aD0iMSIgaGVpZ2h0PSIxIiB4bWxucz0iaHR0cDovL3d3dy53My5vcmcvMjAwMC9zdmciPjwvc3ZnPg==\" class=\"lazyload\"><\/p>\n<h2>NORM NOP + 4 COULEURS<\/h2>\n<p><a href=\"fr\/tapis-dentree\/tapis-dentree-commercial\/norm-nop\">Read more<\/a><\/p>\n<\/li>\n<li>\n<p>        <img decoding=\"async\" data-src=\"wp-content\/uploads\/52-grey.jpg\" alt=\"\" src=\"data:image\/svg+xml;base64,PHN2ZyB3aWR0aD0iMSIgaGVpZ2h0PSIxIiB4bWxucz0iaHR0cDovL3d3dy53My5vcmcvMjAwMC9zdmciPjwvc3ZnPg==\" class=\"lazyload\"><\/p>\n<h2>DURALUX + 9 COULEURS<\/h2>\n<p><a href=\"fr\/tapis-dentree\/tapis-dentree-commercial\/duralux\">Read more<\/a><\/p>\n<\/li>\n<\/ul>\n<h2><a href=\"fr\/soumission-en-ligne-gratuite\">Obtenir une soumission en ligne gratuite<\/a><\/h2>\n<h2><a href=\"fr\/communiquez-avec-nous#consultation\">Demander une consultation<\/a><\/h2>\n<p><!-- {\"name\":\"\",\"type\":\"layout\",\"children\":[{\"name\":\"\",\"type\":\"section\",\"props\":{\"style\":\"default\",\"width\":\"default\",\"vertical_align\":\"middle\",\"title_position\":\"top-left\",\"title_rotation\":\"left\",\"title_breakpoint\":\"xl\",\"image_position\":\"center-center\",\"image_effect\":\"\"},\"children\":[{\"name\":\"\",\"type\":\"row\",\"props\":{\"fixed_width\":\"large\",\"breakpoint\":\"m\",\"layout\":\"1-1\",\"width\":\"\"},\"children\":[{\"name\":\"\",\"type\":\"column\",\"props\":{\"image_position\":\"center-center\",\"media_overlay_gradient\":\"\"},\"children\":[{\"type\":\"headline\",\"props\":{\"title_element\":\"h1\",\"title_style\":\"h1\",\"title_decoration\":\"\",\"title_font_family\":\"\",\"title_color\":\"\",\"position\":\"\",\"position_z_index\":\"\",\"margin\":\"\",\"maxwidth\":\"\",\"maxwidth_breakpoint\":\"\",\"block_align\":\"\",\"block_align_breakpoint\":\"\",\"block_align_fallback\":\"\",\"text_align\":\"center\",\"text_align_breakpoint\":\"\",\"text_align_fallback\":\"\",\"animation\":\"\",\"visibility\":\"\",\"content\":\"Tapis d'entr\\u00e9e commerciaux Montr\\u00e9al\"}},{\"name\":\"\",\"type\":\"headline\",\"props\":{\"title_element\":\"h2\",\"content\":\"Tapis d'entr\\u00e9e commercial\",\"link\":\"\",\"title_style\":\"h2\",\"title_decoration\":\"line\",\"title_font_family\":\"\",\"title_color\":\"\",\"position\":\"\",\"position_z_index\":\"\",\"margin\":\"\",\"maxwidth\":\"\",\"maxwidth_breakpoint\":\"\",\"block_align\":\"\",\"block_align_breakpoint\":\"\",\"block_align_fallback\":\"\",\"text_align\":\"center\",\"text_align_breakpoint\":\"\",\"text_align_fallback\":\"\",\"animation\":\"\",\"visibility\":\"\"}},{\"name\":\"\",\"type\":\"text\",\"props\":{\"margin\":\"default\",\"column_breakpoint\":\"m\",\"content\":\"\n\n<p>Con\\u00e7us pour prot\\u00e9ger vos sols, nos tapis d'entr\\u00e9e commerciaux offrent une absorption maximale avec des supports qui r\\u00e9duisent les mouvements du tapis. Parfaits pour les vestibules, les halls d'entr\\u00e9e et les entr\\u00e9es \\u00e0 circulation intense.<\\\/p>\\n\n\n<p>VOUS VOULEZ EN SAVOIR PLUS? Notre nouvelle salle de montre promet de vous impressionner avec plusieurs d'autres produits de tapis d'entr\\u00e9e commercial. Venez visiter notre showroom de tapis \\u00e0 Montr\\u00e9al pour trouver le tapis d'entr\\u00e9e qui vous aidera \\u00e0 prot\\u00e9ger et \\u00e0 embellir votre espace commercial.<\\\/p>\\n\n\n<p>Saviez-vous que nous livrons \\u00e0 peu pr\\u00e8s partout au Canada et aux \\u00c9tats-Unis? Demandez-nous un devis gratuit en ligne.<\\\/p>\",\"dropcap\":false,\"text_style\":\"\",\"text_color\":\"\",\"text_size\":\"\",\"column\":\"\",\"position\":\"\",\"position_z_index\":\"\",\"maxwidth\":\"\",\"maxwidth_breakpoint\":\"\",\"block_align\":\"\",\"block_align_breakpoint\":\"\",\"block_align_fallback\":\"\",\"text_align\":\"center\",\"text_align_breakpoint\":\"\",\"text_align_fallback\":\"center\",\"animation\":\"\",\"visibility\":\"\",\"parallax_breakpoint\":\"\",\"parallax_opacity_start\":\".25\",\"parallax_opacity_end\":\"1\",\"parallax_viewport\":\".3\"}}]}]},{\"type\":\"row\",\"props\":{\"layout\":\"1-1\",\"breakpoint\":\"m\",\"fixed_width\":\"large\",\"column_gap\":\"\",\"row_gap\":\"\",\"width\":\"\",\"width_expand\":\"\",\"height\":\"\",\"margin\":\"\"},\"children\":[{\"type\":\"column\",\"props\":{\"image_position\":\"center-center\",\"media_overlay_gradient\":\"\",\"vertical_align\":\"\",\"style\":\"\",\"text_color\":\"\",\"padding\":\"\"},\"children\":[{\"type\":\"grid\",\"props\":{\"show_title\":true,\"show_meta\":true,\"show_content\":true,\"show_image\":true,\"show_link\":true,\"grid_default\":\"2\",\"grid_medium\":\"3\",\"filter_style\":\"tab\",\"filter_all\":true,\"filter_position\":\"top\",\"filter_align\":\"left\",\"filter_grid_width\":\"auto\",\"filter_grid_breakpoint\":\"m\",\"title_hover_style\":\"reset\",\"title_element\":\"h2\",\"title_align\":\"top\",\"title_grid_width\":\"1-2\",\"title_grid_breakpoint\":\"m\",\"meta_style\":\"meta\",\"meta_align\":\"below-title\",\"icon_ratio\":4,\"image_align\":\"top\",\"image_grid_width\":\"1-2\",\"image_grid_breakpoint\":\"m\",\"image_svg_color\":\"emphasis\",\"link_text\":\"Read more\",\"link_style\":\"default\",\"margin\":\"default\",\"item_animation\":\"\",\"grid_column_gap\":\"\",\"grid_row_gap\":\"\",\"grid_small\":\"3\",\"grid_large\":\"5\",\"grid_xlarge\":\"5\",\"filter_margin\":\"\",\"filter_grid_column_gap\":\"\",\"filter_grid_row_gap\":\"\",\"title_display\":\"\",\"content_display\":\"\",\"panel_style\":\"\",\"panel_content_padding\":\"\",\"panel_size\":\"\",\"item_maxwidth\":\"\",\"title_style\":\"h6\",\"title_decoration\":\"\",\"title_font_family\":\"\",\"title_color\":\"\",\"title_grid_column_gap\":\"\",\"title_grid_row_gap\":\"\",\"title_margin\":\"\",\"meta_color\":\"\",\"meta_margin\":\"\",\"content_style\":\"\",\"content_margin\":\"\",\"image_transition\":\"\",\"image_border\":\"\",\"image_box_shadow\":\"\",\"image_hover_box_shadow\":\"\",\"image_box_decoration\":\"\",\"icon_color\":\"\",\"image_grid_column_gap\":\"\",\"image_grid_row_gap\":\"\",\"image_margin\":\"\",\"link_type\":\"content\",\"link_size\":\"\",\"link_margin\":\"\",\"position\":\"\",\"position_z_index\":\"\",\"maxwidth\":\"\",\"maxwidth_breakpoint\":\"\",\"block_align\":\"\",\"block_align_breakpoint\":\"\",\"block_align_fallback\":\"\",\"text_align\":\"center\",\"text_align_breakpoint\":\"\",\"text_align_fallback\":\"\",\"visibility\":\"\",\"image_width\":\"250\",\"image_height\":\"250\"},\"children\":[{\"type\":\"grid_item\",\"props\":{\"title\":\"HERRINGBONE + 5 COULEURS\",\"image\":\"wp-content\\\/uploads\\\/herringbone.jpg\",\"link\":\"fr\\\/tapis-dentree\\\/tapis-dentree-commercial\\\/herringbone\"}},{\"type\":\"grid_item\",\"props\":{\"title\":\"PREMIUM NOP + 10 COULEURS\",\"image\":\"wp-content\\\/uploads\\\/1099-sisal-min.jpg\",\"link\":\"fr\\\/tapis-dentree\\\/tapis-dentree-commercial\\\/premium-nop\"}},{\"type\":\"grid_item\",\"props\":{\"title\":\"SUPREME NOP + 20 COULEURS\",\"image\":\"wp-content\\\/uploads\\\/30-red-min.jpg\",\"link\":\"fr\\\/tapis-dentree\\\/tapis-dentree-commercial\\\/supreme-nop\"}},{\"type\":\"grid_item\",\"props\":{\"title\":\"NORM NOP + 4 COULEURS\",\"image\":\"wp-content\\\/uploads\\\/20-charcoal-min.jpg\",\"link\":\"fr\\\/tapis-dentree\\\/tapis-dentree-commercial\\\/norm-nop\"}},{\"type\":\"grid_item\",\"props\":{\"title\":\"DURALUX + 9 COULEURS\",\"image\":\"wp-content\\\/uploads\\\/52-grey.jpg\",\"link\":\"fr\\\/tapis-dentree\\\/tapis-dentree-commercial\\\/duralux\"}}]}]}]}]},{\"name\":\"Call to Action\",\"type\":\"section\",\"props\":{\"style\":\"default\",\"width\":\"\",\"vertical_align\":\"middle\",\"title_position\":\"top-left\",\"title_rotation\":\"left\",\"title_breakpoint\":\"xl\",\"image_position\":\"center-center\",\"padding\":\"none\",\"image_effect\":\"\"},\"children\":[{\"name\":\"\",\"type\":\"row\",\"props\":{\"fixed_width\":\"large\",\"breakpoint\":\"m\",\"layout\":\",\",\"vertical_align\":false,\"match\":true,\"column_gap\":\"collapse\",\"row_gap\":\"collapse\"},\"children\":[{\"name\":\"\",\"type\":\"column\",\"props\":{\"image_position\":\"center-center\",\"style\":\"primary\",\"media_overlay_gradient\":\"\"},\"children\":[{\"name\":\"get a free quote CTA\",\"type\":\"headline\",\"props\":{\"title_element\":\"h2\",\"title_style\":\"h3\",\"text_align\":\"center\",\"content\":\"Obtenir une soumission en ligne gratuite\",\"link\":\"fr\\\/soumission-en-ligne-gratuite\",\"maxwidth\":\"\",\"animation\":\"none\",\"parallax_y_start\":\"30\",\"parallax_y_end\":\"0\",\"parallax_opacity_start\":\"0\",\"parallax_opacity_end\":\"1\",\"parallax_viewport\":\"0.3\",\"link_style\":true,\"link_target\":false,\"block_align\":\"center\"}}]},{\"name\":\"\",\"type\":\"column\",\"props\":{\"image_position\":\"center-center\",\"style\":\"secondary\",\"media_overlay_gradient\":\"\"},\"children\":[{\"name\":\"consultation CTA\",\"type\":\"headline\",\"props\":{\"title_element\":\"h2\",\"title_style\":\"h3\",\"text_align\":\"center\",\"content\":\"Demander une consultation\",\"link\":\"fr\\\/communiquez-avec-nous#consultation\",\"maxwidth\":\"\",\"animation\":\"none\",\"parallax_y_start\":\"30\",\"parallax_y_end\":\"0\",\"parallax_opacity_start\":\"0\",\"parallax_opacity_end\":\"1\",\"parallax_viewport\":\"0.3\",\"link_style\":true,\"block_align\":\"center\"}}]}]}]}],\"props\":[],\"version\":\"1.22.8\"} --><\/p>\n","protected":false},"excerpt":{"rendered":"<p>Tapis d&rsquo;entr\u00e9e commerciaux Montr\u00e9al Tapis d&rsquo;entr\u00e9e commercial Con\u00e7us pour prot\u00e9ger vos sols, nos tapis d&rsquo;entr\u00e9e commerciaux offrent une absorption maximale avec des supports qui r\u00e9duisent les mouvements du tapis. Parfaits pour les vestibules, les halls d&rsquo;entr\u00e9e et les entr\u00e9es \u00e0 circulation intense. VOUS VOULEZ EN SAVOIR PLUS? Notre nouvelle salle de montre promet de vous [&hellip;]<\/p>\n","protected":false},"author":2,"featured_media":0,"parent":10484,"menu_order":0,"comment_status":"closed","ping_status":"closed","template":"","meta":{"footnotes":""},"class_list":["post-10486","page","type-page","status-publish","hentry"],"yoast_head":"<!-- This site is optimized with the Yoast SEO plugin v26.4 - https:\/\/yoast.com\/wordpress\/plugins\/seo\/ -->\n<title>Tapis d&#039;entr\u00e9e commerciaux pour prot\u00e9ger vos planchers | Tapis Normandy<\/title>\n<meta name=\"description\" content=\"Con\u00e7us pour prot\u00e9ger vos planchers, nos tapis d&#039;entr\u00e9e commerciaux offrent une capacit\u00e9 d&#039;absorption maximale. Parfait pour les entr\u00e9es \u00e0 passage fr\u00e9quent.\" \/>\n<meta name=\"robots\" content=\"index, follow, max-snippet:-1, max-image-preview:large, max-video-preview:-1\" \/>\n<link rel=\"canonical\" href=\"https:\/\/normandycarpets.ca\/fr\/tapis-dentree\/tapis-dentree-commercial\" \/>\n<meta property=\"og:locale\" content=\"fr_FR\" \/>\n<meta property=\"og:type\" content=\"article\" \/>\n<meta property=\"og:title\" content=\"Tapis d&#039;entr\u00e9e commerciaux pour prot\u00e9ger vos planchers | Tapis Normandy\" \/>\n<meta property=\"og:description\" content=\"Con\u00e7us pour prot\u00e9ger vos planchers, nos tapis d&#039;entr\u00e9e commerciaux offrent une capacit\u00e9 d&#039;absorption maximale. Parfait pour les entr\u00e9es \u00e0 passage fr\u00e9quent.\" \/>\n<meta property=\"og:url\" content=\"https:\/\/normandycarpets.ca\/fr\/tapis-dentree\/tapis-dentree-commercial\" \/>\n<meta property=\"article:modified_time\" content=\"2021-04-30T13:37:25+00:00\" \/>\n<meta name=\"twitter:card\" content=\"summary_large_image\" \/>\n<meta name=\"twitter:label1\" content=\"Dur\u00e9e de lecture estim\u00e9e\" \/>\n\t<meta name=\"twitter:data1\" content=\"1 minute\" \/>\n<script type=\"application\/ld+json\" class=\"yoast-schema-graph\">{\"@context\":\"https:\/\/schema.org\",\"@graph\":[{\"@type\":\"WebPage\",\"@id\":\"https:\/\/normandycarpets.ca\/fr\/tapis-dentree\/tapis-dentree-commercial\",\"url\":\"https:\/\/normandycarpets.ca\/fr\/tapis-dentree\/tapis-dentree-commercial\",\"name\":\"Tapis d'entr\u00e9e commerciaux pour prot\u00e9ger vos planchers | Tapis Normandy\",\"isPartOf\":{\"@id\":\"https:\/\/normandycarpets.ca\/fr\/#website\"},\"datePublished\":\"2018-09-06T19:56:15+00:00\",\"dateModified\":\"2021-04-30T13:37:25+00:00\",\"description\":\"Con\u00e7us pour prot\u00e9ger vos planchers, nos tapis d'entr\u00e9e commerciaux offrent une capacit\u00e9 d'absorption maximale. Parfait pour les entr\u00e9es \u00e0 passage fr\u00e9quent.\",\"breadcrumb\":{\"@id\":\"https:\/\/normandycarpets.ca\/fr\/tapis-dentree\/tapis-dentree-commercial#breadcrumb\"},\"inLanguage\":\"fr-FR\",\"potentialAction\":[{\"@type\":\"ReadAction\",\"target\":[\"https:\/\/normandycarpets.ca\/fr\/tapis-dentree\/tapis-dentree-commercial\"]}]},{\"@type\":\"BreadcrumbList\",\"@id\":\"https:\/\/normandycarpets.ca\/fr\/tapis-dentree\/tapis-dentree-commercial#breadcrumb\",\"itemListElement\":[{\"@type\":\"ListItem\",\"position\":1,\"name\":\"Home\",\"item\":\"https:\/\/normandycarpets.ca\/fr\"},{\"@type\":\"ListItem\",\"position\":2,\"name\":\"Tapis d&#8217;entr\u00e9e\",\"item\":\"https:\/\/normandycarpets.ca\/fr\/entrance-matting\"},{\"@type\":\"ListItem\",\"position\":3,\"name\":\"Tapis d&#8217;entr\u00e9e commercial\"}]},{\"@type\":\"WebSite\",\"@id\":\"https:\/\/normandycarpets.ca\/fr\/#website\",\"url\":\"https:\/\/normandycarpets.ca\/fr\/\",\"name\":\"\",\"description\":\"\",\"potentialAction\":[{\"@type\":\"SearchAction\",\"target\":{\"@type\":\"EntryPoint\",\"urlTemplate\":\"https:\/\/normandycarpets.ca\/fr\/?s={search_term_string}\"},\"query-input\":{\"@type\":\"PropertyValueSpecification\",\"valueRequired\":true,\"valueName\":\"search_term_string\"}}],\"inLanguage\":\"fr-FR\"}]}<\/script>\n<!-- \/ Yoast SEO plugin. -->","yoast_head_json":{"title":"Tapis d'entr\u00e9e commerciaux pour prot\u00e9ger vos planchers | Tapis Normandy","description":"Con\u00e7us pour prot\u00e9ger vos planchers, nos tapis d'entr\u00e9e commerciaux offrent une capacit\u00e9 d'absorption maximale. Parfait pour les entr\u00e9es \u00e0 passage fr\u00e9quent.","robots":{"index":"index","follow":"follow","max-snippet":"max-snippet:-1","max-image-preview":"max-image-preview:large","max-video-preview":"max-video-preview:-1"},"canonical":"https:\/\/normandycarpets.ca\/fr\/tapis-dentree\/tapis-dentree-commercial","og_locale":"fr_FR","og_type":"article","og_title":"Tapis d'entr\u00e9e commerciaux pour prot\u00e9ger vos planchers | Tapis Normandy","og_description":"Con\u00e7us pour prot\u00e9ger vos planchers, nos tapis d'entr\u00e9e commerciaux offrent une capacit\u00e9 d'absorption maximale. Parfait pour les entr\u00e9es \u00e0 passage fr\u00e9quent.","og_url":"https:\/\/normandycarpets.ca\/fr\/tapis-dentree\/tapis-dentree-commercial","article_modified_time":"2021-04-30T13:37:25+00:00","twitter_card":"summary_large_image","twitter_misc":{"Dur\u00e9e de lecture estim\u00e9e":"1 minute"},"schema":{"@context":"https:\/\/schema.org","@graph":[{"@type":"WebPage","@id":"https:\/\/normandycarpets.ca\/fr\/tapis-dentree\/tapis-dentree-commercial","url":"https:\/\/normandycarpets.ca\/fr\/tapis-dentree\/tapis-dentree-commercial","name":"Tapis d'entr\u00e9e commerciaux pour prot\u00e9ger vos planchers | Tapis Normandy","isPartOf":{"@id":"https:\/\/normandycarpets.ca\/fr\/#website"},"datePublished":"2018-09-06T19:56:15+00:00","dateModified":"2021-04-30T13:37:25+00:00","description":"Con\u00e7us pour prot\u00e9ger vos planchers, nos tapis d'entr\u00e9e commerciaux offrent une capacit\u00e9 d'absorption maximale. Parfait pour les entr\u00e9es \u00e0 passage fr\u00e9quent.","breadcrumb":{"@id":"https:\/\/normandycarpets.ca\/fr\/tapis-dentree\/tapis-dentree-commercial#breadcrumb"},"inLanguage":"fr-FR","potentialAction":[{"@type":"ReadAction","target":["https:\/\/normandycarpets.ca\/fr\/tapis-dentree\/tapis-dentree-commercial"]}]},{"@type":"BreadcrumbList","@id":"https:\/\/normandycarpets.ca\/fr\/tapis-dentree\/tapis-dentree-commercial#breadcrumb","itemListElement":[{"@type":"ListItem","position":1,"name":"Home","item":"https:\/\/normandycarpets.ca\/fr"},{"@type":"ListItem","position":2,"name":"Tapis d&#8217;entr\u00e9e","item":"https:\/\/normandycarpets.ca\/fr\/entrance-matting"},{"@type":"ListItem","position":3,"name":"Tapis d&#8217;entr\u00e9e commercial"}]},{"@type":"WebSite","@id":"https:\/\/normandycarpets.ca\/fr\/#website","url":"https:\/\/normandycarpets.ca\/fr\/","name":"","description":"","potentialAction":[{"@type":"SearchAction","target":{"@type":"EntryPoint","urlTemplate":"https:\/\/normandycarpets.ca\/fr\/?s={search_term_string}"},"query-input":{"@type":"PropertyValueSpecification","valueRequired":true,"valueName":"search_term_string"}}],"inLanguage":"fr-FR"}]}},"_links":{"self":[{"href":"https:\/\/normandycarpets.ca\/fr\/wp-json\/wp\/v2\/pages\/10486","targetHints":{"allow":["GET"]}}],"collection":[{"href":"https:\/\/normandycarpets.ca\/fr\/wp-json\/wp\/v2\/pages"}],"about":[{"href":"https:\/\/normandycarpets.ca\/fr\/wp-json\/wp\/v2\/types\/page"}],"author":[{"embeddable":true,"href":"https:\/\/normandycarpets.ca\/fr\/wp-json\/wp\/v2\/users\/2"}],"replies":[{"embeddable":true,"href":"https:\/\/normandycarpets.ca\/fr\/wp-json\/wp\/v2\/comments?post=10486"}],"version-history":[{"count":0,"href":"https:\/\/normandycarpets.ca\/fr\/wp-json\/wp\/v2\/pages\/10486\/revisions"}],"up":[{"embeddable":true,"href":"https:\/\/normandycarpets.ca\/fr\/wp-json\/wp\/v2\/pages\/10484"}],"wp:attachment":[{"href":"https:\/\/normandycarpets.ca\/fr\/wp-json\/wp\/v2\/media?parent=10486"}],"curies":[{"name":"wp","href":"https:\/\/api.w.org\/{rel}","templated":true}]}}