{"id":10484,"date":"2018-08-27T00:33:49","date_gmt":"2018-08-27T00:33:49","guid":{"rendered":"http:\/\/normandycarpets.ca\/entrance-matting"},"modified":"2021-05-03T20:41:51","modified_gmt":"2021-05-03T20:41:51","slug":"tapis-dentree","status":"publish","type":"page","link":"https:\/\/normandycarpets.ca\/fr\/tapis-dentree","title":{"rendered":"Tapis d&rsquo;entr\u00e9e"},"content":{"rendered":"<h1>Tapis d&rsquo;entr\u00e9e Montr\u00e9al<\/h1>\n<h2>Tapis d&rsquo;entr\u00e9e<\/h2>\n<div>\n<p>Rehausser votre entr\u00e9e commerciale avec des tapis d&rsquo;entr\u00e9e de qualit\u00e9 parmi la collection TAPIS D&rsquo;ENTR\u00c9E de Tapis Normandy. R\u00e9duisez les co\u00fbts d&rsquo;entretien et \u00e9vitez les traces de salet\u00e9 et liquide dans votre b\u00e2timent. De l&rsquo;ext\u00e9rieur \u00e0 l&rsquo;int\u00e9rieur, nous proposons une gamme compl\u00e8te de tapis \u00e0 gratter et avec logo personnalis\u00e9.<\/p>\n<p>Choisissez un tapis d&rsquo;entr\u00e9e commercial qui contribue \u00e0 \u00e9gayer et \u00e0 embellir votre espace commercial ou mettez en valeur votre marque personnelle avec un tapis d&rsquo;entr\u00e9e avec logo qui refl\u00e8te vraiment votre entreprise.<\/p>\n<p>S\u00e9lectionnez une cat\u00e9gorie ci-dessous pour trouver le tapis d&rsquo;entr\u00e9e que vous recherchez.<\/p>\n<\/div>\n<ul>\n<li>\n<p>        <img decoding=\"async\" data-src=\"wp-content\/uploads\/Tapis-dEntree-Commercial-Montreal.jpg\" alt=\"\" src=\"data:image\/svg+xml;base64,PHN2ZyB3aWR0aD0iMSIgaGVpZ2h0PSIxIiB4bWxucz0iaHR0cDovL3d3dy53My5vcmcvMjAwMC9zdmciPjwvc3ZnPg==\" class=\"lazyload\"><\/p>\n<h2>Tapis d&rsquo;entr\u00e9e commercial<\/h2>\n<p><a href=\"fr\/tapis-dentree\/tapis-dentree-commercial\">Read more<\/a><\/p>\n<\/li>\n<li>\n<p>        <img decoding=\"async\" data-src=\"wp-content\/uploads\/Tapis-Imprimer-Personnaliser-Montreal.jpg\" alt=\"\" src=\"data:image\/svg+xml;base64,PHN2ZyB3aWR0aD0iMSIgaGVpZ2h0PSIxIiB4bWxucz0iaHR0cDovL3d3dy53My5vcmcvMjAwMC9zdmciPjwvc3ZnPg==\" class=\"lazyload\"><\/p>\n<h2>Tapis Logo<\/h2>\n<p><a href=\"fr\/tapis-dentree\/tapis-logo\">Read more<\/a><\/p>\n<\/li>\n<\/ul>\n<h2><a href=\"fr\/soumission-en-ligne-gratuite\">Obtenir une soumission en ligne gratuite<\/a><\/h2>\n<h2><a href=\"fr\/communiquez-avec-nous#consultation\"><\/p>\n<p>Demander une consultation<\/p>\n<p><\/a><\/h2>\n<p><!-- {\"name\":\"Portfolio\",\"type\":\"layout\",\"children\":[{\"name\":\"Products\",\"type\":\"section\",\"props\":{\"style\":\"default\",\"width\":\"default\",\"vertical_align\":\"middle\",\"title_position\":\"top-left\",\"title_rotation\":\"left\",\"title_breakpoint\":\"xl\",\"image_position\":\"center-center\",\"padding\":\"small\",\"image_effect\":\"\"},\"children\":[{\"name\":\"\",\"type\":\"row\",\"props\":{\"fixed_width\":\"large\",\"breakpoint\":\"m\",\"layout\":\"1-1\",\"margin_remove_top\":false},\"children\":[{\"name\":\"\",\"type\":\"column\",\"props\":{\"image_position\":\"center-center\",\"image\":\"\",\"media_overlay_gradient\":\"\"},\"children\":[{\"name\":\"\",\"type\":\"headline\",\"props\":{\"title_element\":\"h1\",\"content\":\"Tapis d'entr\\u00e9e Montr\\u00e9al\",\"title_style\":\"h1\",\"title_decoration\":\"\",\"text_align\":\"center\",\"text_align_breakpoint\":\"\",\"text_align_fallback\":\"center\",\"margin\":\"default\",\"animation\":\"\",\"parallax_opacity_start\":\"\",\"parallax_opacity_end\":\"1\",\"parallax_viewport\":0.299999999999999988897769753748434595763683319091796875,\"maxwidth\":\"\",\"maxwidth_breakpoint\":\"m\",\"title_font_family\":\"\",\"title_color\":\"\",\"position\":\"\",\"position_z_index\":\"\",\"block_align\":\"\",\"block_align_breakpoint\":\"\",\"block_align_fallback\":\"\",\"visibility\":\"\"}},{\"name\":\"\",\"type\":\"headline\",\"props\":{\"title_element\":\"h2\",\"content\":\"Tapis d'entr\\u00e9e\",\"title_style\":\"h2\",\"title_decoration\":\"line\",\"text_align\":\"center\",\"text_align_breakpoint\":\"\",\"text_align_fallback\":\"center\",\"margin\":\"default\",\"animation\":\"\",\"parallax_opacity_start\":\"\",\"parallax_opacity_end\":\"1\",\"parallax_viewport\":0.299999999999999988897769753748434595763683319091796875,\"maxwidth\":\"\",\"maxwidth_breakpoint\":\"m\",\"title_font_family\":\"\",\"title_color\":\"\",\"position\":\"\",\"position_z_index\":\"\",\"block_align\":\"\",\"block_align_breakpoint\":\"\",\"block_align_fallback\":\"\",\"visibility\":\"\",\"margin_remove_top\":true}},{\"type\":\"text\",\"props\":{\"margin\":\"default\",\"column_breakpoint\":\"m\",\"text_style\":\"\",\"text_color\":\"\",\"text_size\":\"\",\"column\":\"\",\"position\":\"\",\"position_z_index\":\"\",\"maxwidth\":\"\",\"maxwidth_breakpoint\":\"\",\"block_align\":\"\",\"block_align_breakpoint\":\"\",\"block_align_fallback\":\"\",\"text_align\":\"center\",\"text_align_breakpoint\":\"\",\"text_align_fallback\":\"\",\"animation\":\"\",\"visibility\":\"\",\"content\":\"\n\n<p>Rehausser votre entr\\u00e9e commerciale avec des tapis d'entr\\u00e9e de qualit\\u00e9 parmi la collection TAPIS D'ENTR\\u00c9E de Tapis Normandy. R\\u00e9duisez les co\\u00fbts d'entretien et \\u00e9vitez les traces de salet\\u00e9 et liquide dans votre b\\u00e2timent. De l'ext\\u00e9rieur \\u00e0 l'int\\u00e9rieur, nous proposons une gamme compl\\u00e8te de tapis \\u00e0 gratter et avec logo personnalis\\u00e9.<\\\/p>\\n\n\n<p>Choisissez un tapis d'entr\\u00e9e commercial qui contribue \\u00e0 \\u00e9gayer et \\u00e0 embellir votre espace commercial ou mettez en valeur votre marque personnelle avec un tapis d'entr\\u00e9e avec logo qui refl\\u00e8te vraiment votre entreprise.<\\\/p>\\n\n\n<p>S\\u00e9lectionnez une cat\\u00e9gorie ci-dessous pour trouver le tapis d'entr\\u00e9e que vous recherchez.<\\\/p>\"}}]}]},{\"type\":\"row\",\"props\":{\"layout\":\"1-1\",\"breakpoint\":\"m\",\"fixed_width\":\"large\",\"column_gap\":\"\",\"row_gap\":\"\",\"width\":\"\",\"width_expand\":\"\",\"height\":\"\",\"margin\":\"\"},\"children\":[{\"type\":\"column\",\"props\":{\"image_position\":\"center-center\",\"media_overlay_gradient\":\"\",\"vertical_align\":\"\",\"style\":\"\",\"text_color\":\"\",\"padding\":\"\"},\"children\":[{\"type\":\"grid\",\"props\":{\"show_title\":true,\"show_meta\":true,\"show_content\":true,\"show_image\":true,\"show_link\":true,\"grid_default\":\"1\",\"grid_medium\":\"2\",\"filter_style\":\"tab\",\"filter_all\":true,\"filter_position\":\"top\",\"filter_align\":\"left\",\"filter_grid_width\":\"auto\",\"filter_grid_breakpoint\":\"m\",\"title_hover_style\":\"reset\",\"title_element\":\"h2\",\"title_align\":\"top\",\"title_grid_width\":\"1-2\",\"title_grid_breakpoint\":\"m\",\"meta_style\":\"meta\",\"meta_align\":\"below-title\",\"icon_ratio\":4,\"image_align\":\"top\",\"image_grid_width\":\"1-2\",\"image_grid_breakpoint\":\"m\",\"image_svg_color\":\"emphasis\",\"link_text\":\"Read more\",\"link_style\":\"default\",\"margin\":\"default\",\"item_animation\":\"\",\"grid_column_gap\":\"\",\"grid_row_gap\":\"\",\"grid_small\":\"2\",\"grid_large\":\"2\",\"grid_xlarge\":\"2\",\"filter_margin\":\"\",\"filter_grid_column_gap\":\"\",\"filter_grid_row_gap\":\"\",\"title_display\":\"\",\"content_display\":\"\",\"panel_style\":\"\",\"panel_content_padding\":\"\",\"panel_size\":\"\",\"item_maxwidth\":\"\",\"title_style\":\"h6\",\"title_decoration\":\"\",\"title_font_family\":\"\",\"title_color\":\"\",\"title_grid_column_gap\":\"\",\"title_grid_row_gap\":\"\",\"title_margin\":\"\",\"meta_color\":\"\",\"meta_margin\":\"\",\"content_style\":\"\",\"content_margin\":\"\",\"image_transition\":\"\",\"image_border\":\"\",\"image_box_shadow\":\"\",\"image_hover_box_shadow\":\"\",\"image_box_decoration\":\"\",\"icon_color\":\"\",\"image_grid_column_gap\":\"\",\"image_grid_row_gap\":\"\",\"image_margin\":\"\",\"link_type\":\"content\",\"link_size\":\"\",\"link_margin\":\"\",\"position\":\"\",\"position_z_index\":\"\",\"maxwidth\":\"\",\"maxwidth_breakpoint\":\"\",\"block_align\":\"\",\"block_align_breakpoint\":\"\",\"block_align_fallback\":\"\",\"text_align\":\"center\",\"text_align_breakpoint\":\"\",\"text_align_fallback\":\"\",\"visibility\":\"\",\"image_width\":\"600\",\"image_height\":\"400\"},\"children\":[{\"type\":\"grid_item\",\"props\":{\"title\":\"Tapis d'entr\\u00e9e commercial\",\"image\":\"wp-content\\\/uploads\\\/Tapis-dEntree-Commercial-Montreal.jpg\",\"link\":\"fr\\\/tapis-dentree\\\/tapis-dentree-commercial\"}},{\"type\":\"grid_item\",\"props\":{\"title\":\"Tapis Logo\",\"image\":\"wp-content\\\/uploads\\\/Tapis-Imprimer-Personnaliser-Montreal.jpg\",\"link\":\"fr\\\/tapis-dentree\\\/tapis-logo\"}}]}]}]}]},{\"name\":\"Call to Action\",\"type\":\"section\",\"props\":{\"style\":\"default\",\"width\":\"\",\"vertical_align\":\"middle\",\"title_position\":\"top-left\",\"title_rotation\":\"left\",\"title_breakpoint\":\"xl\",\"image_position\":\"center-center\",\"padding\":\"none\",\"image_effect\":\"\"},\"children\":[{\"name\":\"\",\"type\":\"row\",\"props\":{\"fixed_width\":\"large\",\"breakpoint\":\"m\",\"layout\":\",\",\"vertical_align\":false,\"match\":true,\"column_gap\":\"collapse\",\"row_gap\":\"collapse\"},\"children\":[{\"name\":\"\",\"type\":\"column\",\"props\":{\"image_position\":\"center-center\",\"style\":\"primary\",\"media_overlay_gradient\":\"\"},\"children\":[{\"name\":\"get a free quote CTA\",\"type\":\"headline\",\"props\":{\"title_element\":\"h2\",\"title_style\":\"h3\",\"text_align\":\"center\",\"content\":\"Obtenir une soumission en ligne gratuite\",\"link\":\"fr\\\/soumission-en-ligne-gratuite\",\"maxwidth\":\"\",\"animation\":\"none\",\"parallax_y_start\":\"30\",\"parallax_y_end\":\"0\",\"parallax_opacity_start\":\"0\",\"parallax_opacity_end\":\"1\",\"parallax_viewport\":\"0.3\",\"link_style\":true,\"link_target\":false,\"block_align\":\"center\"}}]},{\"name\":\"\",\"type\":\"column\",\"props\":{\"image_position\":\"center-center\",\"style\":\"secondary\",\"media_overlay_gradient\":\"\"},\"children\":[{\"name\":\"consultation CTA\",\"type\":\"headline\",\"props\":{\"title_element\":\"h2\",\"title_style\":\"h3\",\"text_align\":\"center\",\"content\":\"\n\n<p>Demander une consultation<\\\/p>\",\"link\":\"fr\\\/communiquez-avec-nous#consultation\",\"maxwidth\":\"\",\"animation\":\"none\",\"parallax_y_start\":\"30\",\"parallax_y_end\":\"0\",\"parallax_opacity_start\":\"0\",\"parallax_opacity_end\":\"1\",\"parallax_viewport\":\"0.3\",\"link_style\":true,\"block_align\":\"center\"}}]}]}]}],\"props\":[],\"version\":\"1.22.8\"} --><\/p>\n","protected":false},"excerpt":{"rendered":"<p>Tapis d&rsquo;entr\u00e9e Montr\u00e9al Tapis d&rsquo;entr\u00e9e Rehausser votre entr\u00e9e commerciale avec des tapis d&rsquo;entr\u00e9e de qualit\u00e9 parmi la collection TAPIS D&rsquo;ENTR\u00c9E de Tapis Normandy. R\u00e9duisez les co\u00fbts d&rsquo;entretien et \u00e9vitez les traces de salet\u00e9 et liquide dans votre b\u00e2timent. De l&rsquo;ext\u00e9rieur \u00e0 l&rsquo;int\u00e9rieur, nous proposons une gamme compl\u00e8te de tapis \u00e0 gratter et avec logo personnalis\u00e9. [&hellip;]<\/p>\n","protected":false},"author":2,"featured_media":0,"parent":0,"menu_order":3,"comment_status":"closed","ping_status":"closed","template":"","meta":{"footnotes":""},"class_list":["post-10484","page","type-page","status-publish","hentry"],"yoast_head":"<!-- This site is optimized with the Yoast SEO plugin v26.4 - https:\/\/yoast.com\/wordpress\/plugins\/seo\/ -->\n<title>Tapis d&#039;entr\u00e9e commerciaux et \u00e0 logos Montr\u00e9al | Tapis Normandy<\/title>\n<meta name=\"description\" content=\"Con\u00e7us pour prot\u00e9ger vos sols, nos tapis d&#039;entr\u00e9e commerciaux sont parfaits pour les vestibules, les halls et les entr\u00e9es \u00e0 fort trafic.\" \/>\n<meta name=\"robots\" content=\"index, follow, max-snippet:-1, max-image-preview:large, max-video-preview:-1\" \/>\n<link rel=\"canonical\" href=\"https:\/\/normandycarpets.ca\/fr\/tapis-dentree\" \/>\n<meta property=\"og:locale\" content=\"fr_FR\" \/>\n<meta property=\"og:type\" content=\"article\" \/>\n<meta property=\"og:title\" content=\"Tapis d&#039;entr\u00e9e commerciaux et \u00e0 logos Montr\u00e9al | Tapis Normandy\" \/>\n<meta property=\"og:description\" content=\"Con\u00e7us pour prot\u00e9ger vos sols, nos tapis d&#039;entr\u00e9e commerciaux sont parfaits pour les vestibules, les halls et les entr\u00e9es \u00e0 fort trafic.\" \/>\n<meta property=\"og:url\" content=\"https:\/\/normandycarpets.ca\/fr\/tapis-dentree\" \/>\n<meta property=\"article:modified_time\" content=\"2021-05-03T20:41:51+00:00\" \/>\n<meta name=\"twitter:card\" content=\"summary_large_image\" \/>\n<meta name=\"twitter:label1\" content=\"Dur\u00e9e de lecture estim\u00e9e\" \/>\n\t<meta name=\"twitter:data1\" content=\"1 minute\" \/>\n<script type=\"application\/ld+json\" class=\"yoast-schema-graph\">{\"@context\":\"https:\/\/schema.org\",\"@graph\":[{\"@type\":\"WebPage\",\"@id\":\"https:\/\/normandycarpets.ca\/fr\/tapis-dentree\",\"url\":\"https:\/\/normandycarpets.ca\/fr\/tapis-dentree\",\"name\":\"Tapis d'entr\u00e9e commerciaux et \u00e0 logos Montr\u00e9al | Tapis Normandy\",\"isPartOf\":{\"@id\":\"https:\/\/normandycarpets.ca\/fr\/#website\"},\"datePublished\":\"2018-08-27T00:33:49+00:00\",\"dateModified\":\"2021-05-03T20:41:51+00:00\",\"description\":\"Con\u00e7us pour prot\u00e9ger vos sols, nos tapis d'entr\u00e9e commerciaux sont parfaits pour les vestibules, les halls et les entr\u00e9es \u00e0 fort trafic.\",\"breadcrumb\":{\"@id\":\"https:\/\/normandycarpets.ca\/fr\/tapis-dentree#breadcrumb\"},\"inLanguage\":\"fr-FR\",\"potentialAction\":[{\"@type\":\"ReadAction\",\"target\":[\"https:\/\/normandycarpets.ca\/fr\/tapis-dentree\"]}]},{\"@type\":\"BreadcrumbList\",\"@id\":\"https:\/\/normandycarpets.ca\/fr\/tapis-dentree#breadcrumb\",\"itemListElement\":[{\"@type\":\"ListItem\",\"position\":1,\"name\":\"Home\",\"item\":\"https:\/\/normandycarpets.ca\/fr\"},{\"@type\":\"ListItem\",\"position\":2,\"name\":\"Tapis d&#8217;entr\u00e9e\"}]},{\"@type\":\"WebSite\",\"@id\":\"https:\/\/normandycarpets.ca\/fr\/#website\",\"url\":\"https:\/\/normandycarpets.ca\/fr\/\",\"name\":\"\",\"description\":\"\",\"potentialAction\":[{\"@type\":\"SearchAction\",\"target\":{\"@type\":\"EntryPoint\",\"urlTemplate\":\"https:\/\/normandycarpets.ca\/fr\/?s={search_term_string}\"},\"query-input\":{\"@type\":\"PropertyValueSpecification\",\"valueRequired\":true,\"valueName\":\"search_term_string\"}}],\"inLanguage\":\"fr-FR\"}]}<\/script>\n<!-- \/ Yoast SEO plugin. -->","yoast_head_json":{"title":"Tapis d'entr\u00e9e commerciaux et \u00e0 logos Montr\u00e9al | Tapis Normandy","description":"Con\u00e7us pour prot\u00e9ger vos sols, nos tapis d'entr\u00e9e commerciaux sont parfaits pour les vestibules, les halls et les entr\u00e9es \u00e0 fort trafic.","robots":{"index":"index","follow":"follow","max-snippet":"max-snippet:-1","max-image-preview":"max-image-preview:large","max-video-preview":"max-video-preview:-1"},"canonical":"https:\/\/normandycarpets.ca\/fr\/tapis-dentree","og_locale":"fr_FR","og_type":"article","og_title":"Tapis d'entr\u00e9e commerciaux et \u00e0 logos Montr\u00e9al | Tapis Normandy","og_description":"Con\u00e7us pour prot\u00e9ger vos sols, nos tapis d'entr\u00e9e commerciaux sont parfaits pour les vestibules, les halls et les entr\u00e9es \u00e0 fort trafic.","og_url":"https:\/\/normandycarpets.ca\/fr\/tapis-dentree","article_modified_time":"2021-05-03T20:41:51+00:00","twitter_card":"summary_large_image","twitter_misc":{"Dur\u00e9e de lecture estim\u00e9e":"1 minute"},"schema":{"@context":"https:\/\/schema.org","@graph":[{"@type":"WebPage","@id":"https:\/\/normandycarpets.ca\/fr\/tapis-dentree","url":"https:\/\/normandycarpets.ca\/fr\/tapis-dentree","name":"Tapis d'entr\u00e9e commerciaux et \u00e0 logos Montr\u00e9al | Tapis Normandy","isPartOf":{"@id":"https:\/\/normandycarpets.ca\/fr\/#website"},"datePublished":"2018-08-27T00:33:49+00:00","dateModified":"2021-05-03T20:41:51+00:00","description":"Con\u00e7us pour prot\u00e9ger vos sols, nos tapis d'entr\u00e9e commerciaux sont parfaits pour les vestibules, les halls et les entr\u00e9es \u00e0 fort trafic.","breadcrumb":{"@id":"https:\/\/normandycarpets.ca\/fr\/tapis-dentree#breadcrumb"},"inLanguage":"fr-FR","potentialAction":[{"@type":"ReadAction","target":["https:\/\/normandycarpets.ca\/fr\/tapis-dentree"]}]},{"@type":"BreadcrumbList","@id":"https:\/\/normandycarpets.ca\/fr\/tapis-dentree#breadcrumb","itemListElement":[{"@type":"ListItem","position":1,"name":"Home","item":"https:\/\/normandycarpets.ca\/fr"},{"@type":"ListItem","position":2,"name":"Tapis d&#8217;entr\u00e9e"}]},{"@type":"WebSite","@id":"https:\/\/normandycarpets.ca\/fr\/#website","url":"https:\/\/normandycarpets.ca\/fr\/","name":"","description":"","potentialAction":[{"@type":"SearchAction","target":{"@type":"EntryPoint","urlTemplate":"https:\/\/normandycarpets.ca\/fr\/?s={search_term_string}"},"query-input":{"@type":"PropertyValueSpecification","valueRequired":true,"valueName":"search_term_string"}}],"inLanguage":"fr-FR"}]}},"_links":{"self":[{"href":"https:\/\/normandycarpets.ca\/fr\/wp-json\/wp\/v2\/pages\/10484","targetHints":{"allow":["GET"]}}],"collection":[{"href":"https:\/\/normandycarpets.ca\/fr\/wp-json\/wp\/v2\/pages"}],"about":[{"href":"https:\/\/normandycarpets.ca\/fr\/wp-json\/wp\/v2\/types\/page"}],"author":[{"embeddable":true,"href":"https:\/\/normandycarpets.ca\/fr\/wp-json\/wp\/v2\/users\/2"}],"replies":[{"embeddable":true,"href":"https:\/\/normandycarpets.ca\/fr\/wp-json\/wp\/v2\/comments?post=10484"}],"version-history":[{"count":0,"href":"https:\/\/normandycarpets.ca\/fr\/wp-json\/wp\/v2\/pages\/10484\/revisions"}],"wp:attachment":[{"href":"https:\/\/normandycarpets.ca\/fr\/wp-json\/wp\/v2\/media?parent=10484"}],"curies":[{"name":"wp","href":"https:\/\/api.w.org\/{rel}","templated":true}]}}