{"id":10476,"date":"2018-10-07T13:44:02","date_gmt":"2018-10-07T13:44:02","guid":{"rendered":"http:\/\/normandycarpets.ca\/commercial\/vinyl-sheet-flooring\/tone-on-tone"},"modified":"2018-12-27T20:40:11","modified_gmt":"2018-12-27T20:40:11","slug":"ton-sur-ton","status":"publish","type":"page","link":"https:\/\/normandycarpets.ca\/fr\/commercial\/revetement-de-sol-en-vinyle\/ton-sur-ton","title":{"rendered":"Ton sur Ton"},"content":{"rendered":"<p>&lt; Rev\u00eatement de sol en vinyle<\/p>\n<p>Ton sur Ton<\/p>\n<p>Code: 10001<\/p>\n<p>Code: 10001<\/p>\n<p>Mat\u00e9riaux<\/p>\n<p>Rev\u00eatement de sol en linol\u00e9um r\u00e9silient<\/p>\n<p>Tailles disponibles<\/p>\n<p>\n6.5&prime; X 105&prime; |\u00a0200 cm X 32 m\n<\/p>\n<p>Sp\u00e9cifications<\/p>\n<p>\n\u00c9paisseur 1\/10&Prime; | 2.5 mm<br \/>\nFait \u00e0 partir d&rsquo;ingr\u00e9dients naturels dont de l\u2019huile de lin, des colophanes, de la farine de bois, du calcaire, et des pigments secs, qui sont m\u00e9lang\u00e9s puis calendr\u00e9s sur un support en jute.<br \/>\nRespecte ou d\u00e9passe la r\u00e9sistance au glissement recommand\u00e9e par l\u2019industrie de &gt;0,5 pour surfaces planes<br \/>\nR\u00e9siste \u00e0 la croissance des bact\u00e9ries telles que Staphylococcus aureus, Clostridium difficile, et Klebsiella (pneumonie).<br \/>\nNaturellement antistatique\n<\/p>\n<p>Gamme de prix<\/p>\n<p>$$$$$<\/p>\n<p>Garantie<\/p>\n<p>Garantie commerciale limit\u00e9e de 30 ans<\/p>\n<p>Nous joindre pour les d\u00e9tails<\/p>\n<p>Obtenir une soumission en ligne gratuite<\/p>\n<p>Demander une consultation<\/p>\n<p><!-- {\"name\":\"\",\"type\":\"layout\",\"children\":[{\"name\":\"Hero\",\"type\":\"section\",\"props\":{\"style\":\"default\",\"width\":\"default\",\"vertical_align\":\"middle\",\"title_position\":\"top-left\",\"title_rotation\":\"left\",\"title_breakpoint\":\"xl\",\"image_position\":\"center-center\",\"padding\":\"small\",\"header_transparent\":\"\",\"image\":\"\",\"image_size\":\"cover\",\"image_effect\":\"parallax\",\"image_parallax_bgx_start\":\"\",\"image_parallax_bgx_end\":\"\",\"image_parallax_bgy_start\":\"80\",\"image_parallax_bgy_end\":\"-40\",\"header_transparent_noplaceholder\":true,\"height\":\"\",\"image_width\":\"2560\",\"image_height\":\"1200\",\"media_overlay\":\"rgba(0, 0, 0, 0.22)\",\"padding_remove_bottom\":false},\"children\":[{\"name\":\"\",\"type\":\"row\",\"props\":{\"fixed_width\":\"large\",\"breakpoint\":\"m\",\"layout\":\"1-1\"},\"children\":[{\"name\":\"\",\"type\":\"column\",\"props\":{\"widths\":[\"1-1\"],\"image_position\":\"center-center\"},\"children\":[{\"name\":\"\",\"type\":\"headline\",\"props\":{\"title_element\":\"h1\",\"content\":\"&lt; Rev\\u00eatement de sol en vinyle\",\"title_style\":\"h6\",\"title_decoration\":\"line\",\"text_align\":\"left\",\"text_align_breakpoint\":\"s\",\"text_align_fallback\":\"center\",\"margin\":\"default\",\"animation\":\"parallax\",\"parallax_x_start\":0,\"parallax_x_end\":-20,\"parallax_opacity_start\":\"1\",\"parallax_opacity_end\":\"0\",\"link\":\"fr\\\/commercial\\\/revetement-de-sol-en-vinyle\",\"margin_remove_top\":false}},{\"name\":\"\",\"type\":\"headline\",\"props\":{\"title_element\":\"h2\",\"content\":\"Ton sur Ton\",\"title_style\":\"h2\",\"text_align\":\"left\",\"text_align_breakpoint\":\"s\",\"text_align_fallback\":\"left\",\"margin\":\"default\",\"animation\":\"parallax\",\"parallax_x_start\":\"0\",\"parallax_x_end\":\"16\",\"parallax_opacity_start\":\"1\",\"parallax_opacity_end\":\"0\",\"title_color\":\"\",\"link\":\"\"}}]}]}]},{\"name\":\"About\",\"type\":\"section\",\"props\":{\"style\":\"default\",\"width\":\"default\",\"vertical_align\":\"middle\",\"title_position\":\"top-left\",\"title_rotation\":\"left\",\"title_breakpoint\":\"xl\",\"image_position\":\"center-center\",\"padding\":\"\",\"padding_remove_top\":true,\"padding_remove_bottom\":false},\"children\":[{\"name\":\"\",\"type\":\"row\",\"props\":{\"fixed_width\":\"xlarge\",\"breakpoint\":\"m\",\"layout\":\"fixed,\",\"gutter\":\"large\",\"margin\":\"large\",\"margin_remove_top\":true,\"margin_remove_bottom\":false},\"children\":[{\"name\":\"\",\"type\":\"column\",\"props\":{\"widths\":[\"fixed\"],\"image_position\":\"center-center\"},\"children\":[{\"name\":\"\",\"type\":\"image\",\"props\":{\"margin\":\"default\",\"image\":\"wp-content\\\/uploads\\\/tone-1.jpg\"}},{\"name\":\"\",\"type\":\"gallery\",\"props\":{\"show_title\":true,\"show_meta\":false,\"show_content\":false,\"show_link\":false,\"show_hover_image\":false,\"grid_default\":\"2\",\"grid_medium\":\"3\",\"overlay_mode\":\"caption\",\"overlay_position\":\"top\",\"overlay_transition\":\"fade\",\"title_element\":\"h5\",\"meta_style\":\"meta\",\"meta_align\":\"bottom\",\"text_align\":\"center\",\"margin\":\"medium\",\"lightbox\":true,\"grid_large\":\"4\",\"content_style\":\"\",\"image_orientation\":true,\"image_hover_box_shadow\":\"medium\",\"image_box_shadow_bottom\":false,\"lightbox_image_orientation\":true,\"title_display\":\"lightbox\",\"margin_remove_top\":false,\"item_animation\":\"\",\"parallax_opacity_start\":\"0\",\"parallax_opacity_end\":\"1\",\"gutter\":\"medium\",\"grid_small\":\"3\",\"grid_xlarge\":\"\"},\"children\":[{\"name\":\"\",\"type\":\"gallery_item\",\"props\":{\"image\":\"wp-content\\\/uploads\\\/3846-natural-corn.jpg\",\"title\":\"3846 natural corn\"}},{\"name\":\"\",\"type\":\"gallery_item\",\"props\":{\"image\":\"wp-content\\\/uploads\\\/3847-golden-saffron.jpg\",\"meta\":\"\",\"content\":\"\n\n<p>Code: 10001<\\\/p>\",\"title\":\"3847 golden saffron\",\"hover_image\":\"\"}},{\"name\":\"\",\"type\":\"gallery_item\",\"props\":{\"image\":\"wp-content\\\/uploads\\\/3825-african-desert.jpg\",\"title\":\"3825 african desert\"}},{\"name\":\"\",\"type\":\"gallery_item\",\"props\":{\"image\":\"wp-content\\\/uploads\\\/3870-red-copper.jpg\",\"title\":\"3870 red copper\"}},{\"name\":\"\",\"type\":\"gallery_item\",\"props\":{\"image\":\"wp-content\\\/uploads\\\/3881-green-wellness.jpg\",\"title\":\"3881 green wellness\"}},{\"name\":\"\",\"type\":\"gallery_item\",\"props\":{\"image\":\"wp-content\\\/uploads\\\/3885-spring-buds.jpg\",\"title\":\"3885 spring buds\"}},{\"name\":\"\",\"type\":\"gallery_item\",\"props\":{\"image\":\"wp-content\\\/uploads\\\/3882-relaxing-lagoon.jpg\",\"title\":\"3882 relaxing lagoon\"}},{\"name\":\"\",\"type\":\"gallery_item\",\"props\":{\"image\":\"wp-content\\\/uploads\\\/3884-frost.jpg\",\"title\":\"3884 frost\"}},{\"name\":\"\",\"type\":\"gallery_item\",\"props\":{\"image\":\"wp-content\\\/uploads\\\/3858-barbados.jpg\",\"title\":\"3858 barbados\"}},{\"name\":\"\",\"type\":\"gallery_item\",\"props\":{\"image\":\"wp-content\\\/uploads\\\/3861-arabian-pearl.jpg\",\"title\":\"3861 arabian pearl\"}},{\"name\":\"\",\"type\":\"gallery_item\",\"props\":{\"image\":\"wp-content\\\/uploads\\\/3871-silver-birch.jpg\",\"title\":\"3871 silver birch\"}},{\"name\":\"\",\"type\":\"gallery_item\",\"props\":{\"image\":\"wp-content\\\/uploads\\\/3876-camel.jpg\",\"title\":\"3876 camel\"}},{\"name\":\"\",\"type\":\"gallery_item\",\"props\":{\"image\":\"wp-content\\\/uploads\\\/3874-walnut.jpg\",\"meta\":\"\",\"title\":\"3874 walnut\"}},{\"name\":\"\",\"type\":\"gallery_item\",\"props\":{\"image\":\"wp-content\\\/uploads\\\/3886-mother-of-pearl.jpg\",\"title\":\"3886 mother of pearl\"}},{\"name\":\"\",\"type\":\"gallery_item\",\"props\":{\"image\":\"wp-content\\\/uploads\\\/3860-silver-shadow.jpg\",\"title\":\"3860 silver shadow\"}},{\"name\":\"\",\"type\":\"gallery_item\",\"props\":{\"image\":\"wp-content\\\/uploads\\\/3828-blue-heaven.jpg\",\"title\":\"3828 blue heaven\"}},{\"name\":\"\",\"type\":\"gallery_item\",\"props\":{\"image\":\"wp-content\\\/uploads\\\/3883-moonstone.jpg\",\"title\":\"3883 moonstone\"}},{\"name\":\"\",\"type\":\"gallery_item\",\"props\":{\"image\":\"wp-content\\\/uploads\\\/3866-eternity.jpg\",\"meta\":\"\",\"content\":\"\n\n<p>Code: 10001<\\\/p>\",\"title\":\"3866 eternity\"}},{\"name\":\"\",\"type\":\"gallery_item\",\"props\":{\"image\":\"wp-content\\\/uploads\\\/3872-volcanic-ash.jpg\",\"title\":\"3872 volcanic ash\"}},{\"name\":\"\",\"type\":\"gallery_item\",\"props\":{\"image\":\"wp-content\\\/uploads\\\/tone-1.jpg\",\"title\":\"View 1\"}}]}]},{\"name\":\"\",\"type\":\"column\",\"props\":{\"widths\":[\"\"],\"image_position\":\"center-center\"},\"children\":[{\"name\":\"\",\"type\":\"headline\",\"props\":{\"title_element\":\"h3\",\"content\":\"\n\n<p>Mat\\u00e9riaux<\\\/p>\",\"title_style\":\"h6\",\"title_color\":\"primary\",\"text_align\":\"left\",\"margin\":\"small\",\"text_align_breakpoint\":\"s\",\"text_align_fallback\":\"center\",\"animation\":\"parallax\",\"parallax_opacity_start\":\"1\",\"parallax_opacity_end\":\"0\"}},{\"name\":\"\",\"type\":\"text\",\"props\":{\"margin\":\"default\",\"column_breakpoint\":\"m\",\"content\":\"\n\n<p>Rev\\u00eatement de sol en linol\\u00e9um r\\u00e9silient<\\\/p>\"}},{\"name\":\"\",\"type\":\"headline\",\"props\":{\"title_element\":\"h3\",\"content\":\"\n\n<p>Tailles disponibles<\\\/p>\",\"title_style\":\"h6\",\"title_color\":\"primary\",\"text_align\":\"left\",\"margin\":\"small\",\"text_align_breakpoint\":\"s\",\"text_align_fallback\":\"center\",\"animation\":\"parallax\",\"parallax_opacity_start\":\"1\",\"parallax_opacity_end\":\"0\"}},{\"name\":\"\",\"type\":\"text\",\"props\":{\"margin\":\"default\",\"column_breakpoint\":\"m\",\"content\":\"\n\n<ul>\\n\n\n<li>6.5' X 105' |\\u00a0200 cm X 32 m<\\\/li>\\n<\\\/ul>\"}},{\"name\":\"\",\"type\":\"headline\",\"props\":{\"title_element\":\"h3\",\"content\":\"\n\n<p>Sp\\u00e9cifications<\\\/p>\",\"title_style\":\"h6\",\"title_color\":\"primary\",\"text_align\":\"left\",\"margin\":\"small\",\"text_align_breakpoint\":\"s\",\"text_align_fallback\":\"center\",\"animation\":\"parallax\",\"parallax_opacity_start\":\"1\",\"parallax_opacity_end\":\"0\"}},{\"name\":\"\",\"type\":\"text\",\"props\":{\"margin\":\"default\",\"column_breakpoint\":\"m\",\"content\":\"\n\n<ul>\\n\n\n<li>\\u00c9paisseur 1\\\/10\\\" | 2.5 mm<\\\/li>\\n\n\n<li>Fait \\u00e0 partir d'ingr\\u00e9dients naturels dont de l\\u2019huile de lin, des colophanes, de la farine de bois, du calcaire, et des pigments secs, qui sont m\\u00e9lang\\u00e9s puis calendr\\u00e9s sur un support en jute.<\\\/li>\\n\n\n<li>Respecte ou d\\u00e9passe la r\\u00e9sistance au glissement recommand\\u00e9e par l\\u2019industrie de &gt;0,5 pour surfaces planes<\\\/li>\\n\n\n<li>R\\u00e9siste \\u00e0 la croissance des bact\\u00e9ries telles que Staphylococcus aureus, Clostridium difficile, et Klebsiella (pneumonie).<\\\/li>\\n\n\n<li>Naturellement antistatique<\\\/li>\\n<\\\/ul>\"}},{\"name\":\"\",\"type\":\"headline\",\"props\":{\"title_element\":\"h3\",\"content\":\"\n\n<p>Gamme de prix<\\\/p>\",\"title_style\":\"h6\",\"title_color\":\"primary\",\"text_align\":\"left\",\"margin\":\"small\",\"text_align_breakpoint\":\"s\",\"text_align_fallback\":\"center\",\"animation\":\"parallax\",\"parallax_opacity_start\":\"1\",\"parallax_opacity_end\":\"0\"}},{\"name\":\"\",\"type\":\"text\",\"props\":{\"margin\":\"default\",\"column_breakpoint\":\"m\",\"content\":\"\n\n<p><strong>$$$$<\\\/strong><span style=\\\"color: #c4c4c4;\\\">$<\\\/span><\\\/p>\"}},{\"name\":\"\",\"type\":\"headline\",\"props\":{\"title_element\":\"h3\",\"content\":\"\n\n<p>Garantie<\\\/p>\",\"title_style\":\"h6\",\"title_color\":\"primary\",\"text_align\":\"left\",\"margin\":\"small\",\"text_align_breakpoint\":\"s\",\"text_align_fallback\":\"center\",\"animation\":\"parallax\",\"parallax_opacity_start\":\"1\",\"parallax_opacity_end\":\"0\"}},{\"name\":\"\",\"type\":\"text\",\"props\":{\"margin\":\"default\",\"column_breakpoint\":\"m\",\"content\":\"\n\n<p>Garantie commerciale limit\\u00e9e de 30 ans<\\\/p>\",\"margin_remove_bottom\":false}},{\"name\":\"\",\"type\":\"button\",\"props\":{\"gutter\":\"small\",\"margin\":\"medium\",\"margin_remove_top\":true},\"children\":[{\"name\":\"\",\"type\":\"button_item\",\"props\":{\"button_style\":\"primary\",\"icon_align\":\"left\",\"content\":\"Nous joindre pour les d\\u00e9tails\",\"link\":\"fr\\\/communiquez-avec-nous\",\"link_target\":\"blank\"}}]}]}]}]},{\"name\":\"Call to Action\",\"type\":\"section\",\"props\":{\"style\":\"default\",\"width\":\"\",\"vertical_align\":\"middle\",\"title_position\":\"top-left\",\"title_rotation\":\"left\",\"title_breakpoint\":\"xl\",\"image_position\":\"center-center\",\"padding\":\"none\"},\"children\":[{\"name\":\"\",\"type\":\"row\",\"props\":{\"fixed_width\":\"large\",\"breakpoint\":\"m\",\"layout\":\",\",\"gutter\":\"collapse\",\"vertical_align\":false,\"match\":true},\"children\":[{\"name\":\"\",\"type\":\"column\",\"props\":{\"widths\":[\"\"],\"image_position\":\"center-center\",\"style\":\"primary\"},\"children\":[{\"name\":\"get a free quote CTA\",\"type\":\"headline\",\"props\":{\"title_element\":\"h2\",\"title_style\":\"h3\",\"text_align\":\"center\",\"content\":\"\n\n<p>Obtenir une soumission en ligne gratuite<\\\/p>\",\"link\":\"fr\\\/soumission-en-ligne-gratuite\",\"maxwidth\":\"\",\"maxwidth_align\":\"center\",\"animation\":\"none\",\"parallax_y_start\":\"30\",\"parallax_y_end\":\"0\",\"parallax_opacity_start\":\"0\",\"parallax_opacity_end\":\"1\",\"parallax_viewport\":\"0.3\",\"link_style\":true,\"link_target\":false}}]},{\"name\":\"\",\"type\":\"column\",\"props\":{\"widths\":[\"\"],\"image_position\":\"center-center\",\"style\":\"secondary\"},\"children\":[{\"name\":\"consultation CTA\",\"type\":\"headline\",\"props\":{\"title_element\":\"h2\",\"title_style\":\"h3\",\"text_align\":\"center\",\"content\":\"\n\n<p>Demander une consultation<\\\/p>\",\"link\":\"fr\\\/communiquez-avec-nous#consultation\",\"maxwidth\":\"\",\"maxwidth_align\":\"center\",\"animation\":\"none\",\"parallax_y_start\":\"30\",\"parallax_y_end\":\"0\",\"parallax_opacity_start\":\"0\",\"parallax_opacity_end\":\"1\",\"parallax_viewport\":\"0.3\",\"link_style\":true}}]}]}]}]} --><\/p>\n","protected":false},"excerpt":{"rendered":"<p>&lt; Rev\u00eatement de sol en vinyle Ton sur Ton Code: 10001 Code: 10001 Mat\u00e9riaux Rev\u00eatement de sol en linol\u00e9um r\u00e9silient Tailles disponibles 6.5&prime; X 105&prime; |\u00a0200 cm X 32 m Sp\u00e9cifications \u00c9paisseur 1\/10&Prime; | 2.5 mm Fait \u00e0 partir d&rsquo;ingr\u00e9dients naturels dont de l\u2019huile de lin, des colophanes, de la farine de bois, du calcaire, [&hellip;]<\/p>\n","protected":false},"author":2,"featured_media":0,"parent":10466,"menu_order":1,"comment_status":"closed","ping_status":"closed","template":"","meta":{"footnotes":""},"class_list":["post-10476","page","type-page","status-publish","hentry"],"yoast_head":"<!-- This site is optimized with the Yoast SEO plugin v26.4 - https:\/\/yoast.com\/wordpress\/plugins\/seo\/ -->\n<title>Ton sur Ton -<\/title>\n<meta name=\"robots\" content=\"index, follow, max-snippet:-1, max-image-preview:large, max-video-preview:-1\" \/>\n<link rel=\"canonical\" href=\"https:\/\/normandycarpets.ca\/fr\/commercial\/revetement-de-sol-en-vinyle\/ton-sur-ton\" \/>\n<meta property=\"og:locale\" content=\"fr_FR\" \/>\n<meta property=\"og:type\" content=\"article\" \/>\n<meta property=\"og:title\" content=\"Ton sur Ton -\" \/>\n<meta property=\"og:description\" content=\"&lt; Rev\u00eatement de sol en vinyle Ton sur Ton Code: 10001 Code: 10001 Mat\u00e9riaux Rev\u00eatement de sol en linol\u00e9um r\u00e9silient Tailles disponibles 6.5&prime; X 105&prime; |\u00a0200 cm X 32 m Sp\u00e9cifications \u00c9paisseur 1\/10&Prime; | 2.5 mm Fait \u00e0 partir d&rsquo;ingr\u00e9dients naturels dont de l\u2019huile de lin, des colophanes, de la farine de bois, du calcaire, [&hellip;]\" \/>\n<meta property=\"og:url\" content=\"https:\/\/normandycarpets.ca\/fr\/commercial\/revetement-de-sol-en-vinyle\/ton-sur-ton\" \/>\n<meta property=\"article:modified_time\" content=\"2018-12-27T20:40:11+00:00\" \/>\n<meta name=\"twitter:card\" content=\"summary_large_image\" \/>\n<meta name=\"twitter:label1\" content=\"Dur\u00e9e de lecture estim\u00e9e\" \/>\n\t<meta name=\"twitter:data1\" content=\"1 minute\" \/>\n<script type=\"application\/ld+json\" class=\"yoast-schema-graph\">{\"@context\":\"https:\/\/schema.org\",\"@graph\":[{\"@type\":\"WebPage\",\"@id\":\"https:\/\/normandycarpets.ca\/fr\/commercial\/revetement-de-sol-en-vinyle\/ton-sur-ton\",\"url\":\"https:\/\/normandycarpets.ca\/fr\/commercial\/revetement-de-sol-en-vinyle\/ton-sur-ton\",\"name\":\"Ton sur Ton -\",\"isPartOf\":{\"@id\":\"https:\/\/normandycarpets.ca\/fr\/#website\"},\"datePublished\":\"2018-10-07T13:44:02+00:00\",\"dateModified\":\"2018-12-27T20:40:11+00:00\",\"breadcrumb\":{\"@id\":\"https:\/\/normandycarpets.ca\/fr\/commercial\/revetement-de-sol-en-vinyle\/ton-sur-ton#breadcrumb\"},\"inLanguage\":\"fr-FR\",\"potentialAction\":[{\"@type\":\"ReadAction\",\"target\":[\"https:\/\/normandycarpets.ca\/fr\/commercial\/revetement-de-sol-en-vinyle\/ton-sur-ton\"]}]},{\"@type\":\"BreadcrumbList\",\"@id\":\"https:\/\/normandycarpets.ca\/fr\/commercial\/revetement-de-sol-en-vinyle\/ton-sur-ton#breadcrumb\",\"itemListElement\":[{\"@type\":\"ListItem\",\"position\":1,\"name\":\"Home\",\"item\":\"https:\/\/normandycarpets.ca\/fr\"},{\"@type\":\"ListItem\",\"position\":2,\"name\":\"Commercial\",\"item\":\"https:\/\/normandycarpets.ca\/fr\/commercial\"},{\"@type\":\"ListItem\",\"position\":3,\"name\":\"Rev\u00eatement de sol en vinyle\",\"item\":\"https:\/\/normandycarpets.ca\/fr\/commercial\/vinyl-sheet-flooring\"},{\"@type\":\"ListItem\",\"position\":4,\"name\":\"Ton sur Ton\"}]},{\"@type\":\"WebSite\",\"@id\":\"https:\/\/normandycarpets.ca\/fr\/#website\",\"url\":\"https:\/\/normandycarpets.ca\/fr\/\",\"name\":\"\",\"description\":\"\",\"potentialAction\":[{\"@type\":\"SearchAction\",\"target\":{\"@type\":\"EntryPoint\",\"urlTemplate\":\"https:\/\/normandycarpets.ca\/fr\/?s={search_term_string}\"},\"query-input\":{\"@type\":\"PropertyValueSpecification\",\"valueRequired\":true,\"valueName\":\"search_term_string\"}}],\"inLanguage\":\"fr-FR\"}]}<\/script>\n<!-- \/ Yoast SEO plugin. -->","yoast_head_json":{"title":"Ton sur Ton -","robots":{"index":"index","follow":"follow","max-snippet":"max-snippet:-1","max-image-preview":"max-image-preview:large","max-video-preview":"max-video-preview:-1"},"canonical":"https:\/\/normandycarpets.ca\/fr\/commercial\/revetement-de-sol-en-vinyle\/ton-sur-ton","og_locale":"fr_FR","og_type":"article","og_title":"Ton sur Ton -","og_description":"&lt; Rev\u00eatement de sol en vinyle Ton sur Ton Code: 10001 Code: 10001 Mat\u00e9riaux Rev\u00eatement de sol en linol\u00e9um r\u00e9silient Tailles disponibles 6.5&prime; X 105&prime; |\u00a0200 cm X 32 m Sp\u00e9cifications \u00c9paisseur 1\/10&Prime; | 2.5 mm Fait \u00e0 partir d&rsquo;ingr\u00e9dients naturels dont de l\u2019huile de lin, des colophanes, de la farine de bois, du calcaire, [&hellip;]","og_url":"https:\/\/normandycarpets.ca\/fr\/commercial\/revetement-de-sol-en-vinyle\/ton-sur-ton","article_modified_time":"2018-12-27T20:40:11+00:00","twitter_card":"summary_large_image","twitter_misc":{"Dur\u00e9e de lecture estim\u00e9e":"1 minute"},"schema":{"@context":"https:\/\/schema.org","@graph":[{"@type":"WebPage","@id":"https:\/\/normandycarpets.ca\/fr\/commercial\/revetement-de-sol-en-vinyle\/ton-sur-ton","url":"https:\/\/normandycarpets.ca\/fr\/commercial\/revetement-de-sol-en-vinyle\/ton-sur-ton","name":"Ton sur Ton -","isPartOf":{"@id":"https:\/\/normandycarpets.ca\/fr\/#website"},"datePublished":"2018-10-07T13:44:02+00:00","dateModified":"2018-12-27T20:40:11+00:00","breadcrumb":{"@id":"https:\/\/normandycarpets.ca\/fr\/commercial\/revetement-de-sol-en-vinyle\/ton-sur-ton#breadcrumb"},"inLanguage":"fr-FR","potentialAction":[{"@type":"ReadAction","target":["https:\/\/normandycarpets.ca\/fr\/commercial\/revetement-de-sol-en-vinyle\/ton-sur-ton"]}]},{"@type":"BreadcrumbList","@id":"https:\/\/normandycarpets.ca\/fr\/commercial\/revetement-de-sol-en-vinyle\/ton-sur-ton#breadcrumb","itemListElement":[{"@type":"ListItem","position":1,"name":"Home","item":"https:\/\/normandycarpets.ca\/fr"},{"@type":"ListItem","position":2,"name":"Commercial","item":"https:\/\/normandycarpets.ca\/fr\/commercial"},{"@type":"ListItem","position":3,"name":"Rev\u00eatement de sol en vinyle","item":"https:\/\/normandycarpets.ca\/fr\/commercial\/vinyl-sheet-flooring"},{"@type":"ListItem","position":4,"name":"Ton sur Ton"}]},{"@type":"WebSite","@id":"https:\/\/normandycarpets.ca\/fr\/#website","url":"https:\/\/normandycarpets.ca\/fr\/","name":"","description":"","potentialAction":[{"@type":"SearchAction","target":{"@type":"EntryPoint","urlTemplate":"https:\/\/normandycarpets.ca\/fr\/?s={search_term_string}"},"query-input":{"@type":"PropertyValueSpecification","valueRequired":true,"valueName":"search_term_string"}}],"inLanguage":"fr-FR"}]}},"_links":{"self":[{"href":"https:\/\/normandycarpets.ca\/fr\/wp-json\/wp\/v2\/pages\/10476","targetHints":{"allow":["GET"]}}],"collection":[{"href":"https:\/\/normandycarpets.ca\/fr\/wp-json\/wp\/v2\/pages"}],"about":[{"href":"https:\/\/normandycarpets.ca\/fr\/wp-json\/wp\/v2\/types\/page"}],"author":[{"embeddable":true,"href":"https:\/\/normandycarpets.ca\/fr\/wp-json\/wp\/v2\/users\/2"}],"replies":[{"embeddable":true,"href":"https:\/\/normandycarpets.ca\/fr\/wp-json\/wp\/v2\/comments?post=10476"}],"version-history":[{"count":0,"href":"https:\/\/normandycarpets.ca\/fr\/wp-json\/wp\/v2\/pages\/10476\/revisions"}],"up":[{"embeddable":true,"href":"https:\/\/normandycarpets.ca\/fr\/wp-json\/wp\/v2\/pages\/10466"}],"wp:attachment":[{"href":"https:\/\/normandycarpets.ca\/fr\/wp-json\/wp\/v2\/media?parent=10476"}],"curies":[{"name":"wp","href":"https:\/\/api.w.org\/{rel}","templated":true}]}}