{"id":10470,"date":"2018-09-06T19:25:54","date_gmt":"2018-09-06T19:25:54","guid":{"rendered":"http:\/\/normandycarpets.ca\/commercial\/vinyl-sheet-flooring\/marbled"},"modified":"2018-12-27T20:28:31","modified_gmt":"2018-12-27T20:28:31","slug":"marbre","status":"publish","type":"page","link":"https:\/\/normandycarpets.ca\/fr\/commercial\/revetement-de-sol-en-vinyle\/marbre","title":{"rendered":"Marbr\u00e9"},"content":{"rendered":"<p>&lt; Rev\u00eatement de sol en vinyle<\/p>\n<p>Marbr\u00e9<\/p>\n<p>Code: 10001<\/p>\n<p>Code: 10001<\/p>\n<p>Code: 10001<\/p>\n<p>Mat\u00e9riaux<\/p>\n<p>Rev\u00eatement de sol en linol\u00e9um r\u00e9silient<\/p>\n<p>Tailles disponibles<\/p>\n<p>\n6.5&prime; X 105&prime; |\u00a0200 cm X 32 m\n<\/p>\n<p>Sp\u00e9cifications<\/p>\n<p>\n\u00c9paisseur 1\/10&Prime; | 2.5 mm<br \/>\nFait \u00e0 partir d&rsquo;ingr\u00e9dients naturels dont de l\u2019huile de lin, des colophanes, de la farine de bois, du calcaire, et des pigments secs, qui sont m\u00e9lang\u00e9s puis calendr\u00e9s sur un support en jute.<br \/>\nRespecte ou d\u00e9passe la r\u00e9sistance au glissement recommand\u00e9e par l\u2019industrie de &gt;0,5 pour surfaces planes<br \/>\nR\u00e9siste \u00e0 la croissance des bact\u00e9ries telles que Staphylococcus aureus, Clostridium difficile, et Klebsiella (pneumonie).<br \/>\nNaturellement antistatique<br \/>\n\u00a0\n<\/p>\n<p>Gamme de prix<\/p>\n<p>$$$$$<\/p>\n<p>Garantie<\/p>\n<p>Garantie commerciale limit\u00e9e de 30 ans<\/p>\n<p>Nous joindre pour les d\u00e9tails<\/p>\n<p>Obtenir une soumission en ligne gratuite<\/p>\n<p>Demander une consultation<\/p>\n<p><!-- {\"name\":\"\",\"type\":\"layout\",\"children\":[{\"name\":\"Hero\",\"type\":\"section\",\"props\":{\"style\":\"default\",\"width\":\"default\",\"vertical_align\":\"middle\",\"title_position\":\"top-left\",\"title_rotation\":\"left\",\"title_breakpoint\":\"xl\",\"image_position\":\"center-center\",\"padding\":\"small\",\"header_transparent\":\"\",\"image\":\"\",\"image_size\":\"cover\",\"image_effect\":\"parallax\",\"image_parallax_bgx_start\":\"\",\"image_parallax_bgx_end\":\"\",\"image_parallax_bgy_start\":\"80\",\"image_parallax_bgy_end\":\"-40\",\"header_transparent_noplaceholder\":true,\"height\":\"\",\"image_width\":\"2560\",\"image_height\":\"1200\",\"media_overlay\":\"rgba(0, 0, 0, 0.22)\",\"padding_remove_bottom\":false},\"children\":[{\"name\":\"\",\"type\":\"row\",\"props\":{\"fixed_width\":\"large\",\"breakpoint\":\"m\",\"layout\":\"1-1\"},\"children\":[{\"name\":\"\",\"type\":\"column\",\"props\":{\"widths\":[\"1-1\"],\"image_position\":\"center-center\"},\"children\":[{\"name\":\"\",\"type\":\"headline\",\"props\":{\"title_element\":\"h1\",\"content\":\"&lt; Rev\\u00eatement de sol en vinyle\",\"title_style\":\"h6\",\"title_decoration\":\"line\",\"text_align\":\"left\",\"text_align_breakpoint\":\"s\",\"text_align_fallback\":\"center\",\"margin\":\"default\",\"animation\":\"parallax\",\"parallax_x_start\":0,\"parallax_x_end\":-20,\"parallax_opacity_start\":\"1\",\"parallax_opacity_end\":\"0\",\"link\":\"fr\\\/commercial\\\/revetement-de-sol-en-vinyle\",\"margin_remove_top\":false}},{\"name\":\"\",\"type\":\"headline\",\"props\":{\"title_element\":\"h2\",\"content\":\"Marbr\\u00e9\",\"title_style\":\"h2\",\"text_align\":\"left\",\"text_align_breakpoint\":\"s\",\"text_align_fallback\":\"left\",\"margin\":\"default\",\"animation\":\"parallax\",\"parallax_x_start\":\"0\",\"parallax_x_end\":\"16\",\"parallax_opacity_start\":\"1\",\"parallax_opacity_end\":\"0\",\"title_color\":\"\",\"link\":\"\"}}]}]}]},{\"name\":\"About\",\"type\":\"section\",\"props\":{\"style\":\"default\",\"width\":\"default\",\"vertical_align\":\"middle\",\"title_position\":\"top-left\",\"title_rotation\":\"left\",\"title_breakpoint\":\"xl\",\"image_position\":\"center-center\",\"padding\":\"\",\"padding_remove_top\":true,\"padding_remove_bottom\":false},\"children\":[{\"name\":\"\",\"type\":\"row\",\"props\":{\"fixed_width\":\"xlarge\",\"breakpoint\":\"m\",\"layout\":\"fixed,\",\"gutter\":\"large\",\"margin\":\"large\",\"margin_remove_top\":true,\"margin_remove_bottom\":false},\"children\":[{\"name\":\"\",\"type\":\"column\",\"props\":{\"widths\":[\"fixed\"],\"image_position\":\"center-center\"},\"children\":[{\"name\":\"\",\"type\":\"image\",\"props\":{\"margin\":\"default\",\"image\":\"wp-content\\\/uploads\\\/marbled.jpg\"}},{\"name\":\"\",\"type\":\"gallery\",\"props\":{\"show_title\":true,\"show_meta\":false,\"show_content\":false,\"show_link\":false,\"show_hover_image\":false,\"grid_default\":\"2\",\"grid_medium\":\"3\",\"overlay_mode\":\"caption\",\"overlay_position\":\"top\",\"overlay_transition\":\"fade\",\"title_element\":\"h5\",\"meta_style\":\"meta\",\"meta_align\":\"bottom\",\"text_align\":\"center\",\"margin\":\"medium\",\"lightbox\":true,\"grid_large\":\"4\",\"content_style\":\"\",\"image_orientation\":true,\"image_hover_box_shadow\":\"medium\",\"image_box_shadow_bottom\":false,\"lightbox_image_orientation\":true,\"title_display\":\"lightbox\",\"margin_remove_top\":false,\"item_animation\":\"\",\"parallax_opacity_start\":\"0\",\"parallax_opacity_end\":\"1\",\"gutter\":\"medium\",\"grid_small\":\"3\",\"grid_xlarge\":\"\"},\"children\":[{\"name\":\"\",\"type\":\"gallery_item\",\"props\":{\"image\":\"wp-content\\\/uploads\\\/3257-edelweiss.jpg\",\"title\":\"3257 edelweiss\"}},{\"name\":\"\",\"type\":\"gallery_item\",\"props\":{\"image\":\"wp-content\\\/uploads\\\/3136-concrete.jpg\",\"title\":\"3136 concrete\"}},{\"name\":\"\",\"type\":\"gallery_item\",\"props\":{\"image\":\"wp-content\\\/uploads\\\/2713-calico.jpg\",\"title\":\"2713 calico\"}},{\"name\":\"\",\"type\":\"gallery_item\",\"props\":{\"image\":\"wp-content\\\/uploads\\\/2499-sand.jpg\",\"meta\":\"\",\"content\":\"\n\n<p>Code: 10001<\\\/p>\",\"title\":\"2499 sand\",\"hover_image\":\"\"}},{\"name\":\"\",\"type\":\"gallery_item\",\"props\":{\"image\":\"wp-content\\\/uploads\\\/3038-caribbean.jpg\",\"title\":\"3038 caribbean\"}},{\"name\":\"\",\"type\":\"gallery_item\",\"props\":{\"image\":\"wp-content\\\/uploads\\\/3173-van-gogh.jpg\",\"title\":\"3173 van gogh\"}},{\"name\":\"\",\"type\":\"gallery_item\",\"props\":{\"image\":\"wp-content\\\/uploads\\\/3032-mist-grey.jpg\",\"title\":\"3032 mist grey\"}},{\"name\":\"\",\"type\":\"gallery_item\",\"props\":{\"image\":\"wp-content\\\/uploads\\\/2621-dove-grey.jpg\",\"meta\":\"\",\"content\":\"\n\n<p>Code: 10001<\\\/p>\",\"title\":\"2621 dove grey\"}},{\"name\":\"\",\"type\":\"gallery_item\",\"props\":{\"image\":\"wp-content\\\/uploads\\\/3120-rosato.jpg\",\"title\":\"3120 rosato\"}},{\"name\":\"\",\"type\":\"gallery_item\",\"props\":{\"image\":\"wp-content\\\/uploads\\\/3249-marly-grounds.jpg\",\"title\":\"3249 marly grounds\"}},{\"name\":\"\",\"type\":\"gallery_item\",\"props\":{\"image\":\"wp-content\\\/uploads\\\/2707-barley.jpg\",\"title\":\"2707 barley\"}},{\"name\":\"\",\"type\":\"gallery_item\",\"props\":{\"image\":\"wp-content\\\/uploads\\\/3077-tan-pink.jpg\",\"meta\":\"\",\"title\":\"3077 tan pink\"}},{\"name\":\"\",\"type\":\"gallery_item\",\"props\":{\"image\":\"wp-content\\\/uploads\\\/2629-eiger.jpg\",\"meta\":\"\",\"content\":\"\n\n<p>Code: 10001<\\\/p>\",\"title\":\"2629 eiger\"}},{\"name\":\"\",\"type\":\"gallery_item\",\"props\":{\"image\":\"wp-content\\\/uploads\\\/3146-serene-grey.jpg\",\"title\":\"3146 serene grey\"}},{\"name\":\"\",\"type\":\"gallery_item\",\"props\":{\"image\":\"wp-content\\\/uploads\\\/3232-horse-roan.jpg\",\"title\":\"3232 horse roan\"}},{\"name\":\"\",\"type\":\"gallery_item\",\"props\":{\"image\":\"wp-content\\\/uploads\\\/3252-sparrow.jpg\",\"title\":\"3252 sparrow\"}},{\"name\":\"\",\"type\":\"gallery_item\",\"props\":{\"image\":\"wp-content\\\/uploads\\\/3141-Himalaya.jpg\",\"title\":\"3141 himalaya\"}},{\"name\":\"\",\"type\":\"gallery_item\",\"props\":{\"image\":\"wp-content\\\/uploads\\\/3075-shell.jpg\",\"title\":\"3075 shell\"}},{\"name\":\"\",\"type\":\"gallery_item\",\"props\":{\"image\":\"wp-content\\\/uploads\\\/3048-graphite.jpg\",\"title\":\"3048 graphite\"}},{\"name\":\"\",\"type\":\"gallery_item\",\"props\":{\"image\":\"wp-content\\\/uploads\\\/3137-slate-grey.jpg\",\"title\":\"3137 slate grey\"}},{\"name\":\"\",\"type\":\"gallery_item\",\"props\":{\"image\":\"wp-content\\\/uploads\\\/3216-moraine.jpg\",\"title\":\"3216 moraine\"}},{\"name\":\"\",\"type\":\"gallery_item\",\"props\":{\"image\":\"wp-content\\\/uploads\\\/3246-shrike.jpg\",\"title\":\"3246 shrike\"}},{\"name\":\"\",\"type\":\"gallery_item\",\"props\":{\"image\":\"wp-content\\\/uploads\\\/3234-forest-ground.jpg\",\"title\":\"3234 forest ground\"}},{\"name\":\"\",\"type\":\"gallery_item\",\"props\":{\"image\":\"wp-content\\\/uploads\\\/3250-loam-groove.jpg\",\"title\":\"3250 loam groove\"}},{\"name\":\"\",\"type\":\"gallery_item\",\"props\":{\"image\":\"wp-content\\\/uploads\\\/2939-black.jpg\",\"title\":\"2939 black\"}},{\"name\":\"\",\"type\":\"gallery_item\",\"props\":{\"image\":\"wp-content\\\/uploads\\\/3139-lava.jpg\",\"title\":\"3139 lava\"}},{\"name\":\"\",\"type\":\"gallery_item\",\"props\":{\"image\":\"wp-content\\\/uploads\\\/3236-dark-bistre.jpg\",\"title\":\"3236 dark bistre\"}},{\"name\":\"\",\"type\":\"gallery_item\",\"props\":{\"image\":\"wp-content\\\/uploads\\\/3254-clay.jpg\",\"title\":\"3254 clay\"}},{\"name\":\"\",\"type\":\"gallery_item\",\"props\":{\"image\":\"wp-content\\\/uploads\\\/3233-shitake.jpg\",\"title\":\"3233 shitake\"}},{\"name\":\"\",\"type\":\"gallery_item\",\"props\":{\"image\":\"wp-content\\\/uploads\\\/3174-sahara.jpg\",\"title\":\"3174 sahara\"}},{\"name\":\"\",\"type\":\"gallery_item\",\"props\":{\"image\":\"wp-content\\\/uploads\\\/3242-adriatica.jpg\",\"title\":\"3242 adriatica\"}},{\"name\":\"\",\"type\":\"gallery_item\",\"props\":{\"image\":\"wp-content\\\/uploads\\\/3244-purple.jpg\",\"title\":\"3244 purple\"}},{\"name\":\"\",\"type\":\"gallery_item\",\"props\":{\"image\":\"wp-content\\\/uploads\\\/3248-mammoth.jpg\",\"title\":\"3248 mammoth\"}},{\"name\":\"\",\"type\":\"gallery_item\",\"props\":{\"image\":\"wp-content\\\/uploads\\\/3203-henna.jpg\",\"title\":\"3203 henna\"}},{\"name\":\"\",\"type\":\"gallery_item\",\"props\":{\"image\":\"wp-content\\\/uploads\\\/2767-rust.jpg\",\"title\":\"2767 rust\"}},{\"name\":\"\",\"type\":\"gallery_item\",\"props\":{\"image\":\"wp-content\\\/uploads\\\/3243-stucco-rosso.jpg\",\"title\":\"3243 stucco rosso\"}},{\"name\":\"\",\"type\":\"gallery_item\",\"props\":{\"image\":\"wp-content\\\/uploads\\\/3238-laguna.jpg\",\"title\":\"3238 laguna\"}},{\"name\":\"\",\"type\":\"gallery_item\",\"props\":{\"image\":\"wp-content\\\/uploads\\\/3245-summer-pudding.jpg\",\"title\":\"3245 summer pudding\"}},{\"name\":\"\",\"type\":\"gallery_item\",\"props\":{\"image\":\"wp-content\\\/uploads\\\/3127-bleeckerstreet.jpg\",\"title\":\"3127 bleeckerstreet\"}},{\"name\":\"\",\"type\":\"gallery_item\",\"props\":{\"image\":\"wp-content\\\/uploads\\\/3131-scarlet.jpg\",\"title\":\"3131 scarlet\"}},{\"name\":\"\",\"type\":\"gallery_item\",\"props\":{\"image\":\"wp-content\\\/uploads\\\/3126-kyoto.jpg\",\"title\":\"3126 kyoto\"}},{\"name\":\"\",\"type\":\"gallery_item\",\"props\":{\"image\":\"wp-content\\\/uploads\\\/3241-orange-sorbet.jpg\",\"title\":\"3241 orange sorbet\"}},{\"name\":\"\",\"type\":\"gallery_item\",\"props\":{\"image\":\"wp-content\\\/uploads\\\/3219-spa.jpg\",\"title\":\"3219 spa\"}},{\"name\":\"\",\"type\":\"gallery_item\",\"props\":{\"image\":\"wp-content\\\/uploads\\\/3221-hyacinth.jpg\",\"title\":\"3221 hyacinth\"}},{\"name\":\"\",\"type\":\"gallery_item\",\"props\":{\"image\":\"wp-content\\\/uploads\\\/3055-fresco-blue.jpg\",\"title\":\"3055 fresco blue\"}},{\"name\":\"\",\"type\":\"gallery_item\",\"props\":{\"image\":\"wp-content\\\/uploads\\\/3226-marigold.jpg\",\"title\":\"3226 marigold\"}},{\"name\":\"\",\"type\":\"gallery_item\",\"props\":{\"image\":\"wp-content\\\/uploads\\\/3125-golden-sunset.jpg\",\"title\":\"3125 golden sunset\"}},{\"name\":\"\",\"type\":\"gallery_item\",\"props\":{\"image\":\"wp-content\\\/uploads\\\/3225-dandelion.jpg\",\"title\":\"3225 dandelion\"}},{\"name\":\"\",\"type\":\"gallery_item\",\"props\":{\"image\":\"wp-content\\\/uploads\\\/3053-dove-blue.jpg\",\"title\":\"3053 dove blue\"}},{\"name\":\"\",\"type\":\"gallery_item\",\"props\":{\"image\":\"wp-content\\\/uploads\\\/3030-blue.jpg\",\"title\":\"3030 blue\"}},{\"name\":\"\",\"type\":\"gallery_item\",\"props\":{\"image\":\"wp-content\\\/uploads\\\/3205-lapis-lazuli.jpg\",\"title\":\"3205 lapis lazuli\"}},{\"name\":\"\",\"type\":\"gallery_item\",\"props\":{\"image\":\"wp-content\\\/uploads\\\/3247-green.jpg\",\"title\":\"3247 green\"}},{\"name\":\"\",\"type\":\"gallery_item\",\"props\":{\"image\":\"wp-content\\\/uploads\\\/3224-chartreuse.jpg\",\"title\":\"3224 chartreuse\"}},{\"name\":\"\",\"type\":\"gallery_item\",\"props\":{\"image\":\"wp-content\\\/uploads\\\/3251-lemon-zest.jpg\",\"title\":\"3251 lemon zest\"}},{\"name\":\"\",\"type\":\"gallery_item\",\"props\":{\"image\":\"wp-content\\\/uploads\\\/3123-arabesque.jpg\",\"title\":\"3123 arabesque\"}},{\"name\":\"\",\"type\":\"gallery_item\",\"props\":{\"image\":\"wp-content\\\/uploads\\\/3218-deep-ocean.jpg\",\"title\":\"3218 deep ocean\"}},{\"name\":\"\",\"type\":\"gallery_item\",\"props\":{\"image\":\"wp-content\\\/uploads\\\/3255-pine-forest.jpg\",\"title\":\"3255 pine forest\"}},{\"name\":\"\",\"type\":\"gallery_item\",\"props\":{\"image\":\"wp-content\\\/uploads\\\/3239-olive-green.jpg\",\"title\":\"3239 olive green\"}},{\"name\":\"\",\"type\":\"gallery_item\",\"props\":{\"image\":\"wp-content\\\/uploads\\\/3240-willow.jpg\",\"title\":\"3240 willow\"}},{\"name\":\"\",\"type\":\"gallery_item\",\"props\":{\"image\":\"wp-content\\\/uploads\\\/marbled.jpg\",\"title\":\"View 1\"}},{\"name\":\"\",\"type\":\"gallery_item\",\"props\":{\"image\":\"wp-content\\\/uploads\\\/marbled-6.jpg\",\"title\":\"View 2\"}},{\"name\":\"\",\"type\":\"gallery_item\",\"props\":{\"image\":\"wp-content\\\/uploads\\\/marbled-1.jpg\",\"title\":\"View 3\"}},{\"name\":\"\",\"type\":\"gallery_item\",\"props\":{\"image\":\"wp-content\\\/uploads\\\/marbled-2.jpg\",\"title\":\"View 4\"}},{\"name\":\"\",\"type\":\"gallery_item\",\"props\":{\"image\":\"wp-content\\\/uploads\\\/marbled-4.jpg\",\"title\":\"View 5\"}}]}]},{\"name\":\"\",\"type\":\"column\",\"props\":{\"widths\":[\"\"],\"image_position\":\"center-center\"},\"children\":[{\"name\":\"\",\"type\":\"headline\",\"props\":{\"title_element\":\"h3\",\"content\":\"\n\n<p>Mat\\u00e9riaux<\\\/p>\",\"title_style\":\"h6\",\"title_color\":\"primary\",\"text_align\":\"left\",\"margin\":\"small\",\"text_align_breakpoint\":\"s\",\"text_align_fallback\":\"center\",\"animation\":\"parallax\",\"parallax_opacity_start\":\"1\",\"parallax_opacity_end\":\"0\"}},{\"name\":\"\",\"type\":\"text\",\"props\":{\"margin\":\"default\",\"column_breakpoint\":\"m\",\"content\":\"\n\n<p>Rev\\u00eatement de sol en linol\\u00e9um r\\u00e9silient<\\\/p>\"}},{\"name\":\"\",\"type\":\"headline\",\"props\":{\"title_element\":\"h3\",\"content\":\"\n\n<p>Tailles disponibles<\\\/p>\",\"title_style\":\"h6\",\"title_color\":\"primary\",\"text_align\":\"left\",\"margin\":\"small\",\"text_align_breakpoint\":\"s\",\"text_align_fallback\":\"center\",\"animation\":\"parallax\",\"parallax_opacity_start\":\"1\",\"parallax_opacity_end\":\"0\"}},{\"name\":\"\",\"type\":\"text\",\"props\":{\"margin\":\"default\",\"column_breakpoint\":\"m\",\"content\":\"\n\n<ul>\\n\n\n<li>6.5' X 105' |\\u00a0200 cm X 32 m<\\\/li>\\n<\\\/ul>\"}},{\"name\":\"\",\"type\":\"headline\",\"props\":{\"title_element\":\"h3\",\"content\":\"\n\n<p>Sp\\u00e9cifications<\\\/p>\",\"title_style\":\"h6\",\"title_color\":\"primary\",\"text_align\":\"left\",\"margin\":\"small\",\"text_align_breakpoint\":\"s\",\"text_align_fallback\":\"center\",\"animation\":\"parallax\",\"parallax_opacity_start\":\"1\",\"parallax_opacity_end\":\"0\"}},{\"name\":\"\",\"type\":\"text\",\"props\":{\"margin\":\"default\",\"column_breakpoint\":\"m\",\"content\":\"\n\n<ul>\\n\n\n<li>\\u00c9paisseur 1\\\/10\\\" | 2.5 mm<\\\/li>\\n\n\n<li>Fait \\u00e0 partir d'ingr\\u00e9dients naturels dont de l\\u2019huile de lin, des colophanes, de la farine de bois, du calcaire, et des pigments secs, qui sont m\\u00e9lang\\u00e9s puis calendr\\u00e9s sur un support en jute.<\\\/li>\\n\n\n<li>Respecte ou d\\u00e9passe la r\\u00e9sistance au glissement recommand\\u00e9e par l\\u2019industrie de &gt;0,5 pour surfaces planes<\\\/li>\\n\n\n<li>R\\u00e9siste \\u00e0 la croissance des bact\\u00e9ries telles que Staphylococcus aureus, Clostridium difficile, et Klebsiella (pneumonie).<\\\/li>\\n\n\n<li>Naturellement antistatique<\\\/li>\\n\n\n<li>\\u00a0<\\\/li>\\n<\\\/ul>\"}},{\"name\":\"\",\"type\":\"headline\",\"props\":{\"title_element\":\"h3\",\"content\":\"\n\n<p>Gamme de prix<\\\/p>\",\"title_style\":\"h6\",\"title_color\":\"primary\",\"text_align\":\"left\",\"margin\":\"small\",\"text_align_breakpoint\":\"s\",\"text_align_fallback\":\"center\",\"animation\":\"parallax\",\"parallax_opacity_start\":\"1\",\"parallax_opacity_end\":\"0\"}},{\"name\":\"\",\"type\":\"text\",\"props\":{\"margin\":\"default\",\"column_breakpoint\":\"m\",\"content\":\"\n\n<p><strong>$$$$<\\\/strong><span style=\\\"color: #c4c4c4;\\\">$<\\\/span><\\\/p>\"}},{\"name\":\"\",\"type\":\"headline\",\"props\":{\"title_element\":\"h3\",\"content\":\"\n\n<p>Garantie<\\\/p>\",\"title_style\":\"h6\",\"title_color\":\"primary\",\"text_align\":\"left\",\"margin\":\"small\",\"text_align_breakpoint\":\"s\",\"text_align_fallback\":\"center\",\"animation\":\"parallax\",\"parallax_opacity_start\":\"1\",\"parallax_opacity_end\":\"0\"}},{\"name\":\"\",\"type\":\"text\",\"props\":{\"margin\":\"default\",\"column_breakpoint\":\"m\",\"content\":\"\n\n<p>Garantie commerciale limit\\u00e9e de 30 ans<\\\/p>\",\"margin_remove_bottom\":false}},{\"name\":\"\",\"type\":\"button\",\"props\":{\"gutter\":\"small\",\"margin\":\"medium\",\"margin_remove_top\":true},\"children\":[{\"name\":\"\",\"type\":\"button_item\",\"props\":{\"button_style\":\"primary\",\"icon_align\":\"left\",\"content\":\"Nous joindre pour les d\\u00e9tails\",\"link\":\"fr\\\/communiquez-avec-nous\",\"link_target\":\"blank\"}}]}]}]}]},{\"name\":\"Call to Action\",\"type\":\"section\",\"props\":{\"style\":\"default\",\"width\":\"\",\"vertical_align\":\"middle\",\"title_position\":\"top-left\",\"title_rotation\":\"left\",\"title_breakpoint\":\"xl\",\"image_position\":\"center-center\",\"padding\":\"none\"},\"children\":[{\"name\":\"\",\"type\":\"row\",\"props\":{\"fixed_width\":\"large\",\"breakpoint\":\"m\",\"layout\":\",\",\"gutter\":\"collapse\",\"vertical_align\":false,\"match\":true},\"children\":[{\"name\":\"\",\"type\":\"column\",\"props\":{\"widths\":[\"\"],\"image_position\":\"center-center\",\"style\":\"primary\"},\"children\":[{\"name\":\"get a free quote CTA\",\"type\":\"headline\",\"props\":{\"title_element\":\"h2\",\"title_style\":\"h3\",\"text_align\":\"center\",\"content\":\"\n\n<p>Obtenir une soumission en ligne gratuite<\\\/p>\",\"link\":\"fr\\\/soumission-en-ligne-gratuite\",\"maxwidth\":\"\",\"maxwidth_align\":\"center\",\"animation\":\"none\",\"parallax_y_start\":\"30\",\"parallax_y_end\":\"0\",\"parallax_opacity_start\":\"0\",\"parallax_opacity_end\":\"1\",\"parallax_viewport\":\"0.3\",\"link_style\":true,\"link_target\":false}}]},{\"name\":\"\",\"type\":\"column\",\"props\":{\"widths\":[\"\"],\"image_position\":\"center-center\",\"style\":\"secondary\"},\"children\":[{\"name\":\"consultation CTA\",\"type\":\"headline\",\"props\":{\"title_element\":\"h2\",\"title_style\":\"h3\",\"text_align\":\"center\",\"content\":\"\n\n<p>Demander une consultation<\\\/p>\",\"link\":\"fr\\\/communiquez-avec-nous#consultation\",\"maxwidth\":\"\",\"maxwidth_align\":\"center\",\"animation\":\"none\",\"parallax_y_start\":\"30\",\"parallax_y_end\":\"0\",\"parallax_opacity_start\":\"0\",\"parallax_opacity_end\":\"1\",\"parallax_viewport\":\"0.3\",\"link_style\":true}}]}]}]}]} --><\/p>\n","protected":false},"excerpt":{"rendered":"<p>&lt; Rev\u00eatement de sol en vinyle Marbr\u00e9 Code: 10001 Code: 10001 Code: 10001 Mat\u00e9riaux Rev\u00eatement de sol en linol\u00e9um r\u00e9silient Tailles disponibles 6.5&prime; X 105&prime; |\u00a0200 cm X 32 m Sp\u00e9cifications \u00c9paisseur 1\/10&Prime; | 2.5 mm Fait \u00e0 partir d&rsquo;ingr\u00e9dients naturels dont de l\u2019huile de lin, des colophanes, de la farine de bois, du calcaire, [&hellip;]<\/p>\n","protected":false},"author":2,"featured_media":0,"parent":10466,"menu_order":1,"comment_status":"closed","ping_status":"closed","template":"","meta":{"footnotes":""},"class_list":["post-10470","page","type-page","status-publish","hentry"],"yoast_head":"<!-- This site is optimized with the Yoast SEO plugin v26.4 - https:\/\/yoast.com\/wordpress\/plugins\/seo\/ -->\n<title>Marbr\u00e9 -<\/title>\n<meta name=\"robots\" content=\"index, follow, max-snippet:-1, max-image-preview:large, max-video-preview:-1\" \/>\n<link rel=\"canonical\" href=\"https:\/\/normandycarpets.ca\/fr\/commercial\/revetement-de-sol-en-vinyle\/marbre\" \/>\n<meta property=\"og:locale\" content=\"fr_FR\" \/>\n<meta property=\"og:type\" content=\"article\" \/>\n<meta property=\"og:title\" content=\"Marbr\u00e9 -\" \/>\n<meta property=\"og:description\" content=\"&lt; Rev\u00eatement de sol en vinyle Marbr\u00e9 Code: 10001 Code: 10001 Code: 10001 Mat\u00e9riaux Rev\u00eatement de sol en linol\u00e9um r\u00e9silient Tailles disponibles 6.5&prime; X 105&prime; |\u00a0200 cm X 32 m Sp\u00e9cifications \u00c9paisseur 1\/10&Prime; | 2.5 mm Fait \u00e0 partir d&rsquo;ingr\u00e9dients naturels dont de l\u2019huile de lin, des colophanes, de la farine de bois, du calcaire, [&hellip;]\" \/>\n<meta property=\"og:url\" content=\"https:\/\/normandycarpets.ca\/fr\/commercial\/revetement-de-sol-en-vinyle\/marbre\" \/>\n<meta property=\"article:modified_time\" content=\"2018-12-27T20:28:31+00:00\" \/>\n<meta name=\"twitter:card\" content=\"summary_large_image\" \/>\n<meta name=\"twitter:label1\" content=\"Dur\u00e9e de lecture estim\u00e9e\" \/>\n\t<meta name=\"twitter:data1\" content=\"1 minute\" \/>\n<script type=\"application\/ld+json\" class=\"yoast-schema-graph\">{\"@context\":\"https:\/\/schema.org\",\"@graph\":[{\"@type\":\"WebPage\",\"@id\":\"https:\/\/normandycarpets.ca\/fr\/commercial\/revetement-de-sol-en-vinyle\/marbre\",\"url\":\"https:\/\/normandycarpets.ca\/fr\/commercial\/revetement-de-sol-en-vinyle\/marbre\",\"name\":\"Marbr\u00e9 -\",\"isPartOf\":{\"@id\":\"https:\/\/normandycarpets.ca\/fr\/#website\"},\"datePublished\":\"2018-09-06T19:25:54+00:00\",\"dateModified\":\"2018-12-27T20:28:31+00:00\",\"breadcrumb\":{\"@id\":\"https:\/\/normandycarpets.ca\/fr\/commercial\/revetement-de-sol-en-vinyle\/marbre#breadcrumb\"},\"inLanguage\":\"fr-FR\",\"potentialAction\":[{\"@type\":\"ReadAction\",\"target\":[\"https:\/\/normandycarpets.ca\/fr\/commercial\/revetement-de-sol-en-vinyle\/marbre\"]}]},{\"@type\":\"BreadcrumbList\",\"@id\":\"https:\/\/normandycarpets.ca\/fr\/commercial\/revetement-de-sol-en-vinyle\/marbre#breadcrumb\",\"itemListElement\":[{\"@type\":\"ListItem\",\"position\":1,\"name\":\"Home\",\"item\":\"https:\/\/normandycarpets.ca\/fr\"},{\"@type\":\"ListItem\",\"position\":2,\"name\":\"Commercial\",\"item\":\"https:\/\/normandycarpets.ca\/fr\/commercial\"},{\"@type\":\"ListItem\",\"position\":3,\"name\":\"Rev\u00eatement de sol en vinyle\",\"item\":\"https:\/\/normandycarpets.ca\/fr\/commercial\/vinyl-sheet-flooring\"},{\"@type\":\"ListItem\",\"position\":4,\"name\":\"Marbr\u00e9\"}]},{\"@type\":\"WebSite\",\"@id\":\"https:\/\/normandycarpets.ca\/fr\/#website\",\"url\":\"https:\/\/normandycarpets.ca\/fr\/\",\"name\":\"\",\"description\":\"\",\"potentialAction\":[{\"@type\":\"SearchAction\",\"target\":{\"@type\":\"EntryPoint\",\"urlTemplate\":\"https:\/\/normandycarpets.ca\/fr\/?s={search_term_string}\"},\"query-input\":{\"@type\":\"PropertyValueSpecification\",\"valueRequired\":true,\"valueName\":\"search_term_string\"}}],\"inLanguage\":\"fr-FR\"}]}<\/script>\n<!-- \/ Yoast SEO plugin. -->","yoast_head_json":{"title":"Marbr\u00e9 -","robots":{"index":"index","follow":"follow","max-snippet":"max-snippet:-1","max-image-preview":"max-image-preview:large","max-video-preview":"max-video-preview:-1"},"canonical":"https:\/\/normandycarpets.ca\/fr\/commercial\/revetement-de-sol-en-vinyle\/marbre","og_locale":"fr_FR","og_type":"article","og_title":"Marbr\u00e9 -","og_description":"&lt; Rev\u00eatement de sol en vinyle Marbr\u00e9 Code: 10001 Code: 10001 Code: 10001 Mat\u00e9riaux Rev\u00eatement de sol en linol\u00e9um r\u00e9silient Tailles disponibles 6.5&prime; X 105&prime; |\u00a0200 cm X 32 m Sp\u00e9cifications \u00c9paisseur 1\/10&Prime; | 2.5 mm Fait \u00e0 partir d&rsquo;ingr\u00e9dients naturels dont de l\u2019huile de lin, des colophanes, de la farine de bois, du calcaire, [&hellip;]","og_url":"https:\/\/normandycarpets.ca\/fr\/commercial\/revetement-de-sol-en-vinyle\/marbre","article_modified_time":"2018-12-27T20:28:31+00:00","twitter_card":"summary_large_image","twitter_misc":{"Dur\u00e9e de lecture estim\u00e9e":"1 minute"},"schema":{"@context":"https:\/\/schema.org","@graph":[{"@type":"WebPage","@id":"https:\/\/normandycarpets.ca\/fr\/commercial\/revetement-de-sol-en-vinyle\/marbre","url":"https:\/\/normandycarpets.ca\/fr\/commercial\/revetement-de-sol-en-vinyle\/marbre","name":"Marbr\u00e9 -","isPartOf":{"@id":"https:\/\/normandycarpets.ca\/fr\/#website"},"datePublished":"2018-09-06T19:25:54+00:00","dateModified":"2018-12-27T20:28:31+00:00","breadcrumb":{"@id":"https:\/\/normandycarpets.ca\/fr\/commercial\/revetement-de-sol-en-vinyle\/marbre#breadcrumb"},"inLanguage":"fr-FR","potentialAction":[{"@type":"ReadAction","target":["https:\/\/normandycarpets.ca\/fr\/commercial\/revetement-de-sol-en-vinyle\/marbre"]}]},{"@type":"BreadcrumbList","@id":"https:\/\/normandycarpets.ca\/fr\/commercial\/revetement-de-sol-en-vinyle\/marbre#breadcrumb","itemListElement":[{"@type":"ListItem","position":1,"name":"Home","item":"https:\/\/normandycarpets.ca\/fr"},{"@type":"ListItem","position":2,"name":"Commercial","item":"https:\/\/normandycarpets.ca\/fr\/commercial"},{"@type":"ListItem","position":3,"name":"Rev\u00eatement de sol en vinyle","item":"https:\/\/normandycarpets.ca\/fr\/commercial\/vinyl-sheet-flooring"},{"@type":"ListItem","position":4,"name":"Marbr\u00e9"}]},{"@type":"WebSite","@id":"https:\/\/normandycarpets.ca\/fr\/#website","url":"https:\/\/normandycarpets.ca\/fr\/","name":"","description":"","potentialAction":[{"@type":"SearchAction","target":{"@type":"EntryPoint","urlTemplate":"https:\/\/normandycarpets.ca\/fr\/?s={search_term_string}"},"query-input":{"@type":"PropertyValueSpecification","valueRequired":true,"valueName":"search_term_string"}}],"inLanguage":"fr-FR"}]}},"_links":{"self":[{"href":"https:\/\/normandycarpets.ca\/fr\/wp-json\/wp\/v2\/pages\/10470","targetHints":{"allow":["GET"]}}],"collection":[{"href":"https:\/\/normandycarpets.ca\/fr\/wp-json\/wp\/v2\/pages"}],"about":[{"href":"https:\/\/normandycarpets.ca\/fr\/wp-json\/wp\/v2\/types\/page"}],"author":[{"embeddable":true,"href":"https:\/\/normandycarpets.ca\/fr\/wp-json\/wp\/v2\/users\/2"}],"replies":[{"embeddable":true,"href":"https:\/\/normandycarpets.ca\/fr\/wp-json\/wp\/v2\/comments?post=10470"}],"version-history":[{"count":0,"href":"https:\/\/normandycarpets.ca\/fr\/wp-json\/wp\/v2\/pages\/10470\/revisions"}],"up":[{"embeddable":true,"href":"https:\/\/normandycarpets.ca\/fr\/wp-json\/wp\/v2\/pages\/10466"}],"wp:attachment":[{"href":"https:\/\/normandycarpets.ca\/fr\/wp-json\/wp\/v2\/media?parent=10470"}],"curies":[{"name":"wp","href":"https:\/\/api.w.org\/{rel}","templated":true}]}}