{"id":10466,"date":"2018-09-06T18:50:07","date_gmt":"2018-09-06T18:50:07","guid":{"rendered":"http:\/\/normandycarpets.ca\/commercial\/vinyl-sheet-flooring"},"modified":"2021-04-30T13:39:12","modified_gmt":"2021-04-30T13:39:12","slug":"revetement-de-sol-en-vinyle","status":"publish","type":"page","link":"https:\/\/normandycarpets.ca\/fr\/commercial\/revetement-de-sol-en-vinyle","title":{"rendered":"Rev\u00eatement de sol en vinyle"},"content":{"rendered":"<h1>Rev\u00eatement de sol en vinyle haute performance<\/h1>\n<p><img decoding=\"async\" data-src=\"wp-content\/uploads\/Rev\u00eatement-de-Sol-en-Vinyle.jpg\" alt=\"\" src=\"data:image\/svg+xml;base64,PHN2ZyB3aWR0aD0iMSIgaGVpZ2h0PSIxIiB4bWxucz0iaHR0cDovL3d3dy53My5vcmcvMjAwMC9zdmciPjwvc3ZnPg==\" class=\"lazyload\"><\/p>\n<h2>Rev\u00eatement de sol en vinyle<\/h2>\n<div>\n<p>Naturel, solide, color\u00e9. Notre rev\u00eatement de sol en vinyle, compos\u00e9 \u00e0 97 % de mati\u00e8res premi\u00e8res naturelles, est le choix de rev\u00eatement de sol le plus durable.<br \/>Les mod\u00e8les uniques et color\u00e9s vont du marbre subtil et du b\u00e9ton moderne aux ardoises et aux tons unis.<br \/>Les rev\u00eatements de vinyle sont durables, faciles \u00e0 nettoyer et \u00e0 maintenir et parfaitement adapt\u00e9s \u00e0 toutes sortes d\u2019applications.<\/p>\n<p>VOUS AIMERIEZ EN VOIR PLUS? Notre nouvelle salle de montre promet de vous en mettre plein la vue avec ses nombreux produits de REV\u00caTEMENTS DE SOL EN VINYLE.<\/p>\n<p>Saviez-vous que nous livrons pratiquement n\u2019importe o\u00f9 au Canada et aux \u00c9tats-Unis? Demandez-nous une soumission.<\/p>\n<\/div>\n<ul>\n<li>\n<p>        <img decoding=\"async\" data-src=\"wp-content\/uploads\/lin-1.jpg\" alt=\"\" src=\"data:image\/svg+xml;base64,PHN2ZyB3aWR0aD0iMSIgaGVpZ2h0PSIxIiB4bWxucz0iaHR0cDovL3d3dy53My5vcmcvMjAwMC9zdmciPjwvc3ZnPg==\" class=\"lazyload\"><\/p>\n<h2>LIN\u00c9AIRE + 20 COULEURS<\/h2>\n<p><a href=\"fr\/commercial\/revetement-de-sol-en-vinyle\/lineaire\">Read more<\/a><\/p>\n<\/li>\n<li>\n<p>        <img decoding=\"async\" data-src=\"wp-content\/uploads\/Slate-1.jpg\" alt=\"\" src=\"data:image\/svg+xml;base64,PHN2ZyB3aWR0aD0iMSIgaGVpZ2h0PSIxIiB4bWxucz0iaHR0cDovL3d3dy53My5vcmcvMjAwMC9zdmciPjwvc3ZnPg==\" class=\"lazyload\"><\/p>\n<h2>ARDOISE + 6 COULEURS<\/h2>\n<p><a href=\"fr\/commercial\/revetement-de-sol-en-vinyle\/ardoise\">Read more<\/a><\/p>\n<\/li>\n<li>\n<p>        <img decoding=\"async\" data-src=\"wp-content\/uploads\/Solid.jpg\" alt=\"\" src=\"data:image\/svg+xml;base64,PHN2ZyB3aWR0aD0iMSIgaGVpZ2h0PSIxIiB4bWxucz0iaHR0cDovL3d3dy53My5vcmcvMjAwMC9zdmciPjwvc3ZnPg==\" class=\"lazyload\"><\/p>\n<h2>UNI + 15 COULEURS<\/h2>\n<p><a href=\"fr\/commercial\/revetement-de-sol-en-vinyle\/uni\">Read more<\/a><\/p>\n<\/li>\n<li>\n<p>        <img decoding=\"async\" data-src=\"wp-content\/uploads\/tone-1.jpg\" alt=\"\" src=\"data:image\/svg+xml;base64,PHN2ZyB3aWR0aD0iMSIgaGVpZ2h0PSIxIiB4bWxucz0iaHR0cDovL3d3dy53My5vcmcvMjAwMC9zdmciPjwvc3ZnPg==\" class=\"lazyload\"><\/p>\n<h2>TON SUR TON + 19 COULEURS<\/h2>\n<p><a href=\"fr\/commercial\/revetement-de-sol-en-vinyle\/ton-sur-ton\">Read more<\/a><\/p>\n<\/li>\n<li>\n<p>        <img decoding=\"async\" data-src=\"wp-content\/uploads\/marbled.jpg\" alt=\"\" src=\"data:image\/svg+xml;base64,PHN2ZyB3aWR0aD0iMSIgaGVpZ2h0PSIxIiB4bWxucz0iaHR0cDovL3d3dy53My5vcmcvMjAwMC9zdmciPjwvc3ZnPg==\" class=\"lazyload\"><\/p>\n<h2>MARBR\u00c9 + 59 COULEURS<\/h2>\n<p><a href=\"fr\/commercial\/revetement-de-sol-en-vinyle\/marbre\">Read more<\/a><\/p>\n<\/li>\n<\/ul>\n<h2><a href=\"fr\/soumission-en-ligne-gratuite\">Obtenir une soumission en ligne gratuite<\/a><\/h2>\n<h2><a href=\"fr\/communiquez-avec-nous#consultation\">Demander une consultation<\/p>\n<p><\/a><\/h2>\n<p><!-- {\"name\":\"\",\"type\":\"layout\",\"children\":[{\"name\":\"\",\"type\":\"section\",\"props\":{\"style\":\"default\",\"width\":\"default\",\"vertical_align\":\"middle\",\"title_position\":\"top-left\",\"title_rotation\":\"left\",\"title_breakpoint\":\"xl\",\"image_position\":\"center-center\",\"image_effect\":\"\"},\"children\":[{\"name\":\"\",\"type\":\"row\",\"props\":{\"fixed_width\":\"large\",\"breakpoint\":\"m\",\"layout\":\"1-1\",\"width\":\"\"},\"children\":[{\"name\":\"\",\"type\":\"column\",\"props\":{\"image_position\":\"center-center\",\"media_overlay_gradient\":\"\"},\"children\":[{\"type\":\"headline\",\"props\":{\"title_element\":\"h1\",\"title_style\":\"h1\",\"title_decoration\":\"\",\"title_font_family\":\"\",\"title_color\":\"\",\"position\":\"\",\"position_z_index\":\"\",\"margin\":\"\",\"maxwidth\":\"\",\"maxwidth_breakpoint\":\"\",\"block_align\":\"\",\"block_align_breakpoint\":\"\",\"block_align_fallback\":\"\",\"text_align\":\"center\",\"text_align_breakpoint\":\"\",\"text_align_fallback\":\"\",\"animation\":\"\",\"visibility\":\"\",\"content\":\"Rev\\u00eatement de sol en vinyle haute performance\"}},{\"name\":\"\",\"type\":\"image\",\"props\":{\"margin\":\"default\",\"image\":\"wp-content\\\/uploads\\\/Rev\\u00eatement-de-Sol-en-Vinyle.jpg\",\"image_svg_color\":\"emphasis\",\"link_target\":\"\",\"image_border\":\"\",\"image_box_shadow\":\"\",\"image_hover_box_shadow\":\"\",\"image_box_decoration\":\"\",\"position\":\"\",\"position_z_index\":\"\",\"maxwidth\":\"\",\"maxwidth_breakpoint\":\"\",\"block_align\":\"\",\"block_align_breakpoint\":\"\",\"block_align_fallback\":\"\",\"text_align\":\"\",\"text_align_breakpoint\":\"\",\"text_align_fallback\":\"\",\"animation\":\"\",\"visibility\":\"\"}},{\"name\":\"\",\"type\":\"headline\",\"props\":{\"title_element\":\"h2\",\"content\":\"Rev\\u00eatement de sol en vinyle\",\"link\":\"\",\"title_style\":\"h2\",\"title_decoration\":\"line\",\"title_font_family\":\"\",\"title_color\":\"\",\"position\":\"\",\"position_z_index\":\"\",\"margin\":\"\",\"maxwidth\":\"\",\"maxwidth_breakpoint\":\"\",\"block_align\":\"\",\"block_align_breakpoint\":\"\",\"block_align_fallback\":\"\",\"text_align\":\"center\",\"text_align_breakpoint\":\"\",\"text_align_fallback\":\"\",\"animation\":\"\",\"visibility\":\"\"}},{\"type\":\"text\",\"props\":{\"margin\":\"default\",\"column_breakpoint\":\"m\",\"text_style\":\"\",\"text_color\":\"\",\"text_size\":\"\",\"column\":\"\",\"position\":\"\",\"position_z_index\":\"\",\"maxwidth\":\"\",\"maxwidth_breakpoint\":\"\",\"block_align\":\"\",\"block_align_breakpoint\":\"\",\"block_align_fallback\":\"\",\"text_align\":\"center\",\"text_align_breakpoint\":\"\",\"text_align_fallback\":\"\",\"animation\":\"\",\"visibility\":\"\",\"content\":\"\n\n<p>Naturel, solide, color\\u00e9. Notre rev\\u00eatement de sol en vinyle, compos\\u00e9 \\u00e0 97 % de mati\\u00e8res premi\\u00e8res naturelles, est le choix de rev\\u00eatement de sol le plus durable.<br \\\/>Les mod\\u00e8les uniques et color\\u00e9s vont du marbre subtil et du b\\u00e9ton moderne aux ardoises et aux tons unis.<br \\\/>Les rev\\u00eatements de vinyle sont durables, faciles \\u00e0 nettoyer et \\u00e0 maintenir et parfaitement adapt\\u00e9s \\u00e0 toutes sortes d\\u2019applications.<\\\/p>\\n\n\n<p>VOUS AIMERIEZ EN VOIR PLUS? Notre nouvelle salle de montre promet de vous en mettre plein la vue avec ses nombreux produits de REV\\u00caTEMENTS DE SOL EN VINYLE.<\\\/p>\\n\n\n<p>Saviez-vous que nous livrons pratiquement n\\u2019importe o\\u00f9 au Canada et aux \\u00c9tats-Unis? Demandez-nous une soumission.<\\\/p>\"}}]}]},{\"type\":\"row\",\"props\":{\"layout\":\"1-1\",\"breakpoint\":\"m\",\"fixed_width\":\"large\",\"column_gap\":\"\",\"row_gap\":\"\",\"width\":\"\",\"width_expand\":\"\",\"height\":\"\",\"margin\":\"\"},\"children\":[{\"type\":\"column\",\"props\":{\"image_position\":\"center-center\",\"media_overlay_gradient\":\"\",\"vertical_align\":\"\",\"style\":\"\",\"text_color\":\"\",\"padding\":\"\"},\"children\":[{\"type\":\"grid\",\"props\":{\"show_title\":true,\"show_meta\":true,\"show_content\":true,\"show_image\":true,\"show_link\":true,\"grid_default\":\"1\",\"grid_medium\":\"5\",\"filter_style\":\"tab\",\"filter_all\":true,\"filter_position\":\"top\",\"filter_align\":\"left\",\"filter_grid_width\":\"auto\",\"filter_grid_breakpoint\":\"m\",\"title_hover_style\":\"reset\",\"title_element\":\"h2\",\"title_align\":\"top\",\"title_grid_width\":\"1-2\",\"title_grid_breakpoint\":\"m\",\"meta_style\":\"meta\",\"meta_align\":\"below-title\",\"icon_ratio\":4,\"image_align\":\"top\",\"image_grid_width\":\"1-2\",\"image_grid_breakpoint\":\"m\",\"image_svg_color\":\"emphasis\",\"link_text\":\"Read more\",\"link_style\":\"default\",\"margin\":\"default\",\"item_animation\":\"\",\"grid_column_gap\":\"\",\"grid_row_gap\":\"\",\"grid_small\":\"2\",\"grid_large\":\"5\",\"grid_xlarge\":\"5\",\"filter_margin\":\"\",\"filter_grid_column_gap\":\"\",\"filter_grid_row_gap\":\"\",\"title_display\":\"\",\"content_display\":\"\",\"panel_style\":\"\",\"panel_content_padding\":\"\",\"panel_size\":\"\",\"item_maxwidth\":\"\",\"title_style\":\"h6\",\"title_decoration\":\"\",\"title_font_family\":\"\",\"title_color\":\"\",\"title_grid_column_gap\":\"\",\"title_grid_row_gap\":\"\",\"title_margin\":\"\",\"meta_color\":\"\",\"meta_margin\":\"\",\"content_style\":\"\",\"content_margin\":\"\",\"image_transition\":\"\",\"image_border\":\"\",\"image_box_shadow\":\"\",\"image_hover_box_shadow\":\"\",\"image_box_decoration\":\"\",\"icon_color\":\"\",\"image_grid_column_gap\":\"\",\"image_grid_row_gap\":\"\",\"image_margin\":\"\",\"link_type\":\"content\",\"link_size\":\"\",\"link_margin\":\"\",\"position\":\"\",\"position_z_index\":\"\",\"maxwidth\":\"\",\"maxwidth_breakpoint\":\"\",\"block_align\":\"\",\"block_align_breakpoint\":\"\",\"block_align_fallback\":\"\",\"text_align\":\"center\",\"text_align_breakpoint\":\"\",\"text_align_fallback\":\"\",\"visibility\":\"\",\"image_width\":\"250\",\"image_height\":\"250\"},\"children\":[{\"type\":\"grid_item\",\"props\":{\"title\":\"LIN\\u00c9AIRE + 20 COULEURS\",\"image\":\"wp-content\\\/uploads\\\/lin-1.jpg\",\"link\":\"fr\\\/commercial\\\/revetement-de-sol-en-vinyle\\\/lineaire\"}},{\"type\":\"grid_item\",\"props\":{\"title\":\"ARDOISE + 6 COULEURS\",\"image\":\"wp-content\\\/uploads\\\/Slate-1.jpg\",\"link\":\"fr\\\/commercial\\\/revetement-de-sol-en-vinyle\\\/ardoise\"}},{\"type\":\"grid_item\",\"props\":{\"title\":\"UNI + 15 COULEURS\",\"image\":\"wp-content\\\/uploads\\\/Solid.jpg\",\"link\":\"fr\\\/commercial\\\/revetement-de-sol-en-vinyle\\\/uni\"}},{\"type\":\"grid_item\",\"props\":{\"title\":\"TON SUR TON + 19 COULEURS\",\"image\":\"wp-content\\\/uploads\\\/tone-1.jpg\",\"link\":\"fr\\\/commercial\\\/revetement-de-sol-en-vinyle\\\/ton-sur-ton\"}},{\"type\":\"grid_item\",\"props\":{\"title\":\"MARBR\\u00c9 + 59 COULEURS\",\"image\":\"wp-content\\\/uploads\\\/marbled.jpg\",\"link\":\"fr\\\/commercial\\\/revetement-de-sol-en-vinyle\\\/marbre\"}}]}]}]}]},{\"name\":\"Call to Action\",\"type\":\"section\",\"props\":{\"style\":\"default\",\"width\":\"\",\"vertical_align\":\"middle\",\"title_position\":\"top-left\",\"title_rotation\":\"left\",\"title_breakpoint\":\"xl\",\"image_position\":\"center-center\",\"padding\":\"none\",\"image_effect\":\"\"},\"children\":[{\"name\":\"\",\"type\":\"row\",\"props\":{\"fixed_width\":\"large\",\"breakpoint\":\"m\",\"layout\":\",\",\"vertical_align\":false,\"match\":true,\"column_gap\":\"collapse\",\"row_gap\":\"collapse\"},\"children\":[{\"name\":\"\",\"type\":\"column\",\"props\":{\"image_position\":\"center-center\",\"style\":\"primary\",\"media_overlay_gradient\":\"\"},\"children\":[{\"name\":\"get a free quote CTA\",\"type\":\"headline\",\"props\":{\"title_element\":\"h2\",\"title_style\":\"h3\",\"text_align\":\"center\",\"content\":\"Obtenir une soumission en ligne gratuite\",\"link\":\"fr\\\/soumission-en-ligne-gratuite\",\"maxwidth\":\"\",\"animation\":\"none\",\"parallax_y_start\":\"30\",\"parallax_y_end\":\"0\",\"parallax_opacity_start\":\"0\",\"parallax_opacity_end\":\"1\",\"parallax_viewport\":\"0.3\",\"link_style\":true,\"link_target\":false,\"block_align\":\"center\"}}]},{\"name\":\"\",\"type\":\"column\",\"props\":{\"image_position\":\"center-center\",\"style\":\"secondary\",\"media_overlay_gradient\":\"\"},\"children\":[{\"name\":\"consultation CTA\",\"type\":\"headline\",\"props\":{\"title_element\":\"h2\",\"title_style\":\"h3\",\"text_align\":\"center\",\"content\":\"Demander une consultation<\\\/p>\",\"link\":\"fr\\\/communiquez-avec-nous#consultation\",\"maxwidth\":\"\",\"animation\":\"none\",\"parallax_y_start\":\"30\",\"parallax_y_end\":\"0\",\"parallax_opacity_start\":\"0\",\"parallax_opacity_end\":\"1\",\"parallax_viewport\":\"0.3\",\"link_style\":true,\"block_align\":\"center\"}}]}]}]}],\"props\":[],\"version\":\"1.22.8\"} --><\/p>\n","protected":false},"excerpt":{"rendered":"<p>Rev\u00eatement de sol en vinyle haute performance Rev\u00eatement de sol en vinyle Naturel, solide, color\u00e9. Notre rev\u00eatement de sol en vinyle, compos\u00e9 \u00e0 97 % de mati\u00e8res premi\u00e8res naturelles, est le choix de rev\u00eatement de sol le plus durable.Les mod\u00e8les uniques et color\u00e9s vont du marbre subtil et du b\u00e9ton moderne aux ardoises et aux [&hellip;]<\/p>\n","protected":false},"author":2,"featured_media":0,"parent":10304,"menu_order":0,"comment_status":"closed","ping_status":"closed","template":"","meta":{"footnotes":""},"class_list":["post-10466","page","type-page","status-publish","hentry"],"yoast_head":"<!-- This site is optimized with the Yoast SEO plugin v26.4 - https:\/\/yoast.com\/wordpress\/plugins\/seo\/ -->\n<title>Rev\u00eatement de sol en vinyle Montr\u00e9al | Tapis Normandy<\/title>\n<meta name=\"description\" content=\"Notre rev\u00eatement de sol en vinyle est durable, de haute qualit\u00e9 et innovant. Ils sont pr\u00e9sent\u00e9s dans une vaste gamme de couleurs et motifs.\" \/>\n<meta name=\"robots\" content=\"index, follow, max-snippet:-1, max-image-preview:large, max-video-preview:-1\" \/>\n<link rel=\"canonical\" href=\"https:\/\/normandycarpets.ca\/fr\/commercial\/revetement-de-sol-en-vinyle\" \/>\n<meta property=\"og:locale\" content=\"fr_FR\" \/>\n<meta property=\"og:type\" content=\"article\" \/>\n<meta property=\"og:title\" content=\"Rev\u00eatement de sol en vinyle Montr\u00e9al | Tapis Normandy\" \/>\n<meta property=\"og:description\" content=\"Notre rev\u00eatement de sol en vinyle est durable, de haute qualit\u00e9 et innovant. Ils sont pr\u00e9sent\u00e9s dans une vaste gamme de couleurs et motifs.\" \/>\n<meta property=\"og:url\" content=\"https:\/\/normandycarpets.ca\/fr\/commercial\/revetement-de-sol-en-vinyle\" \/>\n<meta property=\"article:modified_time\" content=\"2021-04-30T13:39:12+00:00\" \/>\n<meta name=\"twitter:card\" content=\"summary_large_image\" \/>\n<meta name=\"twitter:label1\" content=\"Dur\u00e9e de lecture estim\u00e9e\" \/>\n\t<meta name=\"twitter:data1\" content=\"1 minute\" \/>\n<script type=\"application\/ld+json\" class=\"yoast-schema-graph\">{\"@context\":\"https:\/\/schema.org\",\"@graph\":[{\"@type\":\"WebPage\",\"@id\":\"https:\/\/normandycarpets.ca\/fr\/commercial\/revetement-de-sol-en-vinyle\",\"url\":\"https:\/\/normandycarpets.ca\/fr\/commercial\/revetement-de-sol-en-vinyle\",\"name\":\"Rev\u00eatement de sol en vinyle Montr\u00e9al | Tapis Normandy\",\"isPartOf\":{\"@id\":\"https:\/\/normandycarpets.ca\/fr\/#website\"},\"datePublished\":\"2018-09-06T18:50:07+00:00\",\"dateModified\":\"2021-04-30T13:39:12+00:00\",\"description\":\"Notre rev\u00eatement de sol en vinyle est durable, de haute qualit\u00e9 et innovant. Ils sont pr\u00e9sent\u00e9s dans une vaste gamme de couleurs et motifs.\",\"breadcrumb\":{\"@id\":\"https:\/\/normandycarpets.ca\/fr\/commercial\/revetement-de-sol-en-vinyle#breadcrumb\"},\"inLanguage\":\"fr-FR\",\"potentialAction\":[{\"@type\":\"ReadAction\",\"target\":[\"https:\/\/normandycarpets.ca\/fr\/commercial\/revetement-de-sol-en-vinyle\"]}]},{\"@type\":\"BreadcrumbList\",\"@id\":\"https:\/\/normandycarpets.ca\/fr\/commercial\/revetement-de-sol-en-vinyle#breadcrumb\",\"itemListElement\":[{\"@type\":\"ListItem\",\"position\":1,\"name\":\"Home\",\"item\":\"https:\/\/normandycarpets.ca\/fr\"},{\"@type\":\"ListItem\",\"position\":2,\"name\":\"Commercial\",\"item\":\"https:\/\/normandycarpets.ca\/fr\/commercial\"},{\"@type\":\"ListItem\",\"position\":3,\"name\":\"Rev\u00eatement de sol en vinyle\"}]},{\"@type\":\"WebSite\",\"@id\":\"https:\/\/normandycarpets.ca\/fr\/#website\",\"url\":\"https:\/\/normandycarpets.ca\/fr\/\",\"name\":\"\",\"description\":\"\",\"potentialAction\":[{\"@type\":\"SearchAction\",\"target\":{\"@type\":\"EntryPoint\",\"urlTemplate\":\"https:\/\/normandycarpets.ca\/fr\/?s={search_term_string}\"},\"query-input\":{\"@type\":\"PropertyValueSpecification\",\"valueRequired\":true,\"valueName\":\"search_term_string\"}}],\"inLanguage\":\"fr-FR\"}]}<\/script>\n<!-- \/ Yoast SEO plugin. -->","yoast_head_json":{"title":"Rev\u00eatement de sol en vinyle Montr\u00e9al | Tapis Normandy","description":"Notre rev\u00eatement de sol en vinyle est durable, de haute qualit\u00e9 et innovant. Ils sont pr\u00e9sent\u00e9s dans une vaste gamme de couleurs et motifs.","robots":{"index":"index","follow":"follow","max-snippet":"max-snippet:-1","max-image-preview":"max-image-preview:large","max-video-preview":"max-video-preview:-1"},"canonical":"https:\/\/normandycarpets.ca\/fr\/commercial\/revetement-de-sol-en-vinyle","og_locale":"fr_FR","og_type":"article","og_title":"Rev\u00eatement de sol en vinyle Montr\u00e9al | Tapis Normandy","og_description":"Notre rev\u00eatement de sol en vinyle est durable, de haute qualit\u00e9 et innovant. Ils sont pr\u00e9sent\u00e9s dans une vaste gamme de couleurs et motifs.","og_url":"https:\/\/normandycarpets.ca\/fr\/commercial\/revetement-de-sol-en-vinyle","article_modified_time":"2021-04-30T13:39:12+00:00","twitter_card":"summary_large_image","twitter_misc":{"Dur\u00e9e de lecture estim\u00e9e":"1 minute"},"schema":{"@context":"https:\/\/schema.org","@graph":[{"@type":"WebPage","@id":"https:\/\/normandycarpets.ca\/fr\/commercial\/revetement-de-sol-en-vinyle","url":"https:\/\/normandycarpets.ca\/fr\/commercial\/revetement-de-sol-en-vinyle","name":"Rev\u00eatement de sol en vinyle Montr\u00e9al | Tapis Normandy","isPartOf":{"@id":"https:\/\/normandycarpets.ca\/fr\/#website"},"datePublished":"2018-09-06T18:50:07+00:00","dateModified":"2021-04-30T13:39:12+00:00","description":"Notre rev\u00eatement de sol en vinyle est durable, de haute qualit\u00e9 et innovant. Ils sont pr\u00e9sent\u00e9s dans une vaste gamme de couleurs et motifs.","breadcrumb":{"@id":"https:\/\/normandycarpets.ca\/fr\/commercial\/revetement-de-sol-en-vinyle#breadcrumb"},"inLanguage":"fr-FR","potentialAction":[{"@type":"ReadAction","target":["https:\/\/normandycarpets.ca\/fr\/commercial\/revetement-de-sol-en-vinyle"]}]},{"@type":"BreadcrumbList","@id":"https:\/\/normandycarpets.ca\/fr\/commercial\/revetement-de-sol-en-vinyle#breadcrumb","itemListElement":[{"@type":"ListItem","position":1,"name":"Home","item":"https:\/\/normandycarpets.ca\/fr"},{"@type":"ListItem","position":2,"name":"Commercial","item":"https:\/\/normandycarpets.ca\/fr\/commercial"},{"@type":"ListItem","position":3,"name":"Rev\u00eatement de sol en vinyle"}]},{"@type":"WebSite","@id":"https:\/\/normandycarpets.ca\/fr\/#website","url":"https:\/\/normandycarpets.ca\/fr\/","name":"","description":"","potentialAction":[{"@type":"SearchAction","target":{"@type":"EntryPoint","urlTemplate":"https:\/\/normandycarpets.ca\/fr\/?s={search_term_string}"},"query-input":{"@type":"PropertyValueSpecification","valueRequired":true,"valueName":"search_term_string"}}],"inLanguage":"fr-FR"}]}},"_links":{"self":[{"href":"https:\/\/normandycarpets.ca\/fr\/wp-json\/wp\/v2\/pages\/10466","targetHints":{"allow":["GET"]}}],"collection":[{"href":"https:\/\/normandycarpets.ca\/fr\/wp-json\/wp\/v2\/pages"}],"about":[{"href":"https:\/\/normandycarpets.ca\/fr\/wp-json\/wp\/v2\/types\/page"}],"author":[{"embeddable":true,"href":"https:\/\/normandycarpets.ca\/fr\/wp-json\/wp\/v2\/users\/2"}],"replies":[{"embeddable":true,"href":"https:\/\/normandycarpets.ca\/fr\/wp-json\/wp\/v2\/comments?post=10466"}],"version-history":[{"count":0,"href":"https:\/\/normandycarpets.ca\/fr\/wp-json\/wp\/v2\/pages\/10466\/revisions"}],"up":[{"embeddable":true,"href":"https:\/\/normandycarpets.ca\/fr\/wp-json\/wp\/v2\/pages\/10304"}],"wp:attachment":[{"href":"https:\/\/normandycarpets.ca\/fr\/wp-json\/wp\/v2\/media?parent=10466"}],"curies":[{"name":"wp","href":"https:\/\/api.w.org\/{rel}","templated":true}]}}