{"id":10458,"date":"2018-09-06T18:46:37","date_gmt":"2018-09-06T18:46:37","guid":{"rendered":"http:\/\/normandycarpets.ca\/commercial\/exposition-carpet"},"modified":"2025-11-05T22:37:58","modified_gmt":"2025-11-05T22:37:58","slug":"tapis-exposition","status":"publish","type":"page","link":"https:\/\/normandycarpets.ca\/fr\/commercial\/tapis-exposition","title":{"rendered":"Tapis exposition"},"content":{"rendered":"<h1>Tapis d&rsquo;exposition \u00e0 Montr\u00e9al<\/h1>\n<p><img decoding=\"async\" data-src=\"\/wp-content\/uploads\/Tapis-Exposition.jpg\" alt=\"\" src=\"data:image\/svg+xml;base64,PHN2ZyB3aWR0aD0iMSIgaGVpZ2h0PSIxIiB4bWxucz0iaHR0cDovL3d3dy53My5vcmcvMjAwMC9zdmciPjwvc3ZnPg==\" class=\"lazyload\" style=\"--smush-placeholder-width: 1500px; --smush-placeholder-aspect-ratio: 1500\/616;\"><\/p>\n<h2>Tapis exposition<\/h2>\n<div>\n<p>Pr\u00e9sentez la vision de votre entreprise et inspirez vos clients avec nos magnifiques tapis d&rsquo;exposition. Parfaits pour les \u00e9v\u00e9nements intimes ou ouverts, nos tapis d&rsquo;exposition font ressortir le meilleur de votre entreprise. Parcourez notre gamme de couleurs et de motifs ci-dessous.<\/p>\n<p>Vous souhaitez en savoir plus? Visitez notre salle de montre \u00e0 Montr\u00e9al pour voir notre gamme de luxe de tapis commerciaux.<\/p>\n<p>Votre entreprise est-elle situ\u00e9e en dehors de Montr\u00e9al? Saviez-vous que nous livrons pratiquement n\u2019importe o\u00f9 au Canada et aux \u00c9tats-Unis?<br \/>Contactez-nous d\u00e8s aujourd&rsquo;hui pour recevoir votre soumission gratuite!<\/p>\n<\/div>\n<ul>\n<li>\n<p>        <img decoding=\"async\" data-src=\"\/wp-content\/uploads\/949-Pewter-min.jpg\" alt=\"\" src=\"data:image\/svg+xml;base64,PHN2ZyB3aWR0aD0iMSIgaGVpZ2h0PSIxIiB4bWxucz0iaHR0cDovL3d3dy53My5vcmcvMjAwMC9zdmciPjwvc3ZnPg==\" class=\"lazyload\" style=\"--smush-placeholder-width: 540px; --smush-placeholder-aspect-ratio: 540\/540;\"><\/p>\n<h2>BUDGET + 9 COULEURS<\/h2>\n<p><a href=\"\/fr\/commercial\/tapis-exposition\/budget\"><\/a><\/p>\n<\/li>\n<li>\n<p>        <img decoding=\"async\" data-src=\"\/wp-content\/uploads\/453-1.jpg\" alt=\"\" src=\"data:image\/svg+xml;base64,PHN2ZyB3aWR0aD0iMSIgaGVpZ2h0PSIxIiB4bWxucz0iaHR0cDovL3d3dy53My5vcmcvMjAwMC9zdmciPjwvc3ZnPg==\" class=\"lazyload\" style=\"--smush-placeholder-width: 500px; --smush-placeholder-aspect-ratio: 500\/500;\"><\/p>\n<h2>PR\u00c9F\u00c9R\u00c9 + 17 COULEURS<\/h2>\n<p><a href=\"\/fr\/commercial\/tapis-exposition\/prefere\"><\/a><\/p>\n<\/li>\n<li>\n<p>        <img decoding=\"async\" data-src=\"\/wp-content\/uploads\/Royale-Robe-min.jpg\" alt=\"\" src=\"data:image\/svg+xml;base64,PHN2ZyB3aWR0aD0iMSIgaGVpZ2h0PSIxIiB4bWxucz0iaHR0cDovL3d3dy53My5vcmcvMjAwMC9zdmciPjwvc3ZnPg==\" class=\"lazyload\" style=\"--smush-placeholder-width: 540px; --smush-placeholder-aspect-ratio: 540\/540;\"><\/p>\n<h2>PREMIER + 36 COULEURS<\/h2>\n<p><a href=\"\/fr\/commercial\/tapis-exposition\/premier\"><\/a><\/p>\n<\/li>\n<li>\n<p>        <img decoding=\"async\" data-src=\"\/wp-content\/uploads\/Glamour-Girl-Copy.jpg\" alt=\"\" src=\"data:image\/svg+xml;base64,PHN2ZyB3aWR0aD0iMSIgaGVpZ2h0PSIxIiB4bWxucz0iaHR0cDovL3d3dy53My5vcmcvMjAwMC9zdmciPjwvc3ZnPg==\" class=\"lazyload\" style=\"--smush-placeholder-width: 540px; --smush-placeholder-aspect-ratio: 540\/540;\"><\/p>\n<h2>COLOR POP + 12 COULEURS<\/h2>\n<p><a href=\"\/fr\/commercial\/tapis-exposition\/colorpop\"><\/a><\/p>\n<\/li>\n<\/ul>\n<h2><a href=\"\/fr\/soumission-en-ligne-gratuite\">Obtenir une soumission en ligne gratuite<\/a><\/h2>\n<h2><a href=\"\/fr\/communiquez-avec-nous#consultation\">Demander une consultation<\/a><\/h2>\n<p><!--more--><br \/>\n<!-- {\"name\":\"\",\"type\":\"layout\",\"children\":[{\"name\":\"\",\"type\":\"section\",\"props\":{\"style\":\"default\",\"width\":\"large\",\"vertical_align\":\"middle\",\"title_position\":\"top-left\",\"title_rotation\":\"left\",\"title_breakpoint\":\"xl\",\"image_position\":\"center-center\"},\"children\":[{\"name\":\"\",\"type\":\"row\",\"children\":[{\"name\":\"\",\"type\":\"column\",\"props\":{\"image_position\":\"center-center\",\"media_overlay_gradient\":\"\",\"width_medium\":\"1-1\",\"position_sticky_breakpoint\":\"m\"},\"children\":[{\"name\":\"\",\"type\":\"headline\",\"props\":{\"title_element\":\"h1\",\"content\":\"Tapis d'exposition \\u00e0 Montr\\u00e9al\",\"link\":\"\",\"title_style\":\"h1\",\"text_align\":\"center\"}},{\"name\":\"\",\"type\":\"image\",\"props\":{\"margin\":\"default\",\"image\":\"wp-content\\\/uploads\\\/Tapis-Exposition.jpg\",\"image_svg_color\":\"emphasis\"}},{\"name\":\"\",\"type\":\"headline\",\"props\":{\"title_element\":\"h2\",\"content\":\"Tapis exposition\",\"link\":\"\",\"title_style\":\"h2\",\"title_decoration\":\"line\",\"text_align\":\"center\"}},{\"type\":\"text\",\"props\":{\"margin\":\"default\",\"column_breakpoint\":\"m\",\"text_align\":\"center\",\"content\":\"\n\n<p>Pr\\u00e9sentez la vision de votre entreprise et inspirez vos clients avec nos magnifiques tapis d'exposition. Parfaits pour les \\u00e9v\\u00e9nements intimes ou ouverts, nos tapis d'exposition font ressortir le meilleur de votre entreprise. Parcourez notre gamme de couleurs et de motifs ci-dessous.<\\\/p>\\n\n\n<p>Vous souhaitez en savoir plus? Visitez notre salle de montre \\u00e0 Montr\\u00e9al pour voir notre gamme de luxe de tapis commerciaux.<\\\/p>\\n\n\n<p>Votre entreprise est-elle situ\\u00e9e en dehors de Montr\\u00e9al? Saviez-vous que nous livrons pratiquement n\\u2019importe o\\u00f9 au Canada et aux \\u00c9tats-Unis?<br \\\/>Contactez-nous d\\u00e8s aujourd'hui pour recevoir votre soumission gratuite!<\\\/p>\"}}]}]},{\"type\":\"row\",\"children\":[{\"type\":\"column\",\"props\":{\"image_position\":\"center-center\",\"media_overlay_gradient\":\"\",\"width_medium\":\"1-1\",\"position_sticky_breakpoint\":\"m\"},\"children\":[{\"type\":\"grid\",\"props\":{\"show_title\":true,\"show_meta\":true,\"show_content\":true,\"show_image\":true,\"show_link\":true,\"grid_default\":\"2\",\"grid_medium\":\"4\",\"filter_style\":\"tab\",\"filter_all\":true,\"filter_position\":\"top\",\"filter_align\":\"left\",\"filter_grid_width\":\"auto\",\"filter_grid_breakpoint\":\"m\",\"title_hover_style\":\"reset\",\"title_element\":\"h2\",\"title_align\":\"top\",\"title_grid_width\":\"1-2\",\"title_grid_breakpoint\":\"m\",\"meta_style\":\"text-meta\",\"meta_align\":\"below-title\",\"image_align\":\"top\",\"image_grid_width\":\"1-2\",\"image_grid_breakpoint\":\"m\",\"image_svg_color\":\"emphasis\",\"link_text\":\"\",\"link_style\":\"default\",\"margin\":\"default\",\"item_animation\":true,\"grid_small\":\"4\",\"grid_large\":\"4\",\"grid_xlarge\":\"4\",\"title_style\":\"h6\",\"text_align\":\"center\",\"image_width\":\"250\",\"image_height\":\"250\",\"title_link\":true,\"image_link\":true,\"icon_width\":80,\"panel_padding\":\"\",\"panel_card_size\":\"\",\"parallax_easing\":\"1\",\"meta_element\":\"div\",\"content_column_breakpoint\":\"m\"},\"children\":[{\"type\":\"grid_item\",\"props\":{\"title\":\"BUDGET + 9 COULEURS\",\"image\":\"wp-content\\\/uploads\\\/949-Pewter-min.jpg\",\"link\":\"fr\\\/commercial\\\/tapis-exposition\\\/budget\"}},{\"type\":\"grid_item\",\"props\":{\"title\":\"PR\\u00c9F\\u00c9R\\u00c9 + 17 COULEURS\",\"image\":\"wp-content\\\/uploads\\\/453-1.jpg\",\"link\":\"fr\\\/commercial\\\/tapis-exposition\\\/prefere\"}},{\"type\":\"grid_item\",\"props\":{\"title\":\"PREMIER + 36 COULEURS\",\"image\":\"wp-content\\\/uploads\\\/Royale-Robe-min.jpg\",\"link\":\"fr\\\/commercial\\\/tapis-exposition\\\/premier\"}},{\"type\":\"grid_item\",\"props\":{\"title\":\"COLOR POP + 12 COULEURS\",\"image\":\"wp-content\\\/uploads\\\/Glamour-Girl-Copy.jpg\",\"link\":\"fr\\\/commercial\\\/tapis-exposition\\\/colorpop\"}}]}]}]}]},{\"name\":\"Call to Action\",\"type\":\"section\",\"props\":{\"style\":\"default\",\"width\":\"\",\"vertical_align\":\"middle\",\"title_position\":\"top-left\",\"title_rotation\":\"left\",\"title_breakpoint\":\"xl\",\"image_position\":\"center-center\",\"padding\":\"none\"},\"children\":[{\"name\":\"\",\"type\":\"row\",\"props\":{\"layout\":\"1-2,1-2\",\"vertical_align\":false,\"match\":true,\"column_gap\":\"collapse\",\"row_gap\":\"collapse\"},\"children\":[{\"name\":\"\",\"type\":\"column\",\"props\":{\"image_position\":\"center-center\",\"style\":\"primary\",\"media_overlay_gradient\":\"\",\"width_medium\":\"1-2\",\"position_sticky_breakpoint\":\"m\"},\"children\":[{\"name\":\"get a free quote CTA\",\"type\":\"headline\",\"props\":{\"title_element\":\"h2\",\"title_style\":\"h3\",\"text_align\":\"center\",\"content\":\"Obtenir une soumission en ligne gratuite\",\"link\":\"fr\\\/soumission-en-ligne-gratuite\",\"animation\":\"none\",\"link_style\":true,\"link_target\":false,\"block_align\":\"center\",\"parallax_end\":\"70vh + 70%\",\"parallax_y\":\"30,0\",\"parallax_opacity\":\"0,1\"}}]},{\"name\":\"\",\"type\":\"column\",\"props\":{\"image_position\":\"center-center\",\"style\":\"secondary\",\"media_overlay_gradient\":\"\",\"width_medium\":\"1-2\",\"position_sticky_breakpoint\":\"m\"},\"children\":[{\"name\":\"consultation CTA\",\"type\":\"headline\",\"props\":{\"title_element\":\"h2\",\"title_style\":\"h3\",\"text_align\":\"center\",\"content\":\"Demander une consultation\",\"link\":\"fr\\\/communiquez-avec-nous#consultation\",\"animation\":\"none\",\"link_style\":true,\"block_align\":\"center\",\"parallax_end\":\"70vh + 70%\",\"parallax_y\":\"30,0\",\"parallax_opacity\":\"0,1\"}}]}]}]}],\"version\":\"3.0.9\"} --><\/p>\n","protected":false},"excerpt":{"rendered":"<p>Tapis d&rsquo;exposition \u00e0 Montr\u00e9al Tapis exposition Pr\u00e9sentez la vision de votre entreprise et inspirez vos clients avec nos magnifiques tapis d&rsquo;exposition. Parfaits pour les \u00e9v\u00e9nements intimes ou ouverts, nos tapis d&rsquo;exposition font ressortir le meilleur de votre entreprise. Parcourez notre gamme de couleurs et de motifs ci-dessous. Vous souhaitez en savoir plus? Visitez notre salle [&hellip;]<\/p>\n","protected":false},"author":2,"featured_media":0,"parent":10304,"menu_order":0,"comment_status":"closed","ping_status":"closed","template":"","meta":{"footnotes":""},"class_list":["post-10458","page","type-page","status-publish","hentry"],"yoast_head":"<!-- This site is optimized with the Yoast SEO plugin v26.4 - https:\/\/yoast.com\/wordpress\/plugins\/seo\/ -->\n<title>Tapis d&#039;exposition Montr\u00e9al | Tapis Normandy<\/title>\n<meta name=\"description\" content=\"Disponibles dans plus de 130 couleurs, nous vous permettons d&#039;ajouter facilement une touche d&#039;individualit\u00e9 \u00e0 votre \u00e9v\u00e9nement, th\u00e8me ou marque d&#039;entreprise.\" \/>\n<meta name=\"robots\" content=\"index, follow, max-snippet:-1, max-image-preview:large, max-video-preview:-1\" \/>\n<link rel=\"canonical\" href=\"https:\/\/normandycarpets.ca\/fr\/commercial\/tapis-exposition\" \/>\n<meta property=\"og:locale\" content=\"fr_FR\" \/>\n<meta property=\"og:type\" content=\"article\" \/>\n<meta property=\"og:title\" content=\"Tapis d&#039;exposition Montr\u00e9al | Tapis Normandy\" \/>\n<meta property=\"og:description\" content=\"Disponibles dans plus de 130 couleurs, nous vous permettons d&#039;ajouter facilement une touche d&#039;individualit\u00e9 \u00e0 votre \u00e9v\u00e9nement, th\u00e8me ou marque d&#039;entreprise.\" \/>\n<meta property=\"og:url\" content=\"https:\/\/normandycarpets.ca\/fr\/commercial\/tapis-exposition\" \/>\n<meta property=\"article:modified_time\" content=\"2025-11-05T22:37:58+00:00\" \/>\n<meta name=\"twitter:card\" content=\"summary_large_image\" \/>\n<meta name=\"twitter:label1\" content=\"Dur\u00e9e de lecture estim\u00e9e\" \/>\n\t<meta name=\"twitter:data1\" content=\"1 minute\" \/>\n<script type=\"application\/ld+json\" class=\"yoast-schema-graph\">{\"@context\":\"https:\/\/schema.org\",\"@graph\":[{\"@type\":\"WebPage\",\"@id\":\"https:\/\/normandycarpets.ca\/fr\/commercial\/tapis-exposition\",\"url\":\"https:\/\/normandycarpets.ca\/fr\/commercial\/tapis-exposition\",\"name\":\"Tapis d'exposition Montr\u00e9al | Tapis Normandy\",\"isPartOf\":{\"@id\":\"https:\/\/normandycarpets.ca\/fr\/#website\"},\"datePublished\":\"2018-09-06T18:46:37+00:00\",\"dateModified\":\"2025-11-05T22:37:58+00:00\",\"description\":\"Disponibles dans plus de 130 couleurs, nous vous permettons d'ajouter facilement une touche d'individualit\u00e9 \u00e0 votre \u00e9v\u00e9nement, th\u00e8me ou marque d'entreprise.\",\"breadcrumb\":{\"@id\":\"https:\/\/normandycarpets.ca\/fr\/commercial\/tapis-exposition#breadcrumb\"},\"inLanguage\":\"fr-FR\",\"potentialAction\":[{\"@type\":\"ReadAction\",\"target\":[\"https:\/\/normandycarpets.ca\/fr\/commercial\/tapis-exposition\"]}]},{\"@type\":\"BreadcrumbList\",\"@id\":\"https:\/\/normandycarpets.ca\/fr\/commercial\/tapis-exposition#breadcrumb\",\"itemListElement\":[{\"@type\":\"ListItem\",\"position\":1,\"name\":\"Home\",\"item\":\"https:\/\/normandycarpets.ca\/fr\"},{\"@type\":\"ListItem\",\"position\":2,\"name\":\"Commercial\",\"item\":\"https:\/\/normandycarpets.ca\/fr\/commercial\"},{\"@type\":\"ListItem\",\"position\":3,\"name\":\"Tapis exposition\"}]},{\"@type\":\"WebSite\",\"@id\":\"https:\/\/normandycarpets.ca\/fr\/#website\",\"url\":\"https:\/\/normandycarpets.ca\/fr\/\",\"name\":\"\",\"description\":\"\",\"potentialAction\":[{\"@type\":\"SearchAction\",\"target\":{\"@type\":\"EntryPoint\",\"urlTemplate\":\"https:\/\/normandycarpets.ca\/fr\/?s={search_term_string}\"},\"query-input\":{\"@type\":\"PropertyValueSpecification\",\"valueRequired\":true,\"valueName\":\"search_term_string\"}}],\"inLanguage\":\"fr-FR\"}]}<\/script>\n<!-- \/ Yoast SEO plugin. -->","yoast_head_json":{"title":"Tapis d'exposition Montr\u00e9al | Tapis Normandy","description":"Disponibles dans plus de 130 couleurs, nous vous permettons d'ajouter facilement une touche d'individualit\u00e9 \u00e0 votre \u00e9v\u00e9nement, th\u00e8me ou marque d'entreprise.","robots":{"index":"index","follow":"follow","max-snippet":"max-snippet:-1","max-image-preview":"max-image-preview:large","max-video-preview":"max-video-preview:-1"},"canonical":"https:\/\/normandycarpets.ca\/fr\/commercial\/tapis-exposition","og_locale":"fr_FR","og_type":"article","og_title":"Tapis d'exposition Montr\u00e9al | Tapis Normandy","og_description":"Disponibles dans plus de 130 couleurs, nous vous permettons d'ajouter facilement une touche d'individualit\u00e9 \u00e0 votre \u00e9v\u00e9nement, th\u00e8me ou marque d'entreprise.","og_url":"https:\/\/normandycarpets.ca\/fr\/commercial\/tapis-exposition","article_modified_time":"2025-11-05T22:37:58+00:00","twitter_card":"summary_large_image","twitter_misc":{"Dur\u00e9e de lecture estim\u00e9e":"1 minute"},"schema":{"@context":"https:\/\/schema.org","@graph":[{"@type":"WebPage","@id":"https:\/\/normandycarpets.ca\/fr\/commercial\/tapis-exposition","url":"https:\/\/normandycarpets.ca\/fr\/commercial\/tapis-exposition","name":"Tapis d'exposition Montr\u00e9al | Tapis Normandy","isPartOf":{"@id":"https:\/\/normandycarpets.ca\/fr\/#website"},"datePublished":"2018-09-06T18:46:37+00:00","dateModified":"2025-11-05T22:37:58+00:00","description":"Disponibles dans plus de 130 couleurs, nous vous permettons d'ajouter facilement une touche d'individualit\u00e9 \u00e0 votre \u00e9v\u00e9nement, th\u00e8me ou marque d'entreprise.","breadcrumb":{"@id":"https:\/\/normandycarpets.ca\/fr\/commercial\/tapis-exposition#breadcrumb"},"inLanguage":"fr-FR","potentialAction":[{"@type":"ReadAction","target":["https:\/\/normandycarpets.ca\/fr\/commercial\/tapis-exposition"]}]},{"@type":"BreadcrumbList","@id":"https:\/\/normandycarpets.ca\/fr\/commercial\/tapis-exposition#breadcrumb","itemListElement":[{"@type":"ListItem","position":1,"name":"Home","item":"https:\/\/normandycarpets.ca\/fr"},{"@type":"ListItem","position":2,"name":"Commercial","item":"https:\/\/normandycarpets.ca\/fr\/commercial"},{"@type":"ListItem","position":3,"name":"Tapis exposition"}]},{"@type":"WebSite","@id":"https:\/\/normandycarpets.ca\/fr\/#website","url":"https:\/\/normandycarpets.ca\/fr\/","name":"","description":"","potentialAction":[{"@type":"SearchAction","target":{"@type":"EntryPoint","urlTemplate":"https:\/\/normandycarpets.ca\/fr\/?s={search_term_string}"},"query-input":{"@type":"PropertyValueSpecification","valueRequired":true,"valueName":"search_term_string"}}],"inLanguage":"fr-FR"}]}},"_links":{"self":[{"href":"https:\/\/normandycarpets.ca\/fr\/wp-json\/wp\/v2\/pages\/10458","targetHints":{"allow":["GET"]}}],"collection":[{"href":"https:\/\/normandycarpets.ca\/fr\/wp-json\/wp\/v2\/pages"}],"about":[{"href":"https:\/\/normandycarpets.ca\/fr\/wp-json\/wp\/v2\/types\/page"}],"author":[{"embeddable":true,"href":"https:\/\/normandycarpets.ca\/fr\/wp-json\/wp\/v2\/users\/2"}],"replies":[{"embeddable":true,"href":"https:\/\/normandycarpets.ca\/fr\/wp-json\/wp\/v2\/comments?post=10458"}],"version-history":[{"count":0,"href":"https:\/\/normandycarpets.ca\/fr\/wp-json\/wp\/v2\/pages\/10458\/revisions"}],"up":[{"embeddable":true,"href":"https:\/\/normandycarpets.ca\/fr\/wp-json\/wp\/v2\/pages\/10304"}],"wp:attachment":[{"href":"https:\/\/normandycarpets.ca\/fr\/wp-json\/wp\/v2\/media?parent=10458"}],"curies":[{"name":"wp","href":"https:\/\/api.w.org\/{rel}","templated":true}]}}