{"id":10456,"date":"2018-09-05T19:30:33","date_gmt":"2018-09-05T19:30:33","guid":{"rendered":"http:\/\/normandycarpets.ca\/commercial\/custom-hospitality-carpet"},"modified":"2021-04-29T18:36:00","modified_gmt":"2021-04-29T18:36:00","slug":"tapis-sur-mesure","status":"publish","type":"page","link":"https:\/\/normandycarpets.ca\/fr\/commercial\/tapis-sur-mesure","title":{"rendered":"Tapis commercial sur mesure"},"content":{"rendered":"<h1>Tapis commercial sur mesure Montr\u00e9al<\/h1>\n<p><img decoding=\"async\" data-src=\"wp-content\/uploads\/Tapis-Hospitalit\u00e9-Espace-Public.jpg\" alt=\"\" src=\"data:image\/svg+xml;base64,PHN2ZyB3aWR0aD0iMSIgaGVpZ2h0PSIxIiB4bWxucz0iaHR0cDovL3d3dy53My5vcmcvMjAwMC9zdmciPjwvc3ZnPg==\" class=\"lazyload\"><\/p>\n<h2>Tapis commercial personnalis\u00e9<\/h2>\n<div>\n<p>Au-del\u00e0 d\u2019une simple n\u00e9cessit\u00e9, un tapis est une d\u00e9claration de votre identit\u00e9, de l\u2019image que vous pr\u00e9sentez et de l\u2019accueil que vous offrez aux invit\u00e9s qui franchissent votre porte.<\/p>\n<p>La d\u00e9coration d\u2019espaces d\u2019accueil doit satisfaire aux besoins de l\u2019h\u00f4te, ainsi qu\u2019\u00e0 ceux de son invit\u00e9, en conciliant identit\u00e9 et atmosph\u00e8re. Lorsqu\u2019on p\u00e9n\u00e8tre dans un nouvel espace, l\u2019effet premier peut nous offrir soit une ambiance d\u2019aventure, soit un moment de d\u00e9tente, soit le confort du retour \u00e0 un espace familier mis en valeur par un am\u00e9nagement de sol chaleureux.<\/p>\n<p>Alors, dans quelle atmosph\u00e8re int\u00e9rieure voulez-vous accueillir vos invit\u00e9s?<\/p>\n<p>C\u2019est \u00e0 ce moment-ci que nous pouvons vous aider. Nous r\u00e9alisons pleinement qu\u2019un tapis est le tissu, sur le plan m\u00e9taphorique autant que figur\u00e9, qui fait d\u2019une pi\u00e8ce un ensemble coh\u00e9rent. Que vous recherchiez un accent subtil qui instaure un climat de confort majestueux ou, au contraire, un \u00e9l\u00e9ment qui s\u2019impose par une remarquable audace, les gammes de tapis d\u2019accueil de Tapis Normandy rendront tout son \u00e9clat \u00e0 un d\u00e9cor qui est enti\u00e8rement le v\u00f4tre.<\/p>\n<p>Pour d\u00e9couvrir un monde de possibilit\u00e9s, demandez une consultation d\u00e8s aujourd\u2019hui.<\/p>\n<\/div>\n<p>\n    <a href=\"fr\/communiquez-avec-nous#consultation\">Demander une consultation<\/a>\n<\/p>\n<div>\n<p>        <img decoding=\"async\" data-src=\"wp-content\/uploads\/Lexmark-Divergence-I-V101_corridor_1b.jpg\" alt=\"\" src=\"data:image\/svg+xml;base64,PHN2ZyB3aWR0aD0iMSIgaGVpZ2h0PSIxIiB4bWxucz0iaHR0cDovL3d3dy53My5vcmcvMjAwMC9zdmciPjwvc3ZnPg==\" class=\"lazyload\"><\/p>\n<\/div>\n<div>\n<p>        <img decoding=\"async\" data-src=\"wp-content\/uploads\/Lexmark-Divergence-I-V101_corridor_1a.jpg\" alt=\"\" src=\"data:image\/svg+xml;base64,PHN2ZyB3aWR0aD0iMSIgaGVpZ2h0PSIxIiB4bWxucz0iaHR0cDovL3d3dy53My5vcmcvMjAwMC9zdmciPjwvc3ZnPg==\" class=\"lazyload\"><\/p>\n<\/div>\n<div>\n<p>        <img decoding=\"async\" data-src=\"wp-content\/uploads\/Lexmark-Divergence-I-V101_corridor_1e.jpg\" alt=\"\" src=\"data:image\/svg+xml;base64,PHN2ZyB3aWR0aD0iMSIgaGVpZ2h0PSIxIiB4bWxucz0iaHR0cDovL3d3dy53My5vcmcvMjAwMC9zdmciPjwvc3ZnPg==\" class=\"lazyload\"><\/p>\n<\/div>\n<div>\n<p>        <img decoding=\"async\" data-src=\"wp-content\/uploads\/Lexmark-Divergence-I-V101_corridor_1d.jpg\" alt=\"\" src=\"data:image\/svg+xml;base64,PHN2ZyB3aWR0aD0iMSIgaGVpZ2h0PSIxIiB4bWxucz0iaHR0cDovL3d3dy53My5vcmcvMjAwMC9zdmciPjwvc3ZnPg==\" class=\"lazyload\"><\/p>\n<\/div>\n<h2><a href=\"fr\/soumission-en-ligne-gratuite\">Obtenir une soumission en ligne gratuite<\/a><\/h2>\n<h2><a href=\"fr\/communiquez-avec-nous#consultation\">Demander une consultation<\/a><\/h2>\n<p><!-- {\"name\":\"\",\"type\":\"layout\",\"children\":[{\"name\":\"\",\"type\":\"section\",\"props\":{\"style\":\"default\",\"width\":\"default\",\"vertical_align\":\"middle\",\"title_position\":\"top-left\",\"title_rotation\":\"left\",\"title_breakpoint\":\"xl\",\"image_position\":\"center-center\",\"image_effect\":\"\"},\"children\":[{\"name\":\"\",\"type\":\"row\",\"props\":{\"fixed_width\":\"large\",\"breakpoint\":\"m\",\"layout\":\"1-1\",\"width\":\"\"},\"children\":[{\"name\":\"\",\"type\":\"column\",\"props\":{\"image_position\":\"center-center\",\"media_overlay_gradient\":\"\"},\"children\":[{\"name\":\"\",\"type\":\"headline\",\"props\":{\"title_element\":\"h1\",\"content\":\"Tapis commercial sur mesure Montr\\u00e9al\",\"link\":\"\",\"title_style\":\"h1\",\"title_decoration\":\"\",\"title_font_family\":\"\",\"title_color\":\"\",\"position\":\"\",\"position_z_index\":\"\",\"margin\":\"\",\"maxwidth\":\"\",\"maxwidth_breakpoint\":\"\",\"block_align\":\"\",\"block_align_breakpoint\":\"\",\"block_align_fallback\":\"\",\"text_align\":\"center\",\"text_align_breakpoint\":\"\",\"text_align_fallback\":\"\",\"animation\":\"\",\"visibility\":\"\"}},{\"name\":\"\",\"type\":\"image\",\"props\":{\"margin\":\"default\",\"image\":\"wp-content\\\/uploads\\\/Tapis-Hospitalit\\u00e9-Espace-Public.jpg\",\"image_svg_color\":\"emphasis\",\"link_target\":\"\",\"image_border\":\"\",\"image_box_shadow\":\"\",\"image_hover_box_shadow\":\"\",\"image_box_decoration\":\"\",\"position\":\"\",\"position_z_index\":\"\",\"maxwidth\":\"\",\"maxwidth_breakpoint\":\"\",\"block_align\":\"\",\"block_align_breakpoint\":\"\",\"block_align_fallback\":\"\",\"text_align\":\"\",\"text_align_breakpoint\":\"\",\"text_align_fallback\":\"\",\"animation\":\"\",\"visibility\":\"\"}},{\"name\":\"\",\"type\":\"headline\",\"props\":{\"title_element\":\"h2\",\"content\":\"Tapis commercial personnalis\\u00e9\",\"link\":\"\",\"title_style\":\"h2\",\"title_decoration\":\"line\",\"title_font_family\":\"\",\"title_color\":\"\",\"position\":\"\",\"position_z_index\":\"\",\"margin\":\"\",\"maxwidth\":\"\",\"maxwidth_breakpoint\":\"\",\"block_align\":\"\",\"block_align_breakpoint\":\"\",\"block_align_fallback\":\"\",\"text_align\":\"center\",\"text_align_breakpoint\":\"\",\"text_align_fallback\":\"\",\"animation\":\"\",\"visibility\":\"\"}},{\"type\":\"text\",\"props\":{\"margin\":\"default\",\"column_breakpoint\":\"m\",\"text_style\":\"\",\"text_color\":\"\",\"text_size\":\"\",\"column\":\"\",\"position\":\"\",\"position_z_index\":\"\",\"maxwidth\":\"\",\"maxwidth_breakpoint\":\"\",\"block_align\":\"\",\"block_align_breakpoint\":\"\",\"block_align_fallback\":\"\",\"text_align\":\"center\",\"text_align_breakpoint\":\"\",\"text_align_fallback\":\"\",\"animation\":\"\",\"visibility\":\"\",\"content\":\"\n\n<p>Au-del\\u00e0 d\\u2019une simple n\\u00e9cessit\\u00e9, un tapis est une d\\u00e9claration de votre identit\\u00e9, de l\\u2019image que vous pr\\u00e9sentez et de l\\u2019accueil que vous offrez aux invit\\u00e9s qui franchissent votre porte.<\\\/p>\\n\n\n<p>La d\\u00e9coration d\\u2019espaces d\\u2019accueil doit satisfaire aux besoins de l\\u2019h\\u00f4te, ainsi qu\\u2019\\u00e0 ceux de son invit\\u00e9, en conciliant identit\\u00e9 et atmosph\\u00e8re. Lorsqu\\u2019on p\\u00e9n\\u00e8tre dans un nouvel espace, l\\u2019effet premier peut nous offrir soit une ambiance d\\u2019aventure, soit un moment de d\\u00e9tente, soit le confort du retour \\u00e0 un espace familier mis en valeur par un am\\u00e9nagement de sol chaleureux.<\\\/p>\\n\n\n<p>Alors, dans quelle atmosph\\u00e8re int\\u00e9rieure voulez-vous accueillir vos invit\\u00e9s?<\\\/p>\\n\n\n<p>C\\u2019est \\u00e0 ce moment-ci que nous pouvons vous aider. Nous r\\u00e9alisons pleinement qu\\u2019un tapis est le tissu, sur le plan m\\u00e9taphorique autant que figur\\u00e9, qui fait d\\u2019une pi\\u00e8ce un ensemble coh\\u00e9rent. Que vous recherchiez un accent subtil qui instaure un climat de confort majestueux ou, au contraire, un \\u00e9l\\u00e9ment qui s\\u2019impose par une remarquable audace, les gammes de tapis d\\u2019accueil de Tapis Normandy rendront tout son \\u00e9clat \\u00e0 un d\\u00e9cor qui est enti\\u00e8rement le v\\u00f4tre.<\\\/p>\\n\n\n<p>Pour d\\u00e9couvrir un monde de possibilit\\u00e9s, demandez une consultation d\\u00e8s aujourd\\u2019hui.<\\\/p>\"}},{\"name\":\"\",\"type\":\"button\",\"props\":{\"margin\":\"default\",\"grid_column_gap\":\"small\",\"grid_row_gap\":\"small\",\"button_size\":\"\",\"position\":\"\",\"position_z_index\":\"\",\"maxwidth\":\"\",\"maxwidth_breakpoint\":\"\",\"block_align\":\"\",\"block_align_breakpoint\":\"\",\"block_align_fallback\":\"\",\"text_align\":\"center\",\"text_align_breakpoint\":\"\",\"text_align_fallback\":\"\",\"animation\":\"\",\"visibility\":\"\"},\"children\":[{\"name\":\"\",\"type\":\"button_item\",\"props\":{\"button_style\":\"default\",\"icon_align\":\"left\",\"link\":\"fr\\\/communiquez-avec-nous#consultation\",\"content\":\"Demander une consultation\"}}]}]}]},{\"name\":\"\",\"type\":\"row\",\"props\":{\"fixed_width\":\"large\",\"breakpoint\":\"m\",\"layout\":\"1-4,1-4,1-4,1-4|1-2,1-2,1-2,1-2\"},\"children\":[{\"name\":\"\",\"type\":\"column\",\"props\":{\"image_position\":\"center-center\",\"media_overlay_gradient\":\"\"},\"children\":[{\"name\":\"\",\"type\":\"panel\",\"props\":{\"link_text\":\"Read more\",\"title_element\":\"h6\",\"meta_style\":\"meta\",\"meta_align\":\"below-title\",\"icon_ratio\":4,\"image_align\":\"top\",\"image_grid_width\":\"1-2\",\"link_style\":\"default\",\"margin\":\"default\",\"title\":\"\",\"image\":\"wp-content\\\/uploads\\\/Lexmark-Divergence-I-V101_corridor_1b.jpg\",\"meta\":\"\",\"link\":\"\",\"animation\":\"\",\"parallax_opacity_start\":\"0\",\"parallax_opacity_end\":\"1\",\"image_width\":\"300\",\"image_height\":\"300\",\"link_type\":\"content\",\"image_grid_breakpoint\":\"m\",\"title_hover_style\":\"reset\",\"title_align\":\"top\",\"title_grid_width\":\"1-2\",\"title_grid_breakpoint\":\"m\",\"image_svg_color\":\"emphasis\"}}]},{\"name\":\"\",\"type\":\"column\",\"props\":{\"image_position\":\"center-center\",\"media_overlay_gradient\":\"\"},\"children\":[{\"name\":\"\",\"type\":\"panel\",\"props\":{\"link_text\":\"Read more\",\"title_element\":\"h6\",\"meta_style\":\"meta\",\"meta_align\":\"below-title\",\"icon_ratio\":4,\"image_align\":\"top\",\"image_grid_width\":\"1-2\",\"link_style\":\"default\",\"margin\":\"default\",\"title\":\"\",\"image\":\"wp-content\\\/uploads\\\/Lexmark-Divergence-I-V101_corridor_1a.jpg\",\"meta\":\"\",\"link\":\"\",\"animation\":\"\",\"parallax_opacity_start\":\"0\",\"parallax_opacity_end\":\"1\",\"image_width\":\"300\",\"image_height\":\"300\",\"link_type\":\"content\",\"image_grid_breakpoint\":\"m\",\"title_hover_style\":\"reset\",\"title_align\":\"top\",\"title_grid_width\":\"1-2\",\"title_grid_breakpoint\":\"m\",\"image_svg_color\":\"emphasis\"}}]},{\"name\":\"\",\"type\":\"column\",\"props\":{\"image_position\":\"center-center\",\"media_overlay_gradient\":\"\"},\"children\":[{\"name\":\"\",\"type\":\"panel\",\"props\":{\"link_text\":\"Read more\",\"title_element\":\"h6\",\"meta_style\":\"meta\",\"meta_align\":\"below-title\",\"icon_ratio\":4,\"image_align\":\"top\",\"image_grid_width\":\"1-2\",\"link_style\":\"default\",\"margin\":\"default\",\"title\":\"\",\"image\":\"wp-content\\\/uploads\\\/Lexmark-Divergence-I-V101_corridor_1e.jpg\",\"meta\":\"\",\"link\":\"\",\"animation\":\"\",\"parallax_opacity_start\":\"0\",\"parallax_opacity_end\":\"1\",\"image_width\":\"300\",\"image_height\":\"300\",\"link_type\":\"content\",\"image_grid_breakpoint\":\"m\",\"title_hover_style\":\"reset\",\"title_align\":\"top\",\"title_grid_width\":\"1-2\",\"title_grid_breakpoint\":\"m\",\"image_svg_color\":\"emphasis\"}}]},{\"name\":\"\",\"type\":\"column\",\"props\":{\"image_position\":\"center-center\",\"media_overlay_gradient\":\"\"},\"children\":[{\"name\":\"\",\"type\":\"panel\",\"props\":{\"link_text\":\"Read more\",\"title_element\":\"h6\",\"meta_style\":\"meta\",\"meta_align\":\"below-title\",\"icon_ratio\":4,\"image_align\":\"top\",\"image_grid_width\":\"1-2\",\"link_style\":\"default\",\"margin\":\"default\",\"title\":\"\",\"image\":\"wp-content\\\/uploads\\\/Lexmark-Divergence-I-V101_corridor_1d.jpg\",\"meta\":\"\",\"link\":\"\",\"animation\":\"\",\"parallax_opacity_start\":\"0\",\"parallax_opacity_end\":\"1\",\"image_width\":\"300\",\"image_height\":\"300\",\"link_type\":\"content\",\"image_grid_breakpoint\":\"m\",\"title_hover_style\":\"reset\",\"title_align\":\"top\",\"title_grid_width\":\"1-2\",\"title_grid_breakpoint\":\"m\",\"image_svg_color\":\"emphasis\"}}]}]}]},{\"name\":\"Call to Action\",\"type\":\"section\",\"props\":{\"style\":\"default\",\"width\":\"\",\"vertical_align\":\"middle\",\"title_position\":\"top-left\",\"title_rotation\":\"left\",\"title_breakpoint\":\"xl\",\"image_position\":\"center-center\",\"padding\":\"none\",\"image_effect\":\"\"},\"children\":[{\"name\":\"\",\"type\":\"row\",\"props\":{\"fixed_width\":\"large\",\"breakpoint\":\"m\",\"layout\":\",\",\"vertical_align\":false,\"match\":true,\"column_gap\":\"collapse\",\"row_gap\":\"collapse\"},\"children\":[{\"name\":\"\",\"type\":\"column\",\"props\":{\"image_position\":\"center-center\",\"style\":\"primary\",\"media_overlay_gradient\":\"\"},\"children\":[{\"name\":\"get a free quote CTA\",\"type\":\"headline\",\"props\":{\"title_element\":\"h2\",\"title_style\":\"h3\",\"text_align\":\"center\",\"content\":\"Obtenir une soumission en ligne gratuite\",\"link\":\"fr\\\/soumission-en-ligne-gratuite\",\"maxwidth\":\"\",\"animation\":\"none\",\"parallax_y_start\":\"30\",\"parallax_y_end\":\"0\",\"parallax_opacity_start\":\"0\",\"parallax_opacity_end\":\"1\",\"parallax_viewport\":\"0.3\",\"link_style\":true,\"link_target\":false,\"block_align\":\"center\"}}]},{\"name\":\"\",\"type\":\"column\",\"props\":{\"image_position\":\"center-center\",\"style\":\"secondary\",\"media_overlay_gradient\":\"\"},\"children\":[{\"name\":\"consultation CTA\",\"type\":\"headline\",\"props\":{\"title_element\":\"h2\",\"title_style\":\"h3\",\"text_align\":\"center\",\"content\":\"Demander une consultation\",\"link\":\"fr\\\/communiquez-avec-nous#consultation\",\"maxwidth\":\"\",\"animation\":\"none\",\"parallax_y_start\":\"30\",\"parallax_y_end\":\"0\",\"parallax_opacity_start\":\"0\",\"parallax_opacity_end\":\"1\",\"parallax_viewport\":\"0.3\",\"link_style\":true,\"block_align\":\"center\"}}]}]}]}],\"props\":[],\"version\":\"1.22.8\"} --><\/p>\n","protected":false},"excerpt":{"rendered":"<p>Tapis commercial sur mesure Montr\u00e9al Tapis commercial personnalis\u00e9 Au-del\u00e0 d\u2019une simple n\u00e9cessit\u00e9, un tapis est une d\u00e9claration de votre identit\u00e9, de l\u2019image que vous pr\u00e9sentez et de l\u2019accueil que vous offrez aux invit\u00e9s qui franchissent votre porte. La d\u00e9coration d\u2019espaces d\u2019accueil doit satisfaire aux besoins de l\u2019h\u00f4te, ainsi qu\u2019\u00e0 ceux de son invit\u00e9, en conciliant [&hellip;]<\/p>\n","protected":false},"author":1,"featured_media":0,"parent":10304,"menu_order":0,"comment_status":"closed","ping_status":"closed","template":"","meta":{"footnotes":""},"class_list":["post-10456","page","type-page","status-publish","hentry"],"yoast_head":"<!-- This site is optimized with the Yoast SEO plugin v26.4 - https:\/\/yoast.com\/wordpress\/plugins\/seo\/ -->\n<title>Tapis sur mesure Montr\u00e9al | Tapis Normandy<\/title>\n<meta name=\"description\" content=\"\u00c9voquez un sentiment de confort dans votre espace commercial avec un tapis personnalis\u00e9 de Tapis Normandy.\" \/>\n<meta name=\"robots\" content=\"index, follow, max-snippet:-1, max-image-preview:large, max-video-preview:-1\" \/>\n<link rel=\"canonical\" href=\"https:\/\/normandycarpets.ca\/fr\/commercial\/tapis-sur-mesure\" \/>\n<meta property=\"og:locale\" content=\"fr_FR\" \/>\n<meta property=\"og:type\" content=\"article\" \/>\n<meta property=\"og:title\" content=\"Tapis sur mesure Montr\u00e9al | Tapis Normandy\" \/>\n<meta property=\"og:description\" content=\"\u00c9voquez un sentiment de confort dans votre espace commercial avec un tapis personnalis\u00e9 de Tapis Normandy.\" \/>\n<meta property=\"og:url\" content=\"https:\/\/normandycarpets.ca\/fr\/commercial\/tapis-sur-mesure\" \/>\n<meta property=\"article:modified_time\" content=\"2021-04-29T18:36:00+00:00\" \/>\n<meta name=\"twitter:card\" content=\"summary_large_image\" \/>\n<meta name=\"twitter:label1\" content=\"Dur\u00e9e de lecture estim\u00e9e\" \/>\n\t<meta name=\"twitter:data1\" content=\"1 minute\" \/>\n<script type=\"application\/ld+json\" class=\"yoast-schema-graph\">{\"@context\":\"https:\/\/schema.org\",\"@graph\":[{\"@type\":\"WebPage\",\"@id\":\"https:\/\/normandycarpets.ca\/fr\/commercial\/tapis-sur-mesure\",\"url\":\"https:\/\/normandycarpets.ca\/fr\/commercial\/tapis-sur-mesure\",\"name\":\"Tapis sur mesure Montr\u00e9al | Tapis Normandy\",\"isPartOf\":{\"@id\":\"https:\/\/normandycarpets.ca\/fr\/#website\"},\"datePublished\":\"2018-09-05T19:30:33+00:00\",\"dateModified\":\"2021-04-29T18:36:00+00:00\",\"description\":\"\u00c9voquez un sentiment de confort dans votre espace commercial avec un tapis personnalis\u00e9 de Tapis Normandy.\",\"breadcrumb\":{\"@id\":\"https:\/\/normandycarpets.ca\/fr\/commercial\/tapis-sur-mesure#breadcrumb\"},\"inLanguage\":\"fr-FR\",\"potentialAction\":[{\"@type\":\"ReadAction\",\"target\":[\"https:\/\/normandycarpets.ca\/fr\/commercial\/tapis-sur-mesure\"]}]},{\"@type\":\"BreadcrumbList\",\"@id\":\"https:\/\/normandycarpets.ca\/fr\/commercial\/tapis-sur-mesure#breadcrumb\",\"itemListElement\":[{\"@type\":\"ListItem\",\"position\":1,\"name\":\"Home\",\"item\":\"https:\/\/normandycarpets.ca\/fr\"},{\"@type\":\"ListItem\",\"position\":2,\"name\":\"Commercial\",\"item\":\"https:\/\/normandycarpets.ca\/fr\/commercial\"},{\"@type\":\"ListItem\",\"position\":3,\"name\":\"Tapis commercial sur mesure\"}]},{\"@type\":\"WebSite\",\"@id\":\"https:\/\/normandycarpets.ca\/fr\/#website\",\"url\":\"https:\/\/normandycarpets.ca\/fr\/\",\"name\":\"\",\"description\":\"\",\"potentialAction\":[{\"@type\":\"SearchAction\",\"target\":{\"@type\":\"EntryPoint\",\"urlTemplate\":\"https:\/\/normandycarpets.ca\/fr\/?s={search_term_string}\"},\"query-input\":{\"@type\":\"PropertyValueSpecification\",\"valueRequired\":true,\"valueName\":\"search_term_string\"}}],\"inLanguage\":\"fr-FR\"}]}<\/script>\n<!-- \/ Yoast SEO plugin. -->","yoast_head_json":{"title":"Tapis sur mesure Montr\u00e9al | Tapis Normandy","description":"\u00c9voquez un sentiment de confort dans votre espace commercial avec un tapis personnalis\u00e9 de Tapis Normandy.","robots":{"index":"index","follow":"follow","max-snippet":"max-snippet:-1","max-image-preview":"max-image-preview:large","max-video-preview":"max-video-preview:-1"},"canonical":"https:\/\/normandycarpets.ca\/fr\/commercial\/tapis-sur-mesure","og_locale":"fr_FR","og_type":"article","og_title":"Tapis sur mesure Montr\u00e9al | Tapis Normandy","og_description":"\u00c9voquez un sentiment de confort dans votre espace commercial avec un tapis personnalis\u00e9 de Tapis Normandy.","og_url":"https:\/\/normandycarpets.ca\/fr\/commercial\/tapis-sur-mesure","article_modified_time":"2021-04-29T18:36:00+00:00","twitter_card":"summary_large_image","twitter_misc":{"Dur\u00e9e de lecture estim\u00e9e":"1 minute"},"schema":{"@context":"https:\/\/schema.org","@graph":[{"@type":"WebPage","@id":"https:\/\/normandycarpets.ca\/fr\/commercial\/tapis-sur-mesure","url":"https:\/\/normandycarpets.ca\/fr\/commercial\/tapis-sur-mesure","name":"Tapis sur mesure Montr\u00e9al | Tapis Normandy","isPartOf":{"@id":"https:\/\/normandycarpets.ca\/fr\/#website"},"datePublished":"2018-09-05T19:30:33+00:00","dateModified":"2021-04-29T18:36:00+00:00","description":"\u00c9voquez un sentiment de confort dans votre espace commercial avec un tapis personnalis\u00e9 de Tapis Normandy.","breadcrumb":{"@id":"https:\/\/normandycarpets.ca\/fr\/commercial\/tapis-sur-mesure#breadcrumb"},"inLanguage":"fr-FR","potentialAction":[{"@type":"ReadAction","target":["https:\/\/normandycarpets.ca\/fr\/commercial\/tapis-sur-mesure"]}]},{"@type":"BreadcrumbList","@id":"https:\/\/normandycarpets.ca\/fr\/commercial\/tapis-sur-mesure#breadcrumb","itemListElement":[{"@type":"ListItem","position":1,"name":"Home","item":"https:\/\/normandycarpets.ca\/fr"},{"@type":"ListItem","position":2,"name":"Commercial","item":"https:\/\/normandycarpets.ca\/fr\/commercial"},{"@type":"ListItem","position":3,"name":"Tapis commercial sur mesure"}]},{"@type":"WebSite","@id":"https:\/\/normandycarpets.ca\/fr\/#website","url":"https:\/\/normandycarpets.ca\/fr\/","name":"","description":"","potentialAction":[{"@type":"SearchAction","target":{"@type":"EntryPoint","urlTemplate":"https:\/\/normandycarpets.ca\/fr\/?s={search_term_string}"},"query-input":{"@type":"PropertyValueSpecification","valueRequired":true,"valueName":"search_term_string"}}],"inLanguage":"fr-FR"}]}},"_links":{"self":[{"href":"https:\/\/normandycarpets.ca\/fr\/wp-json\/wp\/v2\/pages\/10456","targetHints":{"allow":["GET"]}}],"collection":[{"href":"https:\/\/normandycarpets.ca\/fr\/wp-json\/wp\/v2\/pages"}],"about":[{"href":"https:\/\/normandycarpets.ca\/fr\/wp-json\/wp\/v2\/types\/page"}],"author":[{"embeddable":true,"href":"https:\/\/normandycarpets.ca\/fr\/wp-json\/wp\/v2\/users\/1"}],"replies":[{"embeddable":true,"href":"https:\/\/normandycarpets.ca\/fr\/wp-json\/wp\/v2\/comments?post=10456"}],"version-history":[{"count":0,"href":"https:\/\/normandycarpets.ca\/fr\/wp-json\/wp\/v2\/pages\/10456\/revisions"}],"up":[{"embeddable":true,"href":"https:\/\/normandycarpets.ca\/fr\/wp-json\/wp\/v2\/pages\/10304"}],"wp:attachment":[{"href":"https:\/\/normandycarpets.ca\/fr\/wp-json\/wp\/v2\/media?parent=10456"}],"curies":[{"name":"wp","href":"https:\/\/api.w.org\/{rel}","templated":true}]}}