{"id":10304,"date":"2018-08-26T22:19:48","date_gmt":"2018-08-26T22:19:48","guid":{"rendered":"http:\/\/normandycarpets.ca\/commercial"},"modified":"2021-04-30T13:52:51","modified_gmt":"2021-04-30T13:52:51","slug":"commercial","status":"publish","type":"page","link":"https:\/\/normandycarpets.ca\/fr\/commercial","title":{"rendered":"Commercial"},"content":{"rendered":"<h1>Rev\u00eatements de sol commerciaux Montr\u00e9al<\/h1>\n<h2>Commercial<\/h2>\n<div>\n<p>La division commerciale de Tapis Normandie a votre vision en t\u00eate. Nous sommes conscients que les lieux o\u00f9 nous travaillons, apprenons et jouons se fondent et deviennent multifonctionnels, c&rsquo;est pourquoi nous vous aidons \u00e0 concevoir vos espaces avec des produits qui ont du sens. Nos produits fonctionnent individuellement ou \u00e0 l&rsquo;unisson. Ils peuvent promouvoir l&rsquo;identit\u00e9 de la marque avec des motifs et des couleurs ou aider \u00e0 cr\u00e9er des environnements fonctionnels et apaisants. Soyez assur\u00e9 que, quel que soit le produit que vous choisirez, il sera id\u00e9al pour les environnements commerciaux \u00e0 fort trafic, et ce, avec peu d&rsquo;entretien et une installation rapide.<br \/>Parcourez nos collections ci-dessous pour trouver la solution cr\u00e9ative parfaite pour votre espace commercial!<\/p>\n<\/div>\n<ul>\n<li>\n<p>        <img decoding=\"async\" data-src=\"wp-content\/uploads\/Tapis-Commercial-Montreal-1.jpg\" alt=\"\" src=\"data:image\/svg+xml;base64,PHN2ZyB3aWR0aD0iMSIgaGVpZ2h0PSIxIiB4bWxucz0iaHR0cDovL3d3dy53My5vcmcvMjAwMC9zdmciPjwvc3ZnPg==\" class=\"lazyload\"><\/p>\n<h2>Tapis Commercial<\/h2>\n<p><a href=\"fr\/commercial\/tapis-commercial\">Read more<\/a><\/p>\n<\/li>\n<li>\n<p>        <img decoding=\"async\" data-src=\"wp-content\/uploads\/Carreaux-de-Tapis-Montreal.jpg\" alt=\"\" src=\"data:image\/svg+xml;base64,PHN2ZyB3aWR0aD0iMSIgaGVpZ2h0PSIxIiB4bWxucz0iaHR0cDovL3d3dy53My5vcmcvMjAwMC9zdmciPjwvc3ZnPg==\" class=\"lazyload\"><\/p>\n<h2>Carreaux de Tapis<\/h2>\n<p><a href=\"fr\/commercial\/carreaux-de-tapis\">Read more<\/a><\/p>\n<\/li>\n<li>\n<p>        <img decoding=\"async\" data-src=\"wp-content\/uploads\/Tapis-Hospitalit\u00e9-Montreal.jpg\" alt=\"\" src=\"data:image\/svg+xml;base64,PHN2ZyB3aWR0aD0iMSIgaGVpZ2h0PSIxIiB4bWxucz0iaHR0cDovL3d3dy53My5vcmcvMjAwMC9zdmciPjwvc3ZnPg==\" class=\"lazyload\"><\/p>\n<h2>Hospitalit\u00e9 sur Mesure<\/h2>\n<p><a href=\"fr\/commercial\/tapis-sur-mesure\">Read more<\/a><\/p>\n<\/li>\n<li>\n<p>        <img decoding=\"async\" data-src=\"wp-content\/uploads\/Tapis-dExposition-Montreal.jpg\" alt=\"\" src=\"data:image\/svg+xml;base64,PHN2ZyB3aWR0aD0iMSIgaGVpZ2h0PSIxIiB4bWxucz0iaHR0cDovL3d3dy53My5vcmcvMjAwMC9zdmciPjwvc3ZnPg==\" class=\"lazyload\"><\/p>\n<h2>Tapis Exposition<\/h2>\n<p><a href=\"fr\/commercial\/tapis-exposition\">Read more<\/a><\/p>\n<\/li>\n<li>\n<p>        <img decoding=\"async\" data-src=\"wp-content\/uploads\/Tuiles-de-Vinyle-Montreal.jpg\" alt=\"\" src=\"data:image\/svg+xml;base64,PHN2ZyB3aWR0aD0iMSIgaGVpZ2h0PSIxIiB4bWxucz0iaHR0cDovL3d3dy53My5vcmcvMjAwMC9zdmciPjwvc3ZnPg==\" class=\"lazyload\"><\/p>\n<h2>Tuiles de vinyle<\/h2>\n<p><a href=\"fr\/commercial\/tuiles-de-vinyle\">Read more<\/a><\/p>\n<\/li>\n<li>\n<p>        <img decoding=\"async\" data-src=\"wp-content\/uploads\/Rev\u00eatement-de-Sol-en-Vinyle-Montreal.jpg\" alt=\"\" src=\"data:image\/svg+xml;base64,PHN2ZyB3aWR0aD0iMSIgaGVpZ2h0PSIxIiB4bWxucz0iaHR0cDovL3d3dy53My5vcmcvMjAwMC9zdmciPjwvc3ZnPg==\" class=\"lazyload\"><\/p>\n<h2>Rev\u00eatement de sol en vinyle<\/h2>\n<p><a href=\"fr\/commercial\/revetement-de-sol-en-vinyle\">Read more<\/a><\/p>\n<\/li>\n<\/ul>\n<h2><a href=\"fr\/soumission-en-ligne-gratuite\">Obtenir une soumission en ligne gratuite<\/a><\/h2>\n<h2><a href=\"fr\/communiquez-avec-nous#consultation\">Demander une consultation<\/a><\/h2>\n<p><!-- {\"name\":\"Portfolio\",\"type\":\"layout\",\"children\":[{\"name\":\"Products\",\"type\":\"section\",\"props\":{\"style\":\"default\",\"width\":\"default\",\"vertical_align\":\"middle\",\"title_position\":\"top-left\",\"title_rotation\":\"left\",\"title_breakpoint\":\"xl\",\"image_position\":\"center-center\",\"padding\":\"small\",\"image_effect\":\"\"},\"children\":[{\"name\":\"\",\"type\":\"row\",\"props\":{\"fixed_width\":\"large\",\"breakpoint\":\"m\",\"layout\":\"1-1\",\"margin_remove_top\":false},\"children\":[{\"name\":\"\",\"type\":\"column\",\"props\":{\"image_position\":\"center-center\",\"image\":\"\",\"media_overlay_gradient\":\"\"},\"children\":[{\"name\":\"\",\"type\":\"headline\",\"props\":{\"title_element\":\"h1\",\"content\":\"Rev\\u00eatements de sol commerciaux Montr\\u00e9al\",\"title_style\":\"h1\",\"title_decoration\":\"\",\"text_align\":\"center\",\"text_align_breakpoint\":\"\",\"text_align_fallback\":\"center\",\"margin\":\"default\",\"animation\":\"\",\"parallax_opacity_start\":\"\",\"parallax_opacity_end\":\"1\",\"parallax_viewport\":0.299999999999999988897769753748434595763683319091796875,\"maxwidth\":\"\",\"maxwidth_breakpoint\":\"m\",\"title_font_family\":\"\",\"title_color\":\"\",\"position\":\"\",\"position_z_index\":\"\",\"block_align\":\"center\",\"block_align_breakpoint\":\"\",\"block_align_fallback\":\"\",\"visibility\":\"\",\"margin_remove_bottom\":true}},{\"name\":\"\",\"type\":\"headline\",\"props\":{\"title_element\":\"h2\",\"content\":\"Commercial\",\"title_style\":\"h2\",\"title_decoration\":\"line\",\"text_align\":\"center\",\"text_align_breakpoint\":\"\",\"text_align_fallback\":\"center\",\"margin\":\"default\",\"animation\":\"\",\"parallax_opacity_start\":\"\",\"parallax_opacity_end\":\"1\",\"parallax_viewport\":0.299999999999999988897769753748434595763683319091796875,\"maxwidth\":\"\",\"maxwidth_breakpoint\":\"\",\"title_font_family\":\"\",\"title_color\":\"\",\"position\":\"\",\"position_z_index\":\"\",\"block_align\":\"center\",\"block_align_breakpoint\":\"\",\"block_align_fallback\":\"\",\"visibility\":\"\"}},{\"type\":\"text\",\"props\":{\"margin\":\"default\",\"column_breakpoint\":\"m\",\"text_style\":\"\",\"text_color\":\"\",\"text_size\":\"\",\"column\":\"\",\"position\":\"\",\"position_z_index\":\"\",\"maxwidth\":\"\",\"maxwidth_breakpoint\":\"\",\"block_align\":\"\",\"block_align_breakpoint\":\"\",\"block_align_fallback\":\"\",\"text_align\":\"center\",\"text_align_breakpoint\":\"\",\"text_align_fallback\":\"\",\"animation\":\"\",\"visibility\":\"\",\"content\":\"\n\n<p>La division commerciale de Tapis Normandie a votre vision en t\\u00eate. Nous sommes conscients que les lieux o\\u00f9 nous travaillons, apprenons et jouons se fondent et deviennent multifonctionnels, c'est pourquoi nous vous aidons \\u00e0 concevoir vos espaces avec des produits qui ont du sens. Nos produits fonctionnent individuellement ou \\u00e0 l'unisson. Ils peuvent promouvoir l'identit\\u00e9 de la marque avec des motifs et des couleurs ou aider \\u00e0 cr\\u00e9er des environnements fonctionnels et apaisants. Soyez assur\\u00e9 que, quel que soit le produit que vous choisirez, il sera id\\u00e9al pour les environnements commerciaux \\u00e0 fort trafic, et ce, avec peu d'entretien et une installation rapide.<br \\\/>Parcourez nos collections ci-dessous pour trouver la solution cr\\u00e9ative parfaite pour votre espace commercial!<\\\/p>\"}}]}]},{\"type\":\"row\",\"props\":{\"layout\":\"1-1\",\"breakpoint\":\"m\",\"fixed_width\":\"large\",\"column_gap\":\"\",\"row_gap\":\"\",\"width\":\"\",\"width_expand\":\"\",\"height\":\"\",\"margin\":\"\"},\"children\":[{\"type\":\"column\",\"props\":{\"image_position\":\"center-center\",\"media_overlay_gradient\":\"\",\"vertical_align\":\"\",\"style\":\"\",\"text_color\":\"\",\"padding\":\"\"},\"children\":[{\"type\":\"grid\",\"props\":{\"show_title\":true,\"show_meta\":true,\"show_content\":true,\"show_image\":true,\"show_link\":true,\"grid_default\":\"1\",\"grid_medium\":\"3\",\"filter_style\":\"tab\",\"filter_all\":true,\"filter_position\":\"top\",\"filter_align\":\"left\",\"filter_grid_width\":\"auto\",\"filter_grid_breakpoint\":\"m\",\"title_hover_style\":\"reset\",\"title_element\":\"h2\",\"title_align\":\"top\",\"title_grid_width\":\"1-2\",\"title_grid_breakpoint\":\"m\",\"meta_style\":\"meta\",\"meta_align\":\"below-title\",\"icon_ratio\":4,\"image_align\":\"top\",\"image_grid_width\":\"1-2\",\"image_grid_breakpoint\":\"m\",\"image_svg_color\":\"emphasis\",\"link_text\":\"Read more\",\"link_style\":\"default\",\"margin\":\"default\",\"item_animation\":\"\",\"grid_column_gap\":\"\",\"grid_row_gap\":\"\",\"grid_small\":\"3\",\"grid_large\":\"\",\"grid_xlarge\":\"\",\"filter_margin\":\"\",\"filter_grid_column_gap\":\"\",\"filter_grid_row_gap\":\"\",\"title_display\":\"\",\"content_display\":\"\",\"panel_style\":\"\",\"panel_content_padding\":\"\",\"panel_size\":\"\",\"item_maxwidth\":\"\",\"title_style\":\"h6\",\"title_decoration\":\"\",\"title_font_family\":\"\",\"title_color\":\"\",\"title_grid_column_gap\":\"\",\"title_grid_row_gap\":\"\",\"title_margin\":\"\",\"meta_color\":\"\",\"meta_margin\":\"\",\"content_style\":\"\",\"content_margin\":\"\",\"image_transition\":\"\",\"image_border\":\"\",\"image_box_shadow\":\"\",\"image_hover_box_shadow\":\"\",\"image_box_decoration\":\"\",\"icon_color\":\"\",\"image_grid_column_gap\":\"\",\"image_grid_row_gap\":\"\",\"image_margin\":\"\",\"link_type\":\"content\",\"link_size\":\"\",\"link_margin\":\"\",\"position\":\"\",\"position_z_index\":\"\",\"maxwidth\":\"\",\"maxwidth_breakpoint\":\"\",\"block_align\":\"\",\"block_align_breakpoint\":\"\",\"block_align_fallback\":\"\",\"text_align\":\"center\",\"text_align_breakpoint\":\"\",\"text_align_fallback\":\"\",\"visibility\":\"\",\"image_width\":\"600\",\"image_height\":\"400\"},\"children\":[{\"type\":\"grid_item\",\"props\":{\"title\":\"Tapis Commercial\",\"image\":\"wp-content\\\/uploads\\\/Tapis-Commercial-Montreal-1.jpg\",\"link\":\"fr\\\/commercial\\\/tapis-commercial\"}},{\"type\":\"grid_item\",\"props\":{\"title\":\"Carreaux de Tapis\",\"image\":\"wp-content\\\/uploads\\\/Carreaux-de-Tapis-Montreal.jpg\",\"link\":\"fr\\\/commercial\\\/carreaux-de-tapis\"}},{\"type\":\"grid_item\",\"props\":{\"title\":\"Hospitalit\\u00e9 sur Mesure\",\"image\":\"wp-content\\\/uploads\\\/Tapis-Hospitalit\\u00e9-Montreal.jpg\",\"link\":\"fr\\\/commercial\\\/tapis-sur-mesure\"}},{\"type\":\"grid_item\",\"props\":{\"title\":\"Tapis Exposition\",\"image\":\"wp-content\\\/uploads\\\/Tapis-dExposition-Montreal.jpg\",\"link\":\"fr\\\/commercial\\\/tapis-exposition\"}},{\"type\":\"grid_item\",\"props\":{\"title\":\"Tuiles de vinyle\",\"image\":\"wp-content\\\/uploads\\\/Tuiles-de-Vinyle-Montreal.jpg\",\"link\":\"fr\\\/commercial\\\/tuiles-de-vinyle\"}},{\"type\":\"grid_item\",\"props\":{\"title\":\"Rev\\u00eatement de sol en vinyle\",\"image\":\"wp-content\\\/uploads\\\/Rev\\u00eatement-de-Sol-en-Vinyle-Montreal.jpg\",\"link\":\"fr\\\/commercial\\\/revetement-de-sol-en-vinyle\"}}]}]}]}]},{\"name\":\"Call to Action\",\"type\":\"section\",\"props\":{\"style\":\"default\",\"width\":\"\",\"vertical_align\":\"middle\",\"title_position\":\"top-left\",\"title_rotation\":\"left\",\"title_breakpoint\":\"xl\",\"image_position\":\"center-center\",\"padding\":\"none\",\"image_effect\":\"\"},\"children\":[{\"name\":\"\",\"type\":\"row\",\"props\":{\"fixed_width\":\"large\",\"breakpoint\":\"m\",\"layout\":\",\",\"vertical_align\":false,\"match\":true,\"column_gap\":\"collapse\",\"row_gap\":\"collapse\"},\"children\":[{\"name\":\"\",\"type\":\"column\",\"props\":{\"image_position\":\"center-center\",\"style\":\"primary\",\"media_overlay_gradient\":\"\"},\"children\":[{\"name\":\"get a free quote CTA\",\"type\":\"headline\",\"props\":{\"title_element\":\"h2\",\"title_style\":\"h3\",\"text_align\":\"center\",\"content\":\"Obtenir une soumission en ligne gratuite\",\"link\":\"fr\\\/soumission-en-ligne-gratuite\",\"maxwidth\":\"\",\"animation\":\"parallax\",\"parallax_y_start\":\"30\",\"parallax_y_end\":\"0\",\"parallax_opacity_start\":\"0\",\"parallax_opacity_end\":\"1\",\"parallax_viewport\":\"0.3\",\"link_style\":true,\"link_target\":false,\"block_align\":\"center\"}}]},{\"name\":\"\",\"type\":\"column\",\"props\":{\"image_position\":\"center-center\",\"style\":\"secondary\",\"media_overlay_gradient\":\"\"},\"children\":[{\"name\":\"consultation CTA\",\"type\":\"headline\",\"props\":{\"title_element\":\"h2\",\"title_style\":\"h3\",\"text_align\":\"center\",\"content\":\"Demander une consultation\",\"link\":\"fr\\\/communiquez-avec-nous#consultation\",\"maxwidth\":\"\",\"animation\":\"parallax\",\"parallax_y_start\":\"30\",\"parallax_y_end\":\"0\",\"parallax_opacity_start\":\"0\",\"parallax_opacity_end\":\"1\",\"parallax_viewport\":\"0.3\",\"link_style\":true,\"block_align\":\"center\"}}]}]}]}],\"props\":[],\"version\":\"1.22.8\"} --><\/p>\n","protected":false},"excerpt":{"rendered":"<p>Rev\u00eatements de sol commerciaux Montr\u00e9al Commercial La division commerciale de Tapis Normandie a votre vision en t\u00eate. Nous sommes conscients que les lieux o\u00f9 nous travaillons, apprenons et jouons se fondent et deviennent multifonctionnels, c&rsquo;est pourquoi nous vous aidons \u00e0 concevoir vos espaces avec des produits qui ont du sens. Nos produits fonctionnent individuellement ou [&hellip;]<\/p>\n","protected":false},"author":2,"featured_media":0,"parent":0,"menu_order":3,"comment_status":"closed","ping_status":"closed","template":"","meta":{"footnotes":""},"class_list":["post-10304","page","type-page","status-publish","hentry"],"yoast_head":"<!-- This site is optimized with the Yoast SEO plugin v26.4 - https:\/\/yoast.com\/wordpress\/plugins\/seo\/ -->\n<title>Tapis commerciaux et rev\u00eatements de sol industriels | Tapis Normandy<\/title>\n<meta name=\"description\" content=\"Trouvez la moquette et le rev\u00eatement de sol en vinyle qui donnent \u00e0 votre espace commercial un aspect moderne et professionnel.\" \/>\n<meta name=\"robots\" content=\"index, follow, max-snippet:-1, max-image-preview:large, max-video-preview:-1\" \/>\n<link rel=\"canonical\" href=\"https:\/\/normandycarpets.ca\/fr\/commercial\" \/>\n<meta property=\"og:locale\" content=\"fr_FR\" \/>\n<meta property=\"og:type\" content=\"article\" \/>\n<meta property=\"og:title\" content=\"Tapis commerciaux et rev\u00eatements de sol industriels | Tapis Normandy\" \/>\n<meta property=\"og:description\" content=\"Trouvez la moquette et le rev\u00eatement de sol en vinyle qui donnent \u00e0 votre espace commercial un aspect moderne et professionnel.\" \/>\n<meta property=\"og:url\" content=\"https:\/\/normandycarpets.ca\/fr\/commercial\" \/>\n<meta property=\"article:modified_time\" content=\"2021-04-30T13:52:51+00:00\" \/>\n<meta name=\"twitter:card\" content=\"summary_large_image\" \/>\n<meta name=\"twitter:label1\" content=\"Dur\u00e9e de lecture estim\u00e9e\" \/>\n\t<meta name=\"twitter:data1\" content=\"1 minute\" \/>\n<script type=\"application\/ld+json\" class=\"yoast-schema-graph\">{\"@context\":\"https:\/\/schema.org\",\"@graph\":[{\"@type\":\"WebPage\",\"@id\":\"https:\/\/normandycarpets.ca\/fr\/commercial\",\"url\":\"https:\/\/normandycarpets.ca\/fr\/commercial\",\"name\":\"Tapis commerciaux et rev\u00eatements de sol industriels | Tapis Normandy\",\"isPartOf\":{\"@id\":\"https:\/\/normandycarpets.ca\/fr\/#website\"},\"datePublished\":\"2018-08-26T22:19:48+00:00\",\"dateModified\":\"2021-04-30T13:52:51+00:00\",\"description\":\"Trouvez la moquette et le rev\u00eatement de sol en vinyle qui donnent \u00e0 votre espace commercial un aspect moderne et professionnel.\",\"breadcrumb\":{\"@id\":\"https:\/\/normandycarpets.ca\/fr\/commercial#breadcrumb\"},\"inLanguage\":\"fr-FR\",\"potentialAction\":[{\"@type\":\"ReadAction\",\"target\":[\"https:\/\/normandycarpets.ca\/fr\/commercial\"]}]},{\"@type\":\"BreadcrumbList\",\"@id\":\"https:\/\/normandycarpets.ca\/fr\/commercial#breadcrumb\",\"itemListElement\":[{\"@type\":\"ListItem\",\"position\":1,\"name\":\"Home\",\"item\":\"https:\/\/normandycarpets.ca\/fr\"},{\"@type\":\"ListItem\",\"position\":2,\"name\":\"Commercial\"}]},{\"@type\":\"WebSite\",\"@id\":\"https:\/\/normandycarpets.ca\/fr\/#website\",\"url\":\"https:\/\/normandycarpets.ca\/fr\/\",\"name\":\"\",\"description\":\"\",\"potentialAction\":[{\"@type\":\"SearchAction\",\"target\":{\"@type\":\"EntryPoint\",\"urlTemplate\":\"https:\/\/normandycarpets.ca\/fr\/?s={search_term_string}\"},\"query-input\":{\"@type\":\"PropertyValueSpecification\",\"valueRequired\":true,\"valueName\":\"search_term_string\"}}],\"inLanguage\":\"fr-FR\"}]}<\/script>\n<!-- \/ Yoast SEO plugin. -->","yoast_head_json":{"title":"Tapis commerciaux et rev\u00eatements de sol industriels | Tapis Normandy","description":"Trouvez la moquette et le rev\u00eatement de sol en vinyle qui donnent \u00e0 votre espace commercial un aspect moderne et professionnel.","robots":{"index":"index","follow":"follow","max-snippet":"max-snippet:-1","max-image-preview":"max-image-preview:large","max-video-preview":"max-video-preview:-1"},"canonical":"https:\/\/normandycarpets.ca\/fr\/commercial","og_locale":"fr_FR","og_type":"article","og_title":"Tapis commerciaux et rev\u00eatements de sol industriels | Tapis Normandy","og_description":"Trouvez la moquette et le rev\u00eatement de sol en vinyle qui donnent \u00e0 votre espace commercial un aspect moderne et professionnel.","og_url":"https:\/\/normandycarpets.ca\/fr\/commercial","article_modified_time":"2021-04-30T13:52:51+00:00","twitter_card":"summary_large_image","twitter_misc":{"Dur\u00e9e de lecture estim\u00e9e":"1 minute"},"schema":{"@context":"https:\/\/schema.org","@graph":[{"@type":"WebPage","@id":"https:\/\/normandycarpets.ca\/fr\/commercial","url":"https:\/\/normandycarpets.ca\/fr\/commercial","name":"Tapis commerciaux et rev\u00eatements de sol industriels | Tapis Normandy","isPartOf":{"@id":"https:\/\/normandycarpets.ca\/fr\/#website"},"datePublished":"2018-08-26T22:19:48+00:00","dateModified":"2021-04-30T13:52:51+00:00","description":"Trouvez la moquette et le rev\u00eatement de sol en vinyle qui donnent \u00e0 votre espace commercial un aspect moderne et professionnel.","breadcrumb":{"@id":"https:\/\/normandycarpets.ca\/fr\/commercial#breadcrumb"},"inLanguage":"fr-FR","potentialAction":[{"@type":"ReadAction","target":["https:\/\/normandycarpets.ca\/fr\/commercial"]}]},{"@type":"BreadcrumbList","@id":"https:\/\/normandycarpets.ca\/fr\/commercial#breadcrumb","itemListElement":[{"@type":"ListItem","position":1,"name":"Home","item":"https:\/\/normandycarpets.ca\/fr"},{"@type":"ListItem","position":2,"name":"Commercial"}]},{"@type":"WebSite","@id":"https:\/\/normandycarpets.ca\/fr\/#website","url":"https:\/\/normandycarpets.ca\/fr\/","name":"","description":"","potentialAction":[{"@type":"SearchAction","target":{"@type":"EntryPoint","urlTemplate":"https:\/\/normandycarpets.ca\/fr\/?s={search_term_string}"},"query-input":{"@type":"PropertyValueSpecification","valueRequired":true,"valueName":"search_term_string"}}],"inLanguage":"fr-FR"}]}},"_links":{"self":[{"href":"https:\/\/normandycarpets.ca\/fr\/wp-json\/wp\/v2\/pages\/10304","targetHints":{"allow":["GET"]}}],"collection":[{"href":"https:\/\/normandycarpets.ca\/fr\/wp-json\/wp\/v2\/pages"}],"about":[{"href":"https:\/\/normandycarpets.ca\/fr\/wp-json\/wp\/v2\/types\/page"}],"author":[{"embeddable":true,"href":"https:\/\/normandycarpets.ca\/fr\/wp-json\/wp\/v2\/users\/2"}],"replies":[{"embeddable":true,"href":"https:\/\/normandycarpets.ca\/fr\/wp-json\/wp\/v2\/comments?post=10304"}],"version-history":[{"count":0,"href":"https:\/\/normandycarpets.ca\/fr\/wp-json\/wp\/v2\/pages\/10304\/revisions"}],"wp:attachment":[{"href":"https:\/\/normandycarpets.ca\/fr\/wp-json\/wp\/v2\/media?parent=10304"}],"curies":[{"name":"wp","href":"https:\/\/api.w.org\/{rel}","templated":true}]}}