{"id":10157,"date":"2018-09-08T00:27:38","date_gmt":"2018-09-08T00:27:38","guid":{"rendered":"http:\/\/normandycarpets.ca\/carpettes\/modern\/m1108"},"modified":"2018-12-26T16:01:13","modified_gmt":"2018-12-26T16:01:13","slug":"m1108","status":"publish","type":"page","link":"https:\/\/normandycarpets.ca\/fr\/carpettes\/moderne\/m1108","title":{"rendered":"m1108"},"content":{"rendered":"<p>&lt; Moderne<\/p>\n<p>m1108<\/p>\n<p>Code: 10001<\/p>\n<p>Code: 10001<\/p>\n<p>Code: 10001<\/p>\n<p>D\u00e9tails<\/p>\n<p>\nNou\u00e9 \u00e0 la main<br \/>\nLaine et Silkette<br \/>\nInde\n<\/p>\n<p>Tailles disponibles<\/p>\n<p>\n4&prime; x 6&prime;<br \/>\n6&prime; x 9&prime;<br \/>\n8&prime; x 10&prime;<br \/>\n9&prime; x 12&prime;<br \/>\n10&prime; x 14&prime;<br \/>\n12&prime; x 15&prime;\n<\/p>\n<p>Gamme de prix<\/p>\n<p>$$$$$<\/p>\n<p>Nous joindre pour les d\u00e9tails<\/p>\n<p>Obtenir une soumission en ligne gratuite<\/p>\n<p>Demander une consultation<\/p>\n<p><!-- {\"name\":\"\",\"type\":\"layout\",\"children\":[{\"name\":\"Hero\",\"type\":\"section\",\"props\":{\"style\":\"default\",\"width\":\"default\",\"vertical_align\":\"middle\",\"title_position\":\"top-left\",\"title_rotation\":\"left\",\"title_breakpoint\":\"xl\",\"image_position\":\"center-center\",\"padding\":\"small\",\"header_transparent\":\"\",\"image\":\"\",\"image_size\":\"cover\",\"image_effect\":\"parallax\",\"image_parallax_bgx_start\":\"\",\"image_parallax_bgx_end\":\"\",\"image_parallax_bgy_start\":\"80\",\"image_parallax_bgy_end\":\"-40\",\"header_transparent_noplaceholder\":true,\"height\":\"\",\"image_width\":\"2560\",\"image_height\":\"1200\",\"media_overlay\":\"rgba(0, 0, 0, 0.22)\",\"padding_remove_bottom\":false},\"children\":[{\"name\":\"\",\"type\":\"row\",\"props\":{\"fixed_width\":\"large\",\"breakpoint\":\"m\",\"layout\":\"1-1\"},\"children\":[{\"name\":\"\",\"type\":\"column\",\"props\":{\"widths\":[\"1-1\"],\"image_position\":\"center-center\"},\"children\":[{\"name\":\"\",\"type\":\"headline\",\"props\":{\"title_element\":\"h1\",\"content\":\"&lt; Moderne\",\"title_style\":\"h6\",\"title_decoration\":\"line\",\"text_align\":\"left\",\"text_align_breakpoint\":\"s\",\"text_align_fallback\":\"center\",\"margin\":\"default\",\"animation\":\"parallax\",\"parallax_x_start\":0,\"parallax_x_end\":-20,\"parallax_opacity_start\":\"1\",\"parallax_opacity_end\":\"0\",\"link\":\"fr\\\/carpettes\\\/moderne\",\"margin_remove_top\":false}},{\"name\":\"\",\"type\":\"headline\",\"props\":{\"title_element\":\"h2\",\"content\":\"m1108\",\"title_style\":\"h2\",\"text_align\":\"left\",\"text_align_breakpoint\":\"s\",\"text_align_fallback\":\"left\",\"margin\":\"default\",\"animation\":\"parallax\",\"parallax_x_start\":\"0\",\"parallax_x_end\":\"16\",\"parallax_opacity_start\":\"1\",\"parallax_opacity_end\":\"0\",\"title_color\":\"\",\"link\":\"\"}}]}]}]},{\"name\":\"About\",\"type\":\"section\",\"props\":{\"style\":\"default\",\"width\":\"default\",\"vertical_align\":\"middle\",\"title_position\":\"top-left\",\"title_rotation\":\"left\",\"title_breakpoint\":\"xl\",\"image_position\":\"center-center\",\"padding\":\"\",\"padding_remove_top\":true,\"padding_remove_bottom\":false},\"children\":[{\"name\":\"\",\"type\":\"row\",\"props\":{\"fixed_width\":\"xlarge\",\"breakpoint\":\"m\",\"layout\":\"fixed,\",\"gutter\":\"large\",\"margin\":\"large\",\"margin_remove_top\":true,\"margin_remove_bottom\":false},\"children\":[{\"name\":\"\",\"type\":\"column\",\"props\":{\"widths\":[\"fixed\"],\"image_position\":\"center-center\"},\"children\":[{\"name\":\"\",\"type\":\"image\",\"props\":{\"margin\":\"default\",\"image\":\"wp-content\\\/uploads\\\/m1108a-min.jpg\"}},{\"name\":\"\",\"type\":\"gallery\",\"props\":{\"show_title\":true,\"show_meta\":false,\"show_content\":false,\"show_link\":false,\"show_hover_image\":false,\"grid_default\":\"2\",\"grid_medium\":\"3\",\"overlay_mode\":\"caption\",\"overlay_position\":\"top\",\"overlay_transition\":\"fade\",\"title_element\":\"h5\",\"meta_style\":\"meta\",\"meta_align\":\"bottom\",\"text_align\":\"center\",\"margin\":\"medium\",\"lightbox\":true,\"grid_large\":\"4\",\"content_style\":\"\",\"image_orientation\":true,\"image_hover_box_shadow\":\"medium\",\"image_box_shadow_bottom\":false,\"lightbox_image_orientation\":true,\"title_display\":\"lightbox\",\"margin_remove_top\":false,\"item_animation\":\"\",\"parallax_opacity_start\":\"0\",\"parallax_opacity_end\":\"1\",\"gutter\":\"medium\",\"grid_small\":\"3\",\"grid_xlarge\":\"\"},\"children\":[{\"name\":\"\",\"type\":\"gallery_item\",\"props\":{\"image\":\"wp-content\\\/uploads\\\/m1108a-min.jpg\",\"meta\":\"\",\"content\":\"\n\n<p>Code: 10001<\\\/p>\",\"title\":\"View 1\",\"hover_image\":\"\"}},{\"name\":\"\",\"type\":\"gallery_item\",\"props\":{\"image\":\"wp-content\\\/uploads\\\/m1108d-min.jpg\",\"meta\":\"\",\"content\":\"\n\n<p>Code: 10001<\\\/p>\",\"title\":\"View 2\"}},{\"name\":\"\",\"type\":\"gallery_item\",\"props\":{\"image\":\"wp-content\\\/uploads\\\/m1108b.jpg\",\"meta\":\"\",\"content\":\"\n\n<p>Code: 10001<\\\/p>\",\"title\":\"View 3\"}},{\"name\":\"\",\"type\":\"gallery_item\",\"props\":{\"title\":\"View 4\",\"image\":\"wp-content\\\/uploads\\\/m1108c-min.jpg\"}}]}]},{\"name\":\"\",\"type\":\"column\",\"props\":{\"widths\":[\"\"],\"image_position\":\"center-center\"},\"children\":[{\"name\":\"\",\"type\":\"headline\",\"props\":{\"title_element\":\"h3\",\"content\":\"\n\n<p>D\\u00e9tails<\\\/p>\",\"title_style\":\"h6\",\"title_color\":\"primary\",\"text_align\":\"left\",\"margin\":\"small\",\"text_align_breakpoint\":\"s\",\"text_align_fallback\":\"center\",\"animation\":\"parallax\",\"parallax_opacity_start\":\"1\",\"parallax_opacity_end\":\"0\"}},{\"name\":\"\",\"type\":\"text\",\"props\":{\"margin\":\"default\",\"column_breakpoint\":\"m\",\"content\":\"\n\n<ul>\\n\n\n<li>Nou\\u00e9 \\u00e0 la main<\\\/li>\\n\n\n<li>Laine et Silkette<\\\/li>\\n\n\n<li>Inde<\\\/li>\\n<\\\/ul>\"}},{\"name\":\"\",\"type\":\"headline\",\"props\":{\"title_element\":\"h3\",\"content\":\"\n\n<p>Tailles disponibles<\\\/p>\",\"title_style\":\"h6\",\"title_color\":\"primary\",\"text_align\":\"left\",\"margin\":\"small\",\"text_align_breakpoint\":\"s\",\"text_align_fallback\":\"center\",\"animation\":\"parallax\",\"parallax_opacity_start\":\"1\",\"parallax_opacity_end\":\"0\"}},{\"name\":\"\",\"type\":\"text\",\"props\":{\"margin\":\"default\",\"column_breakpoint\":\"m\",\"content\":\"\n\n<ul>\\n\n\n<li>4' x 6'<\\\/li>\\n\n\n<li>6' x 9'<\\\/li>\\n\n\n<li>8' x 10'<\\\/li>\\n\n\n<li>9' x 12'<\\\/li>\\n\n\n<li>10' x 14'<\\\/li>\\n\n\n<li>12' x 15'<\\\/li>\\n<\\\/ul>\"}},{\"name\":\"\",\"type\":\"headline\",\"props\":{\"title_element\":\"h3\",\"content\":\"\n\n<p>Gamme de prix<\\\/p>\",\"title_style\":\"h6\",\"title_color\":\"primary\",\"text_align\":\"left\",\"margin\":\"small\",\"text_align_breakpoint\":\"s\",\"text_align_fallback\":\"center\",\"animation\":\"parallax\",\"parallax_opacity_start\":\"1\",\"parallax_opacity_end\":\"0\"}},{\"name\":\"\",\"type\":\"text\",\"props\":{\"margin\":\"default\",\"column_breakpoint\":\"m\",\"content\":\"\n\n<p><strong>$$$$$<\\\/strong><\\\/p>\"}},{\"name\":\"\",\"type\":\"button\",\"props\":{\"gutter\":\"small\",\"margin\":\"medium\",\"margin_remove_top\":true},\"children\":[{\"name\":\"\",\"type\":\"button_item\",\"props\":{\"button_style\":\"primary\",\"icon_align\":\"left\",\"content\":\"Nous joindre pour les d\\u00e9tails\",\"link\":\"fr\\\/communiquez-avec-nous\",\"link_target\":\"blank\"}}]}]}]}]},{\"name\":\"Call to Action\",\"type\":\"section\",\"props\":{\"style\":\"default\",\"width\":\"\",\"vertical_align\":\"middle\",\"title_position\":\"top-left\",\"title_rotation\":\"left\",\"title_breakpoint\":\"xl\",\"image_position\":\"center-center\",\"padding\":\"none\"},\"children\":[{\"name\":\"\",\"type\":\"row\",\"props\":{\"fixed_width\":\"large\",\"breakpoint\":\"m\",\"layout\":\",\",\"gutter\":\"collapse\",\"vertical_align\":false,\"match\":true},\"children\":[{\"name\":\"\",\"type\":\"column\",\"props\":{\"widths\":[\"\"],\"image_position\":\"center-center\",\"style\":\"primary\"},\"children\":[{\"name\":\"get a free quote CTA\",\"type\":\"headline\",\"props\":{\"title_element\":\"h2\",\"title_style\":\"h3\",\"text_align\":\"center\",\"content\":\"\n\n<p>Obtenir une soumission en ligne gratuite<\\\/p>\",\"link\":\"fr\\\/soumission-en-ligne-gratuite\",\"maxwidth\":\"\",\"maxwidth_align\":\"center\",\"animation\":\"none\",\"parallax_y_start\":\"30\",\"parallax_y_end\":\"0\",\"parallax_opacity_start\":\"0\",\"parallax_opacity_end\":\"1\",\"parallax_viewport\":\"0.3\",\"link_style\":true,\"link_target\":false}}]},{\"name\":\"\",\"type\":\"column\",\"props\":{\"widths\":[\"\"],\"image_position\":\"center-center\",\"style\":\"secondary\"},\"children\":[{\"name\":\"consultation CTA\",\"type\":\"headline\",\"props\":{\"title_element\":\"h2\",\"title_style\":\"h3\",\"text_align\":\"center\",\"content\":\"\n\n<p>Demander une consultation<\\\/p>\",\"link\":\"fr\\\/communiquez-avec-nous#consultation\",\"maxwidth\":\"\",\"maxwidth_align\":\"center\",\"animation\":\"none\",\"parallax_y_start\":\"30\",\"parallax_y_end\":\"0\",\"parallax_opacity_start\":\"0\",\"parallax_opacity_end\":\"1\",\"parallax_viewport\":\"0.3\",\"link_style\":true}}]}]}]}]} --><\/p>\n","protected":false},"excerpt":{"rendered":"<p>&lt; Moderne m1108 Code: 10001 Code: 10001 Code: 10001 D\u00e9tails Nou\u00e9 \u00e0 la main Laine et Silkette Inde Tailles disponibles 4&prime; x 6&prime; 6&prime; x 9&prime; 8&prime; x 10&prime; 9&prime; x 12&prime; 10&prime; x 14&prime; 12&prime; x 15&prime; Gamme de prix $$$$$ Nous joindre pour les d\u00e9tails Obtenir une soumission en ligne gratuite Demander une [&hellip;]<\/p>\n","protected":false},"author":2,"featured_media":0,"parent":10141,"menu_order":1,"comment_status":"closed","ping_status":"closed","template":"","meta":{"footnotes":""},"class_list":["post-10157","page","type-page","status-publish","hentry"],"yoast_head":"<!-- This site is optimized with the Yoast SEO plugin v26.4 - https:\/\/yoast.com\/wordpress\/plugins\/seo\/ -->\n<title>m1108 -<\/title>\n<meta name=\"robots\" content=\"index, follow, max-snippet:-1, max-image-preview:large, max-video-preview:-1\" \/>\n<link rel=\"canonical\" href=\"https:\/\/normandycarpets.ca\/fr\/carpettes\/moderne\/m1108\" \/>\n<meta property=\"og:locale\" content=\"fr_FR\" \/>\n<meta property=\"og:type\" content=\"article\" \/>\n<meta property=\"og:title\" content=\"m1108 -\" \/>\n<meta property=\"og:description\" content=\"&lt; Moderne m1108 Code: 10001 Code: 10001 Code: 10001 D\u00e9tails Nou\u00e9 \u00e0 la main Laine et Silkette Inde Tailles disponibles 4&prime; x 6&prime; 6&prime; x 9&prime; 8&prime; x 10&prime; 9&prime; x 12&prime; 10&prime; x 14&prime; 12&prime; x 15&prime; Gamme de prix $$$$$ Nous joindre pour les d\u00e9tails Obtenir une soumission en ligne gratuite Demander une [&hellip;]\" \/>\n<meta property=\"og:url\" content=\"https:\/\/normandycarpets.ca\/fr\/carpettes\/moderne\/m1108\" \/>\n<meta property=\"article:modified_time\" content=\"2018-12-26T16:01:13+00:00\" \/>\n<meta name=\"twitter:card\" content=\"summary_large_image\" \/>\n<script type=\"application\/ld+json\" class=\"yoast-schema-graph\">{\"@context\":\"https:\/\/schema.org\",\"@graph\":[{\"@type\":\"WebPage\",\"@id\":\"https:\/\/normandycarpets.ca\/fr\/carpettes\/moderne\/m1108\",\"url\":\"https:\/\/normandycarpets.ca\/fr\/carpettes\/moderne\/m1108\",\"name\":\"m1108 -\",\"isPartOf\":{\"@id\":\"https:\/\/normandycarpets.ca\/fr\/#website\"},\"datePublished\":\"2018-09-08T00:27:38+00:00\",\"dateModified\":\"2018-12-26T16:01:13+00:00\",\"breadcrumb\":{\"@id\":\"https:\/\/normandycarpets.ca\/fr\/carpettes\/moderne\/m1108#breadcrumb\"},\"inLanguage\":\"fr-FR\",\"potentialAction\":[{\"@type\":\"ReadAction\",\"target\":[\"https:\/\/normandycarpets.ca\/fr\/carpettes\/moderne\/m1108\"]}]},{\"@type\":\"BreadcrumbList\",\"@id\":\"https:\/\/normandycarpets.ca\/fr\/carpettes\/moderne\/m1108#breadcrumb\",\"itemListElement\":[{\"@type\":\"ListItem\",\"position\":1,\"name\":\"Home\",\"item\":\"https:\/\/normandycarpets.ca\/fr\"},{\"@type\":\"ListItem\",\"position\":2,\"name\":\"Carpettes\",\"item\":\"https:\/\/normandycarpets.ca\/fr\/carpettes\"},{\"@type\":\"ListItem\",\"position\":3,\"name\":\"Moderne\",\"item\":\"https:\/\/normandycarpets.ca\/fr\/carpettes\/moderne\"},{\"@type\":\"ListItem\",\"position\":4,\"name\":\"m1108\"}]},{\"@type\":\"WebSite\",\"@id\":\"https:\/\/normandycarpets.ca\/fr\/#website\",\"url\":\"https:\/\/normandycarpets.ca\/fr\/\",\"name\":\"\",\"description\":\"\",\"potentialAction\":[{\"@type\":\"SearchAction\",\"target\":{\"@type\":\"EntryPoint\",\"urlTemplate\":\"https:\/\/normandycarpets.ca\/fr\/?s={search_term_string}\"},\"query-input\":{\"@type\":\"PropertyValueSpecification\",\"valueRequired\":true,\"valueName\":\"search_term_string\"}}],\"inLanguage\":\"fr-FR\"}]}<\/script>\n<!-- \/ Yoast SEO plugin. -->","yoast_head_json":{"title":"m1108 -","robots":{"index":"index","follow":"follow","max-snippet":"max-snippet:-1","max-image-preview":"max-image-preview:large","max-video-preview":"max-video-preview:-1"},"canonical":"https:\/\/normandycarpets.ca\/fr\/carpettes\/moderne\/m1108","og_locale":"fr_FR","og_type":"article","og_title":"m1108 -","og_description":"&lt; Moderne m1108 Code: 10001 Code: 10001 Code: 10001 D\u00e9tails Nou\u00e9 \u00e0 la main Laine et Silkette Inde Tailles disponibles 4&prime; x 6&prime; 6&prime; x 9&prime; 8&prime; x 10&prime; 9&prime; x 12&prime; 10&prime; x 14&prime; 12&prime; x 15&prime; Gamme de prix $$$$$ Nous joindre pour les d\u00e9tails Obtenir une soumission en ligne gratuite Demander une [&hellip;]","og_url":"https:\/\/normandycarpets.ca\/fr\/carpettes\/moderne\/m1108","article_modified_time":"2018-12-26T16:01:13+00:00","twitter_card":"summary_large_image","schema":{"@context":"https:\/\/schema.org","@graph":[{"@type":"WebPage","@id":"https:\/\/normandycarpets.ca\/fr\/carpettes\/moderne\/m1108","url":"https:\/\/normandycarpets.ca\/fr\/carpettes\/moderne\/m1108","name":"m1108 -","isPartOf":{"@id":"https:\/\/normandycarpets.ca\/fr\/#website"},"datePublished":"2018-09-08T00:27:38+00:00","dateModified":"2018-12-26T16:01:13+00:00","breadcrumb":{"@id":"https:\/\/normandycarpets.ca\/fr\/carpettes\/moderne\/m1108#breadcrumb"},"inLanguage":"fr-FR","potentialAction":[{"@type":"ReadAction","target":["https:\/\/normandycarpets.ca\/fr\/carpettes\/moderne\/m1108"]}]},{"@type":"BreadcrumbList","@id":"https:\/\/normandycarpets.ca\/fr\/carpettes\/moderne\/m1108#breadcrumb","itemListElement":[{"@type":"ListItem","position":1,"name":"Home","item":"https:\/\/normandycarpets.ca\/fr"},{"@type":"ListItem","position":2,"name":"Carpettes","item":"https:\/\/normandycarpets.ca\/fr\/carpettes"},{"@type":"ListItem","position":3,"name":"Moderne","item":"https:\/\/normandycarpets.ca\/fr\/carpettes\/moderne"},{"@type":"ListItem","position":4,"name":"m1108"}]},{"@type":"WebSite","@id":"https:\/\/normandycarpets.ca\/fr\/#website","url":"https:\/\/normandycarpets.ca\/fr\/","name":"","description":"","potentialAction":[{"@type":"SearchAction","target":{"@type":"EntryPoint","urlTemplate":"https:\/\/normandycarpets.ca\/fr\/?s={search_term_string}"},"query-input":{"@type":"PropertyValueSpecification","valueRequired":true,"valueName":"search_term_string"}}],"inLanguage":"fr-FR"}]}},"_links":{"self":[{"href":"https:\/\/normandycarpets.ca\/fr\/wp-json\/wp\/v2\/pages\/10157","targetHints":{"allow":["GET"]}}],"collection":[{"href":"https:\/\/normandycarpets.ca\/fr\/wp-json\/wp\/v2\/pages"}],"about":[{"href":"https:\/\/normandycarpets.ca\/fr\/wp-json\/wp\/v2\/types\/page"}],"author":[{"embeddable":true,"href":"https:\/\/normandycarpets.ca\/fr\/wp-json\/wp\/v2\/users\/2"}],"replies":[{"embeddable":true,"href":"https:\/\/normandycarpets.ca\/fr\/wp-json\/wp\/v2\/comments?post=10157"}],"version-history":[{"count":0,"href":"https:\/\/normandycarpets.ca\/fr\/wp-json\/wp\/v2\/pages\/10157\/revisions"}],"up":[{"embeddable":true,"href":"https:\/\/normandycarpets.ca\/fr\/wp-json\/wp\/v2\/pages\/10141"}],"wp:attachment":[{"href":"https:\/\/normandycarpets.ca\/fr\/wp-json\/wp\/v2\/media?parent=10157"}],"curies":[{"name":"wp","href":"https:\/\/api.w.org\/{rel}","templated":true}]}}