{"id":10044,"date":"2018-04-20T15:51:17","date_gmt":"2018-04-20T15:51:17","guid":{"rendered":"http:\/\/normandycarpets.ca\/area-rugs"},"modified":"2021-04-30T15:07:34","modified_gmt":"2021-04-30T15:07:34","slug":"carpettes","status":"publish","type":"page","link":"https:\/\/normandycarpets.ca\/fr\/carpettes","title":{"rendered":"Carpettes"},"content":{"rendered":"<h1>Tapis d\u00e9coratifs \u00e0 Montr\u00e9al<\/h1>\n<h2>Carpettes<\/h2>\n<div>\n<p>Embrassant des conceptions du monde entier avec un point de vue moderne et raffin\u00e9, Tapis Normandy pr\u00e9sente une s\u00e9lection de tapis de r\u00e9gion vraiment distingu\u00e9e. Avec des mat\u00e9riaux exquis, des designs innovants et des motifs aux coupes complexes, chacune de nos collections suscitera l&rsquo;enthousiasme et l&rsquo;\u00e9merveillement. Commencez ici et d\u00e9couvrez chacune de nos collections de carpettes ou visitez notre \u00e9l\u00e9gante nouvelle salle de d\u00e9monstration pour poursuivre votre mission en personne et trouver les meilleurs tapis de r\u00e9gion de Montr\u00e9al.<\/p>\n<\/div>\n<ul>\n<li>\n<p>        <img decoding=\"async\" data-src=\"wp-content\/uploads\/admin-ajax.jpg\" alt=\"\" src=\"data:image\/svg+xml;base64,PHN2ZyB3aWR0aD0iMSIgaGVpZ2h0PSIxIiB4bWxucz0iaHR0cDovL3d3dy53My5vcmcvMjAwMC9zdmciPjwvc3ZnPg==\" class=\"lazyload\"><\/p>\n<h2>Moderne<\/h2>\n<p><a href=\"https:\/\/normandycarpets.ca\/fr\/carpettes\/moderne\">Read more<\/a><\/p>\n<\/li>\n<li>\n<p>        <img decoding=\"async\" data-src=\"wp-content\/uploads\/contemporary-1.jpg\" alt=\"\" src=\"data:image\/svg+xml;base64,PHN2ZyB3aWR0aD0iMSIgaGVpZ2h0PSIxIiB4bWxucz0iaHR0cDovL3d3dy53My5vcmcvMjAwMC9zdmciPjwvc3ZnPg==\" class=\"lazyload\"><\/p>\n<h2>Contemporain<\/h2>\n<p><a href=\"https:\/\/normandycarpets.ca\/fr\/carpettes\/contemporain\">Read more<\/a><\/p>\n<\/li>\n<li>\n<p>        <img decoding=\"async\" data-src=\"wp-content\/uploads\/New-Traditional-3.jpg\" alt=\"\" src=\"data:image\/svg+xml;base64,PHN2ZyB3aWR0aD0iMSIgaGVpZ2h0PSIxIiB4bWxucz0iaHR0cDovL3d3dy53My5vcmcvMjAwMC9zdmciPjwvc3ZnPg==\" class=\"lazyload\"><\/p>\n<h2>Nouveau traditionnel<\/h2>\n<p><a href=\"https:\/\/normandycarpets.ca\/fr\/carpettes\/nouveau-traditionnel\">Read more<\/a><\/p>\n<\/li>\n<li>\n<p>        <img decoding=\"async\" data-src=\"wp-content\/uploads\/natural-1.jpg\" alt=\"\" src=\"data:image\/svg+xml;base64,PHN2ZyB3aWR0aD0iMSIgaGVpZ2h0PSIxIiB4bWxucz0iaHR0cDovL3d3dy53My5vcmcvMjAwMC9zdmciPjwvc3ZnPg==\" class=\"lazyload\"><\/p>\n<h2>Naturel<\/h2>\n<p><a href=\"https:\/\/normandycarpets.ca\/fr\/carpettes\/naturel\">Read more<\/a><\/p>\n<\/li>\n<li>\n<p>        <img decoding=\"async\" data-src=\"wp-content\/uploads\/Millenium_41600_zm.jpg\" alt=\"\" src=\"data:image\/svg+xml;base64,PHN2ZyB3aWR0aD0iMSIgaGVpZ2h0PSIxIiB4bWxucz0iaHR0cDovL3d3dy53My5vcmcvMjAwMC9zdmciPjwvc3ZnPg==\" class=\"lazyload\"><\/p>\n<h2>Sur mesure<\/h2>\n<p><a href=\"fr\/carpettes\/sur-mesure\">Read more<\/a><\/p>\n<\/li>\n<li>\n<p>        <img decoding=\"async\" data-src=\"wp-content\/uploads\/sale.jpg\" alt=\"\" src=\"data:image\/svg+xml;base64,PHN2ZyB3aWR0aD0iMSIgaGVpZ2h0PSIxIiB4bWxucz0iaHR0cDovL3d3dy53My5vcmcvMjAwMC9zdmciPjwvc3ZnPg==\" class=\"lazyload\"><\/p>\n<h2>Vente<\/h2>\n<p><a href=\"fr\/carpettes\/vente\">Read more<\/a><\/p>\n<\/li>\n<\/ul>\n<h2><a href=\"fr\/soumission-en-ligne-gratuite\">Obtenir une soumission en ligne gratuite<\/a><\/h2>\n<h2><a href=\"fr\/communiquez-avec-nous#consultation\">Demander une consultation<\/a><\/h2>\n<p><!-- {\"name\":\"Portfolio\",\"type\":\"layout\",\"children\":[{\"name\":\"Products\",\"type\":\"section\",\"props\":{\"style\":\"default\",\"width\":\"default\",\"vertical_align\":\"middle\",\"title_position\":\"top-left\",\"title_rotation\":\"left\",\"title_breakpoint\":\"xl\",\"image_position\":\"center-center\",\"padding\":\"small\",\"image_effect\":\"\"},\"children\":[{\"name\":\"\",\"type\":\"row\",\"props\":{\"fixed_width\":\"large\",\"breakpoint\":\"m\",\"layout\":\"1-1\",\"margin_remove_top\":false},\"children\":[{\"name\":\"\",\"type\":\"column\",\"props\":{\"image_position\":\"center-center\",\"image\":\"\",\"media_overlay_gradient\":\"\"},\"children\":[{\"name\":\"\",\"type\":\"headline\",\"props\":{\"title_element\":\"h1\",\"content\":\"Tapis d\\u00e9coratifs \\u00e0 Montr\\u00e9al\",\"title_style\":\"h1\",\"title_decoration\":\"\",\"text_align\":\"center\",\"text_align_breakpoint\":\"m\",\"text_align_fallback\":\"center\",\"margin\":\"\",\"animation\":\"parallax\",\"parallax_opacity_start\":\"\",\"parallax_opacity_end\":\"1\",\"parallax_viewport\":0.299999999999999988897769753748434595763683319091796875,\"maxwidth\":\"\",\"maxwidth_breakpoint\":\"\",\"title_font_family\":\"\",\"title_color\":\"\",\"position\":\"\",\"position_z_index\":\"\",\"block_align\":\"center\",\"block_align_breakpoint\":\"\",\"block_align_fallback\":\"\",\"visibility\":\"\",\"margin_remove_bottom\":true,\"margin_remove_top\":false}},{\"name\":\"\",\"type\":\"headline\",\"props\":{\"title_element\":\"h2\",\"content\":\"Carpettes\",\"title_style\":\"h2\",\"title_decoration\":\"line\",\"text_align\":\"center\",\"text_align_breakpoint\":\"\",\"text_align_fallback\":\"center\",\"margin\":\"default\",\"animation\":\"\",\"parallax_opacity_start\":\"\",\"parallax_opacity_end\":\"1\",\"parallax_viewport\":0.299999999999999988897769753748434595763683319091796875,\"maxwidth\":\"\",\"maxwidth_breakpoint\":\"m\",\"title_font_family\":\"\",\"title_color\":\"\",\"position\":\"\",\"position_z_index\":\"\",\"block_align\":\"center\",\"block_align_breakpoint\":\"\",\"block_align_fallback\":\"\",\"visibility\":\"\",\"margin_remove_top\":false,\"margin_remove_bottom\":false}},{\"type\":\"text\",\"props\":{\"margin\":\"default\",\"column_breakpoint\":\"m\",\"text_style\":\"\",\"text_color\":\"\",\"text_size\":\"\",\"column\":\"\",\"position\":\"\",\"position_z_index\":\"\",\"maxwidth\":\"\",\"maxwidth_breakpoint\":\"\",\"block_align\":\"\",\"block_align_breakpoint\":\"\",\"block_align_fallback\":\"\",\"text_align\":\"center\",\"text_align_breakpoint\":\"\",\"text_align_fallback\":\"\",\"animation\":\"\",\"visibility\":\"\",\"content\":\"\n\n<p>Embrassant des conceptions du monde entier avec un point de vue moderne et raffin\\u00e9, Tapis Normandy pr\\u00e9sente une s\\u00e9lection de tapis de r\\u00e9gion vraiment distingu\\u00e9e. Avec des mat\\u00e9riaux exquis, des designs innovants et des motifs aux coupes complexes, chacune de nos collections suscitera l'enthousiasme et l'\\u00e9merveillement. Commencez ici et d\\u00e9couvrez chacune de nos collections de carpettes ou visitez notre \\u00e9l\\u00e9gante nouvelle salle de d\\u00e9monstration pour poursuivre votre mission en personne et trouver les meilleurs tapis de r\\u00e9gion de Montr\\u00e9al.<\\\/p>\"}}]}]},{\"type\":\"row\",\"props\":{\"layout\":\"1-1\",\"breakpoint\":\"m\",\"fixed_width\":\"large\",\"column_gap\":\"\",\"row_gap\":\"\",\"width\":\"\",\"width_expand\":\"\",\"height\":\"\",\"margin\":\"\"},\"children\":[{\"type\":\"column\",\"props\":{\"image_position\":\"center-center\",\"media_overlay_gradient\":\"\",\"vertical_align\":\"\",\"style\":\"\",\"text_color\":\"\",\"padding\":\"\"},\"children\":[{\"type\":\"grid\",\"props\":{\"show_title\":true,\"show_meta\":true,\"show_content\":true,\"show_image\":true,\"show_link\":true,\"grid_default\":\"2\",\"grid_medium\":\"3\",\"filter_style\":\"tab\",\"filter_all\":true,\"filter_position\":\"top\",\"filter_align\":\"left\",\"filter_grid_width\":\"auto\",\"filter_grid_breakpoint\":\"m\",\"title_hover_style\":\"reset\",\"title_element\":\"h2\",\"title_align\":\"top\",\"title_grid_width\":\"1-2\",\"title_grid_breakpoint\":\"m\",\"meta_style\":\"meta\",\"meta_align\":\"below-title\",\"icon_ratio\":4,\"image_align\":\"top\",\"image_grid_width\":\"1-2\",\"image_grid_breakpoint\":\"m\",\"image_svg_color\":\"emphasis\",\"link_text\":\"Read more\",\"link_style\":\"default\",\"margin\":\"default\",\"item_animation\":\"\",\"grid_column_gap\":\"\",\"grid_row_gap\":\"\",\"grid_small\":\"3\",\"grid_large\":\"6\",\"grid_xlarge\":\"6\",\"filter_margin\":\"\",\"filter_grid_column_gap\":\"\",\"filter_grid_row_gap\":\"\",\"title_display\":\"\",\"content_display\":\"\",\"panel_style\":\"\",\"panel_content_padding\":\"\",\"panel_size\":\"\",\"item_maxwidth\":\"\",\"title_style\":\"h6\",\"title_decoration\":\"\",\"title_font_family\":\"\",\"title_color\":\"\",\"title_grid_column_gap\":\"\",\"title_grid_row_gap\":\"\",\"title_margin\":\"\",\"meta_color\":\"\",\"meta_margin\":\"\",\"content_style\":\"\",\"content_margin\":\"\",\"image_transition\":\"\",\"image_border\":\"\",\"image_box_shadow\":\"\",\"image_hover_box_shadow\":\"\",\"image_box_decoration\":\"\",\"icon_color\":\"\",\"image_grid_column_gap\":\"\",\"image_grid_row_gap\":\"\",\"image_margin\":\"\",\"link_type\":\"content\",\"link_size\":\"\",\"link_margin\":\"\",\"position\":\"\",\"position_z_index\":\"\",\"maxwidth\":\"\",\"maxwidth_breakpoint\":\"\",\"block_align\":\"\",\"block_align_breakpoint\":\"\",\"block_align_fallback\":\"\",\"text_align\":\"center\",\"text_align_breakpoint\":\"\",\"text_align_fallback\":\"\",\"visibility\":\"\"},\"children\":[{\"type\":\"grid_item\",\"props\":{\"title\":\"Moderne\",\"image\":\"wp-content\\\/uploads\\\/admin-ajax.jpg\",\"link\":\"https:\\\/\\\/normandycarpets.ca\\\/fr\\\/carpettes\\\/moderne\"}},{\"type\":\"grid_item\",\"props\":{\"title\":\"Contemporain\",\"image\":\"wp-content\\\/uploads\\\/contemporary-1.jpg\",\"link\":\"https:\\\/\\\/normandycarpets.ca\\\/fr\\\/carpettes\\\/contemporain\"}},{\"type\":\"grid_item\",\"props\":{\"title\":\"Nouveau traditionnel\",\"image\":\"wp-content\\\/uploads\\\/New-Traditional-3.jpg\",\"link\":\"https:\\\/\\\/normandycarpets.ca\\\/fr\\\/carpettes\\\/nouveau-traditionnel\"}},{\"type\":\"grid_item\",\"props\":{\"title\":\"Naturel\",\"image\":\"wp-content\\\/uploads\\\/natural-1.jpg\",\"link\":\"https:\\\/\\\/normandycarpets.ca\\\/fr\\\/carpettes\\\/naturel\"}},{\"type\":\"grid_item\",\"props\":{\"title\":\"Sur mesure\",\"link\":\"fr\\\/carpettes\\\/sur-mesure\",\"image\":\"wp-content\\\/uploads\\\/Millenium_41600_zm.jpg\"}},{\"type\":\"grid_item\",\"props\":{\"title\":\"Vente\",\"image\":\"wp-content\\\/uploads\\\/sale.jpg\",\"link\":\"fr\\\/carpettes\\\/vente\"}}]}]}]}]},{\"name\":\"Call to Action\",\"type\":\"section\",\"props\":{\"style\":\"default\",\"width\":\"\",\"vertical_align\":\"middle\",\"title_position\":\"top-left\",\"title_rotation\":\"left\",\"title_breakpoint\":\"xl\",\"image_position\":\"center-center\",\"padding\":\"none\",\"image_effect\":\"\"},\"children\":[{\"name\":\"\",\"type\":\"row\",\"props\":{\"fixed_width\":\"large\",\"breakpoint\":\"m\",\"layout\":\",\",\"vertical_align\":false,\"match\":true,\"column_gap\":\"collapse\",\"row_gap\":\"collapse\"},\"children\":[{\"name\":\"\",\"type\":\"column\",\"props\":{\"image_position\":\"center-center\",\"style\":\"primary\",\"media_overlay_gradient\":\"\"},\"children\":[{\"name\":\"get a free quote CTA\",\"type\":\"headline\",\"props\":{\"title_element\":\"h2\",\"title_style\":\"h3\",\"text_align\":\"center\",\"content\":\"Obtenir une soumission en ligne gratuite\",\"link\":\"fr\\\/soumission-en-ligne-gratuite\",\"maxwidth\":\"\",\"animation\":\"parallax\",\"parallax_y_start\":\"30\",\"parallax_y_end\":\"0\",\"parallax_opacity_start\":\"0\",\"parallax_opacity_end\":\"1\",\"parallax_viewport\":\"0.3\",\"link_style\":true,\"link_target\":false,\"block_align\":\"center\"}}]},{\"name\":\"\",\"type\":\"column\",\"props\":{\"image_position\":\"center-center\",\"style\":\"secondary\",\"media_overlay_gradient\":\"\"},\"children\":[{\"name\":\"consultation CTA\",\"type\":\"headline\",\"props\":{\"title_element\":\"h2\",\"title_style\":\"h3\",\"text_align\":\"center\",\"content\":\"Demander une consultation\",\"link\":\"fr\\\/communiquez-avec-nous#consultation\",\"maxwidth\":\"\",\"animation\":\"parallax\",\"parallax_y_start\":\"30\",\"parallax_y_end\":\"0\",\"parallax_opacity_start\":\"0\",\"parallax_opacity_end\":\"1\",\"parallax_viewport\":\"0.3\",\"link_style\":true,\"block_align\":\"center\"}}]}]}]}],\"props\":[],\"version\":\"1.22.8\"} --><\/p>\n","protected":false},"excerpt":{"rendered":"<p>Tapis d\u00e9coratifs \u00e0 Montr\u00e9al Carpettes Embrassant des conceptions du monde entier avec un point de vue moderne et raffin\u00e9, Tapis Normandy pr\u00e9sente une s\u00e9lection de tapis de r\u00e9gion vraiment distingu\u00e9e. Avec des mat\u00e9riaux exquis, des designs innovants et des motifs aux coupes complexes, chacune de nos collections suscitera l&rsquo;enthousiasme et l&rsquo;\u00e9merveillement. Commencez ici et d\u00e9couvrez [&hellip;]<\/p>\n","protected":false},"author":1,"featured_media":0,"parent":0,"menu_order":3,"comment_status":"closed","ping_status":"closed","template":"","meta":{"footnotes":""},"class_list":["post-10044","page","type-page","status-publish","hentry"],"yoast_head":"<!-- This site is optimized with the Yoast SEO plugin v26.4 - https:\/\/yoast.com\/wordpress\/plugins\/seo\/ -->\n<title>Magasin de Carpettes et Tapis D\u00e9coratifs \u00e0 Montr\u00e9al | Tapis Normandy<\/title>\n<meta name=\"description\" content=\"Du moderne au traditionnel, nous avons la meilleure s\u00e9lection de carpettes et tapis d\u00e9coratif \u00e0 Montr\u00e9al. Demandez un devis gratuit ou visitez-nous.\" \/>\n<meta name=\"robots\" content=\"index, follow, max-snippet:-1, max-image-preview:large, max-video-preview:-1\" \/>\n<link rel=\"canonical\" href=\"https:\/\/normandycarpets.ca\/fr\/carpettes\" \/>\n<meta property=\"og:locale\" content=\"fr_FR\" \/>\n<meta property=\"og:type\" content=\"article\" \/>\n<meta property=\"og:title\" content=\"Magasin de Carpettes et Tapis D\u00e9coratifs \u00e0 Montr\u00e9al | Tapis Normandy\" \/>\n<meta property=\"og:description\" content=\"Du moderne au traditionnel, nous avons la meilleure s\u00e9lection de carpettes et tapis d\u00e9coratif \u00e0 Montr\u00e9al. Demandez un devis gratuit ou visitez-nous.\" \/>\n<meta property=\"og:url\" content=\"https:\/\/normandycarpets.ca\/fr\/carpettes\" \/>\n<meta property=\"article:modified_time\" content=\"2021-04-30T15:07:34+00:00\" \/>\n<meta name=\"twitter:card\" content=\"summary_large_image\" \/>\n<meta name=\"twitter:label1\" content=\"Dur\u00e9e de lecture estim\u00e9e\" \/>\n\t<meta name=\"twitter:data1\" content=\"1 minute\" \/>\n<script type=\"application\/ld+json\" class=\"yoast-schema-graph\">{\"@context\":\"https:\/\/schema.org\",\"@graph\":[{\"@type\":\"WebPage\",\"@id\":\"https:\/\/normandycarpets.ca\/fr\/carpettes\",\"url\":\"https:\/\/normandycarpets.ca\/fr\/carpettes\",\"name\":\"Magasin de Carpettes et Tapis D\u00e9coratifs \u00e0 Montr\u00e9al | Tapis Normandy\",\"isPartOf\":{\"@id\":\"https:\/\/normandycarpets.ca\/fr\/#website\"},\"datePublished\":\"2018-04-20T15:51:17+00:00\",\"dateModified\":\"2021-04-30T15:07:34+00:00\",\"description\":\"Du moderne au traditionnel, nous avons la meilleure s\u00e9lection de carpettes et tapis d\u00e9coratif \u00e0 Montr\u00e9al. Demandez un devis gratuit ou visitez-nous.\",\"breadcrumb\":{\"@id\":\"https:\/\/normandycarpets.ca\/fr\/carpettes#breadcrumb\"},\"inLanguage\":\"fr-FR\",\"potentialAction\":[{\"@type\":\"ReadAction\",\"target\":[\"https:\/\/normandycarpets.ca\/fr\/carpettes\"]}]},{\"@type\":\"BreadcrumbList\",\"@id\":\"https:\/\/normandycarpets.ca\/fr\/carpettes#breadcrumb\",\"itemListElement\":[{\"@type\":\"ListItem\",\"position\":1,\"name\":\"Home\",\"item\":\"https:\/\/normandycarpets.ca\/fr\"},{\"@type\":\"ListItem\",\"position\":2,\"name\":\"Carpettes\"}]},{\"@type\":\"WebSite\",\"@id\":\"https:\/\/normandycarpets.ca\/fr\/#website\",\"url\":\"https:\/\/normandycarpets.ca\/fr\/\",\"name\":\"\",\"description\":\"\",\"potentialAction\":[{\"@type\":\"SearchAction\",\"target\":{\"@type\":\"EntryPoint\",\"urlTemplate\":\"https:\/\/normandycarpets.ca\/fr\/?s={search_term_string}\"},\"query-input\":{\"@type\":\"PropertyValueSpecification\",\"valueRequired\":true,\"valueName\":\"search_term_string\"}}],\"inLanguage\":\"fr-FR\"}]}<\/script>\n<!-- \/ Yoast SEO plugin. -->","yoast_head_json":{"title":"Magasin de Carpettes et Tapis D\u00e9coratifs \u00e0 Montr\u00e9al | Tapis Normandy","description":"Du moderne au traditionnel, nous avons la meilleure s\u00e9lection de carpettes et tapis d\u00e9coratif \u00e0 Montr\u00e9al. Demandez un devis gratuit ou visitez-nous.","robots":{"index":"index","follow":"follow","max-snippet":"max-snippet:-1","max-image-preview":"max-image-preview:large","max-video-preview":"max-video-preview:-1"},"canonical":"https:\/\/normandycarpets.ca\/fr\/carpettes","og_locale":"fr_FR","og_type":"article","og_title":"Magasin de Carpettes et Tapis D\u00e9coratifs \u00e0 Montr\u00e9al | Tapis Normandy","og_description":"Du moderne au traditionnel, nous avons la meilleure s\u00e9lection de carpettes et tapis d\u00e9coratif \u00e0 Montr\u00e9al. Demandez un devis gratuit ou visitez-nous.","og_url":"https:\/\/normandycarpets.ca\/fr\/carpettes","article_modified_time":"2021-04-30T15:07:34+00:00","twitter_card":"summary_large_image","twitter_misc":{"Dur\u00e9e de lecture estim\u00e9e":"1 minute"},"schema":{"@context":"https:\/\/schema.org","@graph":[{"@type":"WebPage","@id":"https:\/\/normandycarpets.ca\/fr\/carpettes","url":"https:\/\/normandycarpets.ca\/fr\/carpettes","name":"Magasin de Carpettes et Tapis D\u00e9coratifs \u00e0 Montr\u00e9al | Tapis Normandy","isPartOf":{"@id":"https:\/\/normandycarpets.ca\/fr\/#website"},"datePublished":"2018-04-20T15:51:17+00:00","dateModified":"2021-04-30T15:07:34+00:00","description":"Du moderne au traditionnel, nous avons la meilleure s\u00e9lection de carpettes et tapis d\u00e9coratif \u00e0 Montr\u00e9al. Demandez un devis gratuit ou visitez-nous.","breadcrumb":{"@id":"https:\/\/normandycarpets.ca\/fr\/carpettes#breadcrumb"},"inLanguage":"fr-FR","potentialAction":[{"@type":"ReadAction","target":["https:\/\/normandycarpets.ca\/fr\/carpettes"]}]},{"@type":"BreadcrumbList","@id":"https:\/\/normandycarpets.ca\/fr\/carpettes#breadcrumb","itemListElement":[{"@type":"ListItem","position":1,"name":"Home","item":"https:\/\/normandycarpets.ca\/fr"},{"@type":"ListItem","position":2,"name":"Carpettes"}]},{"@type":"WebSite","@id":"https:\/\/normandycarpets.ca\/fr\/#website","url":"https:\/\/normandycarpets.ca\/fr\/","name":"","description":"","potentialAction":[{"@type":"SearchAction","target":{"@type":"EntryPoint","urlTemplate":"https:\/\/normandycarpets.ca\/fr\/?s={search_term_string}"},"query-input":{"@type":"PropertyValueSpecification","valueRequired":true,"valueName":"search_term_string"}}],"inLanguage":"fr-FR"}]}},"_links":{"self":[{"href":"https:\/\/normandycarpets.ca\/fr\/wp-json\/wp\/v2\/pages\/10044","targetHints":{"allow":["GET"]}}],"collection":[{"href":"https:\/\/normandycarpets.ca\/fr\/wp-json\/wp\/v2\/pages"}],"about":[{"href":"https:\/\/normandycarpets.ca\/fr\/wp-json\/wp\/v2\/types\/page"}],"author":[{"embeddable":true,"href":"https:\/\/normandycarpets.ca\/fr\/wp-json\/wp\/v2\/users\/1"}],"replies":[{"embeddable":true,"href":"https:\/\/normandycarpets.ca\/fr\/wp-json\/wp\/v2\/comments?post=10044"}],"version-history":[{"count":0,"href":"https:\/\/normandycarpets.ca\/fr\/wp-json\/wp\/v2\/pages\/10044\/revisions"}],"wp:attachment":[{"href":"https:\/\/normandycarpets.ca\/fr\/wp-json\/wp\/v2\/media?parent=10044"}],"curies":[{"name":"wp","href":"https:\/\/api.w.org\/{rel}","templated":true}]}}